{"id":4773,"date":"2013-06-20T11:08:39","date_gmt":"2013-06-20T11:08:39","guid":{"rendered":"https:\/\/www.khpartner.com\/site\/?page_id=4773"},"modified":"2022-09-07T11:19:51","modified_gmt":"2022-09-07T11:19:51","slug":"katech-uk-de","status":"publish","type":"page","link":"https:\/\/katech-solutions.com\/de\/wo-sie-uns-finden\/katech-uk-de\/","title":{"rendered":"KaTech Ingredient Solutions UK"},"content":{"rendered":"<h1 id=\"content-head\" class=\"h1-468\">KaTech Ingredient Solutions UK<\/h1>\n<div class=\"contact\">\n<table style=\"height: 274px;\" width=\"641\">\n<tbody>\n<tr valign=\"top\">\n<td>\n<h3><strong>KaTech Ingredient Solutions Ltd<\/strong><\/h3>\n<p>Unit 19 Venture Point<br \/>\nStanney Mill Road<br \/>\nEllesmere Port<br \/>\nCheshire<br \/>\nCH2 4NE (zur Sat.nav. nutzen Sie bitte CH2 4HX)<br \/>\nUnited Kingdom<\/p>\n<p>mail: <a href=\"mailto:custservuk@katech-solutions.com\">custservuk@katech-solutions.com<\/a><\/p>\n<p>phone: +44 (0)151 357 3700<\/td>\n<td><\/td>\n<td><\/td>\n<\/tr>\n<\/tbody>\n<\/table>\n<p><iframe loading=\"lazy\" src=\"https:\/\/maps.google.co.uk\/maps?q=53.265389,-2.874782&amp;num=1&amp;t=m&amp;ie=UTF8&amp;ll=53.2647,-2.87477&amp;spn=0.004492,0.00912&amp;z=16&amp;output=embed\" width=\"880\" height=\"400\"><\/iframe><\/p>\n<\/div>\n","protected":false},"excerpt":{"rendered":"<p>KaTech Ingredient Solutions UK KaTech Ingredient Solutions Ltd Unit 19 Venture Point Stanney Mill Road Ellesmere Port Cheshire CH2 4NE (zur Sat.nav. nutzen Sie bitte CH2 4HX) United Kingdom mail: custservuk@katech-solutions.com phone: +44 (0)151 357 3700<\/p>\n","protected":false},"author":3,"featured_media":0,"parent":1110,"menu_order":0,"comment_status":"closed","ping_status":"closed","template":"onecolumn-page.php","meta":{"_acf_changed":false,"footnotes":""},"class_list":["post-4773","page","type-page","status-publish","hentry"],"acf":[],"yoast_head":"<!-- This site is optimized with the Yoast SEO plugin v27.2 - https:\/\/yoast.com\/product\/yoast-seo-wordpress\/ -->\n<title>KaTech finden - Unser B\u00fcro in Chester Katech UK<\/title>\n<meta name=\"description\" content=\"KaTech UK sind ein Lebensmitteltechnologie-Unternehmen mit einem B\u00fcro-und technischen Entwicklungssuite in Gro\u00dfbritannien.\" \/>\n<meta name=\"robots\" content=\"index, follow, max-snippet:-1, max-image-preview:large, max-video-preview:-1\" \/>\n<link rel=\"canonical\" href=\"https:\/\/katech-solutions.com\/de\/wo-sie-uns-finden\/katech-uk-de\/\" \/>\n<meta property=\"og:locale\" content=\"de_DE\" \/>\n<meta property=\"og:type\" content=\"article\" \/>\n<meta property=\"og:title\" content=\"KaTech finden - Unser B\u00fcro in Chester Katech UK\" \/>\n<meta property=\"og:description\" content=\"KaTech UK sind ein Lebensmitteltechnologie-Unternehmen mit einem B\u00fcro-und technischen Entwicklungssuite in Gro\u00dfbritannien.\" \/>\n<meta property=\"og:url\" content=\"https:\/\/katech-solutions.com\/de\/wo-sie-uns-finden\/katech-uk-de\/\" \/>\n<meta property=\"og:site_name\" content=\"KaTech\" \/>\n<meta property=\"article:modified_time\" content=\"2022-09-07T11:19:51+00:00\" \/>\n<meta name=\"twitter:label1\" content=\"Gesch\u00e4tzte Lesezeit\" \/>\n\t<meta name=\"twitter:data1\" content=\"1\u00a0Minute\" \/>\n<script type=\"application\/ld+json\" class=\"yoast-schema-graph\">{\"@context\":\"https:\/\/schema.org\",\"@graph\":[{\"@type\":\"WebPage\",\"@id\":\"https:\/\/katech-solutions.com\/de\/wo-sie-uns-finden\/katech-uk-de\/\",\"url\":\"https:\/\/katech-solutions.com\/de\/wo-sie-uns-finden\/katech-uk-de\/\",\"name\":\"KaTech finden - Unser B\u00fcro in Chester Katech UK\",\"isPartOf\":{\"@id\":\"https:\/\/katech-solutions.com\/#website\"},\"datePublished\":\"2013-06-20T11:08:39+00:00\",\"dateModified\":\"2022-09-07T11:19:51+00:00\",\"description\":\"KaTech UK sind ein Lebensmitteltechnologie-Unternehmen mit einem B\u00fcro-und technischen Entwicklungssuite in Gro\u00dfbritannien.\",\"breadcrumb\":{\"@id\":\"https:\/\/katech-solutions.com\/de\/wo-sie-uns-finden\/katech-uk-de\/#breadcrumb\"},\"inLanguage\":\"de\",\"potentialAction\":[{\"@type\":\"ReadAction\",\"target\":[\"https:\/\/katech-solutions.com\/de\/wo-sie-uns-finden\/katech-uk-de\/\"]}]},{\"@type\":\"BreadcrumbList\",\"@id\":\"https:\/\/katech-solutions.com\/de\/wo-sie-uns-finden\/katech-uk-de\/#breadcrumb\",\"itemListElement\":[{\"@type\":\"ListItem\",\"position\":1,\"name\":\"Wo sie uns finden\",\"item\":\"https:\/\/katech-solutions.com\/de\/wo-sie-uns-finden\/\"},{\"@type\":\"ListItem\",\"position\":2,\"name\":\"KaTech Ingredient Solutions UK\"}]},{\"@type\":\"WebSite\",\"@id\":\"https:\/\/katech-solutions.com\/#website\",\"url\":\"https:\/\/katech-solutions.com\/\",\"name\":\"KaTech\",\"description\":\"\",\"potentialAction\":[{\"@type\":\"SearchAction\",\"target\":{\"@type\":\"EntryPoint\",\"urlTemplate\":\"https:\/\/katech-solutions.com\/?s={search_term_string}\"},\"query-input\":{\"@type\":\"PropertyValueSpecification\",\"valueRequired\":true,\"valueName\":\"search_term_string\"}}],\"inLanguage\":\"de\"}]}<\/script>\n<!-- \/ Yoast SEO plugin. -->","yoast_head_json":{"title":"KaTech finden - Unser B\u00fcro in Chester Katech UK","description":"KaTech UK sind ein Lebensmitteltechnologie-Unternehmen mit einem B\u00fcro-und technischen Entwicklungssuite in Gro\u00dfbritannien.","robots":{"index":"index","follow":"follow","max-snippet":"max-snippet:-1","max-image-preview":"max-image-preview:large","max-video-preview":"max-video-preview:-1"},"canonical":"https:\/\/katech-solutions.com\/de\/wo-sie-uns-finden\/katech-uk-de\/","og_locale":"de_DE","og_type":"article","og_title":"KaTech finden - Unser B\u00fcro in Chester Katech UK","og_description":"KaTech UK sind ein Lebensmitteltechnologie-Unternehmen mit einem B\u00fcro-und technischen Entwicklungssuite in Gro\u00dfbritannien.","og_url":"https:\/\/katech-solutions.com\/de\/wo-sie-uns-finden\/katech-uk-de\/","og_site_name":"KaTech","article_modified_time":"2022-09-07T11:19:51+00:00","twitter_misc":{"Gesch\u00e4tzte Lesezeit":"1\u00a0Minute"},"schema":{"@context":"https:\/\/schema.org","@graph":[{"@type":"WebPage","@id":"https:\/\/katech-solutions.com\/de\/wo-sie-uns-finden\/katech-uk-de\/","url":"https:\/\/katech-solutions.com\/de\/wo-sie-uns-finden\/katech-uk-de\/","name":"KaTech finden - Unser B\u00fcro in Chester Katech UK","isPartOf":{"@id":"https:\/\/katech-solutions.com\/#website"},"datePublished":"2013-06-20T11:08:39+00:00","dateModified":"2022-09-07T11:19:51+00:00","description":"KaTech UK sind ein Lebensmitteltechnologie-Unternehmen mit einem B\u00fcro-und technischen Entwicklungssuite in Gro\u00dfbritannien.","breadcrumb":{"@id":"https:\/\/katech-solutions.com\/de\/wo-sie-uns-finden\/katech-uk-de\/#breadcrumb"},"inLanguage":"de","potentialAction":[{"@type":"ReadAction","target":["https:\/\/katech-solutions.com\/de\/wo-sie-uns-finden\/katech-uk-de\/"]}]},{"@type":"BreadcrumbList","@id":"https:\/\/katech-solutions.com\/de\/wo-sie-uns-finden\/katech-uk-de\/#breadcrumb","itemListElement":[{"@type":"ListItem","position":1,"name":"Wo sie uns finden","item":"https:\/\/katech-solutions.com\/de\/wo-sie-uns-finden\/"},{"@type":"ListItem","position":2,"name":"KaTech Ingredient Solutions UK"}]},{"@type":"WebSite","@id":"https:\/\/katech-solutions.com\/#website","url":"https:\/\/katech-solutions.com\/","name":"KaTech","description":"","potentialAction":[{"@type":"SearchAction","target":{"@type":"EntryPoint","urlTemplate":"https:\/\/katech-solutions.com\/?s={search_term_string}"},"query-input":{"@type":"PropertyValueSpecification","valueRequired":true,"valueName":"search_term_string"}}],"inLanguage":"de"}]}},"_links":{"self":[{"href":"https:\/\/katech-solutions.com\/de\/wp-json\/wp\/v2\/pages\/4773","targetHints":{"allow":["GET"]}}],"collection":[{"href":"https:\/\/katech-solutions.com\/de\/wp-json\/wp\/v2\/pages"}],"about":[{"href":"https:\/\/katech-solutions.com\/de\/wp-json\/wp\/v2\/types\/page"}],"author":[{"embeddable":true,"href":"https:\/\/katech-solutions.com\/de\/wp-json\/wp\/v2\/users\/3"}],"replies":[{"embeddable":true,"href":"https:\/\/katech-solutions.com\/de\/wp-json\/wp\/v2\/comments?post=4773"}],"version-history":[{"count":21,"href":"https:\/\/katech-solutions.com\/de\/wp-json\/wp\/v2\/pages\/4773\/revisions"}],"predecessor-version":[{"id":11741,"href":"https:\/\/katech-solutions.com\/de\/wp-json\/wp\/v2\/pages\/4773\/revisions\/11741"}],"up":[{"embeddable":true,"href":"https:\/\/katech-solutions.com\/de\/wp-json\/wp\/v2\/pages\/1110"}],"wp:attachment":[{"href":"https:\/\/katech-solutions.com\/de\/wp-json\/wp\/v2\/media?parent=4773"}],"curies":[{"name":"wp","href":"https:\/\/api.w.org\/{rel}","templated":true}]}}