{"id":4586,"date":"2013-12-03T14:25:47","date_gmt":"2013-12-03T14:25:47","guid":{"rendered":"https:\/\/www.khpartner.com\/site\/?page_id=4586"},"modified":"2021-02-09T14:09:52","modified_gmt":"2021-02-09T14:09:52","slug":"das-team","status":"publish","type":"page","link":"https:\/\/katech-solutions.com\/de\/das-team\/","title":{"rendered":"Das Team"},"content":{"rendered":"<p style=\"text-align: justify;\">Unsere Mitarbeiter bei KaTech haben umfassende Erfahrungen und Kenntnisse in der Lebensmittelherstellung und sind f\u00fcr die W\u00fcnsche und Belange unserer Kunden jederzeit ansprechbar. Wir f\u00fchlen uns verpflichtet, Sie hinsichtlich Ihres kommerziellen als auch technologischen Erfolges zu unterst\u00fctzen. Dabei stellen wir Ihren individuellen Bedarf in den Vordergrund, um die von Ihnen gew\u00fcnschte L\u00f6sung zu erzielen.<\/p>\n<p style=\"text-align: justify;\">Unser Entwicklungs-Team besteht aus einigen der besten Technologen der Lebensmittelbranche. Gemeinsam verf\u00fcgen Sie \u00fcber langj\u00e4hrige praktische Erfahrungen in folgenden Anwendungsgebieten:<\/p>\n<p style=\"text-align: justify;\">\u25a0 Entwicklung neuer Produkte<br \/>\n\u25a0 Technischer Service<br \/>\n\u25a0 Produktionserfahrung<br \/>\n\u25a0 Einkauf<br \/>\n\u25a0 Qualit\u00e4tsmanagement<\/p>\n","protected":false},"excerpt":{"rendered":"<p>Unsere Mitarbeiter bei KaTech haben umfassende Erfahrungen und Kenntnisse in der Lebensmittelherstellung und sind f\u00fcr die W\u00fcnsche und Belange unserer Kunden jederzeit ansprechbar. Wir f\u00fchlen uns verpflichtet, Sie hinsichtlich Ihres kommerziellen als auch technologischen Erfolges zu unterst\u00fctzen. Dabei stellen wir &hellip; <a class=\"continue-reading\" href=\"https:\/\/katech-solutions.com\/de\/das-team\/\">Weiterlesen <span class=\"meta-nav\">&rarr;<\/span><\/a><\/p>\n","protected":false},"author":3,"featured_media":0,"parent":0,"menu_order":0,"comment_status":"closed","ping_status":"open","template":"team.php","meta":{"_acf_changed":false,"footnotes":""},"class_list":["post-4586","page","type-page","status-publish","hentry"],"acf":[],"yoast_head":"<!-- This site is optimized with the Yoast SEO plugin v27.2 - https:\/\/yoast.com\/product\/yoast-seo-wordpress\/ -->\n<title>KaTech - Team, Experten in der Lebensmitteltechnologie<\/title>\n<meta name=\"description\" content=\"Das team im KaTech sind Lebensmittel-Technologie-Experten Erstellen von Stabilisatoren und Emulgatoren f\u00fcr die Lebensmittelindustrie spezialisiert.\" \/>\n<meta name=\"robots\" content=\"index, follow, max-snippet:-1, max-image-preview:large, max-video-preview:-1\" \/>\n<link rel=\"canonical\" href=\"https:\/\/katech-solutions.com\/de\/das-team\/\" \/>\n<meta property=\"og:locale\" content=\"de_DE\" \/>\n<meta property=\"og:type\" content=\"article\" \/>\n<meta property=\"og:title\" content=\"KaTech - Team, Experten in der Lebensmitteltechnologie\" \/>\n<meta property=\"og:description\" content=\"Das team im KaTech sind Lebensmittel-Technologie-Experten Erstellen von Stabilisatoren und Emulgatoren f\u00fcr die Lebensmittelindustrie spezialisiert.\" \/>\n<meta property=\"og:url\" content=\"https:\/\/katech-solutions.com\/de\/das-team\/\" \/>\n<meta property=\"og:site_name\" content=\"KaTech\" \/>\n<meta property=\"article:modified_time\" content=\"2021-02-09T14:09:52+00:00\" \/>\n<script type=\"application\/ld+json\" class=\"yoast-schema-graph\">{\"@context\":\"https:\/\/schema.org\",\"@graph\":[{\"@type\":\"WebPage\",\"@id\":\"https:\/\/katech-solutions.com\/de\/das-team\/\",\"url\":\"https:\/\/katech-solutions.com\/de\/das-team\/\",\"name\":\"KaTech - Team, Experten in der Lebensmitteltechnologie\",\"isPartOf\":{\"@id\":\"https:\/\/katech-solutions.com\/#website\"},\"datePublished\":\"2013-12-03T14:25:47+00:00\",\"dateModified\":\"2021-02-09T14:09:52+00:00\",\"description\":\"Das team im KaTech sind Lebensmittel-Technologie-Experten Erstellen von Stabilisatoren und Emulgatoren f\u00fcr die Lebensmittelindustrie spezialisiert.\",\"inLanguage\":\"de\",\"potentialAction\":[{\"@type\":\"ReadAction\",\"target\":[\"https:\/\/katech-solutions.com\/de\/das-team\/\"]}]},{\"@type\":\"WebSite\",\"@id\":\"https:\/\/katech-solutions.com\/#website\",\"url\":\"https:\/\/katech-solutions.com\/\",\"name\":\"KaTech\",\"description\":\"\",\"potentialAction\":[{\"@type\":\"SearchAction\",\"target\":{\"@type\":\"EntryPoint\",\"urlTemplate\":\"https:\/\/katech-solutions.com\/?s={search_term_string}\"},\"query-input\":{\"@type\":\"PropertyValueSpecification\",\"valueRequired\":true,\"valueName\":\"search_term_string\"}}],\"inLanguage\":\"de\"}]}<\/script>\n<!-- \/ Yoast SEO plugin. -->","yoast_head_json":{"title":"KaTech - Team, Experten in der Lebensmitteltechnologie","description":"Das team im KaTech sind Lebensmittel-Technologie-Experten Erstellen von Stabilisatoren und Emulgatoren f\u00fcr die Lebensmittelindustrie spezialisiert.","robots":{"index":"index","follow":"follow","max-snippet":"max-snippet:-1","max-image-preview":"max-image-preview:large","max-video-preview":"max-video-preview:-1"},"canonical":"https:\/\/katech-solutions.com\/de\/das-team\/","og_locale":"de_DE","og_type":"article","og_title":"KaTech - Team, Experten in der Lebensmitteltechnologie","og_description":"Das team im KaTech sind Lebensmittel-Technologie-Experten Erstellen von Stabilisatoren und Emulgatoren f\u00fcr die Lebensmittelindustrie spezialisiert.","og_url":"https:\/\/katech-solutions.com\/de\/das-team\/","og_site_name":"KaTech","article_modified_time":"2021-02-09T14:09:52+00:00","schema":{"@context":"https:\/\/schema.org","@graph":[{"@type":"WebPage","@id":"https:\/\/katech-solutions.com\/de\/das-team\/","url":"https:\/\/katech-solutions.com\/de\/das-team\/","name":"KaTech - Team, Experten in der Lebensmitteltechnologie","isPartOf":{"@id":"https:\/\/katech-solutions.com\/#website"},"datePublished":"2013-12-03T14:25:47+00:00","dateModified":"2021-02-09T14:09:52+00:00","description":"Das team im KaTech sind Lebensmittel-Technologie-Experten Erstellen von Stabilisatoren und Emulgatoren f\u00fcr die Lebensmittelindustrie spezialisiert.","inLanguage":"de","potentialAction":[{"@type":"ReadAction","target":["https:\/\/katech-solutions.com\/de\/das-team\/"]}]},{"@type":"WebSite","@id":"https:\/\/katech-solutions.com\/#website","url":"https:\/\/katech-solutions.com\/","name":"KaTech","description":"","potentialAction":[{"@type":"SearchAction","target":{"@type":"EntryPoint","urlTemplate":"https:\/\/katech-solutions.com\/?s={search_term_string}"},"query-input":{"@type":"PropertyValueSpecification","valueRequired":true,"valueName":"search_term_string"}}],"inLanguage":"de"}]}},"_links":{"self":[{"href":"https:\/\/katech-solutions.com\/de\/wp-json\/wp\/v2\/pages\/4586","targetHints":{"allow":["GET"]}}],"collection":[{"href":"https:\/\/katech-solutions.com\/de\/wp-json\/wp\/v2\/pages"}],"about":[{"href":"https:\/\/katech-solutions.com\/de\/wp-json\/wp\/v2\/types\/page"}],"author":[{"embeddable":true,"href":"https:\/\/katech-solutions.com\/de\/wp-json\/wp\/v2\/users\/3"}],"replies":[{"embeddable":true,"href":"https:\/\/katech-solutions.com\/de\/wp-json\/wp\/v2\/comments?post=4586"}],"version-history":[{"count":21,"href":"https:\/\/katech-solutions.com\/de\/wp-json\/wp\/v2\/pages\/4586\/revisions"}],"predecessor-version":[{"id":10955,"href":"https:\/\/katech-solutions.com\/de\/wp-json\/wp\/v2\/pages\/4586\/revisions\/10955"}],"wp:attachment":[{"href":"https:\/\/katech-solutions.com\/de\/wp-json\/wp\/v2\/media?parent=4586"}],"curies":[{"name":"wp","href":"https:\/\/api.w.org\/{rel}","templated":true}]}}