{"id":4111,"date":"2013-04-09T14:24:26","date_gmt":"2013-04-09T14:24:26","guid":{"rendered":"https:\/\/www.khpartner.com\/site\/how-we-work\/"},"modified":"2015-09-21T10:55:21","modified_gmt":"2015-09-21T10:55:21","slug":"wie-wir-arbeiten","status":"publish","type":"page","link":"https:\/\/katech-solutions.com\/de\/wie-wir-arbeiten\/","title":{"rendered":"Wie wir arbeiten"},"content":{"rendered":"<h2>Wie wir arbeiten<\/h2>\n<p>KaTech entwickelt ma\u00dfgeschneiderte Lebensmittel-Technologie-L\u00f6sungen, um Ihre spezifischen Anforderungen zu erf\u00fcllen. Wir arbeiten gemeinsam mit Ihnen, um Ihre Ziele zu erreichen: Produkte in den Markt zu bringen, Probleme zu l\u00f6sen und Produktkosten zu minimieren. Wir arbeiten streng vertraulich mit Ihnen und bieten Ihnen unabh\u00e4ngige und kreative Unterst\u00fctzung f\u00fcr Ihr Gesch\u00e4ft.<\/p>\n<p>Wir verf\u00fcgen \u00fcber eine F\u00fclle von Wissen und Know-how in der Herstellung einer Vielzahl von Produkten f\u00fcr die Lebensmittel- und Getr\u00e4nkeindustrie. Wir arbeiten t\u00e4glich mit\u00a0 Lebensmitteltechnologen und Verfahrenstechnikern f\u00fchrender Lebensmittelhersteller zusammen. Wir arbeiten Seite an Seite, gemeinsam mit Ihrem Team, um erfolgreiche L\u00f6sungen zu finden.<\/p>\n<p>Bitte kontaktieren Sie uns f\u00fcr weitere Informationen oder schauen Sie sich die nebenstehende Prezi f\u00fcr weitere Details an.<\/p>\n","protected":false},"excerpt":{"rendered":"<p>Wie wir arbeiten KaTech entwickelt ma\u00dfgeschneiderte Lebensmittel-Technologie-L\u00f6sungen, um Ihre spezifischen Anforderungen zu erf\u00fcllen. Wir arbeiten gemeinsam mit Ihnen, um Ihre Ziele zu erreichen: Produkte in den Markt zu bringen, Probleme zu l\u00f6sen und Produktkosten zu minimieren. Wir arbeiten streng vertraulich &hellip; <a class=\"continue-reading\" href=\"https:\/\/katech-solutions.com\/de\/wie-wir-arbeiten\/\">Weiterlesen <span class=\"meta-nav\">&rarr;<\/span><\/a><\/p>\n","protected":false},"author":3,"featured_media":0,"parent":0,"menu_order":2,"comment_status":"closed","ping_status":"closed","template":"layout-content-3.php","meta":{"_acf_changed":false,"footnotes":""},"class_list":["post-4111","page","type-page","status-publish","hentry"],"acf":[],"yoast_head":"<!-- This site is optimized with the Yoast SEO plugin v27.2 - https:\/\/yoast.com\/product\/yoast-seo-wordpress\/ -->\n<title>KaTech-wie wir arbeiten, Stabilisator und Emulgator-L\u00f6sungen bieten<\/title>\n<meta name=\"description\" content=\"Wie wir arbeiten - KaTech sind ein Lebensmitteltechnologie -Unternehmen, spezialisiert auf die Schaffung Stabilisatoren und Emulgatoren f\u00fcr die Lebensmittelindustrie.\" \/>\n<meta name=\"robots\" content=\"index, follow, max-snippet:-1, max-image-preview:large, max-video-preview:-1\" \/>\n<link rel=\"canonical\" href=\"https:\/\/katech-solutions.com\/de\/wie-wir-arbeiten\/\" \/>\n<meta property=\"og:locale\" content=\"de_DE\" \/>\n<meta property=\"og:type\" content=\"article\" \/>\n<meta property=\"og:title\" content=\"KaTech-wie wir arbeiten, Stabilisator und Emulgator-L\u00f6sungen bieten\" \/>\n<meta property=\"og:description\" content=\"Wie wir arbeiten - KaTech sind ein Lebensmitteltechnologie -Unternehmen, spezialisiert auf die Schaffung Stabilisatoren und Emulgatoren f\u00fcr die Lebensmittelindustrie.\" \/>\n<meta property=\"og:url\" content=\"https:\/\/katech-solutions.com\/de\/wie-wir-arbeiten\/\" \/>\n<meta property=\"og:site_name\" content=\"KaTech\" \/>\n<meta property=\"article:modified_time\" content=\"2015-09-21T10:55:21+00:00\" \/>\n<meta name=\"twitter:label1\" content=\"Gesch\u00e4tzte Lesezeit\" \/>\n\t<meta name=\"twitter:data1\" content=\"1\u00a0Minute\" \/>\n<script type=\"application\/ld+json\" class=\"yoast-schema-graph\">{\"@context\":\"https:\/\/schema.org\",\"@graph\":[{\"@type\":\"WebPage\",\"@id\":\"https:\/\/katech-solutions.com\/de\/wie-wir-arbeiten\/\",\"url\":\"https:\/\/katech-solutions.com\/de\/wie-wir-arbeiten\/\",\"name\":\"KaTech-wie wir arbeiten, Stabilisator und Emulgator-L\u00f6sungen bieten\",\"isPartOf\":{\"@id\":\"https:\/\/katech-solutions.com\/#website\"},\"datePublished\":\"2013-04-09T14:24:26+00:00\",\"dateModified\":\"2015-09-21T10:55:21+00:00\",\"description\":\"Wie wir arbeiten - KaTech sind ein Lebensmitteltechnologie -Unternehmen, spezialisiert auf die Schaffung Stabilisatoren und Emulgatoren f\u00fcr die Lebensmittelindustrie.\",\"inLanguage\":\"de\",\"potentialAction\":[{\"@type\":\"ReadAction\",\"target\":[\"https:\/\/katech-solutions.com\/de\/wie-wir-arbeiten\/\"]}]},{\"@type\":\"WebSite\",\"@id\":\"https:\/\/katech-solutions.com\/#website\",\"url\":\"https:\/\/katech-solutions.com\/\",\"name\":\"KaTech\",\"description\":\"\",\"potentialAction\":[{\"@type\":\"SearchAction\",\"target\":{\"@type\":\"EntryPoint\",\"urlTemplate\":\"https:\/\/katech-solutions.com\/?s={search_term_string}\"},\"query-input\":{\"@type\":\"PropertyValueSpecification\",\"valueRequired\":true,\"valueName\":\"search_term_string\"}}],\"inLanguage\":\"de\"}]}<\/script>\n<!-- \/ Yoast SEO plugin. -->","yoast_head_json":{"title":"KaTech-wie wir arbeiten, Stabilisator und Emulgator-L\u00f6sungen bieten","description":"Wie wir arbeiten - KaTech sind ein Lebensmitteltechnologie -Unternehmen, spezialisiert auf die Schaffung Stabilisatoren und Emulgatoren f\u00fcr die Lebensmittelindustrie.","robots":{"index":"index","follow":"follow","max-snippet":"max-snippet:-1","max-image-preview":"max-image-preview:large","max-video-preview":"max-video-preview:-1"},"canonical":"https:\/\/katech-solutions.com\/de\/wie-wir-arbeiten\/","og_locale":"de_DE","og_type":"article","og_title":"KaTech-wie wir arbeiten, Stabilisator und Emulgator-L\u00f6sungen bieten","og_description":"Wie wir arbeiten - KaTech sind ein Lebensmitteltechnologie -Unternehmen, spezialisiert auf die Schaffung Stabilisatoren und Emulgatoren f\u00fcr die Lebensmittelindustrie.","og_url":"https:\/\/katech-solutions.com\/de\/wie-wir-arbeiten\/","og_site_name":"KaTech","article_modified_time":"2015-09-21T10:55:21+00:00","twitter_misc":{"Gesch\u00e4tzte Lesezeit":"1\u00a0Minute"},"schema":{"@context":"https:\/\/schema.org","@graph":[{"@type":"WebPage","@id":"https:\/\/katech-solutions.com\/de\/wie-wir-arbeiten\/","url":"https:\/\/katech-solutions.com\/de\/wie-wir-arbeiten\/","name":"KaTech-wie wir arbeiten, Stabilisator und Emulgator-L\u00f6sungen bieten","isPartOf":{"@id":"https:\/\/katech-solutions.com\/#website"},"datePublished":"2013-04-09T14:24:26+00:00","dateModified":"2015-09-21T10:55:21+00:00","description":"Wie wir arbeiten - KaTech sind ein Lebensmitteltechnologie -Unternehmen, spezialisiert auf die Schaffung Stabilisatoren und Emulgatoren f\u00fcr die Lebensmittelindustrie.","inLanguage":"de","potentialAction":[{"@type":"ReadAction","target":["https:\/\/katech-solutions.com\/de\/wie-wir-arbeiten\/"]}]},{"@type":"WebSite","@id":"https:\/\/katech-solutions.com\/#website","url":"https:\/\/katech-solutions.com\/","name":"KaTech","description":"","potentialAction":[{"@type":"SearchAction","target":{"@type":"EntryPoint","urlTemplate":"https:\/\/katech-solutions.com\/?s={search_term_string}"},"query-input":{"@type":"PropertyValueSpecification","valueRequired":true,"valueName":"search_term_string"}}],"inLanguage":"de"}]}},"_links":{"self":[{"href":"https:\/\/katech-solutions.com\/de\/wp-json\/wp\/v2\/pages\/4111","targetHints":{"allow":["GET"]}}],"collection":[{"href":"https:\/\/katech-solutions.com\/de\/wp-json\/wp\/v2\/pages"}],"about":[{"href":"https:\/\/katech-solutions.com\/de\/wp-json\/wp\/v2\/types\/page"}],"author":[{"embeddable":true,"href":"https:\/\/katech-solutions.com\/de\/wp-json\/wp\/v2\/users\/3"}],"replies":[{"embeddable":true,"href":"https:\/\/katech-solutions.com\/de\/wp-json\/wp\/v2\/comments?post=4111"}],"version-history":[{"count":14,"href":"https:\/\/katech-solutions.com\/de\/wp-json\/wp\/v2\/pages\/4111\/revisions"}],"predecessor-version":[{"id":7038,"href":"https:\/\/katech-solutions.com\/de\/wp-json\/wp\/v2\/pages\/4111\/revisions\/7038"}],"wp:attachment":[{"href":"https:\/\/katech-solutions.com\/de\/wp-json\/wp\/v2\/media?parent=4111"}],"curies":[{"name":"wp","href":"https:\/\/api.w.org\/{rel}","templated":true}]}}