{"id":3868,"date":"2013-10-31T10:49:49","date_gmt":"2013-10-31T10:49:49","guid":{"rendered":"https:\/\/www.khpartner.com\/site\/?page_id=3868"},"modified":"2014-11-12T11:55:51","modified_gmt":"2014-11-12T11:55:51","slug":"quark-dessert","status":"publish","type":"page","link":"https:\/\/katech-solutions.com\/de\/kase\/quark-dessert\/","title":{"rendered":"Quark Dessert"},"content":{"rendered":"<p>Quark oder Frischk\u00e4se ist K\u00e4se, der nicht gereift ist. Quark Desserts sind sehr popul\u00e4r, da sie als gesunde Alternative zu Desserts wie z. B. Pudding gesehen werden. Ein Grund hierf\u00fcr ist auch der hohe Eiwei\u00dfgehalt und die Tatsache, dass sie mit Hilfe von Milchs\u00e4urebakterien hergestellt werden.<\/p>\n<p>Diese Art Produkte werden meist mit Fr\u00fcchten und \/ oder Joghurt abgemischt und h\u00e4ufig findet man aufgeschlagene Quark Desserts als Alternative zu Mousse Produkten. Um l\u00e4ngere Haltbarkeiten zu erzielen, k\u00f6nnen Quarkprodukte w\u00e4rmebehandelt werden.<\/p>\n","protected":false},"excerpt":{"rendered":"<p>Quark oder Frischk\u00e4se ist K\u00e4se, der nicht gereift ist. Quark Desserts sind sehr popul\u00e4r, da sie als gesunde Alternative zu Desserts wie z. B. Pudding gesehen werden. Ein Grund hierf\u00fcr ist auch der hohe Eiwei\u00dfgehalt und die Tatsache, dass sie &hellip; <a class=\"continue-reading\" href=\"https:\/\/katech-solutions.com\/de\/kase\/quark-dessert\/\">Weiterlesen <span class=\"meta-nav\">&rarr;<\/span><\/a><\/p>\n","protected":false},"author":3,"featured_media":0,"parent":1020,"menu_order":0,"comment_status":"closed","ping_status":"open","template":"","meta":{"_acf_changed":false,"footnotes":""},"class_list":["post-3868","page","type-page","status-publish","hentry"],"acf":[],"yoast_head":"<!-- This site is optimized with the Yoast SEO plugin v27.2 - https:\/\/yoast.com\/product\/yoast-seo-wordpress\/ -->\n<title>KaTech \u2013 Stabilisator und Emulgator L\u00f6sungen f\u00fcr quark dessert<\/title>\n<meta name=\"description\" content=\"KaTech sind ein Lebensmittel-Technologie-Unternehmen, spezialisiert auf die Erstellung von Stabilisator und Emulgator L\u00f6sungen f\u00fcr quark dessert.\" \/>\n<meta name=\"robots\" content=\"index, follow, max-snippet:-1, max-image-preview:large, max-video-preview:-1\" \/>\n<link rel=\"canonical\" href=\"https:\/\/katech-solutions.com\/de\/kase\/quark-dessert\/\" \/>\n<meta property=\"og:locale\" content=\"de_DE\" \/>\n<meta property=\"og:type\" content=\"article\" \/>\n<meta property=\"og:title\" content=\"KaTech \u2013 Stabilisator und Emulgator L\u00f6sungen f\u00fcr quark dessert\" \/>\n<meta property=\"og:description\" content=\"KaTech sind ein Lebensmittel-Technologie-Unternehmen, spezialisiert auf die Erstellung von Stabilisator und Emulgator L\u00f6sungen f\u00fcr quark dessert.\" \/>\n<meta property=\"og:url\" content=\"https:\/\/katech-solutions.com\/de\/kase\/quark-dessert\/\" \/>\n<meta property=\"og:site_name\" content=\"KaTech\" \/>\n<meta property=\"article:modified_time\" content=\"2014-11-12T11:55:51+00:00\" \/>\n<script type=\"application\/ld+json\" class=\"yoast-schema-graph\">{\"@context\":\"https:\/\/schema.org\",\"@graph\":[{\"@type\":\"WebPage\",\"@id\":\"https:\/\/katech-solutions.com\/de\/kase\/quark-dessert\/\",\"url\":\"https:\/\/katech-solutions.com\/de\/kase\/quark-dessert\/\",\"name\":\"KaTech \u2013 Stabilisator und Emulgator L\u00f6sungen f\u00fcr quark dessert\",\"isPartOf\":{\"@id\":\"https:\/\/katech-solutions.com\/#website\"},\"datePublished\":\"2013-10-31T10:49:49+00:00\",\"dateModified\":\"2014-11-12T11:55:51+00:00\",\"description\":\"KaTech sind ein Lebensmittel-Technologie-Unternehmen, spezialisiert auf die Erstellung von Stabilisator und Emulgator L\u00f6sungen f\u00fcr quark dessert.\",\"breadcrumb\":{\"@id\":\"https:\/\/katech-solutions.com\/de\/kase\/quark-dessert\/#breadcrumb\"},\"inLanguage\":\"de\",\"potentialAction\":[{\"@type\":\"ReadAction\",\"target\":[\"https:\/\/katech-solutions.com\/de\/kase\/quark-dessert\/\"]}]},{\"@type\":\"BreadcrumbList\",\"@id\":\"https:\/\/katech-solutions.com\/de\/kase\/quark-dessert\/#breadcrumb\",\"itemListElement\":[{\"@type\":\"ListItem\",\"position\":1,\"name\":\"K\u00e4se\",\"item\":\"https:\/\/katech-solutions.com\/de\/kase\/\"},{\"@type\":\"ListItem\",\"position\":2,\"name\":\"Quark Dessert\"}]},{\"@type\":\"WebSite\",\"@id\":\"https:\/\/katech-solutions.com\/#website\",\"url\":\"https:\/\/katech-solutions.com\/\",\"name\":\"KaTech\",\"description\":\"\",\"potentialAction\":[{\"@type\":\"SearchAction\",\"target\":{\"@type\":\"EntryPoint\",\"urlTemplate\":\"https:\/\/katech-solutions.com\/?s={search_term_string}\"},\"query-input\":{\"@type\":\"PropertyValueSpecification\",\"valueRequired\":true,\"valueName\":\"search_term_string\"}}],\"inLanguage\":\"de\"}]}<\/script>\n<!-- \/ Yoast SEO plugin. -->","yoast_head_json":{"title":"KaTech \u2013 Stabilisator und Emulgator L\u00f6sungen f\u00fcr quark dessert","description":"KaTech sind ein Lebensmittel-Technologie-Unternehmen, spezialisiert auf die Erstellung von Stabilisator und Emulgator L\u00f6sungen f\u00fcr quark dessert.","robots":{"index":"index","follow":"follow","max-snippet":"max-snippet:-1","max-image-preview":"max-image-preview:large","max-video-preview":"max-video-preview:-1"},"canonical":"https:\/\/katech-solutions.com\/de\/kase\/quark-dessert\/","og_locale":"de_DE","og_type":"article","og_title":"KaTech \u2013 Stabilisator und Emulgator L\u00f6sungen f\u00fcr quark dessert","og_description":"KaTech sind ein Lebensmittel-Technologie-Unternehmen, spezialisiert auf die Erstellung von Stabilisator und Emulgator L\u00f6sungen f\u00fcr quark dessert.","og_url":"https:\/\/katech-solutions.com\/de\/kase\/quark-dessert\/","og_site_name":"KaTech","article_modified_time":"2014-11-12T11:55:51+00:00","schema":{"@context":"https:\/\/schema.org","@graph":[{"@type":"WebPage","@id":"https:\/\/katech-solutions.com\/de\/kase\/quark-dessert\/","url":"https:\/\/katech-solutions.com\/de\/kase\/quark-dessert\/","name":"KaTech \u2013 Stabilisator und Emulgator L\u00f6sungen f\u00fcr quark dessert","isPartOf":{"@id":"https:\/\/katech-solutions.com\/#website"},"datePublished":"2013-10-31T10:49:49+00:00","dateModified":"2014-11-12T11:55:51+00:00","description":"KaTech sind ein Lebensmittel-Technologie-Unternehmen, spezialisiert auf die Erstellung von Stabilisator und Emulgator L\u00f6sungen f\u00fcr quark dessert.","breadcrumb":{"@id":"https:\/\/katech-solutions.com\/de\/kase\/quark-dessert\/#breadcrumb"},"inLanguage":"de","potentialAction":[{"@type":"ReadAction","target":["https:\/\/katech-solutions.com\/de\/kase\/quark-dessert\/"]}]},{"@type":"BreadcrumbList","@id":"https:\/\/katech-solutions.com\/de\/kase\/quark-dessert\/#breadcrumb","itemListElement":[{"@type":"ListItem","position":1,"name":"K\u00e4se","item":"https:\/\/katech-solutions.com\/de\/kase\/"},{"@type":"ListItem","position":2,"name":"Quark Dessert"}]},{"@type":"WebSite","@id":"https:\/\/katech-solutions.com\/#website","url":"https:\/\/katech-solutions.com\/","name":"KaTech","description":"","potentialAction":[{"@type":"SearchAction","target":{"@type":"EntryPoint","urlTemplate":"https:\/\/katech-solutions.com\/?s={search_term_string}"},"query-input":{"@type":"PropertyValueSpecification","valueRequired":true,"valueName":"search_term_string"}}],"inLanguage":"de"}]}},"_links":{"self":[{"href":"https:\/\/katech-solutions.com\/de\/wp-json\/wp\/v2\/pages\/3868","targetHints":{"allow":["GET"]}}],"collection":[{"href":"https:\/\/katech-solutions.com\/de\/wp-json\/wp\/v2\/pages"}],"about":[{"href":"https:\/\/katech-solutions.com\/de\/wp-json\/wp\/v2\/types\/page"}],"author":[{"embeddable":true,"href":"https:\/\/katech-solutions.com\/de\/wp-json\/wp\/v2\/users\/3"}],"replies":[{"embeddable":true,"href":"https:\/\/katech-solutions.com\/de\/wp-json\/wp\/v2\/comments?post=3868"}],"version-history":[{"count":9,"href":"https:\/\/katech-solutions.com\/de\/wp-json\/wp\/v2\/pages\/3868\/revisions"}],"predecessor-version":[{"id":6550,"href":"https:\/\/katech-solutions.com\/de\/wp-json\/wp\/v2\/pages\/3868\/revisions\/6550"}],"up":[{"embeddable":true,"href":"https:\/\/katech-solutions.com\/de\/wp-json\/wp\/v2\/pages\/1020"}],"wp:attachment":[{"href":"https:\/\/katech-solutions.com\/de\/wp-json\/wp\/v2\/media?parent=3868"}],"curies":[{"name":"wp","href":"https:\/\/api.w.org\/{rel}","templated":true}]}}