{"id":3850,"date":"2013-10-09T10:20:02","date_gmt":"2013-10-09T10:20:02","guid":{"rendered":"https:\/\/www.khpartner.com\/site\/fruchtprodukte\/glazes\/"},"modified":"2014-11-17T10:29:19","modified_gmt":"2014-11-17T10:29:19","slug":"fruchtglasuren","status":"publish","type":"page","link":"https:\/\/katech-solutions.com\/de\/fruchtprodukte\/fruchtglasuren\/","title":{"rendered":"Fruchtglasuren"},"content":{"rendered":"<p>Eine Fruchtglasur kann als gelierter s\u00fc\u00dfer \u00dcberzug definiert werden und liefert Glanz, Farbe, Textur und Geschmack f\u00fcr eine Vielzahl von gek\u00fchlten, gefrorenen oder gebacken Dessertprodukten. Neben den oben genannten Eigenschaften ist eine Hauptanwendung der Fruchtglasur, die Fr\u00fcchte feucht und zusammen zu halten und somit vor dem\u00a0 Austrocknen zu sch\u00fctzen.<\/p>\n<p>Eine Vielzahl an Einflussfaktoren bestimmen die Produkt- und Prozesseigenschaften. Die Auswahl des Stabilisierungssystems ist hierbei von entscheidender Bedeutung.<\/p>\n","protected":false},"excerpt":{"rendered":"<p>Eine Fruchtglasur kann als gelierter s\u00fc\u00dfer \u00dcberzug definiert werden und liefert Glanz, Farbe, Textur und Geschmack f\u00fcr eine Vielzahl von gek\u00fchlten, gefrorenen oder gebacken Dessertprodukten. Neben den oben genannten Eigenschaften ist eine Hauptanwendung der Fruchtglasur, die Fr\u00fcchte feucht und zusammen &hellip; <a class=\"continue-reading\" href=\"https:\/\/katech-solutions.com\/de\/fruchtprodukte\/fruchtglasuren\/\">Weiterlesen <span class=\"meta-nav\">&rarr;<\/span><\/a><\/p>\n","protected":false},"author":17,"featured_media":0,"parent":1114,"menu_order":0,"comment_status":"closed","ping_status":"closed","template":"","meta":{"_acf_changed":false,"footnotes":""},"class_list":["post-3850","page","type-page","status-publish","hentry"],"acf":[],"yoast_head":"<!-- This site is optimized with the Yoast SEO plugin v27.2 - https:\/\/yoast.com\/product\/yoast-seo-wordpress\/ -->\n<title>KaTech \u2013 Stabilisator und Emulgator L\u00f6sungen f\u00fcr Fruchtglasuren<\/title>\n<meta name=\"description\" content=\"KaTech sind ein Lebensmittel-Technologie-Unternehmen, spezialisiert auf die Erstellung von Stabilisator und Emulgator L\u00f6sungen f\u00fcr Fruchtglasuren.\" \/>\n<meta name=\"robots\" content=\"index, follow, max-snippet:-1, max-image-preview:large, max-video-preview:-1\" \/>\n<link rel=\"canonical\" href=\"https:\/\/katech-solutions.com\/de\/fruchtprodukte\/fruchtglasuren\/\" \/>\n<meta property=\"og:locale\" content=\"de_DE\" \/>\n<meta property=\"og:type\" content=\"article\" \/>\n<meta property=\"og:title\" content=\"KaTech \u2013 Stabilisator und Emulgator L\u00f6sungen f\u00fcr Fruchtglasuren\" \/>\n<meta property=\"og:description\" content=\"KaTech sind ein Lebensmittel-Technologie-Unternehmen, spezialisiert auf die Erstellung von Stabilisator und Emulgator L\u00f6sungen f\u00fcr Fruchtglasuren.\" \/>\n<meta property=\"og:url\" content=\"https:\/\/katech-solutions.com\/de\/fruchtprodukte\/fruchtglasuren\/\" \/>\n<meta property=\"og:site_name\" content=\"KaTech\" \/>\n<meta property=\"article:modified_time\" content=\"2014-11-17T10:29:19+00:00\" \/>\n<script type=\"application\/ld+json\" class=\"yoast-schema-graph\">{\"@context\":\"https:\/\/schema.org\",\"@graph\":[{\"@type\":\"WebPage\",\"@id\":\"https:\/\/katech-solutions.com\/de\/fruchtprodukte\/fruchtglasuren\/\",\"url\":\"https:\/\/katech-solutions.com\/de\/fruchtprodukte\/fruchtglasuren\/\",\"name\":\"KaTech \u2013 Stabilisator und Emulgator L\u00f6sungen f\u00fcr Fruchtglasuren\",\"isPartOf\":{\"@id\":\"https:\/\/katech-solutions.com\/#website\"},\"datePublished\":\"2013-10-09T10:20:02+00:00\",\"dateModified\":\"2014-11-17T10:29:19+00:00\",\"description\":\"KaTech sind ein Lebensmittel-Technologie-Unternehmen, spezialisiert auf die Erstellung von Stabilisator und Emulgator L\u00f6sungen f\u00fcr Fruchtglasuren.\",\"breadcrumb\":{\"@id\":\"https:\/\/katech-solutions.com\/de\/fruchtprodukte\/fruchtglasuren\/#breadcrumb\"},\"inLanguage\":\"de\",\"potentialAction\":[{\"@type\":\"ReadAction\",\"target\":[\"https:\/\/katech-solutions.com\/de\/fruchtprodukte\/fruchtglasuren\/\"]}]},{\"@type\":\"BreadcrumbList\",\"@id\":\"https:\/\/katech-solutions.com\/de\/fruchtprodukte\/fruchtglasuren\/#breadcrumb\",\"itemListElement\":[{\"@type\":\"ListItem\",\"position\":1,\"name\":\"Fruchtprodukte\",\"item\":\"https:\/\/katech-solutions.com\/de\/fruchtprodukte\/\"},{\"@type\":\"ListItem\",\"position\":2,\"name\":\"Fruchtprodukte\",\"item\":\"https:\/\/katech-solutions.com\/fruchtprodukte\/\"},{\"@type\":\"ListItem\",\"position\":3,\"name\":\"Fruchtglasuren\"}]},{\"@type\":\"WebSite\",\"@id\":\"https:\/\/katech-solutions.com\/#website\",\"url\":\"https:\/\/katech-solutions.com\/\",\"name\":\"KaTech\",\"description\":\"\",\"potentialAction\":[{\"@type\":\"SearchAction\",\"target\":{\"@type\":\"EntryPoint\",\"urlTemplate\":\"https:\/\/katech-solutions.com\/?s={search_term_string}\"},\"query-input\":{\"@type\":\"PropertyValueSpecification\",\"valueRequired\":true,\"valueName\":\"search_term_string\"}}],\"inLanguage\":\"de\"}]}<\/script>\n<!-- \/ Yoast SEO plugin. -->","yoast_head_json":{"title":"KaTech \u2013 Stabilisator und Emulgator L\u00f6sungen f\u00fcr Fruchtglasuren","description":"KaTech sind ein Lebensmittel-Technologie-Unternehmen, spezialisiert auf die Erstellung von Stabilisator und Emulgator L\u00f6sungen f\u00fcr Fruchtglasuren.","robots":{"index":"index","follow":"follow","max-snippet":"max-snippet:-1","max-image-preview":"max-image-preview:large","max-video-preview":"max-video-preview:-1"},"canonical":"https:\/\/katech-solutions.com\/de\/fruchtprodukte\/fruchtglasuren\/","og_locale":"de_DE","og_type":"article","og_title":"KaTech \u2013 Stabilisator und Emulgator L\u00f6sungen f\u00fcr Fruchtglasuren","og_description":"KaTech sind ein Lebensmittel-Technologie-Unternehmen, spezialisiert auf die Erstellung von Stabilisator und Emulgator L\u00f6sungen f\u00fcr Fruchtglasuren.","og_url":"https:\/\/katech-solutions.com\/de\/fruchtprodukte\/fruchtglasuren\/","og_site_name":"KaTech","article_modified_time":"2014-11-17T10:29:19+00:00","schema":{"@context":"https:\/\/schema.org","@graph":[{"@type":"WebPage","@id":"https:\/\/katech-solutions.com\/de\/fruchtprodukte\/fruchtglasuren\/","url":"https:\/\/katech-solutions.com\/de\/fruchtprodukte\/fruchtglasuren\/","name":"KaTech \u2013 Stabilisator und Emulgator L\u00f6sungen f\u00fcr Fruchtglasuren","isPartOf":{"@id":"https:\/\/katech-solutions.com\/#website"},"datePublished":"2013-10-09T10:20:02+00:00","dateModified":"2014-11-17T10:29:19+00:00","description":"KaTech sind ein Lebensmittel-Technologie-Unternehmen, spezialisiert auf die Erstellung von Stabilisator und Emulgator L\u00f6sungen f\u00fcr Fruchtglasuren.","breadcrumb":{"@id":"https:\/\/katech-solutions.com\/de\/fruchtprodukte\/fruchtglasuren\/#breadcrumb"},"inLanguage":"de","potentialAction":[{"@type":"ReadAction","target":["https:\/\/katech-solutions.com\/de\/fruchtprodukte\/fruchtglasuren\/"]}]},{"@type":"BreadcrumbList","@id":"https:\/\/katech-solutions.com\/de\/fruchtprodukte\/fruchtglasuren\/#breadcrumb","itemListElement":[{"@type":"ListItem","position":1,"name":"Fruchtprodukte","item":"https:\/\/katech-solutions.com\/de\/fruchtprodukte\/"},{"@type":"ListItem","position":2,"name":"Fruchtprodukte","item":"https:\/\/katech-solutions.com\/fruchtprodukte\/"},{"@type":"ListItem","position":3,"name":"Fruchtglasuren"}]},{"@type":"WebSite","@id":"https:\/\/katech-solutions.com\/#website","url":"https:\/\/katech-solutions.com\/","name":"KaTech","description":"","potentialAction":[{"@type":"SearchAction","target":{"@type":"EntryPoint","urlTemplate":"https:\/\/katech-solutions.com\/?s={search_term_string}"},"query-input":{"@type":"PropertyValueSpecification","valueRequired":true,"valueName":"search_term_string"}}],"inLanguage":"de"}]}},"_links":{"self":[{"href":"https:\/\/katech-solutions.com\/de\/wp-json\/wp\/v2\/pages\/3850","targetHints":{"allow":["GET"]}}],"collection":[{"href":"https:\/\/katech-solutions.com\/de\/wp-json\/wp\/v2\/pages"}],"about":[{"href":"https:\/\/katech-solutions.com\/de\/wp-json\/wp\/v2\/types\/page"}],"author":[{"embeddable":true,"href":"https:\/\/katech-solutions.com\/de\/wp-json\/wp\/v2\/users\/17"}],"replies":[{"embeddable":true,"href":"https:\/\/katech-solutions.com\/de\/wp-json\/wp\/v2\/comments?post=3850"}],"version-history":[{"count":8,"href":"https:\/\/katech-solutions.com\/de\/wp-json\/wp\/v2\/pages\/3850\/revisions"}],"predecessor-version":[{"id":6623,"href":"https:\/\/katech-solutions.com\/de\/wp-json\/wp\/v2\/pages\/3850\/revisions\/6623"}],"up":[{"embeddable":true,"href":"https:\/\/katech-solutions.com\/de\/wp-json\/wp\/v2\/pages\/1114"}],"wp:attachment":[{"href":"https:\/\/katech-solutions.com\/de\/wp-json\/wp\/v2\/media?parent=3850"}],"curies":[{"name":"wp","href":"https:\/\/api.w.org\/{rel}","templated":true}]}}