{"id":3779,"date":"2012-05-03T10:07:32","date_gmt":"2012-05-03T10:07:32","guid":{"rendered":"https:\/\/www.khpartner.com\/site\/saucen\/high-fat-sauces\/"},"modified":"2014-11-11T11:14:17","modified_gmt":"2014-11-11T11:14:17","slug":"saucen-mit-erhohtem-fettgehalt","status":"publish","type":"page","link":"https:\/\/katech-solutions.com\/de\/saucen-und-suppe\/saucen-mit-erhohtem-fettgehalt\/","title":{"rendered":"Saucen mit erh\u00f6htem Fettgehalt"},"content":{"rendered":"<p>Aufgrund ihres hohen Buttergehalts (in der Regel\u00a0 30\u00a0% oder auch mehr) ist es schwierig, bestimmte reichhaltige So\u00dfen wie Hollandaise, Sauce Choron, B\u00e9arnaise oder Caf\u00e9 de Paris industriell herzustellen. K\u00f6che verwenden klassischerweise Eigelb als emulgierenden Bestandteil, welches unter Zugabe von Butter, Wein und weiteren w\u00fcrzenden Bestandteilen unter Schlagen im Wasserbad erhitzt wird. Da im gehobenen Gastgewerbe\u00a0 von der Zubereitung bis zum Servieren nur kurze Zeit vergeht, bleiben diese So\u00dfen stabil. Industriell hergestellte &#8222;Buttersaucen&#8220; m\u00fcssen meist \u00fcber lange Zeit hei\u00df gehalten werden, hier kommt es h\u00e4ufig zur Trennung der Fett- von der w\u00e4ssrigen Phase. Es gibt jedoch diverse M\u00f6glichkeiten, diesen reichhaltigen So\u00dfen die erforderliche Stabilit\u00e4t zu verleihen.<\/p>\n","protected":false},"excerpt":{"rendered":"<p>Aufgrund ihres hohen Buttergehalts (in der Regel\u00a0 30\u00a0% oder auch mehr) ist es schwierig, bestimmte reichhaltige So\u00dfen wie Hollandaise, Sauce Choron, B\u00e9arnaise oder Caf\u00e9 de Paris industriell herzustellen. K\u00f6che verwenden klassischerweise Eigelb als emulgierenden Bestandteil, welches unter Zugabe von Butter, &hellip; <a class=\"continue-reading\" href=\"https:\/\/katech-solutions.com\/de\/saucen-und-suppe\/saucen-mit-erhohtem-fettgehalt\/\">Weiterlesen <span class=\"meta-nav\">&rarr;<\/span><\/a><\/p>\n","protected":false},"author":3,"featured_media":0,"parent":1162,"menu_order":0,"comment_status":"closed","ping_status":"open","template":"","meta":{"_acf_changed":false,"footnotes":""},"class_list":["post-3779","page","type-page","status-publish","hentry"],"acf":[],"yoast_head":"<!-- This site is optimized with the Yoast SEO plugin v27.2 - https:\/\/yoast.com\/product\/yoast-seo-wordpress\/ -->\n<title>KaTech - Stabilisatoren und Emulgatoren f\u00fcrSaucen mit erh\u00f6htem Fettgehalt<\/title>\n<meta name=\"description\" content=\"KaTech sind ein Lebensmittel-Technologie-Unternehmen, spezialisiert auf Stabilisator und Emulgator-L\u00f6sungen f\u00fcr Saucen mit erh\u00f6htem Fettgehalt.\" \/>\n<meta name=\"robots\" content=\"index, follow, max-snippet:-1, max-image-preview:large, max-video-preview:-1\" \/>\n<link rel=\"canonical\" href=\"https:\/\/katech-solutions.com\/de\/saucen-und-suppe\/saucen-mit-erhohtem-fettgehalt\/\" \/>\n<meta property=\"og:locale\" content=\"de_DE\" \/>\n<meta property=\"og:type\" content=\"article\" \/>\n<meta property=\"og:title\" content=\"KaTech - Stabilisatoren und Emulgatoren f\u00fcrSaucen mit erh\u00f6htem Fettgehalt\" \/>\n<meta property=\"og:description\" content=\"KaTech sind ein Lebensmittel-Technologie-Unternehmen, spezialisiert auf Stabilisator und Emulgator-L\u00f6sungen f\u00fcr Saucen mit erh\u00f6htem Fettgehalt.\" \/>\n<meta property=\"og:url\" content=\"https:\/\/katech-solutions.com\/de\/saucen-und-suppe\/saucen-mit-erhohtem-fettgehalt\/\" \/>\n<meta property=\"og:site_name\" content=\"KaTech\" \/>\n<meta property=\"article:modified_time\" content=\"2014-11-11T11:14:17+00:00\" \/>\n<meta name=\"twitter:label1\" content=\"Gesch\u00e4tzte Lesezeit\" \/>\n\t<meta name=\"twitter:data1\" content=\"1\u00a0Minute\" \/>\n<script type=\"application\/ld+json\" class=\"yoast-schema-graph\">{\"@context\":\"https:\/\/schema.org\",\"@graph\":[{\"@type\":\"WebPage\",\"@id\":\"https:\/\/katech-solutions.com\/de\/saucen-und-suppe\/saucen-mit-erhohtem-fettgehalt\/\",\"url\":\"https:\/\/katech-solutions.com\/de\/saucen-und-suppe\/saucen-mit-erhohtem-fettgehalt\/\",\"name\":\"KaTech - Stabilisatoren und Emulgatoren f\u00fcrSaucen mit erh\u00f6htem Fettgehalt\",\"isPartOf\":{\"@id\":\"https:\/\/katech-solutions.com\/#website\"},\"datePublished\":\"2012-05-03T10:07:32+00:00\",\"dateModified\":\"2014-11-11T11:14:17+00:00\",\"description\":\"KaTech sind ein Lebensmittel-Technologie-Unternehmen, spezialisiert auf Stabilisator und Emulgator-L\u00f6sungen f\u00fcr Saucen mit erh\u00f6htem Fettgehalt.\",\"breadcrumb\":{\"@id\":\"https:\/\/katech-solutions.com\/de\/saucen-und-suppe\/saucen-mit-erhohtem-fettgehalt\/#breadcrumb\"},\"inLanguage\":\"de\",\"potentialAction\":[{\"@type\":\"ReadAction\",\"target\":[\"https:\/\/katech-solutions.com\/de\/saucen-und-suppe\/saucen-mit-erhohtem-fettgehalt\/\"]}]},{\"@type\":\"BreadcrumbList\",\"@id\":\"https:\/\/katech-solutions.com\/de\/saucen-und-suppe\/saucen-mit-erhohtem-fettgehalt\/#breadcrumb\",\"itemListElement\":[{\"@type\":\"ListItem\",\"position\":1,\"name\":\"Saucen und Suppen\",\"item\":\"https:\/\/katech-solutions.com\/de\/saucen-und-suppe\/\"},{\"@type\":\"ListItem\",\"position\":2,\"name\":\"Saucen mit erh\u00f6htem Fettgehalt\"}]},{\"@type\":\"WebSite\",\"@id\":\"https:\/\/katech-solutions.com\/#website\",\"url\":\"https:\/\/katech-solutions.com\/\",\"name\":\"KaTech\",\"description\":\"\",\"potentialAction\":[{\"@type\":\"SearchAction\",\"target\":{\"@type\":\"EntryPoint\",\"urlTemplate\":\"https:\/\/katech-solutions.com\/?s={search_term_string}\"},\"query-input\":{\"@type\":\"PropertyValueSpecification\",\"valueRequired\":true,\"valueName\":\"search_term_string\"}}],\"inLanguage\":\"de\"}]}<\/script>\n<!-- \/ Yoast SEO plugin. -->","yoast_head_json":{"title":"KaTech - Stabilisatoren und Emulgatoren f\u00fcrSaucen mit erh\u00f6htem Fettgehalt","description":"KaTech sind ein Lebensmittel-Technologie-Unternehmen, spezialisiert auf Stabilisator und Emulgator-L\u00f6sungen f\u00fcr Saucen mit erh\u00f6htem Fettgehalt.","robots":{"index":"index","follow":"follow","max-snippet":"max-snippet:-1","max-image-preview":"max-image-preview:large","max-video-preview":"max-video-preview:-1"},"canonical":"https:\/\/katech-solutions.com\/de\/saucen-und-suppe\/saucen-mit-erhohtem-fettgehalt\/","og_locale":"de_DE","og_type":"article","og_title":"KaTech - Stabilisatoren und Emulgatoren f\u00fcrSaucen mit erh\u00f6htem Fettgehalt","og_description":"KaTech sind ein Lebensmittel-Technologie-Unternehmen, spezialisiert auf Stabilisator und Emulgator-L\u00f6sungen f\u00fcr Saucen mit erh\u00f6htem Fettgehalt.","og_url":"https:\/\/katech-solutions.com\/de\/saucen-und-suppe\/saucen-mit-erhohtem-fettgehalt\/","og_site_name":"KaTech","article_modified_time":"2014-11-11T11:14:17+00:00","twitter_misc":{"Gesch\u00e4tzte Lesezeit":"1\u00a0Minute"},"schema":{"@context":"https:\/\/schema.org","@graph":[{"@type":"WebPage","@id":"https:\/\/katech-solutions.com\/de\/saucen-und-suppe\/saucen-mit-erhohtem-fettgehalt\/","url":"https:\/\/katech-solutions.com\/de\/saucen-und-suppe\/saucen-mit-erhohtem-fettgehalt\/","name":"KaTech - Stabilisatoren und Emulgatoren f\u00fcrSaucen mit erh\u00f6htem Fettgehalt","isPartOf":{"@id":"https:\/\/katech-solutions.com\/#website"},"datePublished":"2012-05-03T10:07:32+00:00","dateModified":"2014-11-11T11:14:17+00:00","description":"KaTech sind ein Lebensmittel-Technologie-Unternehmen, spezialisiert auf Stabilisator und Emulgator-L\u00f6sungen f\u00fcr Saucen mit erh\u00f6htem Fettgehalt.","breadcrumb":{"@id":"https:\/\/katech-solutions.com\/de\/saucen-und-suppe\/saucen-mit-erhohtem-fettgehalt\/#breadcrumb"},"inLanguage":"de","potentialAction":[{"@type":"ReadAction","target":["https:\/\/katech-solutions.com\/de\/saucen-und-suppe\/saucen-mit-erhohtem-fettgehalt\/"]}]},{"@type":"BreadcrumbList","@id":"https:\/\/katech-solutions.com\/de\/saucen-und-suppe\/saucen-mit-erhohtem-fettgehalt\/#breadcrumb","itemListElement":[{"@type":"ListItem","position":1,"name":"Saucen und Suppen","item":"https:\/\/katech-solutions.com\/de\/saucen-und-suppe\/"},{"@type":"ListItem","position":2,"name":"Saucen mit erh\u00f6htem Fettgehalt"}]},{"@type":"WebSite","@id":"https:\/\/katech-solutions.com\/#website","url":"https:\/\/katech-solutions.com\/","name":"KaTech","description":"","potentialAction":[{"@type":"SearchAction","target":{"@type":"EntryPoint","urlTemplate":"https:\/\/katech-solutions.com\/?s={search_term_string}"},"query-input":{"@type":"PropertyValueSpecification","valueRequired":true,"valueName":"search_term_string"}}],"inLanguage":"de"}]}},"_links":{"self":[{"href":"https:\/\/katech-solutions.com\/de\/wp-json\/wp\/v2\/pages\/3779","targetHints":{"allow":["GET"]}}],"collection":[{"href":"https:\/\/katech-solutions.com\/de\/wp-json\/wp\/v2\/pages"}],"about":[{"href":"https:\/\/katech-solutions.com\/de\/wp-json\/wp\/v2\/types\/page"}],"author":[{"embeddable":true,"href":"https:\/\/katech-solutions.com\/de\/wp-json\/wp\/v2\/users\/3"}],"replies":[{"embeddable":true,"href":"https:\/\/katech-solutions.com\/de\/wp-json\/wp\/v2\/comments?post=3779"}],"version-history":[{"count":10,"href":"https:\/\/katech-solutions.com\/de\/wp-json\/wp\/v2\/pages\/3779\/revisions"}],"predecessor-version":[{"id":6475,"href":"https:\/\/katech-solutions.com\/de\/wp-json\/wp\/v2\/pages\/3779\/revisions\/6475"}],"up":[{"embeddable":true,"href":"https:\/\/katech-solutions.com\/de\/wp-json\/wp\/v2\/pages\/1162"}],"wp:attachment":[{"href":"https:\/\/katech-solutions.com\/de\/wp-json\/wp\/v2\/media?parent=3779"}],"curies":[{"name":"wp","href":"https:\/\/api.w.org\/{rel}","templated":true}]}}