{"id":3021,"date":"2013-06-20T10:11:48","date_gmt":"2013-06-20T10:11:48","guid":{"rendered":"https:\/\/www.khpartner.com\/site\/?page_id=3021"},"modified":"2015-02-19T10:19:11","modified_gmt":"2015-02-19T10:19:11","slug":"technologie-center-deutschland","status":"publish","type":"page","link":"https:\/\/katech-solutions.com\/de\/technologie-center-deutschland\/","title":{"rendered":"Technologie Center Deutschland"},"content":{"rendered":"<h2>Technologische Entwicklung<\/h2>\n<p style=\"text-align: justify;\">Das historische Haus der Familie Hahn in L\u00fcbeck ist nun das Herz der Firma KaTech. Hinter der Fassade verbergen sich gesch\u00e4ftiges Treiben sowie diverse High-Tech-Maschinen. Denn hier befinden sich der Hauptsitz von KaTech und das Technologie Center, Deutschland. Dort k\u00f6nnen unsere Kunden gemeinsam mit unseren Technologen Versuche fahren und\/oder auch unsere Verkostungs- und Konferenzr\u00e4ume in Anspruch nehmen.<\/p>\n<p style=\"text-align: justify;\">Unser Technologie Center ist mit aktuellen hochmodernen Anlagen ausgestattet und wird nach h\u00f6chsten Qualit\u00e4tsstandards betrieben.<\/p>\n<p style=\"text-align: justify;\">Bestandteil der neuen Ausstattung ist unsere UHT-Anlage, auf der wir alle denkbaren Produktionsscenarien simulieren k\u00f6nnen. Neben UHT-Erhitzung und Thermisierung besteht die M\u00f6glichkeit der R\u00f6hren- oder Plattenerhitzung je nach Temperatur- bzw. Technologieanforderung. Des Weiteren kann auch Hochdruckhomogenisierung (aseptisch und septisch)\u00a0 durchgef\u00fchrt werden.<\/p>\n<p style=\"text-align: justify;\">F\u00fcr die kunden- und marktorientierte Entwicklung nutzen wir unsere Technologie Centren in L\u00fcbeck und Cheshire. Die Pr\u00e4senz in den jeweiligen M\u00e4rkten erm\u00f6glicht uns, die lokalen Anforderungen zu erfassen, so dass wir gemeinsam mit Ihnen an Ihren Produkten arbeiten k\u00f6nnen.<\/p>\n","protected":false},"excerpt":{"rendered":"<p>Technologische Entwicklung Das historische Haus der Familie Hahn in L\u00fcbeck ist nun das Herz der Firma KaTech. Hinter der Fassade verbergen sich gesch\u00e4ftiges Treiben sowie diverse High-Tech-Maschinen. Denn hier befinden sich der Hauptsitz von KaTech und das Technologie Center, Deutschland. &hellip; <a class=\"continue-reading\" href=\"https:\/\/katech-solutions.com\/de\/technologie-center-deutschland\/\">Weiterlesen <span class=\"meta-nav\">&rarr;<\/span><\/a><\/p>\n","protected":false},"author":3,"featured_media":0,"parent":0,"menu_order":2,"comment_status":"closed","ping_status":"closed","template":"layout-content-3.php","meta":{"_acf_changed":false,"footnotes":""},"class_list":["post-3021","page","type-page","status-publish","hentry"],"acf":[],"yoast_head":"<!-- This site is optimized with the Yoast SEO plugin v27.2 - https:\/\/yoast.com\/product\/yoast-seo-wordpress\/ -->\n<title>KaTech-Head Office Technische Entwicklung Suite ist ein Family-Home<\/title>\n<meta name=\"description\" content=\"KaTech sind ein Lebensmittel-Technologie-Unternehmen mit einem Hauptsitz &amp; Technische Entwicklung Suite in L\u00fcBeck.\" \/>\n<meta name=\"robots\" content=\"index, follow, max-snippet:-1, max-image-preview:large, max-video-preview:-1\" \/>\n<link rel=\"canonical\" href=\"https:\/\/katech-solutions.com\/de\/technologie-center-deutschland\/\" \/>\n<meta property=\"og:locale\" content=\"de_DE\" \/>\n<meta property=\"og:type\" content=\"article\" \/>\n<meta property=\"og:title\" content=\"KaTech-Head Office Technische Entwicklung Suite ist ein Family-Home\" \/>\n<meta property=\"og:description\" content=\"KaTech sind ein Lebensmittel-Technologie-Unternehmen mit einem Hauptsitz &amp; Technische Entwicklung Suite in L\u00fcBeck.\" \/>\n<meta property=\"og:url\" content=\"https:\/\/katech-solutions.com\/de\/technologie-center-deutschland\/\" \/>\n<meta property=\"og:site_name\" content=\"KaTech\" \/>\n<meta property=\"article:modified_time\" content=\"2015-02-19T10:19:11+00:00\" \/>\n<meta name=\"twitter:label1\" content=\"Gesch\u00e4tzte Lesezeit\" \/>\n\t<meta name=\"twitter:data1\" content=\"1\u00a0Minute\" \/>\n<script type=\"application\/ld+json\" class=\"yoast-schema-graph\">{\"@context\":\"https:\/\/schema.org\",\"@graph\":[{\"@type\":\"WebPage\",\"@id\":\"https:\/\/katech-solutions.com\/de\/technologie-center-deutschland\/\",\"url\":\"https:\/\/katech-solutions.com\/de\/technologie-center-deutschland\/\",\"name\":\"KaTech-Head Office Technische Entwicklung Suite ist ein Family-Home\",\"isPartOf\":{\"@id\":\"https:\/\/katech-solutions.com\/#website\"},\"datePublished\":\"2013-06-20T10:11:48+00:00\",\"dateModified\":\"2015-02-19T10:19:11+00:00\",\"description\":\"KaTech sind ein Lebensmittel-Technologie-Unternehmen mit einem Hauptsitz & Technische Entwicklung Suite in L\u00fcBeck.\",\"inLanguage\":\"de\",\"potentialAction\":[{\"@type\":\"ReadAction\",\"target\":[\"https:\/\/katech-solutions.com\/de\/technologie-center-deutschland\/\"]}]},{\"@type\":\"WebSite\",\"@id\":\"https:\/\/katech-solutions.com\/#website\",\"url\":\"https:\/\/katech-solutions.com\/\",\"name\":\"KaTech\",\"description\":\"\",\"potentialAction\":[{\"@type\":\"SearchAction\",\"target\":{\"@type\":\"EntryPoint\",\"urlTemplate\":\"https:\/\/katech-solutions.com\/?s={search_term_string}\"},\"query-input\":{\"@type\":\"PropertyValueSpecification\",\"valueRequired\":true,\"valueName\":\"search_term_string\"}}],\"inLanguage\":\"de\"}]}<\/script>\n<!-- \/ Yoast SEO plugin. -->","yoast_head_json":{"title":"KaTech-Head Office Technische Entwicklung Suite ist ein Family-Home","description":"KaTech sind ein Lebensmittel-Technologie-Unternehmen mit einem Hauptsitz & Technische Entwicklung Suite in L\u00fcBeck.","robots":{"index":"index","follow":"follow","max-snippet":"max-snippet:-1","max-image-preview":"max-image-preview:large","max-video-preview":"max-video-preview:-1"},"canonical":"https:\/\/katech-solutions.com\/de\/technologie-center-deutschland\/","og_locale":"de_DE","og_type":"article","og_title":"KaTech-Head Office Technische Entwicklung Suite ist ein Family-Home","og_description":"KaTech sind ein Lebensmittel-Technologie-Unternehmen mit einem Hauptsitz & Technische Entwicklung Suite in L\u00fcBeck.","og_url":"https:\/\/katech-solutions.com\/de\/technologie-center-deutschland\/","og_site_name":"KaTech","article_modified_time":"2015-02-19T10:19:11+00:00","twitter_misc":{"Gesch\u00e4tzte Lesezeit":"1\u00a0Minute"},"schema":{"@context":"https:\/\/schema.org","@graph":[{"@type":"WebPage","@id":"https:\/\/katech-solutions.com\/de\/technologie-center-deutschland\/","url":"https:\/\/katech-solutions.com\/de\/technologie-center-deutschland\/","name":"KaTech-Head Office Technische Entwicklung Suite ist ein Family-Home","isPartOf":{"@id":"https:\/\/katech-solutions.com\/#website"},"datePublished":"2013-06-20T10:11:48+00:00","dateModified":"2015-02-19T10:19:11+00:00","description":"KaTech sind ein Lebensmittel-Technologie-Unternehmen mit einem Hauptsitz & Technische Entwicklung Suite in L\u00fcBeck.","inLanguage":"de","potentialAction":[{"@type":"ReadAction","target":["https:\/\/katech-solutions.com\/de\/technologie-center-deutschland\/"]}]},{"@type":"WebSite","@id":"https:\/\/katech-solutions.com\/#website","url":"https:\/\/katech-solutions.com\/","name":"KaTech","description":"","potentialAction":[{"@type":"SearchAction","target":{"@type":"EntryPoint","urlTemplate":"https:\/\/katech-solutions.com\/?s={search_term_string}"},"query-input":{"@type":"PropertyValueSpecification","valueRequired":true,"valueName":"search_term_string"}}],"inLanguage":"de"}]}},"_links":{"self":[{"href":"https:\/\/katech-solutions.com\/de\/wp-json\/wp\/v2\/pages\/3021","targetHints":{"allow":["GET"]}}],"collection":[{"href":"https:\/\/katech-solutions.com\/de\/wp-json\/wp\/v2\/pages"}],"about":[{"href":"https:\/\/katech-solutions.com\/de\/wp-json\/wp\/v2\/types\/page"}],"author":[{"embeddable":true,"href":"https:\/\/katech-solutions.com\/de\/wp-json\/wp\/v2\/users\/3"}],"replies":[{"embeddable":true,"href":"https:\/\/katech-solutions.com\/de\/wp-json\/wp\/v2\/comments?post=3021"}],"version-history":[{"count":23,"href":"https:\/\/katech-solutions.com\/de\/wp-json\/wp\/v2\/pages\/3021\/revisions"}],"predecessor-version":[{"id":6808,"href":"https:\/\/katech-solutions.com\/de\/wp-json\/wp\/v2\/pages\/3021\/revisions\/6808"}],"wp:attachment":[{"href":"https:\/\/katech-solutions.com\/de\/wp-json\/wp\/v2\/media?parent=3021"}],"curies":[{"name":"wp","href":"https:\/\/api.w.org\/{rel}","templated":true}]}}