{"id":3018,"date":"2013-06-20T10:06:50","date_gmt":"2013-06-20T10:06:50","guid":{"rendered":"https:\/\/www.khpartner.com\/site\/?page_id=3018"},"modified":"2014-11-13T10:16:56","modified_gmt":"2014-11-13T10:16:56","slug":"produktion-facilities","status":"publish","type":"page","link":"https:\/\/katech-solutions.com\/de\/produktion-facilities\/","title":{"rendered":"Produktionsst\u00e4tte, Deutschland"},"content":{"rendered":"<h2>Herstellung der Stabilisierungssysteme<\/h2>\n<p style=\"text-align: justify;\">Unsere speziell nach unseren Anforderungen designte und gebaute Produktionsst\u00e4tte in Reinfeld, Deutschland beherbergt unsere innovativen, modernen Produktionsanlagen. Wir haben bereits betr\u00e4chtlich in unsere Produktionsst\u00e4tte investiert und tun dies auch weiterhin, um alle Anforderungen unserer Kunden umsetzen zu k\u00f6nnen.<\/p>\n<p style=\"text-align: justify;\">Unsere drei Produktionslinien sind nach dem neuesten Stand der Technik gebaut und werden in einem zentralen Prozess gesteuert. Diese drei Linien erm\u00f6glichen es uns, die Vielzahl unserer Stabilisierungssysteme, die aus einer Reihe von unterschiedlichsten Zusatzstoffen und Zutaten bestehen, herzustellen und gleichzeitig das Risiko von Kreuzkontaminierung zu minimieren.<\/p>\n<p style=\"text-align: justify;\">Wir haben die Anlagen auf maximale Flexibilit\u00e4t ausgelegt, so dass wir in der Lage sind, in den meisten F\u00e4llen auf Ihre Anforderungen einzugehen.<\/p>\n<p style=\"text-align: justify;\">Unsere gro\u00dfen Lagerkapazit\u00e4ten in Reinfeld erm\u00f6glichen uns, auch gr\u00f6\u00dfere Auftr\u00e4ge zu bearbeiten. In UK stehen zus\u00e4tzlich zwei anerkannte BRC-zertifizierte Produzenten als Back-up bereit. Diese wurden durch unser Team auditiert und akzeptiert und arbeiten entsprechend unserer Qualit\u00e4tsvorgaben.<\/p>\n<p style=\"text-align: justify;\">Wenn Sie unsere Produktionsst\u00e4tte besuchen m\u00f6chten, kontaktieren Sie uns bitte \u00fcber unsere Kontakt-Seite.<\/p>\n","protected":false},"excerpt":{"rendered":"<p>Herstellung der Stabilisierungssysteme Unsere speziell nach unseren Anforderungen designte und gebaute Produktionsst\u00e4tte in Reinfeld, Deutschland beherbergt unsere innovativen, modernen Produktionsanlagen. Wir haben bereits betr\u00e4chtlich in unsere Produktionsst\u00e4tte investiert und tun dies auch weiterhin, um alle Anforderungen unserer Kunden umsetzen zu &hellip; <a class=\"continue-reading\" href=\"https:\/\/katech-solutions.com\/de\/produktion-facilities\/\">Weiterlesen <span class=\"meta-nav\">&rarr;<\/span><\/a><\/p>\n","protected":false},"author":3,"featured_media":0,"parent":0,"menu_order":0,"comment_status":"closed","ping_status":"closed","template":"layout-content-3.php","meta":{"_acf_changed":false,"footnotes":""},"class_list":["post-3018","page","type-page","status-publish","hentry"],"acf":[],"yoast_head":"<!-- This site is optimized with the Yoast SEO plugin v27.2 - https:\/\/yoast.com\/product\/yoast-seo-wordpress\/ -->\n<title>KaTech - Zweck erbaute Produktion Facilities in Deutschland<\/title>\n<meta name=\"description\" content=\"KaTech sind ein Lebensmitteltechnologie -Unternehmen daf\u00fcr gebauten Produktion Facilities in Deutschland.\" \/>\n<meta name=\"robots\" content=\"index, follow, max-snippet:-1, max-image-preview:large, max-video-preview:-1\" \/>\n<link rel=\"canonical\" href=\"https:\/\/katech-solutions.com\/de\/produktion-facilities\/\" \/>\n<meta property=\"og:locale\" content=\"de_DE\" \/>\n<meta property=\"og:type\" content=\"article\" \/>\n<meta property=\"og:title\" content=\"KaTech - Zweck erbaute Produktion Facilities in Deutschland\" \/>\n<meta property=\"og:description\" content=\"KaTech sind ein Lebensmitteltechnologie -Unternehmen daf\u00fcr gebauten Produktion Facilities in Deutschland.\" \/>\n<meta property=\"og:url\" content=\"https:\/\/katech-solutions.com\/de\/produktion-facilities\/\" \/>\n<meta property=\"og:site_name\" content=\"KaTech\" \/>\n<meta property=\"article:modified_time\" content=\"2014-11-13T10:16:56+00:00\" \/>\n<meta name=\"twitter:label1\" content=\"Gesch\u00e4tzte Lesezeit\" \/>\n\t<meta name=\"twitter:data1\" content=\"1\u00a0Minute\" \/>\n<script type=\"application\/ld+json\" class=\"yoast-schema-graph\">{\"@context\":\"https:\/\/schema.org\",\"@graph\":[{\"@type\":\"WebPage\",\"@id\":\"https:\/\/katech-solutions.com\/de\/produktion-facilities\/\",\"url\":\"https:\/\/katech-solutions.com\/de\/produktion-facilities\/\",\"name\":\"KaTech - Zweck erbaute Produktion Facilities in Deutschland\",\"isPartOf\":{\"@id\":\"https:\/\/katech-solutions.com\/#website\"},\"datePublished\":\"2013-06-20T10:06:50+00:00\",\"dateModified\":\"2014-11-13T10:16:56+00:00\",\"description\":\"KaTech sind ein Lebensmitteltechnologie -Unternehmen daf\u00fcr gebauten Produktion Facilities in Deutschland.\",\"inLanguage\":\"de\",\"potentialAction\":[{\"@type\":\"ReadAction\",\"target\":[\"https:\/\/katech-solutions.com\/de\/produktion-facilities\/\"]}]},{\"@type\":\"WebSite\",\"@id\":\"https:\/\/katech-solutions.com\/#website\",\"url\":\"https:\/\/katech-solutions.com\/\",\"name\":\"KaTech\",\"description\":\"\",\"potentialAction\":[{\"@type\":\"SearchAction\",\"target\":{\"@type\":\"EntryPoint\",\"urlTemplate\":\"https:\/\/katech-solutions.com\/?s={search_term_string}\"},\"query-input\":{\"@type\":\"PropertyValueSpecification\",\"valueRequired\":true,\"valueName\":\"search_term_string\"}}],\"inLanguage\":\"de\"}]}<\/script>\n<!-- \/ Yoast SEO plugin. -->","yoast_head_json":{"title":"KaTech - Zweck erbaute Produktion Facilities in Deutschland","description":"KaTech sind ein Lebensmitteltechnologie -Unternehmen daf\u00fcr gebauten Produktion Facilities in Deutschland.","robots":{"index":"index","follow":"follow","max-snippet":"max-snippet:-1","max-image-preview":"max-image-preview:large","max-video-preview":"max-video-preview:-1"},"canonical":"https:\/\/katech-solutions.com\/de\/produktion-facilities\/","og_locale":"de_DE","og_type":"article","og_title":"KaTech - Zweck erbaute Produktion Facilities in Deutschland","og_description":"KaTech sind ein Lebensmitteltechnologie -Unternehmen daf\u00fcr gebauten Produktion Facilities in Deutschland.","og_url":"https:\/\/katech-solutions.com\/de\/produktion-facilities\/","og_site_name":"KaTech","article_modified_time":"2014-11-13T10:16:56+00:00","twitter_misc":{"Gesch\u00e4tzte Lesezeit":"1\u00a0Minute"},"schema":{"@context":"https:\/\/schema.org","@graph":[{"@type":"WebPage","@id":"https:\/\/katech-solutions.com\/de\/produktion-facilities\/","url":"https:\/\/katech-solutions.com\/de\/produktion-facilities\/","name":"KaTech - Zweck erbaute Produktion Facilities in Deutschland","isPartOf":{"@id":"https:\/\/katech-solutions.com\/#website"},"datePublished":"2013-06-20T10:06:50+00:00","dateModified":"2014-11-13T10:16:56+00:00","description":"KaTech sind ein Lebensmitteltechnologie -Unternehmen daf\u00fcr gebauten Produktion Facilities in Deutschland.","inLanguage":"de","potentialAction":[{"@type":"ReadAction","target":["https:\/\/katech-solutions.com\/de\/produktion-facilities\/"]}]},{"@type":"WebSite","@id":"https:\/\/katech-solutions.com\/#website","url":"https:\/\/katech-solutions.com\/","name":"KaTech","description":"","potentialAction":[{"@type":"SearchAction","target":{"@type":"EntryPoint","urlTemplate":"https:\/\/katech-solutions.com\/?s={search_term_string}"},"query-input":{"@type":"PropertyValueSpecification","valueRequired":true,"valueName":"search_term_string"}}],"inLanguage":"de"}]}},"_links":{"self":[{"href":"https:\/\/katech-solutions.com\/de\/wp-json\/wp\/v2\/pages\/3018","targetHints":{"allow":["GET"]}}],"collection":[{"href":"https:\/\/katech-solutions.com\/de\/wp-json\/wp\/v2\/pages"}],"about":[{"href":"https:\/\/katech-solutions.com\/de\/wp-json\/wp\/v2\/types\/page"}],"author":[{"embeddable":true,"href":"https:\/\/katech-solutions.com\/de\/wp-json\/wp\/v2\/users\/3"}],"replies":[{"embeddable":true,"href":"https:\/\/katech-solutions.com\/de\/wp-json\/wp\/v2\/comments?post=3018"}],"version-history":[{"count":21,"href":"https:\/\/katech-solutions.com\/de\/wp-json\/wp\/v2\/pages\/3018\/revisions"}],"predecessor-version":[{"id":6599,"href":"https:\/\/katech-solutions.com\/de\/wp-json\/wp\/v2\/pages\/3018\/revisions\/6599"}],"wp:attachment":[{"href":"https:\/\/katech-solutions.com\/de\/wp-json\/wp\/v2\/media?parent=3018"}],"curies":[{"name":"wp","href":"https:\/\/api.w.org\/{rel}","templated":true}]}}