{"id":2748,"date":"2013-05-30T09:53:00","date_gmt":"2013-05-30T09:53:00","guid":{"rendered":"https:\/\/www.khpartner.com\/site\/?page_id=2748"},"modified":"2014-11-13T10:19:46","modified_gmt":"2014-11-13T10:19:46","slug":"technische-entwicklung-suite-uk","status":"publish","type":"page","link":"https:\/\/katech-solutions.com\/de\/technische-entwicklung-suite-uk\/","title":{"rendered":"Technologie Center UK"},"content":{"rendered":"<h2>Technologische Entwicklung<\/h2>\n<p style=\"text-align: justify;\">In unserem Technologie Center, au\u00dferhalb Chesters im Nordwesten Englands, werden viele der KaTech Grundlagenentwicklungen an die spezifischen Anforderungen des britischen Marktes angepasst. Mit Hilfe des modernen Technikums, ausgestattet mit den neuesten Anlagen f\u00fcr den Milch- und Feinkostbereich, werden Grundlagenentwicklungen (auch mit Kunden gemeinsam) an die spezifischen Anforderungen des UK-Marktes, wie z.B. Produkte mit kurzer Haltbarkeit, angepasst.<\/p>\n<p>Unsere Gesch\u00e4ftsr\u00e4ume bieten einen angenehmen Empfangs- und Aufenthaltsbereich, der ideal f\u00fcr zwanglose Meetings und Diskussionen mit Kunden ist.<\/p>\n<p style=\"text-align: justify;\">Angrenzend befindet sich ein gro\u00dfer Verkostungsraum und unser Laborbereich, der mit modernen Analyseger\u00e4ten sowie Ausr\u00fcstungen f\u00fcr Versuche eingerichtet ist. Hier werden Ihre Ideen und Vorstellungen diskutiert und reifen vom Konzept bis zur Umsetzung. Dort k\u00f6nnen wir gemeinsam daran arbeiten, neue Produkte zu entwickeln und unter Produktionsbedingungen Prototypen herzustellen.<\/p>\n<p style=\"text-align: justify;\">Unser Technikum ist mit Ger\u00e4ten der neuesten Technologie ausgestattet und wird nach h\u00f6chsten Qualit\u00e4tsstandards betrieben. Neben einer Reihe von modernen Maschinen, verf\u00fcgen wir auch \u00fcber einen speziell f\u00fcr uns gebauten Plattenw\u00e4rmeaustauscher mit dem wir alle Arten von Produktionsprozessen simulieren k\u00f6nnen.<\/p>\n","protected":false},"excerpt":{"rendered":"<p>Technologische Entwicklung In unserem Technologie Center, au\u00dferhalb Chesters im Nordwesten Englands, werden viele der KaTech Grundlagenentwicklungen an die spezifischen Anforderungen des britischen Marktes angepasst. Mit Hilfe des modernen Technikums, ausgestattet mit den neuesten Anlagen f\u00fcr den Milch- und Feinkostbereich, werden &hellip; <a class=\"continue-reading\" href=\"https:\/\/katech-solutions.com\/de\/technische-entwicklung-suite-uk\/\">Weiterlesen <span class=\"meta-nav\">&rarr;<\/span><\/a><\/p>\n","protected":false},"author":3,"featured_media":0,"parent":0,"menu_order":2,"comment_status":"closed","ping_status":"closed","template":"layout-content-3.php","meta":{"_acf_changed":false,"footnotes":""},"class_list":["post-2748","page","type-page","status-publish","hentry"],"acf":[],"yoast_head":"<!-- This site is optimized with the Yoast SEO plugin v27.2 - https:\/\/yoast.com\/product\/yoast-seo-wordpress\/ -->\n<title>KaTech - Chester B\u00fcro-und Technische Entwicklung Suite UK<\/title>\n<meta name=\"description\" content=\"KaTech sind ein Lebensmitteltechnologie-Unternehmen mit einem Chester B\u00fcro-und Technische Entwicklung Suite UK.\" \/>\n<meta name=\"robots\" content=\"index, follow, max-snippet:-1, max-image-preview:large, max-video-preview:-1\" \/>\n<link rel=\"canonical\" href=\"https:\/\/katech-solutions.com\/de\/technische-entwicklung-suite-uk\/\" \/>\n<meta property=\"og:locale\" content=\"de_DE\" \/>\n<meta property=\"og:type\" content=\"article\" \/>\n<meta property=\"og:title\" content=\"KaTech - Chester B\u00fcro-und Technische Entwicklung Suite UK\" \/>\n<meta property=\"og:description\" content=\"KaTech sind ein Lebensmitteltechnologie-Unternehmen mit einem Chester B\u00fcro-und Technische Entwicklung Suite UK.\" \/>\n<meta property=\"og:url\" content=\"https:\/\/katech-solutions.com\/de\/technische-entwicklung-suite-uk\/\" \/>\n<meta property=\"og:site_name\" content=\"KaTech\" \/>\n<meta property=\"article:modified_time\" content=\"2014-11-13T10:19:46+00:00\" \/>\n<meta name=\"twitter:label1\" content=\"Gesch\u00e4tzte Lesezeit\" \/>\n\t<meta name=\"twitter:data1\" content=\"1\u00a0Minute\" \/>\n<script type=\"application\/ld+json\" class=\"yoast-schema-graph\">{\"@context\":\"https:\/\/schema.org\",\"@graph\":[{\"@type\":\"WebPage\",\"@id\":\"https:\/\/katech-solutions.com\/de\/technische-entwicklung-suite-uk\/\",\"url\":\"https:\/\/katech-solutions.com\/de\/technische-entwicklung-suite-uk\/\",\"name\":\"KaTech - Chester B\u00fcro-und Technische Entwicklung Suite UK\",\"isPartOf\":{\"@id\":\"https:\/\/katech-solutions.com\/#website\"},\"datePublished\":\"2013-05-30T09:53:00+00:00\",\"dateModified\":\"2014-11-13T10:19:46+00:00\",\"description\":\"KaTech sind ein Lebensmitteltechnologie-Unternehmen mit einem Chester B\u00fcro-und Technische Entwicklung Suite UK.\",\"inLanguage\":\"de\",\"potentialAction\":[{\"@type\":\"ReadAction\",\"target\":[\"https:\/\/katech-solutions.com\/de\/technische-entwicklung-suite-uk\/\"]}]},{\"@type\":\"WebSite\",\"@id\":\"https:\/\/katech-solutions.com\/#website\",\"url\":\"https:\/\/katech-solutions.com\/\",\"name\":\"KaTech\",\"description\":\"\",\"potentialAction\":[{\"@type\":\"SearchAction\",\"target\":{\"@type\":\"EntryPoint\",\"urlTemplate\":\"https:\/\/katech-solutions.com\/?s={search_term_string}\"},\"query-input\":{\"@type\":\"PropertyValueSpecification\",\"valueRequired\":true,\"valueName\":\"search_term_string\"}}],\"inLanguage\":\"de\"}]}<\/script>\n<!-- \/ Yoast SEO plugin. -->","yoast_head_json":{"title":"KaTech - Chester B\u00fcro-und Technische Entwicklung Suite UK","description":"KaTech sind ein Lebensmitteltechnologie-Unternehmen mit einem Chester B\u00fcro-und Technische Entwicklung Suite UK.","robots":{"index":"index","follow":"follow","max-snippet":"max-snippet:-1","max-image-preview":"max-image-preview:large","max-video-preview":"max-video-preview:-1"},"canonical":"https:\/\/katech-solutions.com\/de\/technische-entwicklung-suite-uk\/","og_locale":"de_DE","og_type":"article","og_title":"KaTech - Chester B\u00fcro-und Technische Entwicklung Suite UK","og_description":"KaTech sind ein Lebensmitteltechnologie-Unternehmen mit einem Chester B\u00fcro-und Technische Entwicklung Suite UK.","og_url":"https:\/\/katech-solutions.com\/de\/technische-entwicklung-suite-uk\/","og_site_name":"KaTech","article_modified_time":"2014-11-13T10:19:46+00:00","twitter_misc":{"Gesch\u00e4tzte Lesezeit":"1\u00a0Minute"},"schema":{"@context":"https:\/\/schema.org","@graph":[{"@type":"WebPage","@id":"https:\/\/katech-solutions.com\/de\/technische-entwicklung-suite-uk\/","url":"https:\/\/katech-solutions.com\/de\/technische-entwicklung-suite-uk\/","name":"KaTech - Chester B\u00fcro-und Technische Entwicklung Suite UK","isPartOf":{"@id":"https:\/\/katech-solutions.com\/#website"},"datePublished":"2013-05-30T09:53:00+00:00","dateModified":"2014-11-13T10:19:46+00:00","description":"KaTech sind ein Lebensmitteltechnologie-Unternehmen mit einem Chester B\u00fcro-und Technische Entwicklung Suite UK.","inLanguage":"de","potentialAction":[{"@type":"ReadAction","target":["https:\/\/katech-solutions.com\/de\/technische-entwicklung-suite-uk\/"]}]},{"@type":"WebSite","@id":"https:\/\/katech-solutions.com\/#website","url":"https:\/\/katech-solutions.com\/","name":"KaTech","description":"","potentialAction":[{"@type":"SearchAction","target":{"@type":"EntryPoint","urlTemplate":"https:\/\/katech-solutions.com\/?s={search_term_string}"},"query-input":{"@type":"PropertyValueSpecification","valueRequired":true,"valueName":"search_term_string"}}],"inLanguage":"de"}]}},"_links":{"self":[{"href":"https:\/\/katech-solutions.com\/de\/wp-json\/wp\/v2\/pages\/2748","targetHints":{"allow":["GET"]}}],"collection":[{"href":"https:\/\/katech-solutions.com\/de\/wp-json\/wp\/v2\/pages"}],"about":[{"href":"https:\/\/katech-solutions.com\/de\/wp-json\/wp\/v2\/types\/page"}],"author":[{"embeddable":true,"href":"https:\/\/katech-solutions.com\/de\/wp-json\/wp\/v2\/users\/3"}],"replies":[{"embeddable":true,"href":"https:\/\/katech-solutions.com\/de\/wp-json\/wp\/v2\/comments?post=2748"}],"version-history":[{"count":18,"href":"https:\/\/katech-solutions.com\/de\/wp-json\/wp\/v2\/pages\/2748\/revisions"}],"predecessor-version":[{"id":6601,"href":"https:\/\/katech-solutions.com\/de\/wp-json\/wp\/v2\/pages\/2748\/revisions\/6601"}],"wp:attachment":[{"href":"https:\/\/katech-solutions.com\/de\/wp-json\/wp\/v2\/media?parent=2748"}],"curies":[{"name":"wp","href":"https:\/\/api.w.org\/{rel}","templated":true}]}}