{"id":2281,"date":"2013-03-12T12:20:08","date_gmt":"2013-03-12T12:20:08","guid":{"rendered":"http:\/\/92.60.120.250\/?page_id=2281"},"modified":"2015-02-19T10:32:44","modified_gmt":"2015-02-19T10:32:44","slug":"unsere-facilities-de","status":"publish","type":"page","link":"https:\/\/katech-solutions.com\/de\/unsere-facilities-de\/","title":{"rendered":"Unsere Standorte"},"content":{"rendered":"<h2>Unsere Standorte<\/h2>\n<p>Firmenstandorte befinden sich derzeit in Deutschland, Gro\u00dfbritannien und Polen.<\/p>\n<p>In L\u00fcbeck, Deutschland befindet sich der Hauptsitz und ein hochmodernes Technologie Center. In unserer eigenen, neu gestalteten und speziell gebauten Produktionsst\u00e4tte, inklusive Hochregallager in Reinfeld, Norddeutschland produzieren wir unsere Stabilisierungs Systeme f\u00fcr unsere Kunden.<\/p>\n<p>Unsere Tochtergesellschaft in Cheshire, Gro\u00dfbritannien betreut unsere Kunden auf dem englischen Markt, mit Hilfe unseres modernen Technikums vor Ort.<\/p>\n<p>Unsere Tochtergesellschaft in Sady bei Posen, Polen betreut unsere Kunden auf dem polnischen Markt und verf\u00fcgt \u00fcber ein\u00a0feuchtigkeits- und temperatur-kontrolliertes Warenlager.<\/p>\n<p>Wir entwickeln ma\u00dfgeschneiderte Stabilisierungs Systeme f\u00fcr die Lebensmittelindustrie, die unseren Kunden helfen, am Markt erfolgreich zu bestehen. Mit unseren hochmodernen, speziellen, technischen Anlagen sind wir in der Lage, Produktions-umgebungen vollst\u00e4ndig zu replizieren.<\/p>\n<p>Unsere Einrichtungen sind zertifiziert, um die Anforderungen der Lebensmittelindustrie vollst\u00e4ndig zu erf\u00fcllen. Details zu unseren Qualit\u00e4tsstandards finden Sie <a href=\"\/de\/zertifizierungen\/\">HIER<\/a>.<\/p>\n<p>Weitere Informationen &#8211; klicken Sie bitte auf nebenstehende Fotos.<\/p>\n","protected":false},"excerpt":{"rendered":"<p>Unsere Standorte Firmenstandorte befinden sich derzeit in Deutschland, Gro\u00dfbritannien und Polen. In L\u00fcbeck, Deutschland befindet sich der Hauptsitz und ein hochmodernes Technologie Center. In unserer eigenen, neu gestalteten und speziell gebauten Produktionsst\u00e4tte, inklusive Hochregallager in Reinfeld, Norddeutschland produzieren wir unsere &hellip; <a class=\"continue-reading\" href=\"https:\/\/katech-solutions.com\/de\/unsere-facilities-de\/\">Weiterlesen <span class=\"meta-nav\">&rarr;<\/span><\/a><\/p>\n","protected":false},"author":3,"featured_media":0,"parent":0,"menu_order":2,"comment_status":"closed","ping_status":"open","template":"layout-content-3.php","meta":{"_acf_changed":false,"footnotes":""},"class_list":["post-2281","page","type-page","status-publish","hentry"],"acf":[],"yoast_head":"<!-- This site is optimized with the Yoast SEO plugin v27.2 - https:\/\/yoast.com\/product\/yoast-seo-wordpress\/ -->\n<title>KaTech - Stand der Technik Facilities mit dem Kunden in Mind<\/title>\n<meta name=\"description\" content=\"KaTech ist ein Lebensmitteltechnologie-Unternehmen, spezialisiert auf die Erstellung von Stabilisatoren und Emulgatoren mit modernster Facilities.\" \/>\n<meta name=\"robots\" content=\"index, follow, max-snippet:-1, max-image-preview:large, max-video-preview:-1\" \/>\n<link rel=\"canonical\" href=\"https:\/\/katech-solutions.com\/de\/unsere-facilities-de\/\" \/>\n<meta property=\"og:locale\" content=\"de_DE\" \/>\n<meta property=\"og:type\" content=\"article\" \/>\n<meta property=\"og:title\" content=\"KaTech - Stand der Technik Facilities mit dem Kunden in Mind\" \/>\n<meta property=\"og:description\" content=\"KaTech ist ein Lebensmitteltechnologie-Unternehmen, spezialisiert auf die Erstellung von Stabilisatoren und Emulgatoren mit modernster Facilities.\" \/>\n<meta property=\"og:url\" content=\"https:\/\/katech-solutions.com\/de\/unsere-facilities-de\/\" \/>\n<meta property=\"og:site_name\" content=\"KaTech\" \/>\n<meta property=\"article:modified_time\" content=\"2015-02-19T10:32:44+00:00\" \/>\n<meta name=\"twitter:label1\" content=\"Gesch\u00e4tzte Lesezeit\" \/>\n\t<meta name=\"twitter:data1\" content=\"1\u00a0Minute\" \/>\n<script type=\"application\/ld+json\" class=\"yoast-schema-graph\">{\"@context\":\"https:\/\/schema.org\",\"@graph\":[{\"@type\":\"WebPage\",\"@id\":\"https:\/\/katech-solutions.com\/de\/unsere-facilities-de\/\",\"url\":\"https:\/\/katech-solutions.com\/de\/unsere-facilities-de\/\",\"name\":\"KaTech - Stand der Technik Facilities mit dem Kunden in Mind\",\"isPartOf\":{\"@id\":\"https:\/\/katech-solutions.com\/#website\"},\"datePublished\":\"2013-03-12T12:20:08+00:00\",\"dateModified\":\"2015-02-19T10:32:44+00:00\",\"description\":\"KaTech ist ein Lebensmitteltechnologie-Unternehmen, spezialisiert auf die Erstellung von Stabilisatoren und Emulgatoren mit modernster Facilities.\",\"inLanguage\":\"de\",\"potentialAction\":[{\"@type\":\"ReadAction\",\"target\":[\"https:\/\/katech-solutions.com\/de\/unsere-facilities-de\/\"]}]},{\"@type\":\"WebSite\",\"@id\":\"https:\/\/katech-solutions.com\/#website\",\"url\":\"https:\/\/katech-solutions.com\/\",\"name\":\"KaTech\",\"description\":\"\",\"potentialAction\":[{\"@type\":\"SearchAction\",\"target\":{\"@type\":\"EntryPoint\",\"urlTemplate\":\"https:\/\/katech-solutions.com\/?s={search_term_string}\"},\"query-input\":{\"@type\":\"PropertyValueSpecification\",\"valueRequired\":true,\"valueName\":\"search_term_string\"}}],\"inLanguage\":\"de\"}]}<\/script>\n<!-- \/ Yoast SEO plugin. -->","yoast_head_json":{"title":"KaTech - Stand der Technik Facilities mit dem Kunden in Mind","description":"KaTech ist ein Lebensmitteltechnologie-Unternehmen, spezialisiert auf die Erstellung von Stabilisatoren und Emulgatoren mit modernster Facilities.","robots":{"index":"index","follow":"follow","max-snippet":"max-snippet:-1","max-image-preview":"max-image-preview:large","max-video-preview":"max-video-preview:-1"},"canonical":"https:\/\/katech-solutions.com\/de\/unsere-facilities-de\/","og_locale":"de_DE","og_type":"article","og_title":"KaTech - Stand der Technik Facilities mit dem Kunden in Mind","og_description":"KaTech ist ein Lebensmitteltechnologie-Unternehmen, spezialisiert auf die Erstellung von Stabilisatoren und Emulgatoren mit modernster Facilities.","og_url":"https:\/\/katech-solutions.com\/de\/unsere-facilities-de\/","og_site_name":"KaTech","article_modified_time":"2015-02-19T10:32:44+00:00","twitter_misc":{"Gesch\u00e4tzte Lesezeit":"1\u00a0Minute"},"schema":{"@context":"https:\/\/schema.org","@graph":[{"@type":"WebPage","@id":"https:\/\/katech-solutions.com\/de\/unsere-facilities-de\/","url":"https:\/\/katech-solutions.com\/de\/unsere-facilities-de\/","name":"KaTech - Stand der Technik Facilities mit dem Kunden in Mind","isPartOf":{"@id":"https:\/\/katech-solutions.com\/#website"},"datePublished":"2013-03-12T12:20:08+00:00","dateModified":"2015-02-19T10:32:44+00:00","description":"KaTech ist ein Lebensmitteltechnologie-Unternehmen, spezialisiert auf die Erstellung von Stabilisatoren und Emulgatoren mit modernster Facilities.","inLanguage":"de","potentialAction":[{"@type":"ReadAction","target":["https:\/\/katech-solutions.com\/de\/unsere-facilities-de\/"]}]},{"@type":"WebSite","@id":"https:\/\/katech-solutions.com\/#website","url":"https:\/\/katech-solutions.com\/","name":"KaTech","description":"","potentialAction":[{"@type":"SearchAction","target":{"@type":"EntryPoint","urlTemplate":"https:\/\/katech-solutions.com\/?s={search_term_string}"},"query-input":{"@type":"PropertyValueSpecification","valueRequired":true,"valueName":"search_term_string"}}],"inLanguage":"de"}]}},"_links":{"self":[{"href":"https:\/\/katech-solutions.com\/de\/wp-json\/wp\/v2\/pages\/2281","targetHints":{"allow":["GET"]}}],"collection":[{"href":"https:\/\/katech-solutions.com\/de\/wp-json\/wp\/v2\/pages"}],"about":[{"href":"https:\/\/katech-solutions.com\/de\/wp-json\/wp\/v2\/types\/page"}],"author":[{"embeddable":true,"href":"https:\/\/katech-solutions.com\/de\/wp-json\/wp\/v2\/users\/3"}],"replies":[{"embeddable":true,"href":"https:\/\/katech-solutions.com\/de\/wp-json\/wp\/v2\/comments?post=2281"}],"version-history":[{"count":30,"href":"https:\/\/katech-solutions.com\/de\/wp-json\/wp\/v2\/pages\/2281\/revisions"}],"predecessor-version":[{"id":6849,"href":"https:\/\/katech-solutions.com\/de\/wp-json\/wp\/v2\/pages\/2281\/revisions\/6849"}],"wp:attachment":[{"href":"https:\/\/katech-solutions.com\/de\/wp-json\/wp\/v2\/media?parent=2281"}],"curies":[{"name":"wp","href":"https:\/\/api.w.org\/{rel}","templated":true}]}}