{"id":2213,"date":"2013-03-06T09:19:29","date_gmt":"2013-03-06T09:19:29","guid":{"rendered":"http:\/\/92.60.120.250\/?page_id=2213"},"modified":"2013-05-28T13:20:04","modified_gmt":"2013-05-28T13:20:04","slug":"milchbasierend","status":"publish","type":"page","link":"https:\/\/katech-solutions.com\/de\/salatdressings\/milchbasierend\/","title":{"rendered":"Molkedressing"},"content":{"rendered":"<p>Dressings deren Hauptbestandteile auf Milch basieren sind eher selten. Vereinzelt gibt es Molke basierende Dressings in unterschiedlichen Geschmacksrichtungen. Nicht zu verwechseln sind solche Produkte mit denen, die als Geschmacksgebende Komponente Joghurt oder andere Sauermilchbestandteile enthalten.<\/p>\n<p>Molkeals Basis f\u00fcr Dressing ist ein rel. g\u00fcnstiger Rohstoff mit einem besonders &#8222;gesunden&#8220; Image und eignet sich von daher f\u00fcr Produkte der &#8222;leichten K\u00fcche&#8220;<\/p>\n","protected":false},"excerpt":{"rendered":"<p>Dressings deren Hauptbestandteile auf Milch basieren sind eher selten. Vereinzelt gibt es Molke basierende Dressings in unterschiedlichen Geschmacksrichtungen. Nicht zu verwechseln sind solche Produkte mit denen, die als Geschmacksgebende Komponente Joghurt oder andere Sauermilchbestandteile enthalten. Molkeals Basis f\u00fcr Dressing ist &hellip; <a class=\"continue-reading\" href=\"https:\/\/katech-solutions.com\/de\/salatdressings\/milchbasierend\/\">Weiterlesen <span class=\"meta-nav\">&rarr;<\/span><\/a><\/p>\n","protected":false},"author":13,"featured_media":0,"parent":1102,"menu_order":0,"comment_status":"closed","ping_status":"open","template":"","meta":{"_acf_changed":false,"footnotes":""},"class_list":["post-2213","page","type-page","status-publish","hentry"],"acf":[],"yoast_head":"<!-- This site is optimized with the Yoast SEO plugin v27.2 - https:\/\/yoast.com\/product\/yoast-seo-wordpress\/ -->\n<title>Molkedressing |<\/title>\n<meta name=\"robots\" content=\"index, follow, max-snippet:-1, max-image-preview:large, max-video-preview:-1\" \/>\n<link rel=\"canonical\" href=\"https:\/\/katech-solutions.com\/de\/salatdressings\/milchbasierend\/\" \/>\n<meta property=\"og:locale\" content=\"de_DE\" \/>\n<meta property=\"og:type\" content=\"article\" \/>\n<meta property=\"og:title\" content=\"Molkedressing |\" \/>\n<meta property=\"og:description\" content=\"Dressings deren Hauptbestandteile auf Milch basieren sind eher selten. Vereinzelt gibt es Molke basierende Dressings in unterschiedlichen Geschmacksrichtungen. Nicht zu verwechseln sind solche Produkte mit denen, die als Geschmacksgebende Komponente Joghurt oder andere Sauermilchbestandteile enthalten. Molkeals Basis f\u00fcr Dressing ist &hellip; Weiterlesen &rarr;\" \/>\n<meta property=\"og:url\" content=\"https:\/\/katech-solutions.com\/de\/salatdressings\/milchbasierend\/\" \/>\n<meta property=\"og:site_name\" content=\"KaTech\" \/>\n<meta property=\"article:modified_time\" content=\"2013-05-28T13:20:04+00:00\" \/>\n<script type=\"application\/ld+json\" class=\"yoast-schema-graph\">{\"@context\":\"https:\/\/schema.org\",\"@graph\":[{\"@type\":\"WebPage\",\"@id\":\"https:\/\/katech-solutions.com\/de\/salatdressings\/milchbasierend\/\",\"url\":\"https:\/\/katech-solutions.com\/de\/salatdressings\/milchbasierend\/\",\"name\":\"Molkedressing |\",\"isPartOf\":{\"@id\":\"https:\/\/katech-solutions.com\/#website\"},\"datePublished\":\"2013-03-06T09:19:29+00:00\",\"dateModified\":\"2013-05-28T13:20:04+00:00\",\"breadcrumb\":{\"@id\":\"https:\/\/katech-solutions.com\/de\/salatdressings\/milchbasierend\/#breadcrumb\"},\"inLanguage\":\"de\",\"potentialAction\":[{\"@type\":\"ReadAction\",\"target\":[\"https:\/\/katech-solutions.com\/de\/salatdressings\/milchbasierend\/\"]}]},{\"@type\":\"BreadcrumbList\",\"@id\":\"https:\/\/katech-solutions.com\/de\/salatdressings\/milchbasierend\/#breadcrumb\",\"itemListElement\":[{\"@type\":\"ListItem\",\"position\":1,\"name\":\"Salatdressings\",\"item\":\"https:\/\/katech-solutions.com\/de\/salatdressings\/\"},{\"@type\":\"ListItem\",\"position\":2,\"name\":\"Molkedressing\"}]},{\"@type\":\"WebSite\",\"@id\":\"https:\/\/katech-solutions.com\/#website\",\"url\":\"https:\/\/katech-solutions.com\/\",\"name\":\"KaTech\",\"description\":\"\",\"potentialAction\":[{\"@type\":\"SearchAction\",\"target\":{\"@type\":\"EntryPoint\",\"urlTemplate\":\"https:\/\/katech-solutions.com\/?s={search_term_string}\"},\"query-input\":{\"@type\":\"PropertyValueSpecification\",\"valueRequired\":true,\"valueName\":\"search_term_string\"}}],\"inLanguage\":\"de\"}]}<\/script>\n<!-- \/ Yoast SEO plugin. -->","yoast_head_json":{"title":"Molkedressing |","robots":{"index":"index","follow":"follow","max-snippet":"max-snippet:-1","max-image-preview":"max-image-preview:large","max-video-preview":"max-video-preview:-1"},"canonical":"https:\/\/katech-solutions.com\/de\/salatdressings\/milchbasierend\/","og_locale":"de_DE","og_type":"article","og_title":"Molkedressing |","og_description":"Dressings deren Hauptbestandteile auf Milch basieren sind eher selten. Vereinzelt gibt es Molke basierende Dressings in unterschiedlichen Geschmacksrichtungen. Nicht zu verwechseln sind solche Produkte mit denen, die als Geschmacksgebende Komponente Joghurt oder andere Sauermilchbestandteile enthalten. Molkeals Basis f\u00fcr Dressing ist &hellip; Weiterlesen &rarr;","og_url":"https:\/\/katech-solutions.com\/de\/salatdressings\/milchbasierend\/","og_site_name":"KaTech","article_modified_time":"2013-05-28T13:20:04+00:00","schema":{"@context":"https:\/\/schema.org","@graph":[{"@type":"WebPage","@id":"https:\/\/katech-solutions.com\/de\/salatdressings\/milchbasierend\/","url":"https:\/\/katech-solutions.com\/de\/salatdressings\/milchbasierend\/","name":"Molkedressing |","isPartOf":{"@id":"https:\/\/katech-solutions.com\/#website"},"datePublished":"2013-03-06T09:19:29+00:00","dateModified":"2013-05-28T13:20:04+00:00","breadcrumb":{"@id":"https:\/\/katech-solutions.com\/de\/salatdressings\/milchbasierend\/#breadcrumb"},"inLanguage":"de","potentialAction":[{"@type":"ReadAction","target":["https:\/\/katech-solutions.com\/de\/salatdressings\/milchbasierend\/"]}]},{"@type":"BreadcrumbList","@id":"https:\/\/katech-solutions.com\/de\/salatdressings\/milchbasierend\/#breadcrumb","itemListElement":[{"@type":"ListItem","position":1,"name":"Salatdressings","item":"https:\/\/katech-solutions.com\/de\/salatdressings\/"},{"@type":"ListItem","position":2,"name":"Molkedressing"}]},{"@type":"WebSite","@id":"https:\/\/katech-solutions.com\/#website","url":"https:\/\/katech-solutions.com\/","name":"KaTech","description":"","potentialAction":[{"@type":"SearchAction","target":{"@type":"EntryPoint","urlTemplate":"https:\/\/katech-solutions.com\/?s={search_term_string}"},"query-input":{"@type":"PropertyValueSpecification","valueRequired":true,"valueName":"search_term_string"}}],"inLanguage":"de"}]}},"_links":{"self":[{"href":"https:\/\/katech-solutions.com\/de\/wp-json\/wp\/v2\/pages\/2213","targetHints":{"allow":["GET"]}}],"collection":[{"href":"https:\/\/katech-solutions.com\/de\/wp-json\/wp\/v2\/pages"}],"about":[{"href":"https:\/\/katech-solutions.com\/de\/wp-json\/wp\/v2\/types\/page"}],"author":[{"embeddable":true,"href":"https:\/\/katech-solutions.com\/de\/wp-json\/wp\/v2\/users\/13"}],"replies":[{"embeddable":true,"href":"https:\/\/katech-solutions.com\/de\/wp-json\/wp\/v2\/comments?post=2213"}],"version-history":[{"count":5,"href":"https:\/\/katech-solutions.com\/de\/wp-json\/wp\/v2\/pages\/2213\/revisions"}],"predecessor-version":[{"id":2740,"href":"https:\/\/katech-solutions.com\/de\/wp-json\/wp\/v2\/pages\/2213\/revisions\/2740"}],"up":[{"embeddable":true,"href":"https:\/\/katech-solutions.com\/de\/wp-json\/wp\/v2\/pages\/1102"}],"wp:attachment":[{"href":"https:\/\/katech-solutions.com\/de\/wp-json\/wp\/v2\/media?parent=2213"}],"curies":[{"name":"wp","href":"https:\/\/api.w.org\/{rel}","templated":true}]}}