{"id":2162,"date":"2012-05-03T09:59:02","date_gmt":"2012-05-03T09:59:02","guid":{"rendered":"http:\/\/92.60.120.250\/?page_id=2162"},"modified":"2013-10-29T14:07:13","modified_gmt":"2013-10-29T14:07:13","slug":"mayonnaise-fur-krautsalat","status":"publish","type":"page","link":"https:\/\/katech-solutions.com\/de\/mayonnaise\/mayonnaise-fur-krautsalat\/","title":{"rendered":"Mayonnaise f\u00fcr Krautsalat"},"content":{"rendered":"<p>Die Frage ist: Was kann man aus g\u00fcnstigem Kohl, Karotten und Zwiebeln Leckeres zaubern? Die Antwort: Man mischt diese Zutaten mit cremiger Mayonnaise und erh\u00e4lt ein Gericht, das gleichzeitig cremig und knackig ist, das satt macht und das dank dem enthaltenen Gem\u00fcse einen hohen N\u00e4hrstoffgehalt aufweist. Kaum zu glauben, aber das sind wohl auch die Gr\u00fcnde f\u00fcr die Erfindung des traditionellen \u201eColeslaw\u201c (Deutsch: Krautsalat). Die Zugabe von Mayonnaise hat den zus\u00e4tzlichen Effekt, dass das Gem\u00fcse ummantelt und ges\u00e4uert wird. Dies wiederum verl\u00e4ngert die Haltbarkeit des Produkts.<\/p>\n<p>Urspr\u00fcnglich wurde dieser Salat mit einer Mayonnaise mit 80\u00a0% \u00d6l hergestellt. Mit zunehmender Popularit\u00e4t wurde aber aufgrund der hohen Kosten der \u00d6lgehalt in der Mayonnaise gesenkt.\u00a0 Doch Mayonnaise mit einem \u00d6lgehalt von 50\u00a0% weist eine \u00e4hnliche Viskosit\u00e4t wie Milch auf \u2013 die Cremigkeit geht also verloren. Das Hinzuf\u00fcgen von St\u00e4rke zum Andicken der Mayonnaise war eine m\u00f6gliche L\u00f6sung. F\u00fcgt man diese Mayonnaise jedoch zum Gem\u00fcse hinzu, verliert sie \u00fcber Nacht ihre Viskosit\u00e4t, die Cremigkeit ist also nicht von Dauer und dar\u00fcber hinaus geht die Haltbarkeit verloren.<\/p>\n<p>Grund hierf\u00fcr ist, dass Rohkost (insbesondere Karotten) weiterhin die Energie beibeh\u00e4lt, zu keimen. St\u00e4rkek\u00f6rnchen enthalten Enzyme, die die St\u00e4rke wieder in Zucker aufspalten und Energie freisetzen. Diese durch das Schneiden und Zerkleinern freigesetzten Amylose-Enzyme spalten die St\u00e4rke in der Mayonnaise und verd\u00fcnnen diese sofort.<\/p>\n","protected":false},"excerpt":{"rendered":"<p>Die Frage ist: Was kann man aus g\u00fcnstigem Kohl, Karotten und Zwiebeln Leckeres zaubern? Die Antwort: Man mischt diese Zutaten mit cremiger Mayonnaise und erh\u00e4lt ein Gericht, das gleichzeitig cremig und knackig ist, das satt macht und das dank dem &hellip; <a class=\"continue-reading\" href=\"https:\/\/katech-solutions.com\/de\/mayonnaise\/mayonnaise-fur-krautsalat\/\">Weiterlesen <span class=\"meta-nav\">&rarr;<\/span><\/a><\/p>\n","protected":false},"author":3,"featured_media":0,"parent":1129,"menu_order":0,"comment_status":"closed","ping_status":"open","template":"","meta":{"_acf_changed":false,"footnotes":""},"class_list":["post-2162","page","type-page","status-publish","hentry"],"acf":[],"yoast_head":"<!-- This site is optimized with the Yoast SEO plugin v27.2 - https:\/\/yoast.com\/product\/yoast-seo-wordpress\/ -->\n<title>KaTech \u2013 Stabilisatoren und Emulgatoren f\u00fcr Mayonnaise f\u00fcr Krautsalat<\/title>\n<meta name=\"description\" content=\"KaTech sind ein Lebensmittel-Technologie-Unternehmen, spezialisiert auf die Erstellung von ma\u00dfgeschneiderten Stabilisator und Emulgator L\u00f6sungen f\u00fcr Mayonnaise f\u00fcr Krautsalat.\" \/>\n<meta name=\"robots\" content=\"index, follow, max-snippet:-1, max-image-preview:large, max-video-preview:-1\" \/>\n<link rel=\"canonical\" href=\"https:\/\/katech-solutions.com\/de\/mayonnaise\/mayonnaise-fur-krautsalat\/\" \/>\n<meta property=\"og:locale\" content=\"de_DE\" \/>\n<meta property=\"og:type\" content=\"article\" \/>\n<meta property=\"og:title\" content=\"KaTech \u2013 Stabilisatoren und Emulgatoren f\u00fcr Mayonnaise f\u00fcr Krautsalat\" \/>\n<meta property=\"og:description\" content=\"KaTech sind ein Lebensmittel-Technologie-Unternehmen, spezialisiert auf die Erstellung von ma\u00dfgeschneiderten Stabilisator und Emulgator L\u00f6sungen f\u00fcr Mayonnaise f\u00fcr Krautsalat.\" \/>\n<meta property=\"og:url\" content=\"https:\/\/katech-solutions.com\/de\/mayonnaise\/mayonnaise-fur-krautsalat\/\" \/>\n<meta property=\"og:site_name\" content=\"KaTech\" \/>\n<meta property=\"article:modified_time\" content=\"2013-10-29T14:07:13+00:00\" \/>\n<meta name=\"twitter:label1\" content=\"Gesch\u00e4tzte Lesezeit\" \/>\n\t<meta name=\"twitter:data1\" content=\"1\u00a0Minute\" \/>\n<script type=\"application\/ld+json\" class=\"yoast-schema-graph\">{\"@context\":\"https:\/\/schema.org\",\"@graph\":[{\"@type\":\"WebPage\",\"@id\":\"https:\/\/katech-solutions.com\/de\/mayonnaise\/mayonnaise-fur-krautsalat\/\",\"url\":\"https:\/\/katech-solutions.com\/de\/mayonnaise\/mayonnaise-fur-krautsalat\/\",\"name\":\"KaTech \u2013 Stabilisatoren und Emulgatoren f\u00fcr Mayonnaise f\u00fcr Krautsalat\",\"isPartOf\":{\"@id\":\"https:\/\/katech-solutions.com\/#website\"},\"datePublished\":\"2012-05-03T09:59:02+00:00\",\"dateModified\":\"2013-10-29T14:07:13+00:00\",\"description\":\"KaTech sind ein Lebensmittel-Technologie-Unternehmen, spezialisiert auf die Erstellung von ma\u00dfgeschneiderten Stabilisator und Emulgator L\u00f6sungen f\u00fcr Mayonnaise f\u00fcr Krautsalat.\",\"breadcrumb\":{\"@id\":\"https:\/\/katech-solutions.com\/de\/mayonnaise\/mayonnaise-fur-krautsalat\/#breadcrumb\"},\"inLanguage\":\"de\",\"potentialAction\":[{\"@type\":\"ReadAction\",\"target\":[\"https:\/\/katech-solutions.com\/de\/mayonnaise\/mayonnaise-fur-krautsalat\/\"]}]},{\"@type\":\"BreadcrumbList\",\"@id\":\"https:\/\/katech-solutions.com\/de\/mayonnaise\/mayonnaise-fur-krautsalat\/#breadcrumb\",\"itemListElement\":[{\"@type\":\"ListItem\",\"position\":1,\"name\":\"Mayonnaise\",\"item\":\"https:\/\/katech-solutions.com\/de\/mayonnaise\/\"},{\"@type\":\"ListItem\",\"position\":2,\"name\":\"Mayonnaise f\u00fcr Krautsalat\"}]},{\"@type\":\"WebSite\",\"@id\":\"https:\/\/katech-solutions.com\/#website\",\"url\":\"https:\/\/katech-solutions.com\/\",\"name\":\"KaTech\",\"description\":\"\",\"potentialAction\":[{\"@type\":\"SearchAction\",\"target\":{\"@type\":\"EntryPoint\",\"urlTemplate\":\"https:\/\/katech-solutions.com\/?s={search_term_string}\"},\"query-input\":{\"@type\":\"PropertyValueSpecification\",\"valueRequired\":true,\"valueName\":\"search_term_string\"}}],\"inLanguage\":\"de\"}]}<\/script>\n<!-- \/ Yoast SEO plugin. -->","yoast_head_json":{"title":"KaTech \u2013 Stabilisatoren und Emulgatoren f\u00fcr Mayonnaise f\u00fcr Krautsalat","description":"KaTech sind ein Lebensmittel-Technologie-Unternehmen, spezialisiert auf die Erstellung von ma\u00dfgeschneiderten Stabilisator und Emulgator L\u00f6sungen f\u00fcr Mayonnaise f\u00fcr Krautsalat.","robots":{"index":"index","follow":"follow","max-snippet":"max-snippet:-1","max-image-preview":"max-image-preview:large","max-video-preview":"max-video-preview:-1"},"canonical":"https:\/\/katech-solutions.com\/de\/mayonnaise\/mayonnaise-fur-krautsalat\/","og_locale":"de_DE","og_type":"article","og_title":"KaTech \u2013 Stabilisatoren und Emulgatoren f\u00fcr Mayonnaise f\u00fcr Krautsalat","og_description":"KaTech sind ein Lebensmittel-Technologie-Unternehmen, spezialisiert auf die Erstellung von ma\u00dfgeschneiderten Stabilisator und Emulgator L\u00f6sungen f\u00fcr Mayonnaise f\u00fcr Krautsalat.","og_url":"https:\/\/katech-solutions.com\/de\/mayonnaise\/mayonnaise-fur-krautsalat\/","og_site_name":"KaTech","article_modified_time":"2013-10-29T14:07:13+00:00","twitter_misc":{"Gesch\u00e4tzte Lesezeit":"1\u00a0Minute"},"schema":{"@context":"https:\/\/schema.org","@graph":[{"@type":"WebPage","@id":"https:\/\/katech-solutions.com\/de\/mayonnaise\/mayonnaise-fur-krautsalat\/","url":"https:\/\/katech-solutions.com\/de\/mayonnaise\/mayonnaise-fur-krautsalat\/","name":"KaTech \u2013 Stabilisatoren und Emulgatoren f\u00fcr Mayonnaise f\u00fcr Krautsalat","isPartOf":{"@id":"https:\/\/katech-solutions.com\/#website"},"datePublished":"2012-05-03T09:59:02+00:00","dateModified":"2013-10-29T14:07:13+00:00","description":"KaTech sind ein Lebensmittel-Technologie-Unternehmen, spezialisiert auf die Erstellung von ma\u00dfgeschneiderten Stabilisator und Emulgator L\u00f6sungen f\u00fcr Mayonnaise f\u00fcr Krautsalat.","breadcrumb":{"@id":"https:\/\/katech-solutions.com\/de\/mayonnaise\/mayonnaise-fur-krautsalat\/#breadcrumb"},"inLanguage":"de","potentialAction":[{"@type":"ReadAction","target":["https:\/\/katech-solutions.com\/de\/mayonnaise\/mayonnaise-fur-krautsalat\/"]}]},{"@type":"BreadcrumbList","@id":"https:\/\/katech-solutions.com\/de\/mayonnaise\/mayonnaise-fur-krautsalat\/#breadcrumb","itemListElement":[{"@type":"ListItem","position":1,"name":"Mayonnaise","item":"https:\/\/katech-solutions.com\/de\/mayonnaise\/"},{"@type":"ListItem","position":2,"name":"Mayonnaise f\u00fcr Krautsalat"}]},{"@type":"WebSite","@id":"https:\/\/katech-solutions.com\/#website","url":"https:\/\/katech-solutions.com\/","name":"KaTech","description":"","potentialAction":[{"@type":"SearchAction","target":{"@type":"EntryPoint","urlTemplate":"https:\/\/katech-solutions.com\/?s={search_term_string}"},"query-input":{"@type":"PropertyValueSpecification","valueRequired":true,"valueName":"search_term_string"}}],"inLanguage":"de"}]}},"_links":{"self":[{"href":"https:\/\/katech-solutions.com\/de\/wp-json\/wp\/v2\/pages\/2162","targetHints":{"allow":["GET"]}}],"collection":[{"href":"https:\/\/katech-solutions.com\/de\/wp-json\/wp\/v2\/pages"}],"about":[{"href":"https:\/\/katech-solutions.com\/de\/wp-json\/wp\/v2\/types\/page"}],"author":[{"embeddable":true,"href":"https:\/\/katech-solutions.com\/de\/wp-json\/wp\/v2\/users\/3"}],"replies":[{"embeddable":true,"href":"https:\/\/katech-solutions.com\/de\/wp-json\/wp\/v2\/comments?post=2162"}],"version-history":[{"count":17,"href":"https:\/\/katech-solutions.com\/de\/wp-json\/wp\/v2\/pages\/2162\/revisions"}],"predecessor-version":[{"id":3750,"href":"https:\/\/katech-solutions.com\/de\/wp-json\/wp\/v2\/pages\/2162\/revisions\/3750"}],"up":[{"embeddable":true,"href":"https:\/\/katech-solutions.com\/de\/wp-json\/wp\/v2\/pages\/1129"}],"wp:attachment":[{"href":"https:\/\/katech-solutions.com\/de\/wp-json\/wp\/v2\/media?parent=2162"}],"curies":[{"name":"wp","href":"https:\/\/api.w.org\/{rel}","templated":true}]}}