{"id":1769,"date":"2012-08-22T13:30:13","date_gmt":"2012-08-22T13:30:13","guid":{"rendered":"\/?page_id=1769"},"modified":"2012-08-22T13:31:54","modified_gmt":"2012-08-22T13:31:54","slug":"sitemap","status":"publish","type":"page","link":"https:\/\/katech-solutions.com\/de\/sitemap\/","title":{"rendered":"Sitemap"},"content":{"rendered":"<h1>Sitemap<\/h1>\n<div class=\"kwayy-html-sitemap-wrapper\"><h2 class=\"kwayy-html-sitemap-post-title kwayy-page-title\">Pages<\/h2><ul class=\"kwayy-html-sitemap-post-list kwayy-page-list\"><ul><li><a href=\"https:\/\/katech-solutions.com\/de\/milchgetranke\/\">Milchgetr\u00e4nke<\/a><ul><li><a href=\"https:\/\/katech-solutions.com\/de\/milchgetranke\/milchshakes\/\">Milchshakes<\/a><\/li><li><a href=\"https:\/\/katech-solutions.com\/de\/milchgetranke\/buttermilk-drink-flavoured\/\">Buttermilk Drink <\/a><\/li><li><a href=\"https:\/\/katech-solutions.com\/de\/milchgetranke\/milchmischgetranke\/\">Milchmischgetr\u00e4nke<\/a><\/li><li><a href=\"https:\/\/katech-solutions.com\/de\/milchgetranke\/smoothies\/\">Smoothies<\/a><\/li><li><a href=\"https:\/\/katech-solutions.com\/de\/milchgetranke\/gesauerte-milchgetranke\/\">Ges\u00e4uerte Milchgetr\u00e4nke<\/a><\/li><li><a href=\"https:\/\/katech-solutions.com\/de\/milchgetranke\/milchfreie-getranke\/\">Milchfreie Getr\u00e4nke<\/a><\/li><li><a href=\"https:\/\/katech-solutions.com\/de\/milchgetranke\/kaffeegetranke\/\">Kaffeegetr\u00e4nke<\/a><\/li><\/ul><\/li><li><a href=\"https:\/\/katech-solutions.com\/de\/mayonnaise\/\">Mayonnaise<\/a><ul><li><a href=\"https:\/\/katech-solutions.com\/de\/mayonnaise\/sandwichmayonnaise\/\">Sandwichmayonnaise<\/a><\/li><li><a href=\"https:\/\/katech-solutions.com\/de\/mayonnaise\/salatmayonnaise\/\">Salatmayonnaise<\/a><\/li><li><a href=\"https:\/\/katech-solutions.com\/de\/mayonnaise\/mayonnaise-glasware\/\">Mayonnaise Glasware<\/a><\/li><li><a href=\"https:\/\/katech-solutions.com\/de\/mayonnaise\/mayonnaise-fur-krautsalat\/\">Mayonnaise f\u00fcr Krautsalat<\/a><\/li><li><a href=\"https:\/\/katech-solutions.com\/de\/mayonnaise\/clean-label\/\">Clean Label<\/a><\/li><li><a href=\"https:\/\/katech-solutions.com\/de\/mayonnaise\/eifreie-mayonnaise\/\">Eifreie Mayonnaise<\/a><\/li><li><a href=\"https:\/\/katech-solutions.com\/de\/mayonnaise\/fettreduzierte-mayonnaisen\/\">Fettreduzierte Mayonnaisen<\/a><\/li><\/ul><\/li><li><a href=\"https:\/\/katech-solutions.com\/de\/saucen-und-suppe\/\">Saucen und Suppen<\/a><ul><li><a href=\"https:\/\/katech-solutions.com\/de\/saucen-und-suppe\/abfullhilfen\/\">Abf\u00fcllhilfen<\/a><\/li><li><a href=\"https:\/\/katech-solutions.com\/de\/saucen-und-suppe\/pasta-saucen\/\">Pasta Saucen <\/a><\/li><li><a href=\"https:\/\/katech-solutions.com\/de\/saucen-und-suppe\/saucen-mit-erhohtem-fettgehalt\/\">Saucen mit erh\u00f6htem Fettgehalt<\/a><\/li><li><a href=\"https:\/\/katech-solutions.com\/de\/saucen-und-suppe\/chutney\/\">Chutney<\/a><\/li><li><a href=\"https:\/\/katech-solutions.com\/de\/saucen-und-suppe\/frische-und-sterilisierte-saucen\/\">Frische, pasteurisierte oder sterilisierte Saucen<\/a><\/li><li><a href=\"https:\/\/katech-solutions.com\/de\/saucen-und-suppe\/ketchup\/\">Ketchup<\/a><\/li><\/ul><\/li><li><a href=\"https:\/\/katech-solutions.com\/de\/suppen\/\">Suppen<\/a><ul><li><a href=\"https:\/\/katech-solutions.com\/de\/suppen\/frische-und-sterilisierte-suppen\/\">Frische und Sterilisierte Suppen<\/a><\/li><\/ul><\/li><li><a href=\"https:\/\/katech-solutions.com\/de\/fehlerbehebung\/\">Probleml\u00f6sung<\/a><\/li><li><a href=\"https:\/\/katech-solutions.com\/de\/joghurt\/\">Joghurt<\/a><ul><li><a href=\"https:\/\/katech-solutions.com\/de\/joghurt\/joghurt-mousse\/\">Joghurt Mousse <\/a><\/li><li><a href=\"https:\/\/katech-solutions.com\/de\/joghurt\/ruhrjoghurt\/\">R\u00fchrjoghurt<\/a><\/li><li><a href=\"https:\/\/katech-solutions.com\/de\/joghurt\/stichfester-joghurt\/\">Stichfester Joghurt<\/a><\/li><li><a href=\"https:\/\/katech-solutions.com\/de\/joghurt\/fruchtjoghurt\/\">Fruchtjoghurt<\/a><\/li><li><a href=\"https:\/\/katech-solutions.com\/de\/joghurt\/griechischer-joghurt\/\">Griechischer Joghurt<\/a><\/li><li><a href=\"https:\/\/katech-solutions.com\/de\/joghurt\/thermised-joghurt\/\">Thermised Joghurt <\/a><\/li><li><a href=\"https:\/\/katech-solutions.com\/de\/joghurt\/joghurtgetrank\/\">Joghurtgetr\u00e4nk<\/a><\/li><\/ul><\/li><li><a href=\"https:\/\/katech-solutions.com\/de\/produktion-facilities\/\">Produktionsst\u00e4tte, Deutschland<\/a><\/li><li><a href=\"https:\/\/katech-solutions.com\/de\/unsere-zutaten\/\">Unsere Zutaten<\/a><\/li><li><a href=\"https:\/\/katech-solutions.com\/de\/unsere-losungen\/\">Unsere L\u00f6sungen<\/a><ul><li><a href=\"https:\/\/katech-solutions.com\/de\/unsere-losungen\/zutatenliste\/\">Zutatenliste<\/a><\/li><\/ul><\/li><li><a href=\"https:\/\/katech-solutions.com\/de\/das-team\/\">Das Team<\/a><ul><li><a href=\"https:\/\/katech-solutions.com\/de\/das-team\/entwicklung\/\">Entwicklung<\/a><\/li><li><a href=\"https:\/\/katech-solutions.com\/de\/das-team\/verkauf\/\">Verkauf<\/a><\/li><\/ul><\/li><li><a href=\"https:\/\/katech-solutions.com\/de\/news\/\">News<\/a><\/li><li><a href=\"https:\/\/katech-solutions.com\/de\/neues-produkt-6\/\">Neue Produkte<\/a><\/li><li><a href=\"https:\/\/katech-solutions.com\/de\/impressum\/\">Impressum<\/a><\/li><li><a href=\"https:\/\/katech-solutions.com\/de\/karriere\/\">Karriere<\/a><\/li><li><a href=\"https:\/\/katech-solutions.com\/de\/vegan\/\">Fleisch-Alternativen<\/a><ul><li><a href=\"https:\/\/katech-solutions.com\/de\/vegan\/vegane-aufstriche\/\">Vegane Aufstriche<\/a><\/li><li><a href=\"https:\/\/katech-solutions.com\/de\/vegan\/vegane-sahneprodukte\/\">Vegane Sahneprodukte<\/a><\/li><li><a href=\"https:\/\/katech-solutions.com\/de\/vegan\/vegane-kaesealternativen\/\">Vegane K\u00e4sealternativen<\/a><\/li><li><a href=\"https:\/\/katech-solutions.com\/de\/vegan\/veganer-joghurt\/\">Veganer Joghurt<\/a><\/li><li><a href=\"https:\/\/katech-solutions.com\/de\/vegan\/vegane-desserts\/\">Vegane Desserts<\/a><\/li><li><a href=\"https:\/\/katech-solutions.com\/de\/vegan\/vegane-mayonnaise-und-dressings\/\">Vegane Mayonnaise und Dressings<\/a><\/li><li><a href=\"https:\/\/katech-solutions.com\/de\/vegan\/vegane-saucen\/\">Vegane Saucen<\/a><\/li><li><a href=\"https:\/\/katech-solutions.com\/de\/vegan\/vegane-fleischalternativen\/\">Vegane Fleischalternativen<\/a><\/li><li><a href=\"https:\/\/katech-solutions.com\/de\/vegan\/vegane-getraenke\/\">Vegane Getr\u00e4nke<\/a><\/li><li><a href=\"https:\/\/katech-solutions.com\/de\/vegan\/pflanzliche-burger-patties\/\">Pflanzliche Burger Patties<\/a><\/li><li><a href=\"https:\/\/katech-solutions.com\/de\/vegan\/pflanzlicher-aufschnitt\/\">Pflanzlicher Aufschnitt<\/a><\/li><li><a href=\"https:\/\/katech-solutions.com\/de\/vegan\/pflanzliche-nuggets\/\">Pflanzliche Nuggets<\/a><\/li><li><a href=\"https:\/\/katech-solutions.com\/de\/vegan\/pflanzliche-streichwurst\/\">Pflanzliche Streichwurst<\/a><\/li><li><a href=\"https:\/\/katech-solutions.com\/de\/vegan\/wurstchen-alternativen\/\">W\u00fcrstchen Alternativen<\/a><\/li><li><a href=\"https:\/\/katech-solutions.com\/de\/vegan\/pflanzliche-fischstaebchen\/\">Pflanzliche Fischst\u00e4bchen<\/a><\/li><li><a href=\"https:\/\/katech-solutions.com\/de\/vegan\/fisch-alternativen\/\">Fisch-Alternativen<\/a><\/li><li><a href=\"https:\/\/katech-solutions.com\/de\/vegan\/pflanzliche-fischfrikadellen\/\">Pflanzliche Fischfrikadellen<\/a><\/li><li><a href=\"https:\/\/katech-solutions.com\/de\/vegan\/hackfleisch-alternative\/\">Hackfleisch Alternative<\/a><\/li><\/ul><\/li><li><a href=\"https:\/\/katech-solutions.com\/de\/kontakt\/\">Kontakt<\/a><\/li><li><a href=\"https:\/\/katech-solutions.com\/de\/deine-falet-ausbildung-bei-katech\/\">Deine FALET Ausbildung bei KaTech<\/a><\/li><li><a href=\"https:\/\/katech-solutions.com\/de\/datenschutzinformation-fuer-bewerber\/\">Datenschutzinformation f\u00fcr Bewerber<\/a><\/li><li><a href=\"https:\/\/katech-solutions.com\/de\/\">Home<\/a><\/li><li><a href=\"https:\/\/katech-solutions.com\/de\/desserts\/\">Desserts<\/a><ul><li><a href=\"https:\/\/katech-solutions.com\/de\/desserts\/aufgeschlagene-desserts\/\">Aufgeschlagene Desserts<\/a><\/li><li><a href=\"https:\/\/katech-solutions.com\/de\/desserts\/kleinigkeit-gelee\/\">Die kleine \"Leckerei\": Trifles<\/a><\/li><li><a href=\"https:\/\/katech-solutions.com\/de\/desserts\/baiser\/\">Baiser<\/a><\/li><li><a href=\"https:\/\/katech-solutions.com\/de\/desserts\/frucht-mousse\/\">Frucht Mousse <\/a><\/li><li><a href=\"https:\/\/katech-solutions.com\/de\/desserts\/gelierte-desserts\/\">Gelierte Desserts<\/a><\/li><li><a href=\"https:\/\/katech-solutions.com\/de\/desserts\/pudding\/\">Pudding<\/a><\/li><li><a href=\"https:\/\/katech-solutions.com\/de\/desserts\/kasekuchen\/\">K\u00e4sekuchen<\/a><\/li><li><a href=\"https:\/\/katech-solutions.com\/de\/desserts\/landerspezifisches-dessert\/\">L\u00e4nderspezifisches Dessert<\/a><\/li><li><a href=\"https:\/\/katech-solutions.com\/de\/desserts\/saucen\/\">Saucen<\/a><\/li><li><a href=\"https:\/\/katech-solutions.com\/de\/desserts\/pudding-kleinigkeit\/\">Trifle Custard<\/a><\/li><\/ul><\/li><li><a href=\"https:\/\/katech-solutions.com\/de\/dip\/\">Dips<\/a><ul><li><a href=\"https:\/\/katech-solutions.com\/de\/dip\/basierend-auf-mayonnaise\/\">Basierend auf Mayonnaise<\/a><\/li><li><a href=\"https:\/\/katech-solutions.com\/de\/dip\/basierend-auf-joghurt-quark\/\">basierend auf Joghurt \/ Quark<\/a><\/li><li><a href=\"https:\/\/katech-solutions.com\/de\/dip\/basierend-auf-milchprodukten\/\">Basierend auf Milchprodukten<\/a><\/li><\/ul><\/li><li><a href=\"https:\/\/katech-solutions.com\/de\/kase\/\">K\u00e4se<\/a><ul><li><a href=\"https:\/\/katech-solutions.com\/de\/kase\/streichkase\/\">Streichk\u00e4se<\/a><\/li><li><a href=\"https:\/\/katech-solutions.com\/de\/kase\/frischkaseerzeugnisse\/\">Frischk\u00e4seerzeugnisse<\/a><\/li><li><a href=\"https:\/\/katech-solutions.com\/de\/kase\/analogkase\/\">Analogk\u00e4se<\/a><\/li><li><a href=\"https:\/\/katech-solutions.com\/de\/kase\/schmelzkase-und-kasezubereitungen\/\">Schmelzk\u00e4se und K\u00e4sezubereitungen<\/a><\/li><li><a href=\"https:\/\/katech-solutions.com\/de\/kase\/huttenkase-aufgeschlagener-kase\/\">H\u00fcttenk\u00e4se aufgeschlagener K\u00e4se<\/a><\/li><li><a href=\"https:\/\/katech-solutions.com\/de\/kase\/quark-dessert\/\">Quark Dessert<\/a><\/li><\/ul><\/li><li><a href=\"https:\/\/katech-solutions.com\/de\/sahne\/\">Sahne<\/a><ul><li><a href=\"https:\/\/katech-solutions.com\/de\/sahne\/schlagsahne\/\">Schlagsahne <\/a><\/li><li><a href=\"https:\/\/katech-solutions.com\/de\/sahne\/fermentierte-sahneprodukte\/\">Fermentierte Sahneprodukte<\/a><\/li><li><a href=\"https:\/\/katech-solutions.com\/de\/sahne\/creme-fraiche\/\">Cr\u00e8me Fraiche<\/a><\/li><li><a href=\"https:\/\/katech-solutions.com\/de\/sahne\/sahnetopping\/\">Sahnetopping<\/a><\/li><li><a href=\"https:\/\/katech-solutions.com\/de\/sahne\/sahne-aus-pflanzenfett-ohne-milchprodukte\/\">Sahne aus Pflanzenfett ohne Milchprodukte<\/a><\/li><li><a href=\"https:\/\/katech-solutions.com\/de\/sahne\/kochsahne\/\">Kochsahne<\/a><\/li><li><a href=\"https:\/\/katech-solutions.com\/de\/sahne\/kaffeesahne-kaffeeweiser\/\">Kaffeesahne und Kaffeewei\u00dfer<\/a><\/li><\/ul><\/li><li><a href=\"https:\/\/katech-solutions.com\/de\/salatdressings\/\">Salatdressings<\/a><ul><li><a href=\"https:\/\/katech-solutions.com\/de\/salatdressings\/klares-dressing\/\">Klares Dressing <\/a><\/li><li><a href=\"https:\/\/katech-solutions.com\/de\/salatdressings\/vinaigrette\/\">Vinaigrette <\/a><\/li><li><a href=\"https:\/\/katech-solutions.com\/de\/salatdressings\/emulgierte\/\">Emulgierte Dressings<\/a><\/li><li><a href=\"https:\/\/katech-solutions.com\/de\/salatdressings\/milchbasierend\/\">Molkedressing<\/a><\/li><\/ul><\/li><li><a href=\"https:\/\/katech-solutions.com\/de\/wo-sie-uns-finden\/\">Wo sie uns finden<\/a><ul><li><a href=\"https:\/\/katech-solutions.com\/de\/wo-sie-uns-finden\/katech-hauptsitz-deutschland\/\">KaTech Hauptsitz, Deutschland<\/a><\/li><li><a href=\"https:\/\/katech-solutions.com\/de\/wo-sie-uns-finden\/katech-polen\/\">KaTech Polen.<\/a><\/li><li><a href=\"https:\/\/katech-solutions.com\/de\/wo-sie-uns-finden\/katech-polen-2\/\">KaTech Polen<\/a><\/li><li><a href=\"https:\/\/katech-solutions.com\/de\/wo-sie-uns-finden\/poland\/\">Poland DE<\/a><\/li><li><a href=\"https:\/\/katech-solutions.com\/de\/wo-sie-uns-finden\/katech-uk-de\/\">KaTech Ingredient Solutions UK<\/a><\/li><li><a href=\"https:\/\/katech-solutions.com\/de\/wo-sie-uns-finden\/technische-entwicklung-suite-uk\/\">Technische Entwicklung Suite UK<\/a><\/li><li><a href=\"https:\/\/katech-solutions.com\/de\/wo-sie-uns-finden\/katech-produktion-deutschland\/\">KaTech Produktion, Deutschland<\/a><\/li><\/ul><\/li><li><a href=\"https:\/\/katech-solutions.com\/de\/fruchtprodukte\/\">Fruchtprodukte<\/a><ul><li><a href=\"https:\/\/katech-solutions.com\/de\/fruchtprodukte\/fruchtfullungen\/\">Fruchtf\u00fcllungen<\/a><\/li><li><a href=\"https:\/\/katech-solutions.com\/de\/fruchtprodukte\/fruchtzubereitungen\/\">Fruchtzubereitungen<\/a><\/li><li><a href=\"https:\/\/katech-solutions.com\/de\/fruchtprodukte\/fruchtgele\/\">Fruchtgele<\/a><\/li><li><a href=\"https:\/\/katech-solutions.com\/de\/fruchtprodukte\/fruchtglasuren\/\">Fruchtglasuren<\/a><\/li><\/ul><\/li><li><a href=\"https:\/\/katech-solutions.com\/de\/zertifizierungen\/\">Zertifizierungen und Grunds\u00e4tze<\/a><ul><li><a href=\"https:\/\/katech-solutions.com\/de\/zertifizierungen\/rspo\/\">RSPO<\/a><\/li><\/ul><\/li><li><a href=\"https:\/\/katech-solutions.com\/de\/unsere-vision\/\">Unsere Vision<\/a><\/li><li><a href=\"https:\/\/katech-solutions.com\/de\/datenschutz\/\">Datenschutz<\/a><\/li><li><a href=\"https:\/\/katech-solutions.com\/de\/kostenoptimierung\/\">Kostenoptimierung<\/a><\/li><li><a href=\"https:\/\/katech-solutions.com\/de\/unsere-facilities-de\/\">Unsere Standorte<\/a><\/li><li><a href=\"https:\/\/katech-solutions.com\/de\/wie-wir-arbeiten\/\">Wie wir arbeiten<\/a><\/li><li><a href=\"https:\/\/katech-solutions.com\/de\/technische-entwicklung-suite-uk\/\">Technologie Center UK<\/a><\/li><li><a href=\"https:\/\/katech-solutions.com\/de\/technologie-center-deutschland\/\">Technologie Center Deutschland<\/a><\/li><li><a href=\"https:\/\/katech-solutions.com\/de\/sales-office-poland\/\">Vertriebsb\u00fcro Polen<\/a><\/li><\/ul><\/ul><\/div> <!-- .kwayy-html-sitemap-wrapper -->\n","protected":false},"excerpt":{"rendered":"<p>Sitemap<\/p>\n","protected":false},"author":3,"featured_media":0,"parent":0,"menu_order":2,"comment_status":"closed","ping_status":"closed","template":"onecolumn-page.php","meta":{"_acf_changed":false,"footnotes":""},"class_list":["post-1769","page","type-page","status-publish","hentry"],"acf":[],"yoast_head":"<!-- This site is optimized with the Yoast SEO plugin v27.2 - https:\/\/yoast.com\/product\/yoast-seo-wordpress\/ -->\n<title>Sitemap |<\/title>\n<meta name=\"robots\" content=\"index, follow, max-snippet:-1, max-image-preview:large, max-video-preview:-1\" \/>\n<link rel=\"canonical\" href=\"https:\/\/katech-solutions.com\/de\/sitemap\/\" \/>\n<meta property=\"og:locale\" content=\"de_DE\" \/>\n<meta property=\"og:type\" content=\"article\" \/>\n<meta property=\"og:title\" content=\"Sitemap |\" \/>\n<meta property=\"og:description\" content=\"Sitemap\" \/>\n<meta property=\"og:url\" content=\"https:\/\/katech-solutions.com\/de\/sitemap\/\" \/>\n<meta property=\"og:site_name\" content=\"KaTech\" \/>\n<meta property=\"article:modified_time\" content=\"2012-08-22T13:31:54+00:00\" \/>\n<script type=\"application\/ld+json\" class=\"yoast-schema-graph\">{\"@context\":\"https:\/\/schema.org\",\"@graph\":[{\"@type\":\"WebPage\",\"@id\":\"https:\/\/katech-solutions.com\/de\/sitemap\/\",\"url\":\"https:\/\/katech-solutions.com\/de\/sitemap\/\",\"name\":\"Sitemap |\",\"isPartOf\":{\"@id\":\"https:\/\/katech-solutions.com\/#website\"},\"datePublished\":\"2012-08-22T13:30:13+00:00\",\"dateModified\":\"2012-08-22T13:31:54+00:00\",\"inLanguage\":\"de\",\"potentialAction\":[{\"@type\":\"ReadAction\",\"target\":[\"https:\/\/katech-solutions.com\/de\/sitemap\/\"]}]},{\"@type\":\"WebSite\",\"@id\":\"https:\/\/katech-solutions.com\/#website\",\"url\":\"https:\/\/katech-solutions.com\/\",\"name\":\"KaTech\",\"description\":\"\",\"potentialAction\":[{\"@type\":\"SearchAction\",\"target\":{\"@type\":\"EntryPoint\",\"urlTemplate\":\"https:\/\/katech-solutions.com\/?s={search_term_string}\"},\"query-input\":{\"@type\":\"PropertyValueSpecification\",\"valueRequired\":true,\"valueName\":\"search_term_string\"}}],\"inLanguage\":\"de\"}]}<\/script>\n<!-- \/ Yoast SEO plugin. -->","yoast_head_json":{"title":"Sitemap |","robots":{"index":"index","follow":"follow","max-snippet":"max-snippet:-1","max-image-preview":"max-image-preview:large","max-video-preview":"max-video-preview:-1"},"canonical":"https:\/\/katech-solutions.com\/de\/sitemap\/","og_locale":"de_DE","og_type":"article","og_title":"Sitemap |","og_description":"Sitemap","og_url":"https:\/\/katech-solutions.com\/de\/sitemap\/","og_site_name":"KaTech","article_modified_time":"2012-08-22T13:31:54+00:00","schema":{"@context":"https:\/\/schema.org","@graph":[{"@type":"WebPage","@id":"https:\/\/katech-solutions.com\/de\/sitemap\/","url":"https:\/\/katech-solutions.com\/de\/sitemap\/","name":"Sitemap |","isPartOf":{"@id":"https:\/\/katech-solutions.com\/#website"},"datePublished":"2012-08-22T13:30:13+00:00","dateModified":"2012-08-22T13:31:54+00:00","inLanguage":"de","potentialAction":[{"@type":"ReadAction","target":["https:\/\/katech-solutions.com\/de\/sitemap\/"]}]},{"@type":"WebSite","@id":"https:\/\/katech-solutions.com\/#website","url":"https:\/\/katech-solutions.com\/","name":"KaTech","description":"","potentialAction":[{"@type":"SearchAction","target":{"@type":"EntryPoint","urlTemplate":"https:\/\/katech-solutions.com\/?s={search_term_string}"},"query-input":{"@type":"PropertyValueSpecification","valueRequired":true,"valueName":"search_term_string"}}],"inLanguage":"de"}]}},"_links":{"self":[{"href":"https:\/\/katech-solutions.com\/de\/wp-json\/wp\/v2\/pages\/1769","targetHints":{"allow":["GET"]}}],"collection":[{"href":"https:\/\/katech-solutions.com\/de\/wp-json\/wp\/v2\/pages"}],"about":[{"href":"https:\/\/katech-solutions.com\/de\/wp-json\/wp\/v2\/types\/page"}],"author":[{"embeddable":true,"href":"https:\/\/katech-solutions.com\/de\/wp-json\/wp\/v2\/users\/3"}],"replies":[{"embeddable":true,"href":"https:\/\/katech-solutions.com\/de\/wp-json\/wp\/v2\/comments?post=1769"}],"version-history":[{"count":3,"href":"https:\/\/katech-solutions.com\/de\/wp-json\/wp\/v2\/pages\/1769\/revisions"}],"predecessor-version":[{"id":1771,"href":"https:\/\/katech-solutions.com\/de\/wp-json\/wp\/v2\/pages\/1769\/revisions\/1771"}],"wp:attachment":[{"href":"https:\/\/katech-solutions.com\/de\/wp-json\/wp\/v2\/media?parent=1769"}],"curies":[{"name":"wp","href":"https:\/\/api.w.org\/{rel}","templated":true}]}}