{"id":1612,"date":"2012-07-24T10:12:55","date_gmt":"2012-07-24T10:12:55","guid":{"rendered":"\/?page_id=1612"},"modified":"2017-08-24T16:16:47","modified_gmt":"2017-08-24T16:16:47","slug":"joghurt","status":"publish","type":"page","link":"https:\/\/katech-solutions.com\/de\/joghurt\/","title":{"rendered":"Joghurt"},"content":{"rendered":"<h2>Joghurt<\/h2>\n<p>Innerhalb eines halben Jahrhunderts hat sich Joghurt aus einem Produkt, welches fr\u00fcher nur in Reformh\u00e4usern zu finden war, zu einem Massen-Ph\u00e4nomen entwickelt. Joghurt hat eine Lebensmittel-Revolution ausgel\u00f6st und bestimmt heute eine Multi-Milliarden-Industrie.<\/p>\n<p>Die eingesetzten Kulturen haben einen wesentlichen Einfluss auf Geschmack und Textur des Joghurts.<\/p>\n<p>&nbsp;<\/p>\n<p>&nbsp;<\/p>\n","protected":false},"excerpt":{"rendered":"<p>Joghurt Innerhalb eines halben Jahrhunderts hat sich Joghurt aus einem Produkt, welches fr\u00fcher nur in Reformh\u00e4usern zu finden war, zu einem Massen-Ph\u00e4nomen entwickelt. Joghurt hat eine Lebensmittel-Revolution ausgel\u00f6st und bestimmt heute eine Multi-Milliarden-Industrie. Die eingesetzten Kulturen haben einen wesentlichen Einfluss &hellip; <a class=\"continue-reading\" href=\"https:\/\/katech-solutions.com\/de\/joghurt\/\">Weiterlesen <span class=\"meta-nav\">&rarr;<\/span><\/a><\/p>\n","protected":false},"author":3,"featured_media":0,"parent":0,"menu_order":0,"comment_status":"closed","ping_status":"open","template":"layout-content-3.php","meta":{"_acf_changed":false,"footnotes":""},"class_list":["post-1612","page","type-page","status-publish","hentry"],"acf":[],"yoast_head":"<!-- This site is optimized with the Yoast SEO plugin v27.2 - https:\/\/yoast.com\/product\/yoast-seo-wordpress\/ -->\n<title>KaTech \u2013 Stabilisator und Emulgator L\u00f6sungen f\u00fcr Joghurt<\/title>\n<meta name=\"description\" content=\"KaTech sind ein Lebensmittel-Technologie-Unternehmen, spezialisiert auf die Erstellung von Stabilisator und Emulgator L\u00f6sungen f\u00fcr Joghurt.\" \/>\n<meta name=\"robots\" content=\"index, follow, max-snippet:-1, max-image-preview:large, max-video-preview:-1\" \/>\n<link rel=\"canonical\" href=\"https:\/\/katech-solutions.com\/de\/joghurt\/\" \/>\n<meta property=\"og:locale\" content=\"de_DE\" \/>\n<meta property=\"og:type\" content=\"article\" \/>\n<meta property=\"og:title\" content=\"KaTech \u2013 Stabilisator und Emulgator L\u00f6sungen f\u00fcr Joghurt\" \/>\n<meta property=\"og:description\" content=\"KaTech sind ein Lebensmittel-Technologie-Unternehmen, spezialisiert auf die Erstellung von Stabilisator und Emulgator L\u00f6sungen f\u00fcr Joghurt.\" \/>\n<meta property=\"og:url\" content=\"https:\/\/katech-solutions.com\/de\/joghurt\/\" \/>\n<meta property=\"og:site_name\" content=\"KaTech\" \/>\n<meta property=\"article:modified_time\" content=\"2017-08-24T16:16:47+00:00\" \/>\n<script type=\"application\/ld+json\" class=\"yoast-schema-graph\">{\"@context\":\"https:\/\/schema.org\",\"@graph\":[{\"@type\":\"WebPage\",\"@id\":\"https:\/\/katech-solutions.com\/de\/joghurt\/\",\"url\":\"https:\/\/katech-solutions.com\/de\/joghurt\/\",\"name\":\"KaTech \u2013 Stabilisator und Emulgator L\u00f6sungen f\u00fcr Joghurt\",\"isPartOf\":{\"@id\":\"https:\/\/katech-solutions.com\/#website\"},\"datePublished\":\"2012-07-24T10:12:55+00:00\",\"dateModified\":\"2017-08-24T16:16:47+00:00\",\"description\":\"KaTech sind ein Lebensmittel-Technologie-Unternehmen, spezialisiert auf die Erstellung von Stabilisator und Emulgator L\u00f6sungen f\u00fcr Joghurt.\",\"inLanguage\":\"de\",\"potentialAction\":[{\"@type\":\"ReadAction\",\"target\":[\"https:\/\/katech-solutions.com\/de\/joghurt\/\"]}]},{\"@type\":\"WebSite\",\"@id\":\"https:\/\/katech-solutions.com\/#website\",\"url\":\"https:\/\/katech-solutions.com\/\",\"name\":\"KaTech\",\"description\":\"\",\"potentialAction\":[{\"@type\":\"SearchAction\",\"target\":{\"@type\":\"EntryPoint\",\"urlTemplate\":\"https:\/\/katech-solutions.com\/?s={search_term_string}\"},\"query-input\":{\"@type\":\"PropertyValueSpecification\",\"valueRequired\":true,\"valueName\":\"search_term_string\"}}],\"inLanguage\":\"de\"}]}<\/script>\n<!-- \/ Yoast SEO plugin. -->","yoast_head_json":{"title":"KaTech \u2013 Stabilisator und Emulgator L\u00f6sungen f\u00fcr Joghurt","description":"KaTech sind ein Lebensmittel-Technologie-Unternehmen, spezialisiert auf die Erstellung von Stabilisator und Emulgator L\u00f6sungen f\u00fcr Joghurt.","robots":{"index":"index","follow":"follow","max-snippet":"max-snippet:-1","max-image-preview":"max-image-preview:large","max-video-preview":"max-video-preview:-1"},"canonical":"https:\/\/katech-solutions.com\/de\/joghurt\/","og_locale":"de_DE","og_type":"article","og_title":"KaTech \u2013 Stabilisator und Emulgator L\u00f6sungen f\u00fcr Joghurt","og_description":"KaTech sind ein Lebensmittel-Technologie-Unternehmen, spezialisiert auf die Erstellung von Stabilisator und Emulgator L\u00f6sungen f\u00fcr Joghurt.","og_url":"https:\/\/katech-solutions.com\/de\/joghurt\/","og_site_name":"KaTech","article_modified_time":"2017-08-24T16:16:47+00:00","schema":{"@context":"https:\/\/schema.org","@graph":[{"@type":"WebPage","@id":"https:\/\/katech-solutions.com\/de\/joghurt\/","url":"https:\/\/katech-solutions.com\/de\/joghurt\/","name":"KaTech \u2013 Stabilisator und Emulgator L\u00f6sungen f\u00fcr Joghurt","isPartOf":{"@id":"https:\/\/katech-solutions.com\/#website"},"datePublished":"2012-07-24T10:12:55+00:00","dateModified":"2017-08-24T16:16:47+00:00","description":"KaTech sind ein Lebensmittel-Technologie-Unternehmen, spezialisiert auf die Erstellung von Stabilisator und Emulgator L\u00f6sungen f\u00fcr Joghurt.","inLanguage":"de","potentialAction":[{"@type":"ReadAction","target":["https:\/\/katech-solutions.com\/de\/joghurt\/"]}]},{"@type":"WebSite","@id":"https:\/\/katech-solutions.com\/#website","url":"https:\/\/katech-solutions.com\/","name":"KaTech","description":"","potentialAction":[{"@type":"SearchAction","target":{"@type":"EntryPoint","urlTemplate":"https:\/\/katech-solutions.com\/?s={search_term_string}"},"query-input":{"@type":"PropertyValueSpecification","valueRequired":true,"valueName":"search_term_string"}}],"inLanguage":"de"}]}},"_links":{"self":[{"href":"https:\/\/katech-solutions.com\/de\/wp-json\/wp\/v2\/pages\/1612","targetHints":{"allow":["GET"]}}],"collection":[{"href":"https:\/\/katech-solutions.com\/de\/wp-json\/wp\/v2\/pages"}],"about":[{"href":"https:\/\/katech-solutions.com\/de\/wp-json\/wp\/v2\/types\/page"}],"author":[{"embeddable":true,"href":"https:\/\/katech-solutions.com\/de\/wp-json\/wp\/v2\/users\/3"}],"replies":[{"embeddable":true,"href":"https:\/\/katech-solutions.com\/de\/wp-json\/wp\/v2\/comments?post=1612"}],"version-history":[{"count":30,"href":"https:\/\/katech-solutions.com\/de\/wp-json\/wp\/v2\/pages\/1612\/revisions"}],"predecessor-version":[{"id":8382,"href":"https:\/\/katech-solutions.com\/de\/wp-json\/wp\/v2\/pages\/1612\/revisions\/8382"}],"wp:attachment":[{"href":"https:\/\/katech-solutions.com\/de\/wp-json\/wp\/v2\/media?parent=1612"}],"curies":[{"name":"wp","href":"https:\/\/api.w.org\/{rel}","templated":true}]}}