{"id":1197,"date":"2012-07-20T08:05:39","date_gmt":"2012-07-20T08:05:39","guid":{"rendered":"\/?page_id=1197"},"modified":"2020-02-25T15:19:57","modified_gmt":"2020-02-25T15:19:57","slug":"kostenoptimierung","status":"publish","type":"page","link":"https:\/\/katech-solutions.com\/de\/kostenoptimierung\/","title":{"rendered":"Kostenoptimierung"},"content":{"rendered":"<h2>Kostenoptimierung<\/h2>\n<p>Selbst die erfolgreichsten Produkte erreichen einen Punkt im Lebenszyklus an dem sie unter Kostendruck geraten.<\/p>\n<p>Bei KaTech verstehen wir, welchem Druck Sie ausgesetzt sind, wenn Ihre Produkte an Wettbewerber vergeben werden oder sich neue M\u00f6glichkeiten ergeben, Sie aber sehr wenig Zeit zum Reagieren haben.<\/p>\n<p>Wenn eines Ihrer Produkte unter Wettbewerbsdruck steht oder Sie m\u00f6chten Ihre Produktrentabilit\u00e4t verbessern oder Ihre Rezeptur soll frei von problematischen Inhaltsstoffen hergestellt werden \u2013 nehmen Sie bitte Kontakt mit uns auf und unser Team wird gerne M\u00f6glichkeiten mit Ihnen diskutieren. F\u00fcr weitere Informationen schauen Sie bitte die Prezi gegen\u00fcber an.<\/p>\n<p>&nbsp;<\/p>\n","protected":false},"excerpt":{"rendered":"<p>Kostenoptimierung Selbst die erfolgreichsten Produkte erreichen einen Punkt im Lebenszyklus an dem sie unter Kostendruck geraten. Bei KaTech verstehen wir, welchem Druck Sie ausgesetzt sind, wenn Ihre Produkte an Wettbewerber vergeben werden oder sich neue M\u00f6glichkeiten ergeben, Sie aber sehr &hellip; <a class=\"continue-reading\" href=\"https:\/\/katech-solutions.com\/de\/kostenoptimierung\/\">Weiterlesen <span class=\"meta-nav\">&rarr;<\/span><\/a><\/p>\n","protected":false},"author":3,"featured_media":0,"parent":0,"menu_order":2,"comment_status":"closed","ping_status":"open","template":"layout-content-3.php","meta":{"_acf_changed":false,"footnotes":""},"class_list":["post-1197","page","type-page","status-publish","hentry"],"acf":[],"yoast_head":"<!-- This site is optimized with the Yoast SEO plugin v27.2 - https:\/\/yoast.com\/product\/yoast-seo-wordpress\/ -->\n<title>KaTech - Kostenoptimierung L\u00f6sungen f\u00fcr Essen und trinken Rezepte<\/title>\n<meta name=\"description\" content=\"KaTech sind ein Lebensmittel-Technologie-Unternehmen, spezialisiert auf L\u00f6sungen im Kostenoptimierung f\u00fcr eine Reihe von Essen und trinken-Produkten und Rezepten.\" \/>\n<meta name=\"robots\" content=\"index, follow, max-snippet:-1, max-image-preview:large, max-video-preview:-1\" \/>\n<link rel=\"canonical\" href=\"https:\/\/katech-solutions.com\/de\/kostenoptimierung\/\" \/>\n<meta property=\"og:locale\" content=\"de_DE\" \/>\n<meta property=\"og:type\" content=\"article\" \/>\n<meta property=\"og:title\" content=\"KaTech - Kostenoptimierung L\u00f6sungen f\u00fcr Essen und trinken Rezepte\" \/>\n<meta property=\"og:description\" content=\"KaTech sind ein Lebensmittel-Technologie-Unternehmen, spezialisiert auf L\u00f6sungen im Kostenoptimierung f\u00fcr eine Reihe von Essen und trinken-Produkten und Rezepten.\" \/>\n<meta property=\"og:url\" content=\"https:\/\/katech-solutions.com\/de\/kostenoptimierung\/\" \/>\n<meta property=\"og:site_name\" content=\"KaTech\" \/>\n<meta property=\"article:modified_time\" content=\"2020-02-25T15:19:57+00:00\" \/>\n<meta name=\"twitter:label1\" content=\"Gesch\u00e4tzte Lesezeit\" \/>\n\t<meta name=\"twitter:data1\" content=\"1\u00a0Minute\" \/>\n<script type=\"application\/ld+json\" class=\"yoast-schema-graph\">{\"@context\":\"https:\/\/schema.org\",\"@graph\":[{\"@type\":\"WebPage\",\"@id\":\"https:\/\/katech-solutions.com\/de\/kostenoptimierung\/\",\"url\":\"https:\/\/katech-solutions.com\/de\/kostenoptimierung\/\",\"name\":\"KaTech - Kostenoptimierung L\u00f6sungen f\u00fcr Essen und trinken Rezepte\",\"isPartOf\":{\"@id\":\"https:\/\/katech-solutions.com\/#website\"},\"datePublished\":\"2012-07-20T08:05:39+00:00\",\"dateModified\":\"2020-02-25T15:19:57+00:00\",\"description\":\"KaTech sind ein Lebensmittel-Technologie-Unternehmen, spezialisiert auf L\u00f6sungen im Kostenoptimierung f\u00fcr eine Reihe von Essen und trinken-Produkten und Rezepten.\",\"inLanguage\":\"de\",\"potentialAction\":[{\"@type\":\"ReadAction\",\"target\":[\"https:\/\/katech-solutions.com\/de\/kostenoptimierung\/\"]}]},{\"@type\":\"WebSite\",\"@id\":\"https:\/\/katech-solutions.com\/#website\",\"url\":\"https:\/\/katech-solutions.com\/\",\"name\":\"KaTech\",\"description\":\"\",\"potentialAction\":[{\"@type\":\"SearchAction\",\"target\":{\"@type\":\"EntryPoint\",\"urlTemplate\":\"https:\/\/katech-solutions.com\/?s={search_term_string}\"},\"query-input\":{\"@type\":\"PropertyValueSpecification\",\"valueRequired\":true,\"valueName\":\"search_term_string\"}}],\"inLanguage\":\"de\"}]}<\/script>\n<!-- \/ Yoast SEO plugin. -->","yoast_head_json":{"title":"KaTech - Kostenoptimierung L\u00f6sungen f\u00fcr Essen und trinken Rezepte","description":"KaTech sind ein Lebensmittel-Technologie-Unternehmen, spezialisiert auf L\u00f6sungen im Kostenoptimierung f\u00fcr eine Reihe von Essen und trinken-Produkten und Rezepten.","robots":{"index":"index","follow":"follow","max-snippet":"max-snippet:-1","max-image-preview":"max-image-preview:large","max-video-preview":"max-video-preview:-1"},"canonical":"https:\/\/katech-solutions.com\/de\/kostenoptimierung\/","og_locale":"de_DE","og_type":"article","og_title":"KaTech - Kostenoptimierung L\u00f6sungen f\u00fcr Essen und trinken Rezepte","og_description":"KaTech sind ein Lebensmittel-Technologie-Unternehmen, spezialisiert auf L\u00f6sungen im Kostenoptimierung f\u00fcr eine Reihe von Essen und trinken-Produkten und Rezepten.","og_url":"https:\/\/katech-solutions.com\/de\/kostenoptimierung\/","og_site_name":"KaTech","article_modified_time":"2020-02-25T15:19:57+00:00","twitter_misc":{"Gesch\u00e4tzte Lesezeit":"1\u00a0Minute"},"schema":{"@context":"https:\/\/schema.org","@graph":[{"@type":"WebPage","@id":"https:\/\/katech-solutions.com\/de\/kostenoptimierung\/","url":"https:\/\/katech-solutions.com\/de\/kostenoptimierung\/","name":"KaTech - Kostenoptimierung L\u00f6sungen f\u00fcr Essen und trinken Rezepte","isPartOf":{"@id":"https:\/\/katech-solutions.com\/#website"},"datePublished":"2012-07-20T08:05:39+00:00","dateModified":"2020-02-25T15:19:57+00:00","description":"KaTech sind ein Lebensmittel-Technologie-Unternehmen, spezialisiert auf L\u00f6sungen im Kostenoptimierung f\u00fcr eine Reihe von Essen und trinken-Produkten und Rezepten.","inLanguage":"de","potentialAction":[{"@type":"ReadAction","target":["https:\/\/katech-solutions.com\/de\/kostenoptimierung\/"]}]},{"@type":"WebSite","@id":"https:\/\/katech-solutions.com\/#website","url":"https:\/\/katech-solutions.com\/","name":"KaTech","description":"","potentialAction":[{"@type":"SearchAction","target":{"@type":"EntryPoint","urlTemplate":"https:\/\/katech-solutions.com\/?s={search_term_string}"},"query-input":{"@type":"PropertyValueSpecification","valueRequired":true,"valueName":"search_term_string"}}],"inLanguage":"de"}]}},"_links":{"self":[{"href":"https:\/\/katech-solutions.com\/de\/wp-json\/wp\/v2\/pages\/1197","targetHints":{"allow":["GET"]}}],"collection":[{"href":"https:\/\/katech-solutions.com\/de\/wp-json\/wp\/v2\/pages"}],"about":[{"href":"https:\/\/katech-solutions.com\/de\/wp-json\/wp\/v2\/types\/page"}],"author":[{"embeddable":true,"href":"https:\/\/katech-solutions.com\/de\/wp-json\/wp\/v2\/users\/3"}],"replies":[{"embeddable":true,"href":"https:\/\/katech-solutions.com\/de\/wp-json\/wp\/v2\/comments?post=1197"}],"version-history":[{"count":13,"href":"https:\/\/katech-solutions.com\/de\/wp-json\/wp\/v2\/pages\/1197\/revisions"}],"predecessor-version":[{"id":10601,"href":"https:\/\/katech-solutions.com\/de\/wp-json\/wp\/v2\/pages\/1197\/revisions\/10601"}],"wp:attachment":[{"href":"https:\/\/katech-solutions.com\/de\/wp-json\/wp\/v2\/media?parent=1197"}],"curies":[{"name":"wp","href":"https:\/\/api.w.org\/{rel}","templated":true}]}}