{"id":1192,"date":"2012-05-03T09:51:39","date_gmt":"2012-05-03T09:51:39","guid":{"rendered":"\/?page_id=1192"},"modified":"2014-11-14T12:01:11","modified_gmt":"2014-11-14T12:01:11","slug":"griechischer-joghurt","status":"publish","type":"page","link":"https:\/\/katech-solutions.com\/de\/joghurt\/griechischer-joghurt\/","title":{"rendered":"Griechischer Joghurt"},"content":{"rendered":"<p>Urspr\u00fcnglich kommt dieser Joghurt aus dem Mittleren Osten.\u00a0 Durch das traditionelle Herstellungsverfahren (der Joghurt wurde in Leinens\u00e4cken aufgeh\u00e4ngt und entmolkt) erhielt man einen Joghurt mit einer besonders festen Konsistenz und etwas rau aussehender Struktur.<\/p>\n<p>Diese Art von Joghurt mit hoher Trockenmasse, hohem Fettgehalt und reinem Geschmack erfreut sich gro\u00dfer Beliebtheit und viele Joghurtproduzenten haben Ihre eigene Version eines Griechischen Joghurts auf den Markt gebracht.<\/p>\n<p>Griechischer Joghurt wird heute in einer Vielfalt von Produkten eingesetzt und auch immer mehr direkt verzehrt. Er dient z.B. als Basis f\u00fcr Zaziki und D\u00f6nerso\u00dfen. In der modernen K\u00fcche auch zum Verfeinern von Speisen und zur Herstellung Dips, Saucen und Desserts.<\/p>\n<p>&nbsp;<\/p>\n","protected":false},"excerpt":{"rendered":"<p>Urspr\u00fcnglich kommt dieser Joghurt aus dem Mittleren Osten.\u00a0 Durch das traditionelle Herstellungsverfahren (der Joghurt wurde in Leinens\u00e4cken aufgeh\u00e4ngt und entmolkt) erhielt man einen Joghurt mit einer besonders festen Konsistenz und etwas rau aussehender Struktur. Diese Art von Joghurt mit hoher &hellip; <a class=\"continue-reading\" href=\"https:\/\/katech-solutions.com\/de\/joghurt\/griechischer-joghurt\/\">Weiterlesen <span class=\"meta-nav\">&rarr;<\/span><\/a><\/p>\n","protected":false},"author":3,"featured_media":0,"parent":1612,"menu_order":0,"comment_status":"closed","ping_status":"open","template":"","meta":{"_acf_changed":false,"footnotes":""},"class_list":["post-1192","page","type-page","status-publish","hentry"],"acf":[],"yoast_head":"<!-- This site is optimized with the Yoast SEO plugin v27.2 - https:\/\/yoast.com\/product\/yoast-seo-wordpress\/ -->\n<title>KaTech \u2013 Stabilisator und Emulgator L\u00f6sungen f\u00fcr Griechischer Joghurt<\/title>\n<meta name=\"description\" content=\"KaTech sind ein Lebensmittel-Technologie-Unternehmen, spezialisiert auf die Erstellung von ma\u00dfgeschneiderten Stabilisator und Emulgator L\u00f6sungen f\u00fcr Griechischer Joghurt.\" \/>\n<meta name=\"robots\" content=\"index, follow, max-snippet:-1, max-image-preview:large, max-video-preview:-1\" \/>\n<link rel=\"canonical\" href=\"https:\/\/katech-solutions.com\/de\/joghurt\/griechischer-joghurt\/\" \/>\n<meta property=\"og:locale\" content=\"de_DE\" \/>\n<meta property=\"og:type\" content=\"article\" \/>\n<meta property=\"og:title\" content=\"KaTech \u2013 Stabilisator und Emulgator L\u00f6sungen f\u00fcr Griechischer Joghurt\" \/>\n<meta property=\"og:description\" content=\"KaTech sind ein Lebensmittel-Technologie-Unternehmen, spezialisiert auf die Erstellung von ma\u00dfgeschneiderten Stabilisator und Emulgator L\u00f6sungen f\u00fcr Griechischer Joghurt.\" \/>\n<meta property=\"og:url\" content=\"https:\/\/katech-solutions.com\/de\/joghurt\/griechischer-joghurt\/\" \/>\n<meta property=\"og:site_name\" content=\"KaTech\" \/>\n<meta property=\"article:modified_time\" content=\"2014-11-14T12:01:11+00:00\" \/>\n<meta name=\"twitter:label1\" content=\"Gesch\u00e4tzte Lesezeit\" \/>\n\t<meta name=\"twitter:data1\" content=\"1\u00a0Minute\" \/>\n<script type=\"application\/ld+json\" class=\"yoast-schema-graph\">{\"@context\":\"https:\/\/schema.org\",\"@graph\":[{\"@type\":\"WebPage\",\"@id\":\"https:\/\/katech-solutions.com\/de\/joghurt\/griechischer-joghurt\/\",\"url\":\"https:\/\/katech-solutions.com\/de\/joghurt\/griechischer-joghurt\/\",\"name\":\"KaTech \u2013 Stabilisator und Emulgator L\u00f6sungen f\u00fcr Griechischer Joghurt\",\"isPartOf\":{\"@id\":\"https:\/\/katech-solutions.com\/#website\"},\"datePublished\":\"2012-05-03T09:51:39+00:00\",\"dateModified\":\"2014-11-14T12:01:11+00:00\",\"description\":\"KaTech sind ein Lebensmittel-Technologie-Unternehmen, spezialisiert auf die Erstellung von ma\u00dfgeschneiderten Stabilisator und Emulgator L\u00f6sungen f\u00fcr Griechischer Joghurt.\",\"breadcrumb\":{\"@id\":\"https:\/\/katech-solutions.com\/de\/joghurt\/griechischer-joghurt\/#breadcrumb\"},\"inLanguage\":\"de\",\"potentialAction\":[{\"@type\":\"ReadAction\",\"target\":[\"https:\/\/katech-solutions.com\/de\/joghurt\/griechischer-joghurt\/\"]}]},{\"@type\":\"BreadcrumbList\",\"@id\":\"https:\/\/katech-solutions.com\/de\/joghurt\/griechischer-joghurt\/#breadcrumb\",\"itemListElement\":[{\"@type\":\"ListItem\",\"position\":1,\"name\":\"Joghurt\",\"item\":\"https:\/\/katech-solutions.com\/de\/joghurt\/\"},{\"@type\":\"ListItem\",\"position\":2,\"name\":\"Griechischer Joghurt\"}]},{\"@type\":\"WebSite\",\"@id\":\"https:\/\/katech-solutions.com\/#website\",\"url\":\"https:\/\/katech-solutions.com\/\",\"name\":\"KaTech\",\"description\":\"\",\"potentialAction\":[{\"@type\":\"SearchAction\",\"target\":{\"@type\":\"EntryPoint\",\"urlTemplate\":\"https:\/\/katech-solutions.com\/?s={search_term_string}\"},\"query-input\":{\"@type\":\"PropertyValueSpecification\",\"valueRequired\":true,\"valueName\":\"search_term_string\"}}],\"inLanguage\":\"de\"}]}<\/script>\n<!-- \/ Yoast SEO plugin. -->","yoast_head_json":{"title":"KaTech \u2013 Stabilisator und Emulgator L\u00f6sungen f\u00fcr Griechischer Joghurt","description":"KaTech sind ein Lebensmittel-Technologie-Unternehmen, spezialisiert auf die Erstellung von ma\u00dfgeschneiderten Stabilisator und Emulgator L\u00f6sungen f\u00fcr Griechischer Joghurt.","robots":{"index":"index","follow":"follow","max-snippet":"max-snippet:-1","max-image-preview":"max-image-preview:large","max-video-preview":"max-video-preview:-1"},"canonical":"https:\/\/katech-solutions.com\/de\/joghurt\/griechischer-joghurt\/","og_locale":"de_DE","og_type":"article","og_title":"KaTech \u2013 Stabilisator und Emulgator L\u00f6sungen f\u00fcr Griechischer Joghurt","og_description":"KaTech sind ein Lebensmittel-Technologie-Unternehmen, spezialisiert auf die Erstellung von ma\u00dfgeschneiderten Stabilisator und Emulgator L\u00f6sungen f\u00fcr Griechischer Joghurt.","og_url":"https:\/\/katech-solutions.com\/de\/joghurt\/griechischer-joghurt\/","og_site_name":"KaTech","article_modified_time":"2014-11-14T12:01:11+00:00","twitter_misc":{"Gesch\u00e4tzte Lesezeit":"1\u00a0Minute"},"schema":{"@context":"https:\/\/schema.org","@graph":[{"@type":"WebPage","@id":"https:\/\/katech-solutions.com\/de\/joghurt\/griechischer-joghurt\/","url":"https:\/\/katech-solutions.com\/de\/joghurt\/griechischer-joghurt\/","name":"KaTech \u2013 Stabilisator und Emulgator L\u00f6sungen f\u00fcr Griechischer Joghurt","isPartOf":{"@id":"https:\/\/katech-solutions.com\/#website"},"datePublished":"2012-05-03T09:51:39+00:00","dateModified":"2014-11-14T12:01:11+00:00","description":"KaTech sind ein Lebensmittel-Technologie-Unternehmen, spezialisiert auf die Erstellung von ma\u00dfgeschneiderten Stabilisator und Emulgator L\u00f6sungen f\u00fcr Griechischer Joghurt.","breadcrumb":{"@id":"https:\/\/katech-solutions.com\/de\/joghurt\/griechischer-joghurt\/#breadcrumb"},"inLanguage":"de","potentialAction":[{"@type":"ReadAction","target":["https:\/\/katech-solutions.com\/de\/joghurt\/griechischer-joghurt\/"]}]},{"@type":"BreadcrumbList","@id":"https:\/\/katech-solutions.com\/de\/joghurt\/griechischer-joghurt\/#breadcrumb","itemListElement":[{"@type":"ListItem","position":1,"name":"Joghurt","item":"https:\/\/katech-solutions.com\/de\/joghurt\/"},{"@type":"ListItem","position":2,"name":"Griechischer Joghurt"}]},{"@type":"WebSite","@id":"https:\/\/katech-solutions.com\/#website","url":"https:\/\/katech-solutions.com\/","name":"KaTech","description":"","potentialAction":[{"@type":"SearchAction","target":{"@type":"EntryPoint","urlTemplate":"https:\/\/katech-solutions.com\/?s={search_term_string}"},"query-input":{"@type":"PropertyValueSpecification","valueRequired":true,"valueName":"search_term_string"}}],"inLanguage":"de"}]}},"_links":{"self":[{"href":"https:\/\/katech-solutions.com\/de\/wp-json\/wp\/v2\/pages\/1192","targetHints":{"allow":["GET"]}}],"collection":[{"href":"https:\/\/katech-solutions.com\/de\/wp-json\/wp\/v2\/pages"}],"about":[{"href":"https:\/\/katech-solutions.com\/de\/wp-json\/wp\/v2\/types\/page"}],"author":[{"embeddable":true,"href":"https:\/\/katech-solutions.com\/de\/wp-json\/wp\/v2\/users\/3"}],"replies":[{"embeddable":true,"href":"https:\/\/katech-solutions.com\/de\/wp-json\/wp\/v2\/comments?post=1192"}],"version-history":[{"count":20,"href":"https:\/\/katech-solutions.com\/de\/wp-json\/wp\/v2\/pages\/1192\/revisions"}],"predecessor-version":[{"id":6604,"href":"https:\/\/katech-solutions.com\/de\/wp-json\/wp\/v2\/pages\/1192\/revisions\/6604"}],"up":[{"embeddable":true,"href":"https:\/\/katech-solutions.com\/de\/wp-json\/wp\/v2\/pages\/1612"}],"wp:attachment":[{"href":"https:\/\/katech-solutions.com\/de\/wp-json\/wp\/v2\/media?parent=1192"}],"curies":[{"name":"wp","href":"https:\/\/api.w.org\/{rel}","templated":true}]}}