{"id":1190,"date":"2012-07-20T07:57:12","date_gmt":"2012-07-20T07:57:12","guid":{"rendered":"\/?page_id=1190"},"modified":"2014-11-12T16:33:52","modified_gmt":"2014-11-12T16:33:52","slug":"joghurtgetrank","status":"publish","type":"page","link":"https:\/\/katech-solutions.com\/de\/joghurt\/joghurtgetrank\/","title":{"rendered":"Joghurtgetr\u00e4nk"},"content":{"rendered":"<p>Bei Joghurtgetr\u00e4nken handelt es sich um einen trinkf\u00e4higen R\u00fchrjoghurt. Sie enthalten in der Regel wenig Fett und werden in verschiedensten Geschmacksrichtungen angeboten.<\/p>\n<p>Joghurt-Drinks sind perfekt f\u00fcr den modernen Verbraucher Lifestyle: convenient, gesund und relativ kalorienarm.<\/p>\n<p>Die Vorteile eines Stabilisierungssystems sind Proteinschutz, verbesserte Stabilit\u00e4t und Mundgef\u00fchl.<\/p>\n","protected":false},"excerpt":{"rendered":"<p>Bei Joghurtgetr\u00e4nken handelt es sich um einen trinkf\u00e4higen R\u00fchrjoghurt. Sie enthalten in der Regel wenig Fett und werden in verschiedensten Geschmacksrichtungen angeboten. Joghurt-Drinks sind perfekt f\u00fcr den modernen Verbraucher Lifestyle: convenient, gesund und relativ kalorienarm. Die Vorteile eines Stabilisierungssystems sind &hellip; <a class=\"continue-reading\" href=\"https:\/\/katech-solutions.com\/de\/joghurt\/joghurtgetrank\/\">Weiterlesen <span class=\"meta-nav\">&rarr;<\/span><\/a><\/p>\n","protected":false},"author":3,"featured_media":0,"parent":1612,"menu_order":0,"comment_status":"closed","ping_status":"open","template":"","meta":{"_acf_changed":false,"footnotes":""},"class_list":["post-1190","page","type-page","status-publish","hentry"],"acf":[],"yoast_head":"<!-- This site is optimized with the Yoast SEO plugin v27.2 - https:\/\/yoast.com\/product\/yoast-seo-wordpress\/ -->\n<title>KaTech \u2013 Stabilisator und Emulgator L\u00f6sungen f\u00fcr Joghurtgetr\u00e4nk<\/title>\n<meta name=\"description\" content=\"KaTech sind ein Lebensmittel-Technologie-Unternehmen, spezialisiert auf die Erstellung von ma\u00dfgeschneiderten Stabilisator und Emulgator L\u00f6sungen f\u00fcr Joghurtgetr\u00e4nk.\" \/>\n<meta name=\"robots\" content=\"index, follow, max-snippet:-1, max-image-preview:large, max-video-preview:-1\" \/>\n<link rel=\"canonical\" href=\"https:\/\/katech-solutions.com\/de\/joghurt\/joghurtgetrank\/\" \/>\n<meta property=\"og:locale\" content=\"de_DE\" \/>\n<meta property=\"og:type\" content=\"article\" \/>\n<meta property=\"og:title\" content=\"KaTech \u2013 Stabilisator und Emulgator L\u00f6sungen f\u00fcr Joghurtgetr\u00e4nk\" \/>\n<meta property=\"og:description\" content=\"KaTech sind ein Lebensmittel-Technologie-Unternehmen, spezialisiert auf die Erstellung von ma\u00dfgeschneiderten Stabilisator und Emulgator L\u00f6sungen f\u00fcr Joghurtgetr\u00e4nk.\" \/>\n<meta property=\"og:url\" content=\"https:\/\/katech-solutions.com\/de\/joghurt\/joghurtgetrank\/\" \/>\n<meta property=\"og:site_name\" content=\"KaTech\" \/>\n<meta property=\"article:modified_time\" content=\"2014-11-12T16:33:52+00:00\" \/>\n<script type=\"application\/ld+json\" class=\"yoast-schema-graph\">{\"@context\":\"https:\/\/schema.org\",\"@graph\":[{\"@type\":\"WebPage\",\"@id\":\"https:\/\/katech-solutions.com\/de\/joghurt\/joghurtgetrank\/\",\"url\":\"https:\/\/katech-solutions.com\/de\/joghurt\/joghurtgetrank\/\",\"name\":\"KaTech \u2013 Stabilisator und Emulgator L\u00f6sungen f\u00fcr Joghurtgetr\u00e4nk\",\"isPartOf\":{\"@id\":\"https:\/\/katech-solutions.com\/#website\"},\"datePublished\":\"2012-07-20T07:57:12+00:00\",\"dateModified\":\"2014-11-12T16:33:52+00:00\",\"description\":\"KaTech sind ein Lebensmittel-Technologie-Unternehmen, spezialisiert auf die Erstellung von ma\u00dfgeschneiderten Stabilisator und Emulgator L\u00f6sungen f\u00fcr Joghurtgetr\u00e4nk.\",\"breadcrumb\":{\"@id\":\"https:\/\/katech-solutions.com\/de\/joghurt\/joghurtgetrank\/#breadcrumb\"},\"inLanguage\":\"de\",\"potentialAction\":[{\"@type\":\"ReadAction\",\"target\":[\"https:\/\/katech-solutions.com\/de\/joghurt\/joghurtgetrank\/\"]}]},{\"@type\":\"BreadcrumbList\",\"@id\":\"https:\/\/katech-solutions.com\/de\/joghurt\/joghurtgetrank\/#breadcrumb\",\"itemListElement\":[{\"@type\":\"ListItem\",\"position\":1,\"name\":\"Joghurt\",\"item\":\"https:\/\/katech-solutions.com\/de\/joghurt\/\"},{\"@type\":\"ListItem\",\"position\":2,\"name\":\"Joghurtgetr\u00e4nk\"}]},{\"@type\":\"WebSite\",\"@id\":\"https:\/\/katech-solutions.com\/#website\",\"url\":\"https:\/\/katech-solutions.com\/\",\"name\":\"KaTech\",\"description\":\"\",\"potentialAction\":[{\"@type\":\"SearchAction\",\"target\":{\"@type\":\"EntryPoint\",\"urlTemplate\":\"https:\/\/katech-solutions.com\/?s={search_term_string}\"},\"query-input\":{\"@type\":\"PropertyValueSpecification\",\"valueRequired\":true,\"valueName\":\"search_term_string\"}}],\"inLanguage\":\"de\"}]}<\/script>\n<!-- \/ Yoast SEO plugin. -->","yoast_head_json":{"title":"KaTech \u2013 Stabilisator und Emulgator L\u00f6sungen f\u00fcr Joghurtgetr\u00e4nk","description":"KaTech sind ein Lebensmittel-Technologie-Unternehmen, spezialisiert auf die Erstellung von ma\u00dfgeschneiderten Stabilisator und Emulgator L\u00f6sungen f\u00fcr Joghurtgetr\u00e4nk.","robots":{"index":"index","follow":"follow","max-snippet":"max-snippet:-1","max-image-preview":"max-image-preview:large","max-video-preview":"max-video-preview:-1"},"canonical":"https:\/\/katech-solutions.com\/de\/joghurt\/joghurtgetrank\/","og_locale":"de_DE","og_type":"article","og_title":"KaTech \u2013 Stabilisator und Emulgator L\u00f6sungen f\u00fcr Joghurtgetr\u00e4nk","og_description":"KaTech sind ein Lebensmittel-Technologie-Unternehmen, spezialisiert auf die Erstellung von ma\u00dfgeschneiderten Stabilisator und Emulgator L\u00f6sungen f\u00fcr Joghurtgetr\u00e4nk.","og_url":"https:\/\/katech-solutions.com\/de\/joghurt\/joghurtgetrank\/","og_site_name":"KaTech","article_modified_time":"2014-11-12T16:33:52+00:00","schema":{"@context":"https:\/\/schema.org","@graph":[{"@type":"WebPage","@id":"https:\/\/katech-solutions.com\/de\/joghurt\/joghurtgetrank\/","url":"https:\/\/katech-solutions.com\/de\/joghurt\/joghurtgetrank\/","name":"KaTech \u2013 Stabilisator und Emulgator L\u00f6sungen f\u00fcr Joghurtgetr\u00e4nk","isPartOf":{"@id":"https:\/\/katech-solutions.com\/#website"},"datePublished":"2012-07-20T07:57:12+00:00","dateModified":"2014-11-12T16:33:52+00:00","description":"KaTech sind ein Lebensmittel-Technologie-Unternehmen, spezialisiert auf die Erstellung von ma\u00dfgeschneiderten Stabilisator und Emulgator L\u00f6sungen f\u00fcr Joghurtgetr\u00e4nk.","breadcrumb":{"@id":"https:\/\/katech-solutions.com\/de\/joghurt\/joghurtgetrank\/#breadcrumb"},"inLanguage":"de","potentialAction":[{"@type":"ReadAction","target":["https:\/\/katech-solutions.com\/de\/joghurt\/joghurtgetrank\/"]}]},{"@type":"BreadcrumbList","@id":"https:\/\/katech-solutions.com\/de\/joghurt\/joghurtgetrank\/#breadcrumb","itemListElement":[{"@type":"ListItem","position":1,"name":"Joghurt","item":"https:\/\/katech-solutions.com\/de\/joghurt\/"},{"@type":"ListItem","position":2,"name":"Joghurtgetr\u00e4nk"}]},{"@type":"WebSite","@id":"https:\/\/katech-solutions.com\/#website","url":"https:\/\/katech-solutions.com\/","name":"KaTech","description":"","potentialAction":[{"@type":"SearchAction","target":{"@type":"EntryPoint","urlTemplate":"https:\/\/katech-solutions.com\/?s={search_term_string}"},"query-input":{"@type":"PropertyValueSpecification","valueRequired":true,"valueName":"search_term_string"}}],"inLanguage":"de"}]}},"_links":{"self":[{"href":"https:\/\/katech-solutions.com\/de\/wp-json\/wp\/v2\/pages\/1190","targetHints":{"allow":["GET"]}}],"collection":[{"href":"https:\/\/katech-solutions.com\/de\/wp-json\/wp\/v2\/pages"}],"about":[{"href":"https:\/\/katech-solutions.com\/de\/wp-json\/wp\/v2\/types\/page"}],"author":[{"embeddable":true,"href":"https:\/\/katech-solutions.com\/de\/wp-json\/wp\/v2\/users\/3"}],"replies":[{"embeddable":true,"href":"https:\/\/katech-solutions.com\/de\/wp-json\/wp\/v2\/comments?post=1190"}],"version-history":[{"count":14,"href":"https:\/\/katech-solutions.com\/de\/wp-json\/wp\/v2\/pages\/1190\/revisions"}],"predecessor-version":[{"id":6579,"href":"https:\/\/katech-solutions.com\/de\/wp-json\/wp\/v2\/pages\/1190\/revisions\/6579"}],"up":[{"embeddable":true,"href":"https:\/\/katech-solutions.com\/de\/wp-json\/wp\/v2\/pages\/1612"}],"wp:attachment":[{"href":"https:\/\/katech-solutions.com\/de\/wp-json\/wp\/v2\/media?parent=1190"}],"curies":[{"name":"wp","href":"https:\/\/api.w.org\/{rel}","templated":true}]}}