{"id":1185,"date":"2012-05-03T09:51:09","date_gmt":"2012-05-03T09:51:09","guid":{"rendered":"\/?page_id=1185"},"modified":"2014-11-12T16:21:32","modified_gmt":"2014-11-12T16:21:32","slug":"stichfester-joghurt","status":"publish","type":"page","link":"https:\/\/katech-solutions.com\/de\/joghurt\/stichfester-joghurt\/","title":{"rendered":"Stichfester Joghurt"},"content":{"rendered":"<p>Die Fermentation von stichfestem Joghurt findet in der Verkaufverpackung statt, die biochemischen Reaktionen f\u00fcr die Entstehung des Koagulates sind jedoch dieselben, wie beim R\u00fchrjoghurt.<\/p>\n<p>Die Joghurt-Milch wird in die Verpackung gef\u00fcllt und ohne weitere Mechanik ges\u00e4uert. Stichfester Joghurt hat eine charakteristische\u00a0 gelierte Textur, wodurch man ihn in idealer Weise in verschiedenen Gerichten und Saucen\u00a0 verwenden oder einfach auch pur oder unterlegt oder aus dem Doppelkammerbecher genie\u00dfen kann.<\/p>\n","protected":false},"excerpt":{"rendered":"<p>Die Fermentation von stichfestem Joghurt findet in der Verkaufverpackung statt, die biochemischen Reaktionen f\u00fcr die Entstehung des Koagulates sind jedoch dieselben, wie beim R\u00fchrjoghurt. Die Joghurt-Milch wird in die Verpackung gef\u00fcllt und ohne weitere Mechanik ges\u00e4uert. Stichfester Joghurt hat eine &hellip; <a class=\"continue-reading\" href=\"https:\/\/katech-solutions.com\/de\/joghurt\/stichfester-joghurt\/\">Weiterlesen <span class=\"meta-nav\">&rarr;<\/span><\/a><\/p>\n","protected":false},"author":3,"featured_media":0,"parent":1612,"menu_order":0,"comment_status":"closed","ping_status":"open","template":"","meta":{"_acf_changed":false,"footnotes":""},"class_list":["post-1185","page","type-page","status-publish","hentry"],"acf":[],"yoast_head":"<!-- This site is optimized with the Yoast SEO plugin v27.2 - https:\/\/yoast.com\/product\/yoast-seo-wordpress\/ -->\n<title>KaTech - Stabilisatoren und Emulgatoren f\u00fcr Stichfester Joghurt<\/title>\n<meta name=\"description\" content=\"KaTech sind ein Lebensmittel-Technologie-Unternehmen, spezialisiert auf Stabilisator und Emulgator-L\u00f6sungen f\u00fcr Stichfester Joghurt.\" \/>\n<meta name=\"robots\" content=\"index, follow, max-snippet:-1, max-image-preview:large, max-video-preview:-1\" \/>\n<link rel=\"canonical\" href=\"https:\/\/katech-solutions.com\/de\/joghurt\/stichfester-joghurt\/\" \/>\n<meta property=\"og:locale\" content=\"de_DE\" \/>\n<meta property=\"og:type\" content=\"article\" \/>\n<meta property=\"og:title\" content=\"KaTech - Stabilisatoren und Emulgatoren f\u00fcr Stichfester Joghurt\" \/>\n<meta property=\"og:description\" content=\"KaTech sind ein Lebensmittel-Technologie-Unternehmen, spezialisiert auf Stabilisator und Emulgator-L\u00f6sungen f\u00fcr Stichfester Joghurt.\" \/>\n<meta property=\"og:url\" content=\"https:\/\/katech-solutions.com\/de\/joghurt\/stichfester-joghurt\/\" \/>\n<meta property=\"og:site_name\" content=\"KaTech\" \/>\n<meta property=\"article:modified_time\" content=\"2014-11-12T16:21:32+00:00\" \/>\n<script type=\"application\/ld+json\" class=\"yoast-schema-graph\">{\"@context\":\"https:\/\/schema.org\",\"@graph\":[{\"@type\":\"WebPage\",\"@id\":\"https:\/\/katech-solutions.com\/de\/joghurt\/stichfester-joghurt\/\",\"url\":\"https:\/\/katech-solutions.com\/de\/joghurt\/stichfester-joghurt\/\",\"name\":\"KaTech - Stabilisatoren und Emulgatoren f\u00fcr Stichfester Joghurt\",\"isPartOf\":{\"@id\":\"https:\/\/katech-solutions.com\/#website\"},\"datePublished\":\"2012-05-03T09:51:09+00:00\",\"dateModified\":\"2014-11-12T16:21:32+00:00\",\"description\":\"KaTech sind ein Lebensmittel-Technologie-Unternehmen, spezialisiert auf Stabilisator und Emulgator-L\u00f6sungen f\u00fcr Stichfester Joghurt.\",\"breadcrumb\":{\"@id\":\"https:\/\/katech-solutions.com\/de\/joghurt\/stichfester-joghurt\/#breadcrumb\"},\"inLanguage\":\"de\",\"potentialAction\":[{\"@type\":\"ReadAction\",\"target\":[\"https:\/\/katech-solutions.com\/de\/joghurt\/stichfester-joghurt\/\"]}]},{\"@type\":\"BreadcrumbList\",\"@id\":\"https:\/\/katech-solutions.com\/de\/joghurt\/stichfester-joghurt\/#breadcrumb\",\"itemListElement\":[{\"@type\":\"ListItem\",\"position\":1,\"name\":\"Joghurt\",\"item\":\"https:\/\/katech-solutions.com\/de\/joghurt\/\"},{\"@type\":\"ListItem\",\"position\":2,\"name\":\"Stichfester Joghurt\"}]},{\"@type\":\"WebSite\",\"@id\":\"https:\/\/katech-solutions.com\/#website\",\"url\":\"https:\/\/katech-solutions.com\/\",\"name\":\"KaTech\",\"description\":\"\",\"potentialAction\":[{\"@type\":\"SearchAction\",\"target\":{\"@type\":\"EntryPoint\",\"urlTemplate\":\"https:\/\/katech-solutions.com\/?s={search_term_string}\"},\"query-input\":{\"@type\":\"PropertyValueSpecification\",\"valueRequired\":true,\"valueName\":\"search_term_string\"}}],\"inLanguage\":\"de\"}]}<\/script>\n<!-- \/ Yoast SEO plugin. -->","yoast_head_json":{"title":"KaTech - Stabilisatoren und Emulgatoren f\u00fcr Stichfester Joghurt","description":"KaTech sind ein Lebensmittel-Technologie-Unternehmen, spezialisiert auf Stabilisator und Emulgator-L\u00f6sungen f\u00fcr Stichfester Joghurt.","robots":{"index":"index","follow":"follow","max-snippet":"max-snippet:-1","max-image-preview":"max-image-preview:large","max-video-preview":"max-video-preview:-1"},"canonical":"https:\/\/katech-solutions.com\/de\/joghurt\/stichfester-joghurt\/","og_locale":"de_DE","og_type":"article","og_title":"KaTech - Stabilisatoren und Emulgatoren f\u00fcr Stichfester Joghurt","og_description":"KaTech sind ein Lebensmittel-Technologie-Unternehmen, spezialisiert auf Stabilisator und Emulgator-L\u00f6sungen f\u00fcr Stichfester Joghurt.","og_url":"https:\/\/katech-solutions.com\/de\/joghurt\/stichfester-joghurt\/","og_site_name":"KaTech","article_modified_time":"2014-11-12T16:21:32+00:00","schema":{"@context":"https:\/\/schema.org","@graph":[{"@type":"WebPage","@id":"https:\/\/katech-solutions.com\/de\/joghurt\/stichfester-joghurt\/","url":"https:\/\/katech-solutions.com\/de\/joghurt\/stichfester-joghurt\/","name":"KaTech - Stabilisatoren und Emulgatoren f\u00fcr Stichfester Joghurt","isPartOf":{"@id":"https:\/\/katech-solutions.com\/#website"},"datePublished":"2012-05-03T09:51:09+00:00","dateModified":"2014-11-12T16:21:32+00:00","description":"KaTech sind ein Lebensmittel-Technologie-Unternehmen, spezialisiert auf Stabilisator und Emulgator-L\u00f6sungen f\u00fcr Stichfester Joghurt.","breadcrumb":{"@id":"https:\/\/katech-solutions.com\/de\/joghurt\/stichfester-joghurt\/#breadcrumb"},"inLanguage":"de","potentialAction":[{"@type":"ReadAction","target":["https:\/\/katech-solutions.com\/de\/joghurt\/stichfester-joghurt\/"]}]},{"@type":"BreadcrumbList","@id":"https:\/\/katech-solutions.com\/de\/joghurt\/stichfester-joghurt\/#breadcrumb","itemListElement":[{"@type":"ListItem","position":1,"name":"Joghurt","item":"https:\/\/katech-solutions.com\/de\/joghurt\/"},{"@type":"ListItem","position":2,"name":"Stichfester Joghurt"}]},{"@type":"WebSite","@id":"https:\/\/katech-solutions.com\/#website","url":"https:\/\/katech-solutions.com\/","name":"KaTech","description":"","potentialAction":[{"@type":"SearchAction","target":{"@type":"EntryPoint","urlTemplate":"https:\/\/katech-solutions.com\/?s={search_term_string}"},"query-input":{"@type":"PropertyValueSpecification","valueRequired":true,"valueName":"search_term_string"}}],"inLanguage":"de"}]}},"_links":{"self":[{"href":"https:\/\/katech-solutions.com\/de\/wp-json\/wp\/v2\/pages\/1185","targetHints":{"allow":["GET"]}}],"collection":[{"href":"https:\/\/katech-solutions.com\/de\/wp-json\/wp\/v2\/pages"}],"about":[{"href":"https:\/\/katech-solutions.com\/de\/wp-json\/wp\/v2\/types\/page"}],"author":[{"embeddable":true,"href":"https:\/\/katech-solutions.com\/de\/wp-json\/wp\/v2\/users\/3"}],"replies":[{"embeddable":true,"href":"https:\/\/katech-solutions.com\/de\/wp-json\/wp\/v2\/comments?post=1185"}],"version-history":[{"count":26,"href":"https:\/\/katech-solutions.com\/de\/wp-json\/wp\/v2\/pages\/1185\/revisions"}],"predecessor-version":[{"id":6578,"href":"https:\/\/katech-solutions.com\/de\/wp-json\/wp\/v2\/pages\/1185\/revisions\/6578"}],"up":[{"embeddable":true,"href":"https:\/\/katech-solutions.com\/de\/wp-json\/wp\/v2\/pages\/1612"}],"wp:attachment":[{"href":"https:\/\/katech-solutions.com\/de\/wp-json\/wp\/v2\/media?parent=1185"}],"curies":[{"name":"wp","href":"https:\/\/api.w.org\/{rel}","templated":true}]}}