{"id":1184,"date":"2012-05-03T09:50:59","date_gmt":"2012-05-03T09:50:59","guid":{"rendered":"\/?page_id=1184"},"modified":"2014-11-20T10:29:30","modified_gmt":"2014-11-20T10:29:30","slug":"ruhrjoghurt","status":"publish","type":"page","link":"https:\/\/katech-solutions.com\/de\/joghurt\/ruhrjoghurt\/","title":{"rendered":"R\u00fchrjoghurt"},"content":{"rendered":"<p>Es ist sehr wahrscheinlich, dass nat\u00fcrlicher, ger\u00fchrter Joghurt versehentlich erfunden wurde &#8211; als Ziegenmilch mit wilden Kulturen, die in der Ziegenhaut vorhanden waren, fermentiert wurde. Das Resultat war ein delikates, neues und interessantes Milchprodukt, welches auch in der Haltbarkeit durch den niedrigen pH Wert verl\u00e4ngert war.<\/p>\n<p>Heutzutage treffen wir R\u00fchrjoghurt in vielen verschiedenen Formen an. Obwohl er haupts\u00e4chlich aus Kuhmilch produziert wird, erh\u00e4lt man ihn auch auf Basis von Ziegen- oder Schafsmilch sowie auch auf Basis von Milchalternativen wie Nuss-, Soya- oder Reismilch.<\/p>\n<p>Gegen\u00fcber einem stichfesten Joghurt, bei dem die Fermentierung im Becher bzw. in der Verpackung stattfindet, hat man bei einem R\u00fchrjoghurt den Vorteil, dass er industriell in gro\u00dfen Chargen in Fermentationstanks hergestellt werden kann.<\/p>\n<p>Nach Erreichen des gew\u00fcnschten pH-Wertes wird die Joghurtmasse schonend ger\u00fchrt, eventuell gek\u00fchlt und abgef\u00fcllt. Die meisten bei uns im Verkehr befindlichen Joghurts sind R\u00fchrjoghurts und besitzen eine glatte, cremige, l\u00f6ffelf\u00e4hige Konsistenz. Neben den frischen meist hochwertigen ger\u00fchrten Naturjoghurts und Fruchtjoghurts gibt es im Niedrigpreissegment die thermisierten Varianten.<\/p>\n","protected":false},"excerpt":{"rendered":"<p>Es ist sehr wahrscheinlich, dass nat\u00fcrlicher, ger\u00fchrter Joghurt versehentlich erfunden wurde &#8211; als Ziegenmilch mit wilden Kulturen, die in der Ziegenhaut vorhanden waren, fermentiert wurde. Das Resultat war ein delikates, neues und interessantes Milchprodukt, welches auch in der Haltbarkeit durch &hellip; <a class=\"continue-reading\" href=\"https:\/\/katech-solutions.com\/de\/joghurt\/ruhrjoghurt\/\">Weiterlesen <span class=\"meta-nav\">&rarr;<\/span><\/a><\/p>\n","protected":false},"author":3,"featured_media":0,"parent":1612,"menu_order":0,"comment_status":"closed","ping_status":"open","template":"","meta":{"_acf_changed":false,"footnotes":""},"class_list":["post-1184","page","type-page","status-publish","hentry"],"acf":[],"yoast_head":"<!-- This site is optimized with the Yoast SEO plugin v27.2 - https:\/\/yoast.com\/product\/yoast-seo-wordpress\/ -->\n<title>KaTech \u2013 Stabilisator und Emulgator L\u00f6sungen f\u00fcr R\u00fchrjoghurt<\/title>\n<meta name=\"description\" content=\"KaTech sind ein Lebensmittel-Technologie-Unternehmen, spezialisiert auf Stabilisator und Emulgator-L\u00f6sungen f\u00fcr R\u00fchrjoghurt.\" \/>\n<meta name=\"robots\" content=\"index, follow, max-snippet:-1, max-image-preview:large, max-video-preview:-1\" \/>\n<link rel=\"canonical\" href=\"https:\/\/katech-solutions.com\/de\/joghurt\/ruhrjoghurt\/\" \/>\n<meta property=\"og:locale\" content=\"de_DE\" \/>\n<meta property=\"og:type\" content=\"article\" \/>\n<meta property=\"og:title\" content=\"KaTech \u2013 Stabilisator und Emulgator L\u00f6sungen f\u00fcr R\u00fchrjoghurt\" \/>\n<meta property=\"og:description\" content=\"KaTech sind ein Lebensmittel-Technologie-Unternehmen, spezialisiert auf Stabilisator und Emulgator-L\u00f6sungen f\u00fcr R\u00fchrjoghurt.\" \/>\n<meta property=\"og:url\" content=\"https:\/\/katech-solutions.com\/de\/joghurt\/ruhrjoghurt\/\" \/>\n<meta property=\"og:site_name\" content=\"KaTech\" \/>\n<meta property=\"article:modified_time\" content=\"2014-11-20T10:29:30+00:00\" \/>\n<meta name=\"twitter:label1\" content=\"Gesch\u00e4tzte Lesezeit\" \/>\n\t<meta name=\"twitter:data1\" content=\"1\u00a0Minute\" \/>\n<script type=\"application\/ld+json\" class=\"yoast-schema-graph\">{\"@context\":\"https:\/\/schema.org\",\"@graph\":[{\"@type\":\"WebPage\",\"@id\":\"https:\/\/katech-solutions.com\/de\/joghurt\/ruhrjoghurt\/\",\"url\":\"https:\/\/katech-solutions.com\/de\/joghurt\/ruhrjoghurt\/\",\"name\":\"KaTech \u2013 Stabilisator und Emulgator L\u00f6sungen f\u00fcr R\u00fchrjoghurt\",\"isPartOf\":{\"@id\":\"https:\/\/katech-solutions.com\/#website\"},\"datePublished\":\"2012-05-03T09:50:59+00:00\",\"dateModified\":\"2014-11-20T10:29:30+00:00\",\"description\":\"KaTech sind ein Lebensmittel-Technologie-Unternehmen, spezialisiert auf Stabilisator und Emulgator-L\u00f6sungen f\u00fcr R\u00fchrjoghurt.\",\"breadcrumb\":{\"@id\":\"https:\/\/katech-solutions.com\/de\/joghurt\/ruhrjoghurt\/#breadcrumb\"},\"inLanguage\":\"de\",\"potentialAction\":[{\"@type\":\"ReadAction\",\"target\":[\"https:\/\/katech-solutions.com\/de\/joghurt\/ruhrjoghurt\/\"]}]},{\"@type\":\"BreadcrumbList\",\"@id\":\"https:\/\/katech-solutions.com\/de\/joghurt\/ruhrjoghurt\/#breadcrumb\",\"itemListElement\":[{\"@type\":\"ListItem\",\"position\":1,\"name\":\"Joghurt\",\"item\":\"https:\/\/katech-solutions.com\/de\/joghurt\/\"},{\"@type\":\"ListItem\",\"position\":2,\"name\":\"R\u00fchrjoghurt\"}]},{\"@type\":\"WebSite\",\"@id\":\"https:\/\/katech-solutions.com\/#website\",\"url\":\"https:\/\/katech-solutions.com\/\",\"name\":\"KaTech\",\"description\":\"\",\"potentialAction\":[{\"@type\":\"SearchAction\",\"target\":{\"@type\":\"EntryPoint\",\"urlTemplate\":\"https:\/\/katech-solutions.com\/?s={search_term_string}\"},\"query-input\":{\"@type\":\"PropertyValueSpecification\",\"valueRequired\":true,\"valueName\":\"search_term_string\"}}],\"inLanguage\":\"de\"}]}<\/script>\n<!-- \/ Yoast SEO plugin. -->","yoast_head_json":{"title":"KaTech \u2013 Stabilisator und Emulgator L\u00f6sungen f\u00fcr R\u00fchrjoghurt","description":"KaTech sind ein Lebensmittel-Technologie-Unternehmen, spezialisiert auf Stabilisator und Emulgator-L\u00f6sungen f\u00fcr R\u00fchrjoghurt.","robots":{"index":"index","follow":"follow","max-snippet":"max-snippet:-1","max-image-preview":"max-image-preview:large","max-video-preview":"max-video-preview:-1"},"canonical":"https:\/\/katech-solutions.com\/de\/joghurt\/ruhrjoghurt\/","og_locale":"de_DE","og_type":"article","og_title":"KaTech \u2013 Stabilisator und Emulgator L\u00f6sungen f\u00fcr R\u00fchrjoghurt","og_description":"KaTech sind ein Lebensmittel-Technologie-Unternehmen, spezialisiert auf Stabilisator und Emulgator-L\u00f6sungen f\u00fcr R\u00fchrjoghurt.","og_url":"https:\/\/katech-solutions.com\/de\/joghurt\/ruhrjoghurt\/","og_site_name":"KaTech","article_modified_time":"2014-11-20T10:29:30+00:00","twitter_misc":{"Gesch\u00e4tzte Lesezeit":"1\u00a0Minute"},"schema":{"@context":"https:\/\/schema.org","@graph":[{"@type":"WebPage","@id":"https:\/\/katech-solutions.com\/de\/joghurt\/ruhrjoghurt\/","url":"https:\/\/katech-solutions.com\/de\/joghurt\/ruhrjoghurt\/","name":"KaTech \u2013 Stabilisator und Emulgator L\u00f6sungen f\u00fcr R\u00fchrjoghurt","isPartOf":{"@id":"https:\/\/katech-solutions.com\/#website"},"datePublished":"2012-05-03T09:50:59+00:00","dateModified":"2014-11-20T10:29:30+00:00","description":"KaTech sind ein Lebensmittel-Technologie-Unternehmen, spezialisiert auf Stabilisator und Emulgator-L\u00f6sungen f\u00fcr R\u00fchrjoghurt.","breadcrumb":{"@id":"https:\/\/katech-solutions.com\/de\/joghurt\/ruhrjoghurt\/#breadcrumb"},"inLanguage":"de","potentialAction":[{"@type":"ReadAction","target":["https:\/\/katech-solutions.com\/de\/joghurt\/ruhrjoghurt\/"]}]},{"@type":"BreadcrumbList","@id":"https:\/\/katech-solutions.com\/de\/joghurt\/ruhrjoghurt\/#breadcrumb","itemListElement":[{"@type":"ListItem","position":1,"name":"Joghurt","item":"https:\/\/katech-solutions.com\/de\/joghurt\/"},{"@type":"ListItem","position":2,"name":"R\u00fchrjoghurt"}]},{"@type":"WebSite","@id":"https:\/\/katech-solutions.com\/#website","url":"https:\/\/katech-solutions.com\/","name":"KaTech","description":"","potentialAction":[{"@type":"SearchAction","target":{"@type":"EntryPoint","urlTemplate":"https:\/\/katech-solutions.com\/?s={search_term_string}"},"query-input":{"@type":"PropertyValueSpecification","valueRequired":true,"valueName":"search_term_string"}}],"inLanguage":"de"}]}},"_links":{"self":[{"href":"https:\/\/katech-solutions.com\/de\/wp-json\/wp\/v2\/pages\/1184","targetHints":{"allow":["GET"]}}],"collection":[{"href":"https:\/\/katech-solutions.com\/de\/wp-json\/wp\/v2\/pages"}],"about":[{"href":"https:\/\/katech-solutions.com\/de\/wp-json\/wp\/v2\/types\/page"}],"author":[{"embeddable":true,"href":"https:\/\/katech-solutions.com\/de\/wp-json\/wp\/v2\/users\/3"}],"replies":[{"embeddable":true,"href":"https:\/\/katech-solutions.com\/de\/wp-json\/wp\/v2\/comments?post=1184"}],"version-history":[{"count":21,"href":"https:\/\/katech-solutions.com\/de\/wp-json\/wp\/v2\/pages\/1184\/revisions"}],"predecessor-version":[{"id":6715,"href":"https:\/\/katech-solutions.com\/de\/wp-json\/wp\/v2\/pages\/1184\/revisions\/6715"}],"up":[{"embeddable":true,"href":"https:\/\/katech-solutions.com\/de\/wp-json\/wp\/v2\/pages\/1612"}],"wp:attachment":[{"href":"https:\/\/katech-solutions.com\/de\/wp-json\/wp\/v2\/media?parent=1184"}],"curies":[{"name":"wp","href":"https:\/\/api.w.org\/{rel}","templated":true}]}}