{"id":1182,"date":"2012-07-19T16:26:54","date_gmt":"2012-07-19T16:26:54","guid":{"rendered":"\/?page_id=1182"},"modified":"2020-02-25T15:20:24","modified_gmt":"2020-02-25T15:20:24","slug":"fehlerbehebung","status":"publish","type":"page","link":"https:\/\/katech-solutions.com\/de\/fehlerbehebung\/","title":{"rendered":"Probleml\u00f6sung"},"content":{"rendered":"<h2>Probleml\u00f6sung<\/h2>\n<p>Probleme mit Ihren Produkten gef\u00e4hrden Ihr Unternehmen. Sanktionen von Einzelh\u00e4ndlern schm\u00e4lern nicht nur Ihre Einnahmen, sondern auch Ihren Ruf. Die Art und Weise, wie Sie das Problem l\u00f6sen, sowie die Schnelligkeit zu agieren, sind entscheidend f\u00fcr Ihren Erfolg.<\/p>\n<p>Egal welchen Problemen Sie gegen\u00fcber stehen, unser erfahrenes Team von Technologen und technologischen Verk\u00e4ufern kann aufgrund seiner Expertise schnell L\u00f6sungen erarbeiten. Durch ihre langj\u00e4hrige T\u00e4tigkeit in der Branche sind sie vertraut mit allen Arten von Produkten, Verfahren und verschiedenen industriellen, produktionstechnischen Vorgaben.<\/p>\n<p>Ben\u00f6tigen Sie eine schnelle L\u00f6sung? Kontakieren Sie uns, wir unterst\u00fctzen Sie sehr gerne. Weitere Informationen entnehmen Sie bitte nebenstehender Prezi.<\/p>\n","protected":false},"excerpt":{"rendered":"<p>Probleml\u00f6sung Probleme mit Ihren Produkten gef\u00e4hrden Ihr Unternehmen. Sanktionen von Einzelh\u00e4ndlern schm\u00e4lern nicht nur Ihre Einnahmen, sondern auch Ihren Ruf. Die Art und Weise, wie Sie das Problem l\u00f6sen, sowie die Schnelligkeit zu agieren, sind entscheidend f\u00fcr Ihren Erfolg. Egal &hellip; <a class=\"continue-reading\" href=\"https:\/\/katech-solutions.com\/de\/fehlerbehebung\/\">Weiterlesen <span class=\"meta-nav\">&rarr;<\/span><\/a><\/p>\n","protected":false},"author":3,"featured_media":0,"parent":0,"menu_order":0,"comment_status":"closed","ping_status":"open","template":"layout-content-3.php","meta":{"_acf_changed":false,"footnotes":""},"class_list":["post-1182","page","type-page","status-publish","hentry"],"acf":[],"yoast_head":"<!-- This site is optimized with the Yoast SEO plugin v27.2 - https:\/\/yoast.com\/product\/yoast-seo-wordpress\/ -->\n<title>KaTech - Problembehandlung f\u00fcr Lebensmittel Fertigungsprobleme<\/title>\n<meta name=\"description\" content=\"KaTech sind ein Lebensmittel-Technologie-Unternehmen, spezialisiert auf Lebensmittel verarbeitenden Problembehandlung f\u00fcr eine Reihe von Lebensmitteln und Getr\u00e4nken.\" \/>\n<meta name=\"robots\" content=\"index, follow, max-snippet:-1, max-image-preview:large, max-video-preview:-1\" \/>\n<link rel=\"canonical\" href=\"https:\/\/katech-solutions.com\/de\/fehlerbehebung\/\" \/>\n<meta property=\"og:locale\" content=\"de_DE\" \/>\n<meta property=\"og:type\" content=\"article\" \/>\n<meta property=\"og:title\" content=\"KaTech - Problembehandlung f\u00fcr Lebensmittel Fertigungsprobleme\" \/>\n<meta property=\"og:description\" content=\"KaTech sind ein Lebensmittel-Technologie-Unternehmen, spezialisiert auf Lebensmittel verarbeitenden Problembehandlung f\u00fcr eine Reihe von Lebensmitteln und Getr\u00e4nken.\" \/>\n<meta property=\"og:url\" content=\"https:\/\/katech-solutions.com\/de\/fehlerbehebung\/\" \/>\n<meta property=\"og:site_name\" content=\"KaTech\" \/>\n<meta property=\"article:modified_time\" content=\"2020-02-25T15:20:24+00:00\" \/>\n<meta name=\"twitter:label1\" content=\"Gesch\u00e4tzte Lesezeit\" \/>\n\t<meta name=\"twitter:data1\" content=\"1\u00a0Minute\" \/>\n<script type=\"application\/ld+json\" class=\"yoast-schema-graph\">{\"@context\":\"https:\/\/schema.org\",\"@graph\":[{\"@type\":\"WebPage\",\"@id\":\"https:\/\/katech-solutions.com\/de\/fehlerbehebung\/\",\"url\":\"https:\/\/katech-solutions.com\/de\/fehlerbehebung\/\",\"name\":\"KaTech - Problembehandlung f\u00fcr Lebensmittel Fertigungsprobleme\",\"isPartOf\":{\"@id\":\"https:\/\/katech-solutions.com\/#website\"},\"datePublished\":\"2012-07-19T16:26:54+00:00\",\"dateModified\":\"2020-02-25T15:20:24+00:00\",\"description\":\"KaTech sind ein Lebensmittel-Technologie-Unternehmen, spezialisiert auf Lebensmittel verarbeitenden Problembehandlung f\u00fcr eine Reihe von Lebensmitteln und Getr\u00e4nken.\",\"inLanguage\":\"de\",\"potentialAction\":[{\"@type\":\"ReadAction\",\"target\":[\"https:\/\/katech-solutions.com\/de\/fehlerbehebung\/\"]}]},{\"@type\":\"WebSite\",\"@id\":\"https:\/\/katech-solutions.com\/#website\",\"url\":\"https:\/\/katech-solutions.com\/\",\"name\":\"KaTech\",\"description\":\"\",\"potentialAction\":[{\"@type\":\"SearchAction\",\"target\":{\"@type\":\"EntryPoint\",\"urlTemplate\":\"https:\/\/katech-solutions.com\/?s={search_term_string}\"},\"query-input\":{\"@type\":\"PropertyValueSpecification\",\"valueRequired\":true,\"valueName\":\"search_term_string\"}}],\"inLanguage\":\"de\"}]}<\/script>\n<!-- \/ Yoast SEO plugin. -->","yoast_head_json":{"title":"KaTech - Problembehandlung f\u00fcr Lebensmittel Fertigungsprobleme","description":"KaTech sind ein Lebensmittel-Technologie-Unternehmen, spezialisiert auf Lebensmittel verarbeitenden Problembehandlung f\u00fcr eine Reihe von Lebensmitteln und Getr\u00e4nken.","robots":{"index":"index","follow":"follow","max-snippet":"max-snippet:-1","max-image-preview":"max-image-preview:large","max-video-preview":"max-video-preview:-1"},"canonical":"https:\/\/katech-solutions.com\/de\/fehlerbehebung\/","og_locale":"de_DE","og_type":"article","og_title":"KaTech - Problembehandlung f\u00fcr Lebensmittel Fertigungsprobleme","og_description":"KaTech sind ein Lebensmittel-Technologie-Unternehmen, spezialisiert auf Lebensmittel verarbeitenden Problembehandlung f\u00fcr eine Reihe von Lebensmitteln und Getr\u00e4nken.","og_url":"https:\/\/katech-solutions.com\/de\/fehlerbehebung\/","og_site_name":"KaTech","article_modified_time":"2020-02-25T15:20:24+00:00","twitter_misc":{"Gesch\u00e4tzte Lesezeit":"1\u00a0Minute"},"schema":{"@context":"https:\/\/schema.org","@graph":[{"@type":"WebPage","@id":"https:\/\/katech-solutions.com\/de\/fehlerbehebung\/","url":"https:\/\/katech-solutions.com\/de\/fehlerbehebung\/","name":"KaTech - Problembehandlung f\u00fcr Lebensmittel Fertigungsprobleme","isPartOf":{"@id":"https:\/\/katech-solutions.com\/#website"},"datePublished":"2012-07-19T16:26:54+00:00","dateModified":"2020-02-25T15:20:24+00:00","description":"KaTech sind ein Lebensmittel-Technologie-Unternehmen, spezialisiert auf Lebensmittel verarbeitenden Problembehandlung f\u00fcr eine Reihe von Lebensmitteln und Getr\u00e4nken.","inLanguage":"de","potentialAction":[{"@type":"ReadAction","target":["https:\/\/katech-solutions.com\/de\/fehlerbehebung\/"]}]},{"@type":"WebSite","@id":"https:\/\/katech-solutions.com\/#website","url":"https:\/\/katech-solutions.com\/","name":"KaTech","description":"","potentialAction":[{"@type":"SearchAction","target":{"@type":"EntryPoint","urlTemplate":"https:\/\/katech-solutions.com\/?s={search_term_string}"},"query-input":{"@type":"PropertyValueSpecification","valueRequired":true,"valueName":"search_term_string"}}],"inLanguage":"de"}]}},"_links":{"self":[{"href":"https:\/\/katech-solutions.com\/de\/wp-json\/wp\/v2\/pages\/1182","targetHints":{"allow":["GET"]}}],"collection":[{"href":"https:\/\/katech-solutions.com\/de\/wp-json\/wp\/v2\/pages"}],"about":[{"href":"https:\/\/katech-solutions.com\/de\/wp-json\/wp\/v2\/types\/page"}],"author":[{"embeddable":true,"href":"https:\/\/katech-solutions.com\/de\/wp-json\/wp\/v2\/users\/3"}],"replies":[{"embeddable":true,"href":"https:\/\/katech-solutions.com\/de\/wp-json\/wp\/v2\/comments?post=1182"}],"version-history":[{"count":28,"href":"https:\/\/katech-solutions.com\/de\/wp-json\/wp\/v2\/pages\/1182\/revisions"}],"predecessor-version":[{"id":10602,"href":"https:\/\/katech-solutions.com\/de\/wp-json\/wp\/v2\/pages\/1182\/revisions\/10602"}],"wp:attachment":[{"href":"https:\/\/katech-solutions.com\/de\/wp-json\/wp\/v2\/media?parent=1182"}],"curies":[{"name":"wp","href":"https:\/\/api.w.org\/{rel}","templated":true}]}}