{"id":1174,"date":"2012-05-03T10:04:07","date_gmt":"2012-05-03T10:04:07","guid":{"rendered":"\/?page_id=1174"},"modified":"2014-11-11T10:55:24","modified_gmt":"2014-11-11T10:55:24","slug":"abfullhilfen","status":"publish","type":"page","link":"https:\/\/katech-solutions.com\/de\/saucen-und-suppe\/abfullhilfen\/","title":{"rendered":"Abf\u00fcllhilfen"},"content":{"rendered":"<p>Abf\u00fcllhilfen haben sich in der Lebensmittelindustrie als sehr hilfreich erwiesen, wenn es darum geht st\u00fcckige Bestandteile gleichm\u00e4\u00dfig in die Endverpackung zu f\u00fcllen, und zwar von der ersten bis zur letzten Verpackung.<\/p>\n<p>In erster Linie kommen Abf\u00fcllhilfen beim F\u00fcllprozess von sterilsierten oder pasteurisierten Fertiggerichten zum Einsatz.<\/p>\n<p>Das Funktionsprinzip ist dabei relativ simpel.<\/p>\n<p>Die st\u00fcckigen Bestandteile werden mittels einer viskosen Fl\u00fcssigkeit homogen im Produkt gehalten, pumpf\u00e4hig gemacht und k\u00f6nnen so mit Hilfe einer geeigneten F\u00fcllmaschine in die Endverpackung gebracht werden.<\/p>\n<p>Die Viskosit\u00e4t der Abf\u00fcllhilfe dient hier zum einen als Schmierstoff, der die st\u00fcckigen Bestandteile vor Abrieb durch Pumpen sch\u00fctzt und zum anderen h\u00e4lt sie alle st\u00fcckigen Bestandteile in Schwebe, so dass eine gleichm\u00e4\u00dfige Verteilung w\u00e4hrend des gesamten F\u00fcllzeitraums gew\u00e4hrleistet ist.<\/p>\n","protected":false},"excerpt":{"rendered":"<p>Abf\u00fcllhilfen haben sich in der Lebensmittelindustrie als sehr hilfreich erwiesen, wenn es darum geht st\u00fcckige Bestandteile gleichm\u00e4\u00dfig in die Endverpackung zu f\u00fcllen, und zwar von der ersten bis zur letzten Verpackung. In erster Linie kommen Abf\u00fcllhilfen beim F\u00fcllprozess von sterilsierten &hellip; <a class=\"continue-reading\" href=\"https:\/\/katech-solutions.com\/de\/saucen-und-suppe\/abfullhilfen\/\">Weiterlesen <span class=\"meta-nav\">&rarr;<\/span><\/a><\/p>\n","protected":false},"author":3,"featured_media":0,"parent":1162,"menu_order":0,"comment_status":"closed","ping_status":"open","template":"","meta":{"_acf_changed":false,"footnotes":""},"class_list":["post-1174","page","type-page","status-publish","hentry"],"acf":[],"yoast_head":"<!-- This site is optimized with the Yoast SEO plugin v27.2 - https:\/\/yoast.com\/product\/yoast-seo-wordpress\/ -->\n<title>KaTech \u2013 Stabilisator und Emulgator L\u00f6sungen f\u00fcr Abf\u00fcllhilfen<\/title>\n<meta name=\"description\" content=\"KaTech sind ein Lebensmittel-Technologie-Unternehmen, spezialisiert auf die Erstellung von ma\u00dfgeschneiderten Stabilisator und Emulgator L\u00f6sungen f\u00fcr Abf\u00fcllhilfen.\" \/>\n<meta name=\"robots\" content=\"index, follow, max-snippet:-1, max-image-preview:large, max-video-preview:-1\" \/>\n<link rel=\"canonical\" href=\"https:\/\/katech-solutions.com\/de\/saucen-und-suppe\/abfullhilfen\/\" \/>\n<meta property=\"og:locale\" content=\"de_DE\" \/>\n<meta property=\"og:type\" content=\"article\" \/>\n<meta property=\"og:title\" content=\"KaTech \u2013 Stabilisator und Emulgator L\u00f6sungen f\u00fcr Abf\u00fcllhilfen\" \/>\n<meta property=\"og:description\" content=\"KaTech sind ein Lebensmittel-Technologie-Unternehmen, spezialisiert auf die Erstellung von ma\u00dfgeschneiderten Stabilisator und Emulgator L\u00f6sungen f\u00fcr Abf\u00fcllhilfen.\" \/>\n<meta property=\"og:url\" content=\"https:\/\/katech-solutions.com\/de\/saucen-und-suppe\/abfullhilfen\/\" \/>\n<meta property=\"og:site_name\" content=\"KaTech\" \/>\n<meta property=\"article:modified_time\" content=\"2014-11-11T10:55:24+00:00\" \/>\n<meta name=\"twitter:label1\" content=\"Gesch\u00e4tzte Lesezeit\" \/>\n\t<meta name=\"twitter:data1\" content=\"1\u00a0Minute\" \/>\n<script type=\"application\/ld+json\" class=\"yoast-schema-graph\">{\"@context\":\"https:\/\/schema.org\",\"@graph\":[{\"@type\":\"WebPage\",\"@id\":\"https:\/\/katech-solutions.com\/de\/saucen-und-suppe\/abfullhilfen\/\",\"url\":\"https:\/\/katech-solutions.com\/de\/saucen-und-suppe\/abfullhilfen\/\",\"name\":\"KaTech \u2013 Stabilisator und Emulgator L\u00f6sungen f\u00fcr Abf\u00fcllhilfen\",\"isPartOf\":{\"@id\":\"https:\/\/katech-solutions.com\/#website\"},\"datePublished\":\"2012-05-03T10:04:07+00:00\",\"dateModified\":\"2014-11-11T10:55:24+00:00\",\"description\":\"KaTech sind ein Lebensmittel-Technologie-Unternehmen, spezialisiert auf die Erstellung von ma\u00dfgeschneiderten Stabilisator und Emulgator L\u00f6sungen f\u00fcr Abf\u00fcllhilfen.\",\"breadcrumb\":{\"@id\":\"https:\/\/katech-solutions.com\/de\/saucen-und-suppe\/abfullhilfen\/#breadcrumb\"},\"inLanguage\":\"de\",\"potentialAction\":[{\"@type\":\"ReadAction\",\"target\":[\"https:\/\/katech-solutions.com\/de\/saucen-und-suppe\/abfullhilfen\/\"]}]},{\"@type\":\"BreadcrumbList\",\"@id\":\"https:\/\/katech-solutions.com\/de\/saucen-und-suppe\/abfullhilfen\/#breadcrumb\",\"itemListElement\":[{\"@type\":\"ListItem\",\"position\":1,\"name\":\"Saucen und Suppen\",\"item\":\"https:\/\/katech-solutions.com\/de\/saucen-und-suppe\/\"},{\"@type\":\"ListItem\",\"position\":2,\"name\":\"Abf\u00fcllhilfen\"}]},{\"@type\":\"WebSite\",\"@id\":\"https:\/\/katech-solutions.com\/#website\",\"url\":\"https:\/\/katech-solutions.com\/\",\"name\":\"KaTech\",\"description\":\"\",\"potentialAction\":[{\"@type\":\"SearchAction\",\"target\":{\"@type\":\"EntryPoint\",\"urlTemplate\":\"https:\/\/katech-solutions.com\/?s={search_term_string}\"},\"query-input\":{\"@type\":\"PropertyValueSpecification\",\"valueRequired\":true,\"valueName\":\"search_term_string\"}}],\"inLanguage\":\"de\"}]}<\/script>\n<!-- \/ Yoast SEO plugin. -->","yoast_head_json":{"title":"KaTech \u2013 Stabilisator und Emulgator L\u00f6sungen f\u00fcr Abf\u00fcllhilfen","description":"KaTech sind ein Lebensmittel-Technologie-Unternehmen, spezialisiert auf die Erstellung von ma\u00dfgeschneiderten Stabilisator und Emulgator L\u00f6sungen f\u00fcr Abf\u00fcllhilfen.","robots":{"index":"index","follow":"follow","max-snippet":"max-snippet:-1","max-image-preview":"max-image-preview:large","max-video-preview":"max-video-preview:-1"},"canonical":"https:\/\/katech-solutions.com\/de\/saucen-und-suppe\/abfullhilfen\/","og_locale":"de_DE","og_type":"article","og_title":"KaTech \u2013 Stabilisator und Emulgator L\u00f6sungen f\u00fcr Abf\u00fcllhilfen","og_description":"KaTech sind ein Lebensmittel-Technologie-Unternehmen, spezialisiert auf die Erstellung von ma\u00dfgeschneiderten Stabilisator und Emulgator L\u00f6sungen f\u00fcr Abf\u00fcllhilfen.","og_url":"https:\/\/katech-solutions.com\/de\/saucen-und-suppe\/abfullhilfen\/","og_site_name":"KaTech","article_modified_time":"2014-11-11T10:55:24+00:00","twitter_misc":{"Gesch\u00e4tzte Lesezeit":"1\u00a0Minute"},"schema":{"@context":"https:\/\/schema.org","@graph":[{"@type":"WebPage","@id":"https:\/\/katech-solutions.com\/de\/saucen-und-suppe\/abfullhilfen\/","url":"https:\/\/katech-solutions.com\/de\/saucen-und-suppe\/abfullhilfen\/","name":"KaTech \u2013 Stabilisator und Emulgator L\u00f6sungen f\u00fcr Abf\u00fcllhilfen","isPartOf":{"@id":"https:\/\/katech-solutions.com\/#website"},"datePublished":"2012-05-03T10:04:07+00:00","dateModified":"2014-11-11T10:55:24+00:00","description":"KaTech sind ein Lebensmittel-Technologie-Unternehmen, spezialisiert auf die Erstellung von ma\u00dfgeschneiderten Stabilisator und Emulgator L\u00f6sungen f\u00fcr Abf\u00fcllhilfen.","breadcrumb":{"@id":"https:\/\/katech-solutions.com\/de\/saucen-und-suppe\/abfullhilfen\/#breadcrumb"},"inLanguage":"de","potentialAction":[{"@type":"ReadAction","target":["https:\/\/katech-solutions.com\/de\/saucen-und-suppe\/abfullhilfen\/"]}]},{"@type":"BreadcrumbList","@id":"https:\/\/katech-solutions.com\/de\/saucen-und-suppe\/abfullhilfen\/#breadcrumb","itemListElement":[{"@type":"ListItem","position":1,"name":"Saucen und Suppen","item":"https:\/\/katech-solutions.com\/de\/saucen-und-suppe\/"},{"@type":"ListItem","position":2,"name":"Abf\u00fcllhilfen"}]},{"@type":"WebSite","@id":"https:\/\/katech-solutions.com\/#website","url":"https:\/\/katech-solutions.com\/","name":"KaTech","description":"","potentialAction":[{"@type":"SearchAction","target":{"@type":"EntryPoint","urlTemplate":"https:\/\/katech-solutions.com\/?s={search_term_string}"},"query-input":{"@type":"PropertyValueSpecification","valueRequired":true,"valueName":"search_term_string"}}],"inLanguage":"de"}]}},"_links":{"self":[{"href":"https:\/\/katech-solutions.com\/de\/wp-json\/wp\/v2\/pages\/1174","targetHints":{"allow":["GET"]}}],"collection":[{"href":"https:\/\/katech-solutions.com\/de\/wp-json\/wp\/v2\/pages"}],"about":[{"href":"https:\/\/katech-solutions.com\/de\/wp-json\/wp\/v2\/types\/page"}],"author":[{"embeddable":true,"href":"https:\/\/katech-solutions.com\/de\/wp-json\/wp\/v2\/users\/3"}],"replies":[{"embeddable":true,"href":"https:\/\/katech-solutions.com\/de\/wp-json\/wp\/v2\/comments?post=1174"}],"version-history":[{"count":21,"href":"https:\/\/katech-solutions.com\/de\/wp-json\/wp\/v2\/pages\/1174\/revisions"}],"predecessor-version":[{"id":6471,"href":"https:\/\/katech-solutions.com\/de\/wp-json\/wp\/v2\/pages\/1174\/revisions\/6471"}],"up":[{"embeddable":true,"href":"https:\/\/katech-solutions.com\/de\/wp-json\/wp\/v2\/pages\/1162"}],"wp:attachment":[{"href":"https:\/\/katech-solutions.com\/de\/wp-json\/wp\/v2\/media?parent=1174"}],"curies":[{"name":"wp","href":"https:\/\/api.w.org\/{rel}","templated":true}]}}