{"id":1170,"date":"2012-05-03T10:07:52","date_gmt":"2012-05-03T10:07:52","guid":{"rendered":"\/?page_id=1170"},"modified":"2013-11-11T11:55:07","modified_gmt":"2013-11-11T11:55:07","slug":"chutney","status":"publish","type":"page","link":"https:\/\/katech-solutions.com\/de\/saucen-und-suppe\/chutney\/","title":{"rendered":"Chutney"},"content":{"rendered":"<p>Ein Chutney (anglisierende Transkription von Hindi: \u091a\u091f\u0928\u0940 ca\u1e6dn\u012b, <i>chatni<\/i>) ist eine w\u00fcrzige, h\u00e4ufig s\u00fc\u00df-saure, mitunter auch nur scharf-pikante Sauce der indischen K\u00fcche mit musartiger Konsistenz. Es gibt auch Variationen mit Frucht- oder Gem\u00fcsest\u00fccken. In Indien werden viele Chutneys zu jeder Mahlzeit frisch zubereitet und geben den meist sehr scharfen Currys eine zus\u00e4tzliche Geschmackskomponente; gek\u00fchlt halten sie sich dann etwa eine Woche.<\/p>\n<p>Die Engl\u00e4nder brachten Chutneys w\u00e4hrend der Kolonialzeit nach Europa, wo es \u00fcblich wurde, Chutney in Gl\u00e4sern eingemacht mit langer Haltbarkeit herzustellen. Ein Chutney, so wie es in Europa und in den USA zubereitet wird, besteht aus Gem\u00fcse oder Fr\u00fcchten. H\u00e4ufig werden Mango, Tomaten, Zwiebeln, Knoblauch, Kokos oder Korianderbl\u00e4tter als Hauptzutat verwendet, aber auch andere Sorten oder Kombinationen sind m\u00f6glich. Durch entsprechende Zugabe von Salz, Zucker, Chili, Pfeffer, Ingwer, Kreuzk\u00fcmmel, Kurkuma sowie Zitronen-\/Tamarindsaft oder Essig wird die gew\u00fcnschte Geschmacksrichtung erreicht.<\/p>\n","protected":false},"excerpt":{"rendered":"<p>Ein Chutney (anglisierende Transkription von Hindi: \u091a\u091f\u0928\u0940 ca\u1e6dn\u012b, chatni) ist eine w\u00fcrzige, h\u00e4ufig s\u00fc\u00df-saure, mitunter auch nur scharf-pikante Sauce der indischen K\u00fcche mit musartiger Konsistenz. Es gibt auch Variationen mit Frucht- oder Gem\u00fcsest\u00fccken. In Indien werden viele Chutneys zu jeder &hellip; <a class=\"continue-reading\" href=\"https:\/\/katech-solutions.com\/de\/saucen-und-suppe\/chutney\/\">Weiterlesen <span class=\"meta-nav\">&rarr;<\/span><\/a><\/p>\n","protected":false},"author":3,"featured_media":0,"parent":1162,"menu_order":0,"comment_status":"closed","ping_status":"open","template":"","meta":{"_acf_changed":false,"footnotes":""},"class_list":["post-1170","page","type-page","status-publish","hentry"],"acf":[],"yoast_head":"<!-- This site is optimized with the Yoast SEO plugin v27.2 - https:\/\/yoast.com\/product\/yoast-seo-wordpress\/ -->\n<title>KaTech \u2013 Stabilisator und Emulgator L\u00f6sungen f\u00fcr Chutney<\/title>\n<meta name=\"description\" content=\"KaTech sind ein Lebensmittel-Technologie-Unternehmen, spezialisiert auf die Erstellung von ma\u00dfgeschneiderten Stabilisator und Emulgator L\u00f6sungen f\u00fcr Chutney.\" \/>\n<meta name=\"robots\" content=\"index, follow, max-snippet:-1, max-image-preview:large, max-video-preview:-1\" \/>\n<link rel=\"canonical\" href=\"https:\/\/katech-solutions.com\/de\/saucen-und-suppe\/chutney\/\" \/>\n<meta property=\"og:locale\" content=\"de_DE\" \/>\n<meta property=\"og:type\" content=\"article\" \/>\n<meta property=\"og:title\" content=\"KaTech \u2013 Stabilisator und Emulgator L\u00f6sungen f\u00fcr Chutney\" \/>\n<meta property=\"og:description\" content=\"KaTech sind ein Lebensmittel-Technologie-Unternehmen, spezialisiert auf die Erstellung von ma\u00dfgeschneiderten Stabilisator und Emulgator L\u00f6sungen f\u00fcr Chutney.\" \/>\n<meta property=\"og:url\" content=\"https:\/\/katech-solutions.com\/de\/saucen-und-suppe\/chutney\/\" \/>\n<meta property=\"og:site_name\" content=\"KaTech\" \/>\n<meta property=\"article:modified_time\" content=\"2013-11-11T11:55:07+00:00\" \/>\n<meta name=\"twitter:label1\" content=\"Gesch\u00e4tzte Lesezeit\" \/>\n\t<meta name=\"twitter:data1\" content=\"1\u00a0Minute\" \/>\n<script type=\"application\/ld+json\" class=\"yoast-schema-graph\">{\"@context\":\"https:\/\/schema.org\",\"@graph\":[{\"@type\":\"WebPage\",\"@id\":\"https:\/\/katech-solutions.com\/de\/saucen-und-suppe\/chutney\/\",\"url\":\"https:\/\/katech-solutions.com\/de\/saucen-und-suppe\/chutney\/\",\"name\":\"KaTech \u2013 Stabilisator und Emulgator L\u00f6sungen f\u00fcr Chutney\",\"isPartOf\":{\"@id\":\"https:\/\/katech-solutions.com\/#website\"},\"datePublished\":\"2012-05-03T10:07:52+00:00\",\"dateModified\":\"2013-11-11T11:55:07+00:00\",\"description\":\"KaTech sind ein Lebensmittel-Technologie-Unternehmen, spezialisiert auf die Erstellung von ma\u00dfgeschneiderten Stabilisator und Emulgator L\u00f6sungen f\u00fcr Chutney.\",\"breadcrumb\":{\"@id\":\"https:\/\/katech-solutions.com\/de\/saucen-und-suppe\/chutney\/#breadcrumb\"},\"inLanguage\":\"de\",\"potentialAction\":[{\"@type\":\"ReadAction\",\"target\":[\"https:\/\/katech-solutions.com\/de\/saucen-und-suppe\/chutney\/\"]}]},{\"@type\":\"BreadcrumbList\",\"@id\":\"https:\/\/katech-solutions.com\/de\/saucen-und-suppe\/chutney\/#breadcrumb\",\"itemListElement\":[{\"@type\":\"ListItem\",\"position\":1,\"name\":\"Saucen und Suppen\",\"item\":\"https:\/\/katech-solutions.com\/de\/saucen-und-suppe\/\"},{\"@type\":\"ListItem\",\"position\":2,\"name\":\"Chutney\"}]},{\"@type\":\"WebSite\",\"@id\":\"https:\/\/katech-solutions.com\/#website\",\"url\":\"https:\/\/katech-solutions.com\/\",\"name\":\"KaTech\",\"description\":\"\",\"potentialAction\":[{\"@type\":\"SearchAction\",\"target\":{\"@type\":\"EntryPoint\",\"urlTemplate\":\"https:\/\/katech-solutions.com\/?s={search_term_string}\"},\"query-input\":{\"@type\":\"PropertyValueSpecification\",\"valueRequired\":true,\"valueName\":\"search_term_string\"}}],\"inLanguage\":\"de\"}]}<\/script>\n<!-- \/ Yoast SEO plugin. -->","yoast_head_json":{"title":"KaTech \u2013 Stabilisator und Emulgator L\u00f6sungen f\u00fcr Chutney","description":"KaTech sind ein Lebensmittel-Technologie-Unternehmen, spezialisiert auf die Erstellung von ma\u00dfgeschneiderten Stabilisator und Emulgator L\u00f6sungen f\u00fcr Chutney.","robots":{"index":"index","follow":"follow","max-snippet":"max-snippet:-1","max-image-preview":"max-image-preview:large","max-video-preview":"max-video-preview:-1"},"canonical":"https:\/\/katech-solutions.com\/de\/saucen-und-suppe\/chutney\/","og_locale":"de_DE","og_type":"article","og_title":"KaTech \u2013 Stabilisator und Emulgator L\u00f6sungen f\u00fcr Chutney","og_description":"KaTech sind ein Lebensmittel-Technologie-Unternehmen, spezialisiert auf die Erstellung von ma\u00dfgeschneiderten Stabilisator und Emulgator L\u00f6sungen f\u00fcr Chutney.","og_url":"https:\/\/katech-solutions.com\/de\/saucen-und-suppe\/chutney\/","og_site_name":"KaTech","article_modified_time":"2013-11-11T11:55:07+00:00","twitter_misc":{"Gesch\u00e4tzte Lesezeit":"1\u00a0Minute"},"schema":{"@context":"https:\/\/schema.org","@graph":[{"@type":"WebPage","@id":"https:\/\/katech-solutions.com\/de\/saucen-und-suppe\/chutney\/","url":"https:\/\/katech-solutions.com\/de\/saucen-und-suppe\/chutney\/","name":"KaTech \u2013 Stabilisator und Emulgator L\u00f6sungen f\u00fcr Chutney","isPartOf":{"@id":"https:\/\/katech-solutions.com\/#website"},"datePublished":"2012-05-03T10:07:52+00:00","dateModified":"2013-11-11T11:55:07+00:00","description":"KaTech sind ein Lebensmittel-Technologie-Unternehmen, spezialisiert auf die Erstellung von ma\u00dfgeschneiderten Stabilisator und Emulgator L\u00f6sungen f\u00fcr Chutney.","breadcrumb":{"@id":"https:\/\/katech-solutions.com\/de\/saucen-und-suppe\/chutney\/#breadcrumb"},"inLanguage":"de","potentialAction":[{"@type":"ReadAction","target":["https:\/\/katech-solutions.com\/de\/saucen-und-suppe\/chutney\/"]}]},{"@type":"BreadcrumbList","@id":"https:\/\/katech-solutions.com\/de\/saucen-und-suppe\/chutney\/#breadcrumb","itemListElement":[{"@type":"ListItem","position":1,"name":"Saucen und Suppen","item":"https:\/\/katech-solutions.com\/de\/saucen-und-suppe\/"},{"@type":"ListItem","position":2,"name":"Chutney"}]},{"@type":"WebSite","@id":"https:\/\/katech-solutions.com\/#website","url":"https:\/\/katech-solutions.com\/","name":"KaTech","description":"","potentialAction":[{"@type":"SearchAction","target":{"@type":"EntryPoint","urlTemplate":"https:\/\/katech-solutions.com\/?s={search_term_string}"},"query-input":{"@type":"PropertyValueSpecification","valueRequired":true,"valueName":"search_term_string"}}],"inLanguage":"de"}]}},"_links":{"self":[{"href":"https:\/\/katech-solutions.com\/de\/wp-json\/wp\/v2\/pages\/1170","targetHints":{"allow":["GET"]}}],"collection":[{"href":"https:\/\/katech-solutions.com\/de\/wp-json\/wp\/v2\/pages"}],"about":[{"href":"https:\/\/katech-solutions.com\/de\/wp-json\/wp\/v2\/types\/page"}],"author":[{"embeddable":true,"href":"https:\/\/katech-solutions.com\/de\/wp-json\/wp\/v2\/users\/3"}],"replies":[{"embeddable":true,"href":"https:\/\/katech-solutions.com\/de\/wp-json\/wp\/v2\/comments?post=1170"}],"version-history":[{"count":14,"href":"https:\/\/katech-solutions.com\/de\/wp-json\/wp\/v2\/pages\/1170\/revisions"}],"predecessor-version":[{"id":3951,"href":"https:\/\/katech-solutions.com\/de\/wp-json\/wp\/v2\/pages\/1170\/revisions\/3951"}],"up":[{"embeddable":true,"href":"https:\/\/katech-solutions.com\/de\/wp-json\/wp\/v2\/pages\/1162"}],"wp:attachment":[{"href":"https:\/\/katech-solutions.com\/de\/wp-json\/wp\/v2\/media?parent=1170"}],"curies":[{"name":"wp","href":"https:\/\/api.w.org\/{rel}","templated":true}]}}