{"id":1166,"date":"2012-05-03T10:07:14","date_gmt":"2012-05-03T10:07:14","guid":{"rendered":"\/?page_id=1166"},"modified":"2014-11-11T11:08:52","modified_gmt":"2014-11-11T11:08:52","slug":"pasta-saucen","status":"publish","type":"page","link":"https:\/\/katech-solutions.com\/de\/saucen-und-suppe\/pasta-saucen\/","title":{"rendered":"Pasta Saucen"},"content":{"rendered":"<p>Tomaten gelangten von Peru bereits im 16. Jahrhundert nach Italien. Inzwischen ist die italienische K\u00fcche ohne Tomaten kaum mehr vorstellbar &#8211; speziell in Saucen oder auf Pizza. Durch Tomaten werden eher langweilige Nudelgerichte zu schmackhaften Speisen, sie d\u00fcrfen daher in keiner K\u00fcche fehlen.<\/p>\n<p>Die Superm\u00e4rkte bieten den Verbrauchern enorme Vielf\u00e4ltigkeit, ob gefroren oder gek\u00fchlt oder pasteurisiert; ob mit Fleischanteil oder auch f\u00fcr Vegetarier.<\/p>\n<p>Hausgemachte italienische Tomatensauce, wie z.B. die allzeit beliebte Sauce Bolognese, welche auch Hackfleisch enth\u00e4lt, ist in der Regel s\u00fc\u00dfer als die bei uns bekannte Sauce, da hier San Marzano Tomaten verwendet werden.<\/p>\n","protected":false},"excerpt":{"rendered":"<p>Tomaten gelangten von Peru bereits im 16. Jahrhundert nach Italien. Inzwischen ist die italienische K\u00fcche ohne Tomaten kaum mehr vorstellbar &#8211; speziell in Saucen oder auf Pizza. Durch Tomaten werden eher langweilige Nudelgerichte zu schmackhaften Speisen, sie d\u00fcrfen daher in &hellip; <a class=\"continue-reading\" href=\"https:\/\/katech-solutions.com\/de\/saucen-und-suppe\/pasta-saucen\/\">Weiterlesen <span class=\"meta-nav\">&rarr;<\/span><\/a><\/p>\n","protected":false},"author":3,"featured_media":0,"parent":1162,"menu_order":0,"comment_status":"closed","ping_status":"open","template":"","meta":{"_acf_changed":false,"footnotes":""},"class_list":["post-1166","page","type-page","status-publish","hentry"],"acf":[],"yoast_head":"<!-- This site is optimized with the Yoast SEO plugin v27.2 - https:\/\/yoast.com\/product\/yoast-seo-wordpress\/ -->\n<title>KaTech \u2013 Stabilisator und Emulgator L\u00f6sungen f\u00fcr Pasta Saucen<\/title>\n<meta name=\"description\" content=\"KaTech sind ein Lebensmittel-Technologie-Unternehmen, spezialisiert auf Stabilisator und Emulgator-L\u00f6sungen f\u00fcr Pasta Saucen.\" \/>\n<meta name=\"robots\" content=\"index, follow, max-snippet:-1, max-image-preview:large, max-video-preview:-1\" \/>\n<link rel=\"canonical\" href=\"https:\/\/katech-solutions.com\/de\/saucen-und-suppe\/pasta-saucen\/\" \/>\n<meta property=\"og:locale\" content=\"de_DE\" \/>\n<meta property=\"og:type\" content=\"article\" \/>\n<meta property=\"og:title\" content=\"KaTech \u2013 Stabilisator und Emulgator L\u00f6sungen f\u00fcr Pasta Saucen\" \/>\n<meta property=\"og:description\" content=\"KaTech sind ein Lebensmittel-Technologie-Unternehmen, spezialisiert auf Stabilisator und Emulgator-L\u00f6sungen f\u00fcr Pasta Saucen.\" \/>\n<meta property=\"og:url\" content=\"https:\/\/katech-solutions.com\/de\/saucen-und-suppe\/pasta-saucen\/\" \/>\n<meta property=\"og:site_name\" content=\"KaTech\" \/>\n<meta property=\"article:modified_time\" content=\"2014-11-11T11:08:52+00:00\" \/>\n<meta name=\"twitter:label1\" content=\"Gesch\u00e4tzte Lesezeit\" \/>\n\t<meta name=\"twitter:data1\" content=\"1\u00a0Minute\" \/>\n<script type=\"application\/ld+json\" class=\"yoast-schema-graph\">{\"@context\":\"https:\/\/schema.org\",\"@graph\":[{\"@type\":\"WebPage\",\"@id\":\"https:\/\/katech-solutions.com\/de\/saucen-und-suppe\/pasta-saucen\/\",\"url\":\"https:\/\/katech-solutions.com\/de\/saucen-und-suppe\/pasta-saucen\/\",\"name\":\"KaTech \u2013 Stabilisator und Emulgator L\u00f6sungen f\u00fcr Pasta Saucen\",\"isPartOf\":{\"@id\":\"https:\/\/katech-solutions.com\/#website\"},\"datePublished\":\"2012-05-03T10:07:14+00:00\",\"dateModified\":\"2014-11-11T11:08:52+00:00\",\"description\":\"KaTech sind ein Lebensmittel-Technologie-Unternehmen, spezialisiert auf Stabilisator und Emulgator-L\u00f6sungen f\u00fcr Pasta Saucen.\",\"breadcrumb\":{\"@id\":\"https:\/\/katech-solutions.com\/de\/saucen-und-suppe\/pasta-saucen\/#breadcrumb\"},\"inLanguage\":\"de\",\"potentialAction\":[{\"@type\":\"ReadAction\",\"target\":[\"https:\/\/katech-solutions.com\/de\/saucen-und-suppe\/pasta-saucen\/\"]}]},{\"@type\":\"BreadcrumbList\",\"@id\":\"https:\/\/katech-solutions.com\/de\/saucen-und-suppe\/pasta-saucen\/#breadcrumb\",\"itemListElement\":[{\"@type\":\"ListItem\",\"position\":1,\"name\":\"Saucen und Suppen\",\"item\":\"https:\/\/katech-solutions.com\/de\/saucen-und-suppe\/\"},{\"@type\":\"ListItem\",\"position\":2,\"name\":\"Saucen und Suppen\",\"item\":\"https:\/\/katech-solutions.com\/saucen-und-suppe\/\"},{\"@type\":\"ListItem\",\"position\":3,\"name\":\"Pasta Saucen\"}]},{\"@type\":\"WebSite\",\"@id\":\"https:\/\/katech-solutions.com\/#website\",\"url\":\"https:\/\/katech-solutions.com\/\",\"name\":\"KaTech\",\"description\":\"\",\"potentialAction\":[{\"@type\":\"SearchAction\",\"target\":{\"@type\":\"EntryPoint\",\"urlTemplate\":\"https:\/\/katech-solutions.com\/?s={search_term_string}\"},\"query-input\":{\"@type\":\"PropertyValueSpecification\",\"valueRequired\":true,\"valueName\":\"search_term_string\"}}],\"inLanguage\":\"de\"}]}<\/script>\n<!-- \/ Yoast SEO plugin. -->","yoast_head_json":{"title":"KaTech \u2013 Stabilisator und Emulgator L\u00f6sungen f\u00fcr Pasta Saucen","description":"KaTech sind ein Lebensmittel-Technologie-Unternehmen, spezialisiert auf Stabilisator und Emulgator-L\u00f6sungen f\u00fcr Pasta Saucen.","robots":{"index":"index","follow":"follow","max-snippet":"max-snippet:-1","max-image-preview":"max-image-preview:large","max-video-preview":"max-video-preview:-1"},"canonical":"https:\/\/katech-solutions.com\/de\/saucen-und-suppe\/pasta-saucen\/","og_locale":"de_DE","og_type":"article","og_title":"KaTech \u2013 Stabilisator und Emulgator L\u00f6sungen f\u00fcr Pasta Saucen","og_description":"KaTech sind ein Lebensmittel-Technologie-Unternehmen, spezialisiert auf Stabilisator und Emulgator-L\u00f6sungen f\u00fcr Pasta Saucen.","og_url":"https:\/\/katech-solutions.com\/de\/saucen-und-suppe\/pasta-saucen\/","og_site_name":"KaTech","article_modified_time":"2014-11-11T11:08:52+00:00","twitter_misc":{"Gesch\u00e4tzte Lesezeit":"1\u00a0Minute"},"schema":{"@context":"https:\/\/schema.org","@graph":[{"@type":"WebPage","@id":"https:\/\/katech-solutions.com\/de\/saucen-und-suppe\/pasta-saucen\/","url":"https:\/\/katech-solutions.com\/de\/saucen-und-suppe\/pasta-saucen\/","name":"KaTech \u2013 Stabilisator und Emulgator L\u00f6sungen f\u00fcr Pasta Saucen","isPartOf":{"@id":"https:\/\/katech-solutions.com\/#website"},"datePublished":"2012-05-03T10:07:14+00:00","dateModified":"2014-11-11T11:08:52+00:00","description":"KaTech sind ein Lebensmittel-Technologie-Unternehmen, spezialisiert auf Stabilisator und Emulgator-L\u00f6sungen f\u00fcr Pasta Saucen.","breadcrumb":{"@id":"https:\/\/katech-solutions.com\/de\/saucen-und-suppe\/pasta-saucen\/#breadcrumb"},"inLanguage":"de","potentialAction":[{"@type":"ReadAction","target":["https:\/\/katech-solutions.com\/de\/saucen-und-suppe\/pasta-saucen\/"]}]},{"@type":"BreadcrumbList","@id":"https:\/\/katech-solutions.com\/de\/saucen-und-suppe\/pasta-saucen\/#breadcrumb","itemListElement":[{"@type":"ListItem","position":1,"name":"Saucen und Suppen","item":"https:\/\/katech-solutions.com\/de\/saucen-und-suppe\/"},{"@type":"ListItem","position":2,"name":"Saucen und Suppen","item":"https:\/\/katech-solutions.com\/saucen-und-suppe\/"},{"@type":"ListItem","position":3,"name":"Pasta Saucen"}]},{"@type":"WebSite","@id":"https:\/\/katech-solutions.com\/#website","url":"https:\/\/katech-solutions.com\/","name":"KaTech","description":"","potentialAction":[{"@type":"SearchAction","target":{"@type":"EntryPoint","urlTemplate":"https:\/\/katech-solutions.com\/?s={search_term_string}"},"query-input":{"@type":"PropertyValueSpecification","valueRequired":true,"valueName":"search_term_string"}}],"inLanguage":"de"}]}},"_links":{"self":[{"href":"https:\/\/katech-solutions.com\/de\/wp-json\/wp\/v2\/pages\/1166","targetHints":{"allow":["GET"]}}],"collection":[{"href":"https:\/\/katech-solutions.com\/de\/wp-json\/wp\/v2\/pages"}],"about":[{"href":"https:\/\/katech-solutions.com\/de\/wp-json\/wp\/v2\/types\/page"}],"author":[{"embeddable":true,"href":"https:\/\/katech-solutions.com\/de\/wp-json\/wp\/v2\/users\/3"}],"replies":[{"embeddable":true,"href":"https:\/\/katech-solutions.com\/de\/wp-json\/wp\/v2\/comments?post=1166"}],"version-history":[{"count":29,"href":"https:\/\/katech-solutions.com\/de\/wp-json\/wp\/v2\/pages\/1166\/revisions"}],"predecessor-version":[{"id":6474,"href":"https:\/\/katech-solutions.com\/de\/wp-json\/wp\/v2\/pages\/1166\/revisions\/6474"}],"up":[{"embeddable":true,"href":"https:\/\/katech-solutions.com\/de\/wp-json\/wp\/v2\/pages\/1162"}],"wp:attachment":[{"href":"https:\/\/katech-solutions.com\/de\/wp-json\/wp\/v2\/media?parent=1166"}],"curies":[{"name":"wp","href":"https:\/\/api.w.org\/{rel}","templated":true}]}}