{"id":1164,"date":"2012-07-19T16:13:00","date_gmt":"2012-07-19T16:13:00","guid":{"rendered":"\/?page_id=1164"},"modified":"2014-11-11T11:02:09","modified_gmt":"2014-11-11T11:02:09","slug":"frische-und-sterilisierte-saucen","status":"publish","type":"page","link":"https:\/\/katech-solutions.com\/de\/saucen-und-suppe\/frische-und-sterilisierte-saucen\/","title":{"rendered":"Frische, pasteurisierte oder sterilisierte Saucen"},"content":{"rendered":"<p>Frische, pasteurisierte oder sterilisierte Saucen sind fl\u00fcssige bis leicht past\u00f6se Zubereitungen die in der Regel \u00a0als Beigabe zu Fleisch, Fisch und\/oder Gem\u00fcse gereicht werden.<\/p>\n<p>Sie dienen zur Geschmacksgebung bzw. -unterst\u00fctzung des Gerichtes, aber auch um dem Gericht eine gewisse \u201eSaftigkeit\u201c zu verleihen.<\/p>\n<p>Frische oder sterilisierte Saucen an sich k\u00f6nnen recht geschmacksintensiv sein, da sie im Gegensatz zu Suppen nicht alleine sondern, wie bereits erw\u00e4hnt, in Kombination mit Fleisch, Fisch oder Gem\u00fcse verzehrt werden.<\/p>\n","protected":false},"excerpt":{"rendered":"<p>Frische, pasteurisierte oder sterilisierte Saucen sind fl\u00fcssige bis leicht past\u00f6se Zubereitungen die in der Regel \u00a0als Beigabe zu Fleisch, Fisch und\/oder Gem\u00fcse gereicht werden. Sie dienen zur Geschmacksgebung bzw. -unterst\u00fctzung des Gerichtes, aber auch um dem Gericht eine gewisse \u201eSaftigkeit\u201c &hellip; <a class=\"continue-reading\" href=\"https:\/\/katech-solutions.com\/de\/saucen-und-suppe\/frische-und-sterilisierte-saucen\/\">Weiterlesen <span class=\"meta-nav\">&rarr;<\/span><\/a><\/p>\n","protected":false},"author":3,"featured_media":0,"parent":1162,"menu_order":0,"comment_status":"closed","ping_status":"open","template":"","meta":{"_acf_changed":false,"footnotes":""},"class_list":["post-1164","page","type-page","status-publish","hentry"],"acf":[],"yoast_head":"<!-- This site is optimized with the Yoast SEO plugin v27.2 - https:\/\/yoast.com\/product\/yoast-seo-wordpress\/ -->\n<title>KaTech - Stabilisatoren und Emulgatoren f\u00fcr Frische und Sterilisierte Saucen<\/title>\n<meta name=\"description\" content=\"KaTech sind ein Lebensmittel-Technologie-Unternehmen, spezialisiert auf Stabilisator und Emulgator-L\u00f6sungen f\u00fcr Frische und Sterilisierte Saucen.\" \/>\n<meta name=\"robots\" content=\"index, follow, max-snippet:-1, max-image-preview:large, max-video-preview:-1\" \/>\n<link rel=\"canonical\" href=\"https:\/\/katech-solutions.com\/de\/saucen-und-suppe\/frische-und-sterilisierte-saucen\/\" \/>\n<meta property=\"og:locale\" content=\"de_DE\" \/>\n<meta property=\"og:type\" content=\"article\" \/>\n<meta property=\"og:title\" content=\"KaTech - Stabilisatoren und Emulgatoren f\u00fcr Frische und Sterilisierte Saucen\" \/>\n<meta property=\"og:description\" content=\"KaTech sind ein Lebensmittel-Technologie-Unternehmen, spezialisiert auf Stabilisator und Emulgator-L\u00f6sungen f\u00fcr Frische und Sterilisierte Saucen.\" \/>\n<meta property=\"og:url\" content=\"https:\/\/katech-solutions.com\/de\/saucen-und-suppe\/frische-und-sterilisierte-saucen\/\" \/>\n<meta property=\"og:site_name\" content=\"KaTech\" \/>\n<meta property=\"article:modified_time\" content=\"2014-11-11T11:02:09+00:00\" \/>\n<script type=\"application\/ld+json\" class=\"yoast-schema-graph\">{\"@context\":\"https:\/\/schema.org\",\"@graph\":[{\"@type\":\"WebPage\",\"@id\":\"https:\/\/katech-solutions.com\/de\/saucen-und-suppe\/frische-und-sterilisierte-saucen\/\",\"url\":\"https:\/\/katech-solutions.com\/de\/saucen-und-suppe\/frische-und-sterilisierte-saucen\/\",\"name\":\"KaTech - Stabilisatoren und Emulgatoren f\u00fcr Frische und Sterilisierte Saucen\",\"isPartOf\":{\"@id\":\"https:\/\/katech-solutions.com\/#website\"},\"datePublished\":\"2012-07-19T16:13:00+00:00\",\"dateModified\":\"2014-11-11T11:02:09+00:00\",\"description\":\"KaTech sind ein Lebensmittel-Technologie-Unternehmen, spezialisiert auf Stabilisator und Emulgator-L\u00f6sungen f\u00fcr Frische und Sterilisierte Saucen.\",\"breadcrumb\":{\"@id\":\"https:\/\/katech-solutions.com\/de\/saucen-und-suppe\/frische-und-sterilisierte-saucen\/#breadcrumb\"},\"inLanguage\":\"de\",\"potentialAction\":[{\"@type\":\"ReadAction\",\"target\":[\"https:\/\/katech-solutions.com\/de\/saucen-und-suppe\/frische-und-sterilisierte-saucen\/\"]}]},{\"@type\":\"BreadcrumbList\",\"@id\":\"https:\/\/katech-solutions.com\/de\/saucen-und-suppe\/frische-und-sterilisierte-saucen\/#breadcrumb\",\"itemListElement\":[{\"@type\":\"ListItem\",\"position\":1,\"name\":\"Saucen und Suppen\",\"item\":\"https:\/\/katech-solutions.com\/de\/saucen-und-suppe\/\"},{\"@type\":\"ListItem\",\"position\":2,\"name\":\"Frische, pasteurisierte oder sterilisierte Saucen\"}]},{\"@type\":\"WebSite\",\"@id\":\"https:\/\/katech-solutions.com\/#website\",\"url\":\"https:\/\/katech-solutions.com\/\",\"name\":\"KaTech\",\"description\":\"\",\"potentialAction\":[{\"@type\":\"SearchAction\",\"target\":{\"@type\":\"EntryPoint\",\"urlTemplate\":\"https:\/\/katech-solutions.com\/?s={search_term_string}\"},\"query-input\":{\"@type\":\"PropertyValueSpecification\",\"valueRequired\":true,\"valueName\":\"search_term_string\"}}],\"inLanguage\":\"de\"}]}<\/script>\n<!-- \/ Yoast SEO plugin. -->","yoast_head_json":{"title":"KaTech - Stabilisatoren und Emulgatoren f\u00fcr Frische und Sterilisierte Saucen","description":"KaTech sind ein Lebensmittel-Technologie-Unternehmen, spezialisiert auf Stabilisator und Emulgator-L\u00f6sungen f\u00fcr Frische und Sterilisierte Saucen.","robots":{"index":"index","follow":"follow","max-snippet":"max-snippet:-1","max-image-preview":"max-image-preview:large","max-video-preview":"max-video-preview:-1"},"canonical":"https:\/\/katech-solutions.com\/de\/saucen-und-suppe\/frische-und-sterilisierte-saucen\/","og_locale":"de_DE","og_type":"article","og_title":"KaTech - Stabilisatoren und Emulgatoren f\u00fcr Frische und Sterilisierte Saucen","og_description":"KaTech sind ein Lebensmittel-Technologie-Unternehmen, spezialisiert auf Stabilisator und Emulgator-L\u00f6sungen f\u00fcr Frische und Sterilisierte Saucen.","og_url":"https:\/\/katech-solutions.com\/de\/saucen-und-suppe\/frische-und-sterilisierte-saucen\/","og_site_name":"KaTech","article_modified_time":"2014-11-11T11:02:09+00:00","schema":{"@context":"https:\/\/schema.org","@graph":[{"@type":"WebPage","@id":"https:\/\/katech-solutions.com\/de\/saucen-und-suppe\/frische-und-sterilisierte-saucen\/","url":"https:\/\/katech-solutions.com\/de\/saucen-und-suppe\/frische-und-sterilisierte-saucen\/","name":"KaTech - Stabilisatoren und Emulgatoren f\u00fcr Frische und Sterilisierte Saucen","isPartOf":{"@id":"https:\/\/katech-solutions.com\/#website"},"datePublished":"2012-07-19T16:13:00+00:00","dateModified":"2014-11-11T11:02:09+00:00","description":"KaTech sind ein Lebensmittel-Technologie-Unternehmen, spezialisiert auf Stabilisator und Emulgator-L\u00f6sungen f\u00fcr Frische und Sterilisierte Saucen.","breadcrumb":{"@id":"https:\/\/katech-solutions.com\/de\/saucen-und-suppe\/frische-und-sterilisierte-saucen\/#breadcrumb"},"inLanguage":"de","potentialAction":[{"@type":"ReadAction","target":["https:\/\/katech-solutions.com\/de\/saucen-und-suppe\/frische-und-sterilisierte-saucen\/"]}]},{"@type":"BreadcrumbList","@id":"https:\/\/katech-solutions.com\/de\/saucen-und-suppe\/frische-und-sterilisierte-saucen\/#breadcrumb","itemListElement":[{"@type":"ListItem","position":1,"name":"Saucen und Suppen","item":"https:\/\/katech-solutions.com\/de\/saucen-und-suppe\/"},{"@type":"ListItem","position":2,"name":"Frische, pasteurisierte oder sterilisierte Saucen"}]},{"@type":"WebSite","@id":"https:\/\/katech-solutions.com\/#website","url":"https:\/\/katech-solutions.com\/","name":"KaTech","description":"","potentialAction":[{"@type":"SearchAction","target":{"@type":"EntryPoint","urlTemplate":"https:\/\/katech-solutions.com\/?s={search_term_string}"},"query-input":{"@type":"PropertyValueSpecification","valueRequired":true,"valueName":"search_term_string"}}],"inLanguage":"de"}]}},"_links":{"self":[{"href":"https:\/\/katech-solutions.com\/de\/wp-json\/wp\/v2\/pages\/1164","targetHints":{"allow":["GET"]}}],"collection":[{"href":"https:\/\/katech-solutions.com\/de\/wp-json\/wp\/v2\/pages"}],"about":[{"href":"https:\/\/katech-solutions.com\/de\/wp-json\/wp\/v2\/types\/page"}],"author":[{"embeddable":true,"href":"https:\/\/katech-solutions.com\/de\/wp-json\/wp\/v2\/users\/3"}],"replies":[{"embeddable":true,"href":"https:\/\/katech-solutions.com\/de\/wp-json\/wp\/v2\/comments?post=1164"}],"version-history":[{"count":9,"href":"https:\/\/katech-solutions.com\/de\/wp-json\/wp\/v2\/pages\/1164\/revisions"}],"predecessor-version":[{"id":6472,"href":"https:\/\/katech-solutions.com\/de\/wp-json\/wp\/v2\/pages\/1164\/revisions\/6472"}],"up":[{"embeddable":true,"href":"https:\/\/katech-solutions.com\/de\/wp-json\/wp\/v2\/pages\/1162"}],"wp:attachment":[{"href":"https:\/\/katech-solutions.com\/de\/wp-json\/wp\/v2\/media?parent=1164"}],"curies":[{"name":"wp","href":"https:\/\/api.w.org\/{rel}","templated":true}]}}