{"id":1162,"date":"2012-07-19T16:11:56","date_gmt":"2012-07-19T16:11:56","guid":{"rendered":"\/?page_id=1162"},"modified":"2017-08-04T10:01:22","modified_gmt":"2017-08-04T10:01:22","slug":"saucen-und-suppe","status":"publish","type":"page","link":"https:\/\/katech-solutions.com\/de\/saucen-und-suppe\/","title":{"rendered":"Saucen und Suppen"},"content":{"rendered":"<h2>Saucen und Suppen<\/h2>\n<p>Der Markt f\u00fcr Suppen und Saucen hat sich in den letzten Jahren zunehmend gewandelt. So ist die Auswahl an diesen Produkten heute genau so vielf\u00e4ltig wie unsere Gesellschaft. Der Fantasie sind in der Hinsicht kaum Grenzen gesetzt. Die Herausforderung besteht vielmehr darin, diese kreativen Produkte in der Art zu modifizieren, dass sie auch den Anforderungen einer modernen industriellen Fertigung entsprechen. Hierbei ist vieles m\u00f6glich, muss aber den jeweiligen Herstellungsprozessen angepasst werden.<\/p>\n<p>Handelt es ich um sterilisierte Produkte mit einer langen Haltbarkeit oder eher pasteurisierte mit einer vergleichbar kurzen Haltbarkeit und Vertrieb \u00fcber die gek\u00fchlte Vertriebskette &#8211; das gilt es zu ber\u00fccksichtigen. Aber auch Ultra Hocherhitzte Produkte in Kartonverpackungen erfreuen sich zunehmender Beliebtheit und Gestaltungsvielfalt.<\/p>\n<p>Sprechen sie uns an, wir verf\u00fcgen \u00fcber das notwendige Know How und die Kreativit\u00e4t um auch auf den ersten Blick au\u00dfergew\u00f6hnlich erscheinende Ideen mit ihnen gemeinsam umzusetzen.<\/p>\n","protected":false},"excerpt":{"rendered":"<p>Saucen und Suppen Der Markt f\u00fcr Suppen und Saucen hat sich in den letzten Jahren zunehmend gewandelt. So ist die Auswahl an diesen Produkten heute genau so vielf\u00e4ltig wie unsere Gesellschaft. Der Fantasie sind in der Hinsicht kaum Grenzen gesetzt. &hellip; <a class=\"continue-reading\" href=\"https:\/\/katech-solutions.com\/de\/saucen-und-suppe\/\">Weiterlesen <span class=\"meta-nav\">&rarr;<\/span><\/a><\/p>\n","protected":false},"author":3,"featured_media":0,"parent":0,"menu_order":0,"comment_status":"closed","ping_status":"open","template":"layout-content-3.php","meta":{"_acf_changed":false,"footnotes":""},"class_list":["post-1162","page","type-page","status-publish","hentry"],"acf":[],"yoast_head":"<!-- This site is optimized with the Yoast SEO plugin v27.2 - https:\/\/yoast.com\/product\/yoast-seo-wordpress\/ -->\n<title>KaTech - Stabilisatoren und Emulgatoren f\u00fcr Saucen und Suppe<\/title>\n<meta name=\"description\" content=\"KaTech sind ein Lebensmittel-Technologie-Unternehmen, spezialisiert auf die Erstellung von ma\u00dfgeschneiderten Stabilisator und Emulgator L\u00f6sungen f\u00fcr Saucen und Suppe.\" \/>\n<meta name=\"robots\" content=\"index, follow, max-snippet:-1, max-image-preview:large, max-video-preview:-1\" \/>\n<link rel=\"canonical\" href=\"https:\/\/katech-solutions.com\/de\/saucen-und-suppe\/\" \/>\n<meta property=\"og:locale\" content=\"de_DE\" \/>\n<meta property=\"og:type\" content=\"article\" \/>\n<meta property=\"og:title\" content=\"KaTech - Stabilisatoren und Emulgatoren f\u00fcr Saucen und Suppe\" \/>\n<meta property=\"og:description\" content=\"KaTech sind ein Lebensmittel-Technologie-Unternehmen, spezialisiert auf die Erstellung von ma\u00dfgeschneiderten Stabilisator und Emulgator L\u00f6sungen f\u00fcr Saucen und Suppe.\" \/>\n<meta property=\"og:url\" content=\"https:\/\/katech-solutions.com\/de\/saucen-und-suppe\/\" \/>\n<meta property=\"og:site_name\" content=\"KaTech\" \/>\n<meta property=\"article:modified_time\" content=\"2017-08-04T10:01:22+00:00\" \/>\n<meta name=\"twitter:label1\" content=\"Gesch\u00e4tzte Lesezeit\" \/>\n\t<meta name=\"twitter:data1\" content=\"1\u00a0Minute\" \/>\n<script type=\"application\/ld+json\" class=\"yoast-schema-graph\">{\"@context\":\"https:\/\/schema.org\",\"@graph\":[{\"@type\":\"WebPage\",\"@id\":\"https:\/\/katech-solutions.com\/de\/saucen-und-suppe\/\",\"url\":\"https:\/\/katech-solutions.com\/de\/saucen-und-suppe\/\",\"name\":\"KaTech - Stabilisatoren und Emulgatoren f\u00fcr Saucen und Suppe\",\"isPartOf\":{\"@id\":\"https:\/\/katech-solutions.com\/#website\"},\"datePublished\":\"2012-07-19T16:11:56+00:00\",\"dateModified\":\"2017-08-04T10:01:22+00:00\",\"description\":\"KaTech sind ein Lebensmittel-Technologie-Unternehmen, spezialisiert auf die Erstellung von ma\u00dfgeschneiderten Stabilisator und Emulgator L\u00f6sungen f\u00fcr Saucen und Suppe.\",\"inLanguage\":\"de\",\"potentialAction\":[{\"@type\":\"ReadAction\",\"target\":[\"https:\/\/katech-solutions.com\/de\/saucen-und-suppe\/\"]}]},{\"@type\":\"WebSite\",\"@id\":\"https:\/\/katech-solutions.com\/#website\",\"url\":\"https:\/\/katech-solutions.com\/\",\"name\":\"KaTech\",\"description\":\"\",\"potentialAction\":[{\"@type\":\"SearchAction\",\"target\":{\"@type\":\"EntryPoint\",\"urlTemplate\":\"https:\/\/katech-solutions.com\/?s={search_term_string}\"},\"query-input\":{\"@type\":\"PropertyValueSpecification\",\"valueRequired\":true,\"valueName\":\"search_term_string\"}}],\"inLanguage\":\"de\"}]}<\/script>\n<!-- \/ Yoast SEO plugin. -->","yoast_head_json":{"title":"KaTech - Stabilisatoren und Emulgatoren f\u00fcr Saucen und Suppe","description":"KaTech sind ein Lebensmittel-Technologie-Unternehmen, spezialisiert auf die Erstellung von ma\u00dfgeschneiderten Stabilisator und Emulgator L\u00f6sungen f\u00fcr Saucen und Suppe.","robots":{"index":"index","follow":"follow","max-snippet":"max-snippet:-1","max-image-preview":"max-image-preview:large","max-video-preview":"max-video-preview:-1"},"canonical":"https:\/\/katech-solutions.com\/de\/saucen-und-suppe\/","og_locale":"de_DE","og_type":"article","og_title":"KaTech - Stabilisatoren und Emulgatoren f\u00fcr Saucen und Suppe","og_description":"KaTech sind ein Lebensmittel-Technologie-Unternehmen, spezialisiert auf die Erstellung von ma\u00dfgeschneiderten Stabilisator und Emulgator L\u00f6sungen f\u00fcr Saucen und Suppe.","og_url":"https:\/\/katech-solutions.com\/de\/saucen-und-suppe\/","og_site_name":"KaTech","article_modified_time":"2017-08-04T10:01:22+00:00","twitter_misc":{"Gesch\u00e4tzte Lesezeit":"1\u00a0Minute"},"schema":{"@context":"https:\/\/schema.org","@graph":[{"@type":"WebPage","@id":"https:\/\/katech-solutions.com\/de\/saucen-und-suppe\/","url":"https:\/\/katech-solutions.com\/de\/saucen-und-suppe\/","name":"KaTech - Stabilisatoren und Emulgatoren f\u00fcr Saucen und Suppe","isPartOf":{"@id":"https:\/\/katech-solutions.com\/#website"},"datePublished":"2012-07-19T16:11:56+00:00","dateModified":"2017-08-04T10:01:22+00:00","description":"KaTech sind ein Lebensmittel-Technologie-Unternehmen, spezialisiert auf die Erstellung von ma\u00dfgeschneiderten Stabilisator und Emulgator L\u00f6sungen f\u00fcr Saucen und Suppe.","inLanguage":"de","potentialAction":[{"@type":"ReadAction","target":["https:\/\/katech-solutions.com\/de\/saucen-und-suppe\/"]}]},{"@type":"WebSite","@id":"https:\/\/katech-solutions.com\/#website","url":"https:\/\/katech-solutions.com\/","name":"KaTech","description":"","potentialAction":[{"@type":"SearchAction","target":{"@type":"EntryPoint","urlTemplate":"https:\/\/katech-solutions.com\/?s={search_term_string}"},"query-input":{"@type":"PropertyValueSpecification","valueRequired":true,"valueName":"search_term_string"}}],"inLanguage":"de"}]}},"_links":{"self":[{"href":"https:\/\/katech-solutions.com\/de\/wp-json\/wp\/v2\/pages\/1162","targetHints":{"allow":["GET"]}}],"collection":[{"href":"https:\/\/katech-solutions.com\/de\/wp-json\/wp\/v2\/pages"}],"about":[{"href":"https:\/\/katech-solutions.com\/de\/wp-json\/wp\/v2\/types\/page"}],"author":[{"embeddable":true,"href":"https:\/\/katech-solutions.com\/de\/wp-json\/wp\/v2\/users\/3"}],"replies":[{"embeddable":true,"href":"https:\/\/katech-solutions.com\/de\/wp-json\/wp\/v2\/comments?post=1162"}],"version-history":[{"count":14,"href":"https:\/\/katech-solutions.com\/de\/wp-json\/wp\/v2\/pages\/1162\/revisions"}],"predecessor-version":[{"id":8360,"href":"https:\/\/katech-solutions.com\/de\/wp-json\/wp\/v2\/pages\/1162\/revisions\/8360"}],"wp:attachment":[{"href":"https:\/\/katech-solutions.com\/de\/wp-json\/wp\/v2\/media?parent=1162"}],"curies":[{"name":"wp","href":"https:\/\/api.w.org\/{rel}","templated":true}]}}