{"id":1158,"date":"2012-07-19T16:08:07","date_gmt":"2012-07-19T16:08:07","guid":{"rendered":"\/?page_id=1158"},"modified":"2014-11-20T10:07:22","modified_gmt":"2014-11-20T10:07:22","slug":"unsere-vision","status":"publish","type":"page","link":"https:\/\/katech-solutions.com\/de\/unsere-vision\/","title":{"rendered":"Unsere Vision"},"content":{"rendered":"<h2>Unsere Vision<\/h2>\n<p><em><strong>\u201cUnsere Kunden durch bessere Qualit\u00e4tsprodukte und Kostenoptimierungen zu unterst\u00fctzen, um im heutigen wettbewerbsorientierten Markt erfolgreich zu sein: wir liefern ma\u00dfgeschneiderte L\u00f6sungen schnell und effizient.\u201d<\/strong><\/em><\/p>\n<p>Bei KaTech arbeiten wir mit Lebensmittelherstellern zusammen und unterst\u00fctzen diese,\u00a0 bessere Produkte herzustellen und Rezepturkosten zu senken. Nur so sind die schnell wechselnden Anforderungen des Handels zu erf\u00fcllen. Wir sind ein kompetentes Lebensmittel-Technologie-Unternehmen, das seinen Kunden seine Expertise zur Verf\u00fcgung stellt, damit diese im hart umk\u00e4mpften Markt erfolgreich sind.<br \/>\nWir werden Sie auf jedem Schritt des Weges begleiten &#8211; von der ersten Idee bis hin zur Produkteinf\u00fchrung.<\/p>\n<p>Unser Technologen-Team verf\u00fcgt \u00fcber umfangreiche Kenntnisse im gesamten Milch-, Dessert- und Feinkost-Markt. Wir helfen Lebensmittel-Produzenten bei der Herstellung von z.B.: Milch-Drinks, Sahne, Joghurt, K\u00e4se, Mayonnaise, Dips, Dressings, Saucen, Suppen, Pudding oder anderer Produkte.<\/p>\n<p>Wir unterst\u00fctzen Lebensmittelhersteller, um neue Marktsegmente f\u00fcr sich zu erobern und ihre bestehenden Kunden zufrieden zu stellen.<\/p>\n<p>Profitieren Sie von unseren Erfahrungen, um Ihre Kunden f\u00fcr sich zu gewinnen.<br \/>\nWenn Sie Ihr Produktportfolio verbessern oder erweitern wollen, z\u00f6gern Sie nicht, uns anzusprechen.<\/p>\n<p>Weitere Informationen entnehmen Sie bitte nebenstehender Prezi.<\/p>\n<p>&nbsp;<\/p>\n","protected":false},"excerpt":{"rendered":"<p>Unsere Vision \u201cUnsere Kunden durch bessere Qualit\u00e4tsprodukte und Kostenoptimierungen zu unterst\u00fctzen, um im heutigen wettbewerbsorientierten Markt erfolgreich zu sein: wir liefern ma\u00dfgeschneiderte L\u00f6sungen schnell und effizient.\u201d Bei KaTech arbeiten wir mit Lebensmittelherstellern zusammen und unterst\u00fctzen diese,\u00a0 bessere Produkte herzustellen und &hellip; <a class=\"continue-reading\" href=\"https:\/\/katech-solutions.com\/de\/unsere-vision\/\">Weiterlesen <span class=\"meta-nav\">&rarr;<\/span><\/a><\/p>\n","protected":false},"author":3,"featured_media":0,"parent":0,"menu_order":2,"comment_status":"closed","ping_status":"open","template":"layout-content-3.php","meta":{"_acf_changed":false,"footnotes":""},"class_list":["post-1158","page","type-page","status-publish","hentry"],"acf":[],"yoast_head":"<!-- This site is optimized with the Yoast SEO plugin v27.2 - https:\/\/yoast.com\/product\/yoast-seo-wordpress\/ -->\n<title>KaTech - ist unsere Vision zu helfen, unsere Kunden erfolgreich<\/title>\n<meta name=\"description\" content=\"Bei Katech, ist unsere Vision, unseren Kunden helfen, erfolgreich zu sein in der heutigen wettbewerbsorientierten Markt ihre Erwartungen \u00fcbertreffen.\" \/>\n<meta name=\"robots\" content=\"index, follow, max-snippet:-1, max-image-preview:large, max-video-preview:-1\" \/>\n<link rel=\"canonical\" href=\"https:\/\/katech-solutions.com\/de\/unsere-vision\/\" \/>\n<meta property=\"og:locale\" content=\"de_DE\" \/>\n<meta property=\"og:type\" content=\"article\" \/>\n<meta property=\"og:title\" content=\"KaTech - ist unsere Vision zu helfen, unsere Kunden erfolgreich\" \/>\n<meta property=\"og:description\" content=\"Bei Katech, ist unsere Vision, unseren Kunden helfen, erfolgreich zu sein in der heutigen wettbewerbsorientierten Markt ihre Erwartungen \u00fcbertreffen.\" \/>\n<meta property=\"og:url\" content=\"https:\/\/katech-solutions.com\/de\/unsere-vision\/\" \/>\n<meta property=\"og:site_name\" content=\"KaTech\" \/>\n<meta property=\"article:modified_time\" content=\"2014-11-20T10:07:22+00:00\" \/>\n<meta name=\"twitter:label1\" content=\"Gesch\u00e4tzte Lesezeit\" \/>\n\t<meta name=\"twitter:data1\" content=\"1\u00a0Minute\" \/>\n<script type=\"application\/ld+json\" class=\"yoast-schema-graph\">{\"@context\":\"https:\/\/schema.org\",\"@graph\":[{\"@type\":\"WebPage\",\"@id\":\"https:\/\/katech-solutions.com\/de\/unsere-vision\/\",\"url\":\"https:\/\/katech-solutions.com\/de\/unsere-vision\/\",\"name\":\"KaTech - ist unsere Vision zu helfen, unsere Kunden erfolgreich\",\"isPartOf\":{\"@id\":\"https:\/\/katech-solutions.com\/#website\"},\"datePublished\":\"2012-07-19T16:08:07+00:00\",\"dateModified\":\"2014-11-20T10:07:22+00:00\",\"description\":\"Bei Katech, ist unsere Vision, unseren Kunden helfen, erfolgreich zu sein in der heutigen wettbewerbsorientierten Markt ihre Erwartungen \u00fcbertreffen.\",\"inLanguage\":\"de\",\"potentialAction\":[{\"@type\":\"ReadAction\",\"target\":[\"https:\/\/katech-solutions.com\/de\/unsere-vision\/\"]}]},{\"@type\":\"WebSite\",\"@id\":\"https:\/\/katech-solutions.com\/#website\",\"url\":\"https:\/\/katech-solutions.com\/\",\"name\":\"KaTech\",\"description\":\"\",\"potentialAction\":[{\"@type\":\"SearchAction\",\"target\":{\"@type\":\"EntryPoint\",\"urlTemplate\":\"https:\/\/katech-solutions.com\/?s={search_term_string}\"},\"query-input\":{\"@type\":\"PropertyValueSpecification\",\"valueRequired\":true,\"valueName\":\"search_term_string\"}}],\"inLanguage\":\"de\"}]}<\/script>\n<!-- \/ Yoast SEO plugin. -->","yoast_head_json":{"title":"KaTech - ist unsere Vision zu helfen, unsere Kunden erfolgreich","description":"Bei Katech, ist unsere Vision, unseren Kunden helfen, erfolgreich zu sein in der heutigen wettbewerbsorientierten Markt ihre Erwartungen \u00fcbertreffen.","robots":{"index":"index","follow":"follow","max-snippet":"max-snippet:-1","max-image-preview":"max-image-preview:large","max-video-preview":"max-video-preview:-1"},"canonical":"https:\/\/katech-solutions.com\/de\/unsere-vision\/","og_locale":"de_DE","og_type":"article","og_title":"KaTech - ist unsere Vision zu helfen, unsere Kunden erfolgreich","og_description":"Bei Katech, ist unsere Vision, unseren Kunden helfen, erfolgreich zu sein in der heutigen wettbewerbsorientierten Markt ihre Erwartungen \u00fcbertreffen.","og_url":"https:\/\/katech-solutions.com\/de\/unsere-vision\/","og_site_name":"KaTech","article_modified_time":"2014-11-20T10:07:22+00:00","twitter_misc":{"Gesch\u00e4tzte Lesezeit":"1\u00a0Minute"},"schema":{"@context":"https:\/\/schema.org","@graph":[{"@type":"WebPage","@id":"https:\/\/katech-solutions.com\/de\/unsere-vision\/","url":"https:\/\/katech-solutions.com\/de\/unsere-vision\/","name":"KaTech - ist unsere Vision zu helfen, unsere Kunden erfolgreich","isPartOf":{"@id":"https:\/\/katech-solutions.com\/#website"},"datePublished":"2012-07-19T16:08:07+00:00","dateModified":"2014-11-20T10:07:22+00:00","description":"Bei Katech, ist unsere Vision, unseren Kunden helfen, erfolgreich zu sein in der heutigen wettbewerbsorientierten Markt ihre Erwartungen \u00fcbertreffen.","inLanguage":"de","potentialAction":[{"@type":"ReadAction","target":["https:\/\/katech-solutions.com\/de\/unsere-vision\/"]}]},{"@type":"WebSite","@id":"https:\/\/katech-solutions.com\/#website","url":"https:\/\/katech-solutions.com\/","name":"KaTech","description":"","potentialAction":[{"@type":"SearchAction","target":{"@type":"EntryPoint","urlTemplate":"https:\/\/katech-solutions.com\/?s={search_term_string}"},"query-input":{"@type":"PropertyValueSpecification","valueRequired":true,"valueName":"search_term_string"}}],"inLanguage":"de"}]}},"_links":{"self":[{"href":"https:\/\/katech-solutions.com\/de\/wp-json\/wp\/v2\/pages\/1158","targetHints":{"allow":["GET"]}}],"collection":[{"href":"https:\/\/katech-solutions.com\/de\/wp-json\/wp\/v2\/pages"}],"about":[{"href":"https:\/\/katech-solutions.com\/de\/wp-json\/wp\/v2\/types\/page"}],"author":[{"embeddable":true,"href":"https:\/\/katech-solutions.com\/de\/wp-json\/wp\/v2\/users\/3"}],"replies":[{"embeddable":true,"href":"https:\/\/katech-solutions.com\/de\/wp-json\/wp\/v2\/comments?post=1158"}],"version-history":[{"count":16,"href":"https:\/\/katech-solutions.com\/de\/wp-json\/wp\/v2\/pages\/1158\/revisions"}],"predecessor-version":[{"id":6712,"href":"https:\/\/katech-solutions.com\/de\/wp-json\/wp\/v2\/pages\/1158\/revisions\/6712"}],"wp:attachment":[{"href":"https:\/\/katech-solutions.com\/de\/wp-json\/wp\/v2\/media?parent=1158"}],"curies":[{"name":"wp","href":"https:\/\/api.w.org\/{rel}","templated":true}]}}