{"id":11561,"date":"2022-05-12T10:33:54","date_gmt":"2022-05-12T10:33:54","guid":{"rendered":"https:\/\/katech-solutions.com\/?page_id=11561"},"modified":"2023-02-06T17:26:37","modified_gmt":"2023-02-06T17:26:37","slug":"datenschutzinformation-fuer-bewerber","status":"publish","type":"page","link":"https:\/\/katech-solutions.com\/de\/datenschutzinformation-fuer-bewerber\/","title":{"rendered":"Datenschutzinformation f\u00fcr Bewerber"},"content":{"rendered":"<h1>Datenschutzinformation f\u00fcr Bewerber<\/h1>\n<h2>Information zum Datenschutz \u00fcber unsere Verarbeitung von Bewerber-Daten nach Artikel (Art.) 13, 14 und 21 der Datenschutz-Grundverordnung (DSGVO)<\/h2>\n<p><strong>1. F\u00fcr die Datenverarbeitung verantwortliche Stelle und Kontaktdaten<\/strong><\/p>\n<table width=\"695\">\n<tbody>\n<tr>\n<td valign=\"top\" width=\"50%\"><em>verantwortliche Stelle im Sinne des Datenschutzrechts<\/em><\/p>\n<p>KaTech Ingredient Solutions GmbH<br \/>\nAegidienstra\u00dfe 22<br \/>\n23552 L\u00fcbeck<br \/>\nTelefon: +49 (0)451 40702-0<br \/>\nE-Mail-Adresse: <a href=\"EMEAPrivacy-Deutschland@ingredion.com\">EMEAPrivacy-Deutschland@ingredion.com<\/a><\/td>\n<td valign=\"top\" width=\"50%\"><em>Kontakdaten unseres Datenschutzbeauftragten:<\/em><\/p>\n<p>HEC Harald Eul Consulting GmbH<br \/>\nDatenschutz + Datensicherheit<br \/>\nAuf der H\u00f6he 34<br \/>\n50321 Br\u00fchl<br \/>\nE-Mail-Adresse:<br \/>\n<a href=\"mailto:DSB-KaTechIngredient@he-c.de\">DSB-KaTechIngredient@he-c.de<\/a><\/td>\n<\/tr>\n<\/tbody>\n<\/table>\n<p><strong>2. Zwecke und Rechtsgrundlage, auf der wir Ihre Daten verarbeiten<\/strong><\/p>\n<p style=\"font-weight: 400;\">Wir verarbeiten personenbezogene Daten im Einklang mit den Bestimmungen der Datenschutz-Grundverordnung (DSGVO), dem Bundesdatenschutzgesetz (BDSG) sowie anderen anwendbaren Datenschutzvorschriften. Details im Folgendem. Weitere Einzelheiten oder Erg\u00e4nzungen zu den Zwecken der Datenverarbeitung k\u00f6nnen Sie den jeweiligen Vertragsunterlagen, Formularen, einer Einwilligungserkl\u00e4rung und anderen Ihnen bereitgestellten Informationen entnehmen.<\/p>\n<p><strong>2.1 Zwecke zur Erf\u00fcllung eines Vertrages oder von vorvertraglichen Ma\u00dfnahmen <\/strong>(Art. 6 Abs. 1 b DSGVO)<\/p>\n<p style=\"font-weight: 400;\">Die Verarbeitung Ihrer personenbezogenen Daten erfolgt zur Bearbeitung Ihrer Bewerbung auf eine konkrete Stellenausschreibung oder als Initiativbewerbung, und in diesem Zusammenhang insbesondere f\u00fcr folgende Zwecke: Pr\u00fcfung und Beurteilung Ihrer Geeignetheit f\u00fcr die zu besetzende Stelle, Leistungs- und Verhaltensbewertung im gesetzlich zul\u00e4ssigen Umfang, ggf. zur Registrierung und Authentifizierung f\u00fcr die Bewerbung \u00fcber unsere Website, ggf. zur Erstellung des Arbeitsvertrages, Nachweisbarkeit von Transaktionen, Auftr\u00e4gen und sonstigen Vereinbarungen sowie zur Qualit\u00e4tskontrolle durch entsprechende Dokumentation, Ma\u00dfnahmen zur Erf\u00fcllung der allgemeinen Sorgfaltspflichten, statistische Auswertungen zur Unternehmenssteuerung, Reise- und Veranstaltungsmanagement, Reisebuchung und Reisekostenabrechnung, Berechtigungs- und Ausweisverwaltung, Kostenerfassung und Controlling, Berichtswesen, interne und externe Kommunikation, Abrechnung und steuerliche Bewertung betrieblicher Leistungen (z.B. Kantinenessen), Abrechnung \u00fcber Firmen-Kreditkarte, Arbeitssicherheit und Gesundheitsschutz, vertragsbezogene Kommunikation (einschlie\u00dflich Terminvereinbarungen) mit Ihnen, Geltendmachung rechtlicher Anspr\u00fcche und Verteidigung bei rechtlichen Streitigkeiten; Gew\u00e4hrleistung der IT-Sicherheit (u. a. System- bzw. Plausibilit\u00e4tstests) und der allgemeinen Sicherheit, u. a. Geb\u00e4ude- und Anlagensicherheit, Sicherstellung und Wahrnehmung des Hausrechts durch entsprechende Ma\u00dfnahmen wie auch ggf. durch Video\u00fcberwachungen zum Schutz von Dritten und unseren Mitarbeitern sowie zur Verhinderung von und zur Sicherung von Beweismitteln bei Straftaten; Gew\u00e4hrleistung der Integrit\u00e4t, Verhinderung und Aufkl\u00e4rung von Straftaten; Authentizit\u00e4t und Verf\u00fcgbarkeit der Daten, Kontrolle durch Aufsichtsgremien oder Kontrollinstanzen (z. B. Revision).<\/p>\n<p><strong>2.2 Zwecke <\/strong><strong>im Rahmen eines berechtigten Interesses von uns oder Dritten<\/strong> (Art. 6 Abs. 1 f DSGVO)<\/p>\n<p style=\"font-weight: 400;\">\u00dcber die eigentliche Erf\u00fcllung des (Vor-) Vertrages hinaus verarbeiten wir Ihre Daten gegebenenfalls, wenn es erforderlich ist, um berechtigte Interessen von uns oder Dritten zu wahren. Verarbeitungen Ihrer Daten finden nur dann und insoweit statt, als keine \u00fcberwiegenden Interessen Ihrerseits gegen eine entsprechende Verarbeitung sprechen, wie insbesondere f\u00fcr folgende Zwecke: Ma\u00dfnahmen zur Weiterentwicklung von bestehender Systeme, Prozesse und Dienstleistungen; Abgleiche mit europ\u00e4ischen und internationalen Antiterrorlisten sowie weitere Betrugs- oder Missbrauchspr\u00e4ventionsma\u00dfnahmen, soweit \u00fcber die gesetzlichen Verpflichtungen hinausgehend; Anreicherung unserer Daten, u.a. durch Nutzung oder der Recherche \u00f6ffentlich zug\u00e4nglicher Daten soweit erforderlich; Benchmarking; Entwicklung von Scoring-Systemen oder automatisierten Entscheidungsprozessen; Geb\u00e4ude- und Anlagensicherheit (z. B. durch Zutrittskontrollen und Video\u00fcberwachung), soweit \u00fcber die allgemeinen Sorgfaltspflichten hinausgehend; interne und externe Untersuchungen, Sicherheits\u00fcberpr\u00fcfungen;<\/p>\n<p><strong>2.3 Zwecke im Rahmen Ihrer Einwilligung <\/strong>(Art. 6 Abs. 1 a DSGVO)<\/p>\n<p style=\"font-weight: 400;\">Eine Verarbeitung Ihrer personenbezogenen Daten kann f\u00fcr bestimmte Zwecke (z. B. die Einholung von Referenzen bei fr\u00fcheren Arbeitgebern oder die Nutzung Ihrer Daten f\u00fcr sp\u00e4tere Vakanzen) auch aufgrund Ihrer Einwilligung erfolgen. In der Regel k\u00f6nnen Sie diese jederzeit widerrufen. \u00dcber die Zwecke und \u00fcber die Konsequenzen eines Widerrufs oder der Verweigerung einer Einwilligung werden Sie gesondert im entsprechenden Text der Einwilligung informiert.<\/p>\n<p style=\"font-weight: 400;\">Grunds\u00e4tzlich gilt, dass der Widerruf einer Einwilligung erst f\u00fcr die Zukunft wirkt. Verarbeitungen, die vor dem Widerruf erfolgt sind, sind davon nicht betroffen und bleiben rechtm\u00e4\u00dfig.<\/p>\n<p><strong>2.4 Zwecke zur Erf\u00fcllung gesetzlicher Vorgaben <\/strong>(Art. 6 Abs. 1 c DSGVO)<strong> oder im \u00f6ffentlichen Interesse <\/strong>(Art. 6 Abs. 1 e DSGVO)<\/p>\n<p style=\"font-weight: 400;\">Wie jeder, der sich am Wirtschaftsgeschehen beteiligt, unterliegen auch wir einer Vielzahl von rechtlichen Verpflichtungen. Prim\u00e4r sind dies gesetzliche Anforderungen (z.B. Betriebsverfassungsgesetz, Sozialgesetzbuch, Handels- und Steuergesetze), aber auch ggf. aufsichtsrechtliche oder andere beh\u00f6rdliche Vorgaben (z.B. Berufsgenossenschaft). Zu den Zwecken der Verarbeitung geh\u00f6ren ggf. die Identit\u00e4ts- und Alterspr\u00fcfung, Betrugs- und Geldw\u00e4schepr\u00e4vention (z.B. Abgleiche mit europ\u00e4ischen und internationalen Antiterrorlisten), das betriebliche Gesundheitsmanagement, die Gew\u00e4hrleistung der Arbeitssicherheit, die Erf\u00fcllung steuerrechtlicher Kontroll- und Meldepflichten sowie die Archivierung von Daten zu Zwecken des Datenschutzes und der Datensicherheit sowie f\u00fcr Zwecke der Pr\u00fcfung durch Steuerberater\/Wirtschaftspr\u00fcfer, Steuer- und andere Beh\u00f6rden. Dar\u00fcber hinaus kann die Offenlegung personenbezogener Daten im Rahmen von beh\u00f6rdlichen\/gerichtlichen Ma\u00dfnahmen zu Zwecken der Beweiserhebung, Strafverfolgung oder der Durchsetzung zivilrechtlicher Anspr\u00fcche erforderlich werden.<\/p>\n<p><strong>3. Die von uns verarbeiteten Datenkategorien, soweit wir Daten nicht unmittelbar von Ihnen erhalten, und deren Herkunft<\/strong><\/p>\n<p style=\"font-weight: 400;\">Soweit dies f\u00fcr die Vertragsbeziehung mit Ihnen und die von Ihnen ausgesprochene Bewerbung erforderlich ist, verarbeiten wir ggf. von anderen Stellen oder von sonstigen Dritten zul\u00e4ssigerweise erhaltene Daten. Zudem verarbeiten wir personenbezogene Daten, die wir aus \u00f6ffentlich zug\u00e4nglichen Quellen (wie z.B. Handels- und Vereinsregister, Melderegister, Presse, Internet und andere Medien) zul\u00e4ssigerweise gewonnen, erhalten oder erworben haben, soweit dies erforderlich ist und wir nach den gesetzlichen Vorschriften diese Daten verarbeiten d\u00fcrfen.<\/p>\n<p style=\"font-weight: 400;\">Relevante personenbezogene Datenkategorien k\u00f6nnen insbesondere ggf. sein:<\/p>\n<ul>\n<li>Adress- und Kontaktdaten (Melde- und vergleichbare Daten, wie z.B. E-Mail-Adresse und Telefonnummer)<\/li>\n<li>Informationen \u00fcber Sie im Internet oder in sozialen Netzwerken<\/li>\n<li>Videodaten<\/li>\n<\/ul>\n<p><strong>4. Empf\u00e4nger oder Kategorien von Empf\u00e4ngern Ihrer Daten<\/strong><\/p>\n<p style=\"font-weight: 400;\">Innerhalb unseres Hauses erhalten diejenigen internen Stellen bzw. Organisationseinheiten Ihre Daten, die diese zur Erf\u00fcllung unserer vertraglichen und gesetzlichen Pflichten (wie F\u00fchrungskr\u00e4fte und Fachverantwortliche, die einen neuen Mitarbeiter suchen oder an der Entscheidung \u00fcber die Stellenbesetzung mitwirken, Buchhaltung, Betriebsarzt, Arbeitssicherheit, ggf. Mitarbeitervertretung usw.) oder im Rahmen der Bearbeitung und Umsetzung unseres berechtigten Interesses ben\u00f6tigen. Eine Weitergabe Ihrer Daten an externe Stellen erfolgt <strong>ausschlie\u00dflich<\/strong><\/p>\n<ul>\n<li>zu Zwecken, bei denen wir zur Erf\u00fcllung gesetzlicher Vorgaben zur Auskunft, Meldung oder Weitergabe von Daten verpflichtet (z.B. Finanzbeh\u00f6rden) oder berechtigt sind oder die Datenweitergabe im \u00f6ffentlichen Interesse liegt (vgl. Ziffer 2.4);<\/li>\n<li>soweit externe Dienstleistungsunternehmen Daten in unserem Auftrag als Auftragsverarbeiter oder Funktions\u00fcbernehmer verarbeiten (z.B. Kreditinstitute, externe Rechenzentren, Reiseb\u00fcro\/Travel-Management, Druckereien oder Unternehmen f\u00fcr Datenentsorgung, Kurierdienste, Post, Logistik);<\/li>\n<li>aufgrund unseres berechtigten Interesses oder des berechtigten Interesses des Dritten f\u00fcr im Rahmen der unter Ziffer 2.2 genannten Zwecke (z.B. an Beh\u00f6rden, Auskunfteien, Rechtsanw\u00e4lte, Gerichte, Gutachter, konzernangeh\u00f6rige Unternehmen und Gremien und Kontrollinstanzen);<\/li>\n<li>wenn Sie uns eine Einwilligung zur \u00dcbermittlung an Dritte gegeben<\/li>\n<\/ul>\n<p style=\"font-weight: 400;\"><strong>Wir werden Ihre Daten dar\u00fcber hinaus nicht an Dritte weitergeben, sofern wir Sie dar\u00fcber nicht gesondert informieren. <\/strong>Soweit wir Dienstleister im Rahmen einer Auftragsverarbeitung beauftragen, unterliegen Ihre Daten dort den von uns vorgegebenen Sicherheitsstandards, um ihre Daten angemessen zu sch\u00fctzen. In den \u00fcbrigen F\u00e4llen d\u00fcrfen die Empf\u00e4nger die Daten nur f\u00fcr die Zwecke nutzen, f\u00fcr die sie ihnen \u00fcbermittelt wurden.<\/p>\n<p><strong>5. Dauer der Speicherung Ihrer Daten <\/strong><\/p>\n<p style=\"font-weight: 400;\">Wir verarbeiten und speichern Ihre Daten im Grundsatz f\u00fcr die Dauer Ihrer Bewerbung. Das schlie\u00dft auch die Anbahnung eines Vertrages mit ein (vorvertraglichen Rechtsverh\u00e4ltnis).<\/p>\n<p style=\"font-weight: 400;\">Dar\u00fcber hinaus unterliegen wir verschiedenen Aufbewahrungs- und Dokumentationspflichten, die sich unter anderem aus dem Handelsgesetzbuch (HGB) und der Abgabenordnung (AO), ergeben. Die dort vorgegebenen Fristen zur Aufbewahrung bzw. Dokumentation betragen bis zehn Jahre \u00fcber das Ende der Vertragsbeziehung oder des vorvertraglichen Rechtsverh\u00e4ltnisses hinaus. Ihre Bewerbungsunterlagen werden Ihnen bei Nicht-Einstellung nach Ablauf von sechs Monaten im Original zur\u00fcckgegeben. Elektronische Daten werden nach sechs Monaten entsprechend gel\u00f6scht. Sollten wir Ihre Daten f\u00fcr sp\u00e4tere Vakanzen l\u00e4nger speichern wollen oder Sie Ihre Daten in einen Bewerberpool eingestellt haben, werden die Daten zu sp\u00e4teren Zeitpunkten gel\u00f6scht; Einzelheiten dazu werden Ihnen im Zusammenhang mit dem jeweiligen Prozess mitgeteilt.<\/p>\n<p style=\"font-weight: 400;\">Sind die Daten f\u00fcr die Erf\u00fcllung vertraglicher oder gesetzlicher Pflichten und Rechte nicht mehr erforderlich, werden diese regelm\u00e4\u00dfig gel\u00f6scht, es sei denn, deren &#8211; befristete &#8211; Weiterverarbeitung ist zur Erf\u00fcllung der unter Ziffer 2.2 aufgef\u00fchrten Zwecke aus einem \u00fcberwiegenden berechtigten Interesse unseres Hauses erforderlich. Ein solches \u00fcberwiegendes berechtigtes Interesse liegt z.B. dann vor, wenn eine L\u00f6schung wegen der besonderen Art der Speicherung nicht oder nur mit unverh\u00e4ltnism\u00e4\u00dfig hohem Aufwand m\u00f6glich ist. In diesen F\u00e4llen k\u00f6nnen wir auch nach Beendigung unserer Vertragsbeziehung f\u00fcr eine mit den Zwecken vereinbarte Dauer Ihre Daten speichern und ggf. in beschr\u00e4nktem Umfang nutzen. Grunds\u00e4tzlich tritt in diesen F\u00e4llen an die Stelle einer L\u00f6schung eine Einschr\u00e4nkung der Verarbeitung. Mit anderen Worten, die Daten werden gegen die sonst \u00fcbliche Nutzung durch entsprechende Ma\u00dfnahmen gesperrt.<\/p>\n<p><strong>6. Verarbeitung Ihrer Daten in einem Drittland oder durch eine internationale Organisation <\/strong><\/p>\n<p style=\"font-weight: 400;\">Eine Daten\u00fcbermittlung an Stellen in Staaten au\u00dferhalb des Europ\u00e4ischen Wirtschaftsraums EU\/EWR (sogenannte Drittl\u00e4nder) erfolgt dann, wenn es zur Ausf\u00fchrung einer vertraglichen Verpflichtung Ihnen gegen\u00fcber erforderlich sein sollte (z. B. Bewerbung f\u00fcr eine Stelle im Ausland), oder es im Rahmen eines berechtigten Interesses von uns oder einem Dritten liegt oder Sie uns eine Einwilligung erteilt haben.<\/p>\n<p style=\"font-weight: 400;\">Dabei kann die Verarbeitung Ihrer Daten in einem Drittland auch im Zusammenhang mit der Einschaltung von Dienstleistern im Rahmen der Auftragsverarbeitung erfolgen. Soweit f\u00fcr das betreffende Land kein Beschluss der EU-Kommission \u00fcber ein dort vorliegendes angemessenes Datenschutzniveau vorliegen sollte, besteht das Risiko beh\u00f6rdlicher Zugriffe, ohne dass angemessene Rechtsbehelfe hiergegen bestehen. In diesem Rahmen k\u00f6nnen entsprechende Vertr\u00e4ge (wie EU-Standardvertr\u00e4ge) und zus\u00e4tzliche Ma\u00dfnahmen als Grundlage f\u00fcr die \u00dcbermittlung zum Einsatz kommen. Informationen zu den geeigneten oder angemessenen Garantien und zu der M\u00f6glichkeit, eine Kopie von Ihnen zu erhalten, k\u00f6nnen auf Anfrage beim betrieblichen Datenschutzbeauftragten angefordert werden.<\/p>\n<p><strong>7. Ihre Datenschutzrechte <\/strong><\/p>\n<p style=\"font-weight: 400;\"><strong>Unter bestimmten Voraussetzungen k\u00f6nnen Sie uns gegen\u00fcber Ihre Datenschutzrechte geltend machen<\/strong><\/p>\n<p style=\"font-weight: 400;\">Jede betroffene Person hat das Recht auf Auskunft nach Art. 15 DS-GVO, das Recht auf Berichtigung nach Art. 16 DS-GVO, das Recht auf L\u00f6schung nach Art. 17 DS-GVO, das Recht auf Einschr\u00e4nkung der Verarbeitung nach Art. 18 DS-GVO sowie das Recht auf Daten\u00fcbertragbarkeit aus Art. 20 DS-GVO. Beim Auskunftsrecht und beim L\u00f6schungsrecht gelten die Einschr\u00e4nkungen nach \u00a7\u00a7 34 und 35 BDSG. Dar\u00fcber hinaus besteht ein Beschwerderecht bei einer Datenschutzaufsichtsbeh\u00f6rde (Art. 77 DS-GVO i.V.m. \u00a7 19 BDSG).<\/p>\n<p style=\"font-weight: 400;\"><strong>Ihre Antr\u00e4ge \u00fcber die Aus\u00fcbung ihrer Rechte sollten nach M\u00f6glichkeit schriftlich an die oben angegebene Anschrift oder direkt an unseren Datenschutzbeauftragten adressiert werden.<\/strong><\/p>\n<p><strong>8. Umfang Ihrer Pflichten, uns Ihre Daten bereitzustellen<\/strong><\/p>\n<p style=\"font-weight: 400;\">Sie brauchen nur diejenigen Daten bereitzustellen, die f\u00fcr die Bearbeitung ihrer Bewerbung oder f\u00fcr ein vorvertragliches Verh\u00e4ltnis mit uns erforderlich sind oder zu deren Erhebung wir gesetzlich verpflichtet sind. Ohne diese Daten werden wir in der Regel nicht in der Lage sein, den Bewerbungs- und Auswahlprozess weiter auszuf\u00fchren. Sofern wir dar\u00fcber hinaus Daten von Ihnen erbitten, werden Sie \u00fcber die Freiwilligkeit der Angaben gesondert informiert.<\/p>\n<p><strong>9. Bestehen einer automatisierten Entscheidungsfindung im Einzelfall (einschlie\u00dflich Profiling)<\/strong><\/p>\n<p style=\"font-weight: 400;\">Wir setzen keine rein automatisierten Entscheidungsverfahren gem\u00e4\u00df Artikel 22 DSGVO ein. Sofern wir ein solches Verfahren zuk\u00fcnftig in Einzelf\u00e4llen doch einsetzen sollten, werden wir Sie hier\u00fcber gesondert informieren, sofern dies gesetzlich vorgegeben ist.<\/p>\n<table style=\"font-weight: 400;\">\n<tbody>\n<tr>\n<td width=\"604\">\n<div>\n<p class=\"TableParagraph\"><b><span lang=\"DE\">Information \u00fcber Ihr Widerspruchsrecht Art. 21 DSGVO<\/span><\/b><\/p>\n<\/div>\n<ol>\n<li>Sie haben das Recht, jederzeit gegen die Verarbeitung Ihrer Daten, die aufgrund von Art. 6 Abs. 1 f DSGVO (Datenverarbeitung auf der Grundlage einer Interessenabw\u00e4gung) oder Art. 6 Abs. 1 e DSGVO (Datenverarbeitung im \u00f6ffentlichen Interesse) erfolgt, Widerspruch einzulegen. Vorausset-zung ist allerdings, dass f\u00fcr Ihren Widerspruch Gr\u00fcnde vorliegen, die sich aus Ihrer besonderen pers\u00f6nlichen Situation ergeben. Dies gilt auch f\u00fcr ein auf diese Bestimmung gest\u00fctztes Profiling im Sinne von Art. 4 Nr. 4 DSGVO.Legen Sie Widerspruch ein, werden wir Ihre personenbezogenen Daten nicht mehr verarbeiten, es sei denn, wir k\u00f6nnen zwingende schutzw\u00fcrdige Gr\u00fcnde f\u00fcr die Verarbeitung nachweisen, die Ihre Interessen, Rechte und Freiheiten \u00fcberwiegen, oder die Verarbeitung dient der Geltendmachung, Aus\u00fcbung oder Verteidigung von Rechtsanspr\u00fcchen.Ihre Bewerbung k\u00f6nnen Sie nat\u00fcrlich jederzeit zur\u00fcckziehen.<\/li>\n<li>Es ist nicht geplant, Ihre personenbezogenen Daten f\u00fcr Zwecke der Direktwerbung zu nutzen. Trotzdem m\u00fcssen wir Sie dar\u00fcber informieren, dass Sie jederzeit das Recht, Widerspruch gegen Werbung einzulegen; dies gilt auch f\u00fcr das Profiling, soweit es mit solcher Direktwerbung in Verbindung steht. Diesen Widerspruch werden wir f\u00fcr die Zukunft beachten.<\/li>\n<\/ol>\n<p>Der Widerspruch kann formfrei erfolgen und sollte m\u00f6glichst gerichtet werden an:<\/p>\n<p>HEC Harald Eul Consulting GmbH<br \/>\nDatenschutz + Datensicherheit<br \/>\nAuf der H\u00f6he 34<br \/>\n50321 Br\u00fchl<br \/>\nEmail: <a href=\"mailto:DSB-KaTechIngredient@he-c.de\">DSB-KaTechIngredient@he-c.de<\/a><\/td>\n<\/tr>\n<\/tbody>\n<\/table>\n<div>\n<p class=\"TableParagraph\"><span lang=\"DE\">Unsere Information zum Datenschutz \u00fcber unsere Datenverarbeitung nach Artikel (Art.) 13, 14 und 21 DSGVO kann sich von Zeit zu Zeit \u00e4ndern. Alle \u00c4nderungen werden wir auf dieser Seite ver\u00f6ffentlichen. \u00c4ltere Versionen stellen wir Ihren zur Einsicht in einem Archiv bereit.<\/span><\/p>\n<\/div>\n","protected":false},"excerpt":{"rendered":"<p>Datenschutzinformation f\u00fcr Bewerber Information zum Datenschutz \u00fcber unsere Verarbeitung von Bewerber-Daten nach Artikel (Art.) 13, 14 und 21 der Datenschutz-Grundverordnung (DSGVO) 1. F\u00fcr die Datenverarbeitung verantwortliche Stelle und Kontaktdaten verantwortliche Stelle im Sinne des Datenschutzrechts KaTech Ingredient Solutions GmbH Aegidienstra\u00dfe &hellip; <a class=\"continue-reading\" href=\"https:\/\/katech-solutions.com\/de\/datenschutzinformation-fuer-bewerber\/\">Weiterlesen <span class=\"meta-nav\">&rarr;<\/span><\/a><\/p>\n","protected":false},"author":3,"featured_media":0,"parent":0,"menu_order":0,"comment_status":"closed","ping_status":"closed","template":"onecolumn-page.php","meta":{"_acf_changed":false,"footnotes":""},"class_list":["post-11561","page","type-page","status-publish","hentry"],"acf":[],"yoast_head":"<!-- This site is optimized with the Yoast SEO plugin v27.2 - https:\/\/yoast.com\/product\/yoast-seo-wordpress\/ -->\n<title>Datenschutzinformation f\u00fcr Bewerber |<\/title>\n<meta name=\"robots\" content=\"index, follow, max-snippet:-1, max-image-preview:large, max-video-preview:-1\" \/>\n<link rel=\"canonical\" href=\"https:\/\/katech-solutions.com\/de\/datenschutzinformation-fuer-bewerber\/\" \/>\n<meta property=\"og:locale\" content=\"de_DE\" \/>\n<meta property=\"og:type\" content=\"article\" \/>\n<meta property=\"og:title\" content=\"Datenschutzinformation f\u00fcr Bewerber |\" \/>\n<meta property=\"og:description\" content=\"Datenschutzinformation f\u00fcr Bewerber Information zum Datenschutz \u00fcber unsere Verarbeitung von Bewerber-Daten nach Artikel (Art.) 13, 14 und 21 der Datenschutz-Grundverordnung (DSGVO) 1. F\u00fcr die Datenverarbeitung verantwortliche Stelle und Kontaktdaten verantwortliche Stelle im Sinne des Datenschutzrechts KaTech Ingredient Solutions GmbH Aegidienstra\u00dfe &hellip; Weiterlesen &rarr;\" \/>\n<meta property=\"og:url\" content=\"https:\/\/katech-solutions.com\/de\/datenschutzinformation-fuer-bewerber\/\" \/>\n<meta property=\"og:site_name\" content=\"KaTech\" \/>\n<meta property=\"article:modified_time\" content=\"2023-02-06T17:26:37+00:00\" \/>\n<meta name=\"twitter:label1\" content=\"Gesch\u00e4tzte Lesezeit\" \/>\n\t<meta name=\"twitter:data1\" content=\"9\u00a0Minuten\" \/>\n<script type=\"application\/ld+json\" class=\"yoast-schema-graph\">{\"@context\":\"https:\/\/schema.org\",\"@graph\":[{\"@type\":\"WebPage\",\"@id\":\"https:\/\/katech-solutions.com\/de\/datenschutzinformation-fuer-bewerber\/\",\"url\":\"https:\/\/katech-solutions.com\/de\/datenschutzinformation-fuer-bewerber\/\",\"name\":\"Datenschutzinformation f\u00fcr Bewerber |\",\"isPartOf\":{\"@id\":\"https:\/\/katech-solutions.com\/#website\"},\"datePublished\":\"2022-05-12T10:33:54+00:00\",\"dateModified\":\"2023-02-06T17:26:37+00:00\",\"inLanguage\":\"de\",\"potentialAction\":[{\"@type\":\"ReadAction\",\"target\":[\"https:\/\/katech-solutions.com\/de\/datenschutzinformation-fuer-bewerber\/\"]}]},{\"@type\":\"WebSite\",\"@id\":\"https:\/\/katech-solutions.com\/#website\",\"url\":\"https:\/\/katech-solutions.com\/\",\"name\":\"KaTech\",\"description\":\"\",\"potentialAction\":[{\"@type\":\"SearchAction\",\"target\":{\"@type\":\"EntryPoint\",\"urlTemplate\":\"https:\/\/katech-solutions.com\/?s={search_term_string}\"},\"query-input\":{\"@type\":\"PropertyValueSpecification\",\"valueRequired\":true,\"valueName\":\"search_term_string\"}}],\"inLanguage\":\"de\"}]}<\/script>\n<!-- \/ Yoast SEO plugin. -->","yoast_head_json":{"title":"Datenschutzinformation f\u00fcr Bewerber |","robots":{"index":"index","follow":"follow","max-snippet":"max-snippet:-1","max-image-preview":"max-image-preview:large","max-video-preview":"max-video-preview:-1"},"canonical":"https:\/\/katech-solutions.com\/de\/datenschutzinformation-fuer-bewerber\/","og_locale":"de_DE","og_type":"article","og_title":"Datenschutzinformation f\u00fcr Bewerber |","og_description":"Datenschutzinformation f\u00fcr Bewerber Information zum Datenschutz \u00fcber unsere Verarbeitung von Bewerber-Daten nach Artikel (Art.) 13, 14 und 21 der Datenschutz-Grundverordnung (DSGVO) 1. F\u00fcr die Datenverarbeitung verantwortliche Stelle und Kontaktdaten verantwortliche Stelle im Sinne des Datenschutzrechts KaTech Ingredient Solutions GmbH Aegidienstra\u00dfe &hellip; Weiterlesen &rarr;","og_url":"https:\/\/katech-solutions.com\/de\/datenschutzinformation-fuer-bewerber\/","og_site_name":"KaTech","article_modified_time":"2023-02-06T17:26:37+00:00","twitter_misc":{"Gesch\u00e4tzte Lesezeit":"9\u00a0Minuten"},"schema":{"@context":"https:\/\/schema.org","@graph":[{"@type":"WebPage","@id":"https:\/\/katech-solutions.com\/de\/datenschutzinformation-fuer-bewerber\/","url":"https:\/\/katech-solutions.com\/de\/datenschutzinformation-fuer-bewerber\/","name":"Datenschutzinformation f\u00fcr Bewerber |","isPartOf":{"@id":"https:\/\/katech-solutions.com\/#website"},"datePublished":"2022-05-12T10:33:54+00:00","dateModified":"2023-02-06T17:26:37+00:00","inLanguage":"de","potentialAction":[{"@type":"ReadAction","target":["https:\/\/katech-solutions.com\/de\/datenschutzinformation-fuer-bewerber\/"]}]},{"@type":"WebSite","@id":"https:\/\/katech-solutions.com\/#website","url":"https:\/\/katech-solutions.com\/","name":"KaTech","description":"","potentialAction":[{"@type":"SearchAction","target":{"@type":"EntryPoint","urlTemplate":"https:\/\/katech-solutions.com\/?s={search_term_string}"},"query-input":{"@type":"PropertyValueSpecification","valueRequired":true,"valueName":"search_term_string"}}],"inLanguage":"de"}]}},"_links":{"self":[{"href":"https:\/\/katech-solutions.com\/de\/wp-json\/wp\/v2\/pages\/11561","targetHints":{"allow":["GET"]}}],"collection":[{"href":"https:\/\/katech-solutions.com\/de\/wp-json\/wp\/v2\/pages"}],"about":[{"href":"https:\/\/katech-solutions.com\/de\/wp-json\/wp\/v2\/types\/page"}],"author":[{"embeddable":true,"href":"https:\/\/katech-solutions.com\/de\/wp-json\/wp\/v2\/users\/3"}],"replies":[{"embeddable":true,"href":"https:\/\/katech-solutions.com\/de\/wp-json\/wp\/v2\/comments?post=11561"}],"version-history":[{"count":24,"href":"https:\/\/katech-solutions.com\/de\/wp-json\/wp\/v2\/pages\/11561\/revisions"}],"predecessor-version":[{"id":11834,"href":"https:\/\/katech-solutions.com\/de\/wp-json\/wp\/v2\/pages\/11561\/revisions\/11834"}],"wp:attachment":[{"href":"https:\/\/katech-solutions.com\/de\/wp-json\/wp\/v2\/media?parent=11561"}],"curies":[{"name":"wp","href":"https:\/\/api.w.org\/{rel}","templated":true}]}}