{"id":1154,"date":"2012-07-19T16:05:42","date_gmt":"2012-07-19T16:05:42","guid":{"rendered":"\/?page_id=1154"},"modified":"2014-11-10T13:18:41","modified_gmt":"2014-11-10T13:18:41","slug":"milchfreie-getranke","status":"publish","type":"page","link":"https:\/\/katech-solutions.com\/de\/milchgetranke\/milchfreie-getranke\/","title":{"rendered":"Milchfreie Getr\u00e4nke"},"content":{"rendered":"<p>Milch-freie Getr\u00e4nke als Analoga zu Milch wurden entwickelt, um den Anspr\u00fcchen an laktosefreie und vegane Ern\u00e4hrung gerecht zu werden. In Europa sind etwa 5-10% der Erwachsenen Laktose-intolerant.<\/p>\n<p>Hierf\u00fcr wurden Produkte auf der Basis von Soja, Reis, Hafer, Mandeln u.a. entwickelt, um den Marktanspr\u00fcchen der Verbraucher gerecht zu werden.<\/p>\n<p>Milch-freie &#8222;Milch&#8220;\u00a0 durch Verwendung alternativer Proteine zu genie\u00dfen ist m\u00f6glich!<\/p>\n","protected":false},"excerpt":{"rendered":"<p>Milch-freie Getr\u00e4nke als Analoga zu Milch wurden entwickelt, um den Anspr\u00fcchen an laktosefreie und vegane Ern\u00e4hrung gerecht zu werden. In Europa sind etwa 5-10% der Erwachsenen Laktose-intolerant. Hierf\u00fcr wurden Produkte auf der Basis von Soja, Reis, Hafer, Mandeln u.a. entwickelt, &hellip; <a class=\"continue-reading\" href=\"https:\/\/katech-solutions.com\/de\/milchgetranke\/milchfreie-getranke\/\">Weiterlesen <span class=\"meta-nav\">&rarr;<\/span><\/a><\/p>\n","protected":false},"author":3,"featured_media":0,"parent":1016,"menu_order":0,"comment_status":"closed","ping_status":"open","template":"","meta":{"_acf_changed":false,"footnotes":""},"class_list":["post-1154","page","type-page","status-publish","hentry"],"acf":[],"yoast_head":"<!-- This site is optimized with the Yoast SEO plugin v27.2 - https:\/\/yoast.com\/product\/yoast-seo-wordpress\/ -->\n<title>KaTech - Stabilisatoren und Emulgatoren f\u00fcr Milchfreie Getr\u00e4nke<\/title>\n<meta name=\"description\" content=\"KaTech ist ein Lebensmittel-Technologie-Unternehmen, spezialisiert auf die Erstellung von Stabilisator und Emulgator L\u00f6sungen f\u00fcr Milchfreie Getr\u00e4nke.\" \/>\n<meta name=\"robots\" content=\"index, follow, max-snippet:-1, max-image-preview:large, max-video-preview:-1\" \/>\n<link rel=\"canonical\" href=\"https:\/\/katech-solutions.com\/de\/milchgetranke\/milchfreie-getranke\/\" \/>\n<meta property=\"og:locale\" content=\"de_DE\" \/>\n<meta property=\"og:type\" content=\"article\" \/>\n<meta property=\"og:title\" content=\"KaTech - Stabilisatoren und Emulgatoren f\u00fcr Milchfreie Getr\u00e4nke\" \/>\n<meta property=\"og:description\" content=\"KaTech ist ein Lebensmittel-Technologie-Unternehmen, spezialisiert auf die Erstellung von Stabilisator und Emulgator L\u00f6sungen f\u00fcr Milchfreie Getr\u00e4nke.\" \/>\n<meta property=\"og:url\" content=\"https:\/\/katech-solutions.com\/de\/milchgetranke\/milchfreie-getranke\/\" \/>\n<meta property=\"og:site_name\" content=\"KaTech\" \/>\n<meta property=\"article:modified_time\" content=\"2014-11-10T13:18:41+00:00\" \/>\n<script type=\"application\/ld+json\" class=\"yoast-schema-graph\">{\"@context\":\"https:\/\/schema.org\",\"@graph\":[{\"@type\":\"WebPage\",\"@id\":\"https:\/\/katech-solutions.com\/de\/milchgetranke\/milchfreie-getranke\/\",\"url\":\"https:\/\/katech-solutions.com\/de\/milchgetranke\/milchfreie-getranke\/\",\"name\":\"KaTech - Stabilisatoren und Emulgatoren f\u00fcr Milchfreie Getr\u00e4nke\",\"isPartOf\":{\"@id\":\"https:\/\/katech-solutions.com\/#website\"},\"datePublished\":\"2012-07-19T16:05:42+00:00\",\"dateModified\":\"2014-11-10T13:18:41+00:00\",\"description\":\"KaTech ist ein Lebensmittel-Technologie-Unternehmen, spezialisiert auf die Erstellung von Stabilisator und Emulgator L\u00f6sungen f\u00fcr Milchfreie Getr\u00e4nke.\",\"breadcrumb\":{\"@id\":\"https:\/\/katech-solutions.com\/de\/milchgetranke\/milchfreie-getranke\/#breadcrumb\"},\"inLanguage\":\"de\",\"potentialAction\":[{\"@type\":\"ReadAction\",\"target\":[\"https:\/\/katech-solutions.com\/de\/milchgetranke\/milchfreie-getranke\/\"]}]},{\"@type\":\"BreadcrumbList\",\"@id\":\"https:\/\/katech-solutions.com\/de\/milchgetranke\/milchfreie-getranke\/#breadcrumb\",\"itemListElement\":[{\"@type\":\"ListItem\",\"position\":1,\"name\":\"Milchgetr\u00e4nke\",\"item\":\"https:\/\/katech-solutions.com\/de\/milchgetranke\/\"},{\"@type\":\"ListItem\",\"position\":2,\"name\":\"Milchfreie Getr\u00e4nke\"}]},{\"@type\":\"WebSite\",\"@id\":\"https:\/\/katech-solutions.com\/#website\",\"url\":\"https:\/\/katech-solutions.com\/\",\"name\":\"KaTech\",\"description\":\"\",\"potentialAction\":[{\"@type\":\"SearchAction\",\"target\":{\"@type\":\"EntryPoint\",\"urlTemplate\":\"https:\/\/katech-solutions.com\/?s={search_term_string}\"},\"query-input\":{\"@type\":\"PropertyValueSpecification\",\"valueRequired\":true,\"valueName\":\"search_term_string\"}}],\"inLanguage\":\"de\"}]}<\/script>\n<!-- \/ Yoast SEO plugin. -->","yoast_head_json":{"title":"KaTech - Stabilisatoren und Emulgatoren f\u00fcr Milchfreie Getr\u00e4nke","description":"KaTech ist ein Lebensmittel-Technologie-Unternehmen, spezialisiert auf die Erstellung von Stabilisator und Emulgator L\u00f6sungen f\u00fcr Milchfreie Getr\u00e4nke.","robots":{"index":"index","follow":"follow","max-snippet":"max-snippet:-1","max-image-preview":"max-image-preview:large","max-video-preview":"max-video-preview:-1"},"canonical":"https:\/\/katech-solutions.com\/de\/milchgetranke\/milchfreie-getranke\/","og_locale":"de_DE","og_type":"article","og_title":"KaTech - Stabilisatoren und Emulgatoren f\u00fcr Milchfreie Getr\u00e4nke","og_description":"KaTech ist ein Lebensmittel-Technologie-Unternehmen, spezialisiert auf die Erstellung von Stabilisator und Emulgator L\u00f6sungen f\u00fcr Milchfreie Getr\u00e4nke.","og_url":"https:\/\/katech-solutions.com\/de\/milchgetranke\/milchfreie-getranke\/","og_site_name":"KaTech","article_modified_time":"2014-11-10T13:18:41+00:00","schema":{"@context":"https:\/\/schema.org","@graph":[{"@type":"WebPage","@id":"https:\/\/katech-solutions.com\/de\/milchgetranke\/milchfreie-getranke\/","url":"https:\/\/katech-solutions.com\/de\/milchgetranke\/milchfreie-getranke\/","name":"KaTech - Stabilisatoren und Emulgatoren f\u00fcr Milchfreie Getr\u00e4nke","isPartOf":{"@id":"https:\/\/katech-solutions.com\/#website"},"datePublished":"2012-07-19T16:05:42+00:00","dateModified":"2014-11-10T13:18:41+00:00","description":"KaTech ist ein Lebensmittel-Technologie-Unternehmen, spezialisiert auf die Erstellung von Stabilisator und Emulgator L\u00f6sungen f\u00fcr Milchfreie Getr\u00e4nke.","breadcrumb":{"@id":"https:\/\/katech-solutions.com\/de\/milchgetranke\/milchfreie-getranke\/#breadcrumb"},"inLanguage":"de","potentialAction":[{"@type":"ReadAction","target":["https:\/\/katech-solutions.com\/de\/milchgetranke\/milchfreie-getranke\/"]}]},{"@type":"BreadcrumbList","@id":"https:\/\/katech-solutions.com\/de\/milchgetranke\/milchfreie-getranke\/#breadcrumb","itemListElement":[{"@type":"ListItem","position":1,"name":"Milchgetr\u00e4nke","item":"https:\/\/katech-solutions.com\/de\/milchgetranke\/"},{"@type":"ListItem","position":2,"name":"Milchfreie Getr\u00e4nke"}]},{"@type":"WebSite","@id":"https:\/\/katech-solutions.com\/#website","url":"https:\/\/katech-solutions.com\/","name":"KaTech","description":"","potentialAction":[{"@type":"SearchAction","target":{"@type":"EntryPoint","urlTemplate":"https:\/\/katech-solutions.com\/?s={search_term_string}"},"query-input":{"@type":"PropertyValueSpecification","valueRequired":true,"valueName":"search_term_string"}}],"inLanguage":"de"}]}},"_links":{"self":[{"href":"https:\/\/katech-solutions.com\/de\/wp-json\/wp\/v2\/pages\/1154","targetHints":{"allow":["GET"]}}],"collection":[{"href":"https:\/\/katech-solutions.com\/de\/wp-json\/wp\/v2\/pages"}],"about":[{"href":"https:\/\/katech-solutions.com\/de\/wp-json\/wp\/v2\/types\/page"}],"author":[{"embeddable":true,"href":"https:\/\/katech-solutions.com\/de\/wp-json\/wp\/v2\/users\/3"}],"replies":[{"embeddable":true,"href":"https:\/\/katech-solutions.com\/de\/wp-json\/wp\/v2\/comments?post=1154"}],"version-history":[{"count":14,"href":"https:\/\/katech-solutions.com\/de\/wp-json\/wp\/v2\/pages\/1154\/revisions"}],"predecessor-version":[{"id":6432,"href":"https:\/\/katech-solutions.com\/de\/wp-json\/wp\/v2\/pages\/1154\/revisions\/6432"}],"up":[{"embeddable":true,"href":"https:\/\/katech-solutions.com\/de\/wp-json\/wp\/v2\/pages\/1016"}],"wp:attachment":[{"href":"https:\/\/katech-solutions.com\/de\/wp-json\/wp\/v2\/media?parent=1154"}],"curies":[{"name":"wp","href":"https:\/\/api.w.org\/{rel}","templated":true}]}}