{"id":1152,"date":"2012-07-19T16:04:37","date_gmt":"2012-07-19T16:04:37","guid":{"rendered":"\/?page_id=1152"},"modified":"2014-11-10T13:13:02","modified_gmt":"2014-11-10T13:13:02","slug":"gesauerte-milchgetranke","status":"publish","type":"page","link":"https:\/\/katech-solutions.com\/de\/milchgetranke\/gesauerte-milchgetranke\/","title":{"rendered":"Ges\u00e4uerte Milchgetr\u00e4nke"},"content":{"rendered":"<p>Bei ges\u00e4uerten Milchgetr\u00e4nken mit niedrigem pH-Wert oder Sauermilchgetr\u00e4nken handelt es sich in der Regel um Erfrischungsgetr\u00e4nke mit niedriger Viskosit\u00e4t auf Basis von Joghurt, Milch, Molke oder Buttermilch.\u00a0Sie enthalten normalerweise wenig Fett und k\u00f6nnen mithilfe von Fruchtsaft oder z.B. Zitronens\u00e4ure ges\u00e4uert werden. Sauermilchgetr\u00e4nke erfreuten sich in den letzten Jahren weltweit gro\u00dfer Beliebtheit. In den Augen der Verbraucher haben sie ein positives Image, denn Sie verbinden die gesundheitlichen Vorteile von Milchprodukten und Fr\u00fcchten.<\/p>\n<p>Milchgetr\u00e4nke mit niedrigem pH-Wert sind f\u00fcr den modernen Lebensstil der Verbraucher die perfekte Wahl: Sie lassen sich mitnehmen, sind nahrhaft, einfach zu konsumieren und meist relativ kalorienarm. Dar\u00fcber hinaus sind sie gesund und leicht verdaulich.<\/p>\n","protected":false},"excerpt":{"rendered":"<p>Bei ges\u00e4uerten Milchgetr\u00e4nken mit niedrigem pH-Wert oder Sauermilchgetr\u00e4nken handelt es sich in der Regel um Erfrischungsgetr\u00e4nke mit niedriger Viskosit\u00e4t auf Basis von Joghurt, Milch, Molke oder Buttermilch.\u00a0Sie enthalten normalerweise wenig Fett und k\u00f6nnen mithilfe von Fruchtsaft oder z.B. Zitronens\u00e4ure ges\u00e4uert &hellip; <a class=\"continue-reading\" href=\"https:\/\/katech-solutions.com\/de\/milchgetranke\/gesauerte-milchgetranke\/\">Weiterlesen <span class=\"meta-nav\">&rarr;<\/span><\/a><\/p>\n","protected":false},"author":3,"featured_media":0,"parent":1016,"menu_order":0,"comment_status":"closed","ping_status":"open","template":"","meta":{"_acf_changed":false,"footnotes":""},"class_list":["post-1152","page","type-page","status-publish","hentry"],"acf":[],"yoast_head":"<!-- This site is optimized with the Yoast SEO plugin v27.2 - https:\/\/yoast.com\/product\/yoast-seo-wordpress\/ -->\n<title>KaTech-Stabilisatoren und Emulgatoren f\u00fcr Ges\u00e4uerte Milchgetr\u00e4nke<\/title>\n<meta name=\"description\" content=\"KaTech sind ein Lebensmittel-Technologie-Unternehmen, spezialisiert auf die Erstellung von Stabilisator und Emulgator L\u00f6sungen f\u00fcr Ges\u00e4uerte Milchgetr\u00e4nke.\" \/>\n<meta name=\"robots\" content=\"index, follow, max-snippet:-1, max-image-preview:large, max-video-preview:-1\" \/>\n<link rel=\"canonical\" href=\"https:\/\/katech-solutions.com\/de\/milchgetranke\/gesauerte-milchgetranke\/\" \/>\n<meta property=\"og:locale\" content=\"de_DE\" \/>\n<meta property=\"og:type\" content=\"article\" \/>\n<meta property=\"og:title\" content=\"KaTech-Stabilisatoren und Emulgatoren f\u00fcr Ges\u00e4uerte Milchgetr\u00e4nke\" \/>\n<meta property=\"og:description\" content=\"KaTech sind ein Lebensmittel-Technologie-Unternehmen, spezialisiert auf die Erstellung von Stabilisator und Emulgator L\u00f6sungen f\u00fcr Ges\u00e4uerte Milchgetr\u00e4nke.\" \/>\n<meta property=\"og:url\" content=\"https:\/\/katech-solutions.com\/de\/milchgetranke\/gesauerte-milchgetranke\/\" \/>\n<meta property=\"og:site_name\" content=\"KaTech\" \/>\n<meta property=\"article:modified_time\" content=\"2014-11-10T13:13:02+00:00\" \/>\n<meta name=\"twitter:label1\" content=\"Gesch\u00e4tzte Lesezeit\" \/>\n\t<meta name=\"twitter:data1\" content=\"1\u00a0Minute\" \/>\n<script type=\"application\/ld+json\" class=\"yoast-schema-graph\">{\"@context\":\"https:\/\/schema.org\",\"@graph\":[{\"@type\":\"WebPage\",\"@id\":\"https:\/\/katech-solutions.com\/de\/milchgetranke\/gesauerte-milchgetranke\/\",\"url\":\"https:\/\/katech-solutions.com\/de\/milchgetranke\/gesauerte-milchgetranke\/\",\"name\":\"KaTech-Stabilisatoren und Emulgatoren f\u00fcr Ges\u00e4uerte Milchgetr\u00e4nke\",\"isPartOf\":{\"@id\":\"https:\/\/katech-solutions.com\/#website\"},\"datePublished\":\"2012-07-19T16:04:37+00:00\",\"dateModified\":\"2014-11-10T13:13:02+00:00\",\"description\":\"KaTech sind ein Lebensmittel-Technologie-Unternehmen, spezialisiert auf die Erstellung von Stabilisator und Emulgator L\u00f6sungen f\u00fcr Ges\u00e4uerte Milchgetr\u00e4nke.\",\"breadcrumb\":{\"@id\":\"https:\/\/katech-solutions.com\/de\/milchgetranke\/gesauerte-milchgetranke\/#breadcrumb\"},\"inLanguage\":\"de\",\"potentialAction\":[{\"@type\":\"ReadAction\",\"target\":[\"https:\/\/katech-solutions.com\/de\/milchgetranke\/gesauerte-milchgetranke\/\"]}]},{\"@type\":\"BreadcrumbList\",\"@id\":\"https:\/\/katech-solutions.com\/de\/milchgetranke\/gesauerte-milchgetranke\/#breadcrumb\",\"itemListElement\":[{\"@type\":\"ListItem\",\"position\":1,\"name\":\"Milchgetr\u00e4nke\",\"item\":\"https:\/\/katech-solutions.com\/de\/milchgetranke\/\"},{\"@type\":\"ListItem\",\"position\":2,\"name\":\"Milchgetr\u00e4nke\",\"item\":\"https:\/\/katech-solutions.com\/milchgetranke\/\"},{\"@type\":\"ListItem\",\"position\":3,\"name\":\"Ges\u00e4uerte Milchgetr\u00e4nke\"}]},{\"@type\":\"WebSite\",\"@id\":\"https:\/\/katech-solutions.com\/#website\",\"url\":\"https:\/\/katech-solutions.com\/\",\"name\":\"KaTech\",\"description\":\"\",\"potentialAction\":[{\"@type\":\"SearchAction\",\"target\":{\"@type\":\"EntryPoint\",\"urlTemplate\":\"https:\/\/katech-solutions.com\/?s={search_term_string}\"},\"query-input\":{\"@type\":\"PropertyValueSpecification\",\"valueRequired\":true,\"valueName\":\"search_term_string\"}}],\"inLanguage\":\"de\"}]}<\/script>\n<!-- \/ Yoast SEO plugin. -->","yoast_head_json":{"title":"KaTech-Stabilisatoren und Emulgatoren f\u00fcr Ges\u00e4uerte Milchgetr\u00e4nke","description":"KaTech sind ein Lebensmittel-Technologie-Unternehmen, spezialisiert auf die Erstellung von Stabilisator und Emulgator L\u00f6sungen f\u00fcr Ges\u00e4uerte Milchgetr\u00e4nke.","robots":{"index":"index","follow":"follow","max-snippet":"max-snippet:-1","max-image-preview":"max-image-preview:large","max-video-preview":"max-video-preview:-1"},"canonical":"https:\/\/katech-solutions.com\/de\/milchgetranke\/gesauerte-milchgetranke\/","og_locale":"de_DE","og_type":"article","og_title":"KaTech-Stabilisatoren und Emulgatoren f\u00fcr Ges\u00e4uerte Milchgetr\u00e4nke","og_description":"KaTech sind ein Lebensmittel-Technologie-Unternehmen, spezialisiert auf die Erstellung von Stabilisator und Emulgator L\u00f6sungen f\u00fcr Ges\u00e4uerte Milchgetr\u00e4nke.","og_url":"https:\/\/katech-solutions.com\/de\/milchgetranke\/gesauerte-milchgetranke\/","og_site_name":"KaTech","article_modified_time":"2014-11-10T13:13:02+00:00","twitter_misc":{"Gesch\u00e4tzte Lesezeit":"1\u00a0Minute"},"schema":{"@context":"https:\/\/schema.org","@graph":[{"@type":"WebPage","@id":"https:\/\/katech-solutions.com\/de\/milchgetranke\/gesauerte-milchgetranke\/","url":"https:\/\/katech-solutions.com\/de\/milchgetranke\/gesauerte-milchgetranke\/","name":"KaTech-Stabilisatoren und Emulgatoren f\u00fcr Ges\u00e4uerte Milchgetr\u00e4nke","isPartOf":{"@id":"https:\/\/katech-solutions.com\/#website"},"datePublished":"2012-07-19T16:04:37+00:00","dateModified":"2014-11-10T13:13:02+00:00","description":"KaTech sind ein Lebensmittel-Technologie-Unternehmen, spezialisiert auf die Erstellung von Stabilisator und Emulgator L\u00f6sungen f\u00fcr Ges\u00e4uerte Milchgetr\u00e4nke.","breadcrumb":{"@id":"https:\/\/katech-solutions.com\/de\/milchgetranke\/gesauerte-milchgetranke\/#breadcrumb"},"inLanguage":"de","potentialAction":[{"@type":"ReadAction","target":["https:\/\/katech-solutions.com\/de\/milchgetranke\/gesauerte-milchgetranke\/"]}]},{"@type":"BreadcrumbList","@id":"https:\/\/katech-solutions.com\/de\/milchgetranke\/gesauerte-milchgetranke\/#breadcrumb","itemListElement":[{"@type":"ListItem","position":1,"name":"Milchgetr\u00e4nke","item":"https:\/\/katech-solutions.com\/de\/milchgetranke\/"},{"@type":"ListItem","position":2,"name":"Milchgetr\u00e4nke","item":"https:\/\/katech-solutions.com\/milchgetranke\/"},{"@type":"ListItem","position":3,"name":"Ges\u00e4uerte Milchgetr\u00e4nke"}]},{"@type":"WebSite","@id":"https:\/\/katech-solutions.com\/#website","url":"https:\/\/katech-solutions.com\/","name":"KaTech","description":"","potentialAction":[{"@type":"SearchAction","target":{"@type":"EntryPoint","urlTemplate":"https:\/\/katech-solutions.com\/?s={search_term_string}"},"query-input":{"@type":"PropertyValueSpecification","valueRequired":true,"valueName":"search_term_string"}}],"inLanguage":"de"}]}},"_links":{"self":[{"href":"https:\/\/katech-solutions.com\/de\/wp-json\/wp\/v2\/pages\/1152","targetHints":{"allow":["GET"]}}],"collection":[{"href":"https:\/\/katech-solutions.com\/de\/wp-json\/wp\/v2\/pages"}],"about":[{"href":"https:\/\/katech-solutions.com\/de\/wp-json\/wp\/v2\/types\/page"}],"author":[{"embeddable":true,"href":"https:\/\/katech-solutions.com\/de\/wp-json\/wp\/v2\/users\/3"}],"replies":[{"embeddable":true,"href":"https:\/\/katech-solutions.com\/de\/wp-json\/wp\/v2\/comments?post=1152"}],"version-history":[{"count":13,"href":"https:\/\/katech-solutions.com\/de\/wp-json\/wp\/v2\/pages\/1152\/revisions"}],"predecessor-version":[{"id":6429,"href":"https:\/\/katech-solutions.com\/de\/wp-json\/wp\/v2\/pages\/1152\/revisions\/6429"}],"up":[{"embeddable":true,"href":"https:\/\/katech-solutions.com\/de\/wp-json\/wp\/v2\/pages\/1016"}],"wp:attachment":[{"href":"https:\/\/katech-solutions.com\/de\/wp-json\/wp\/v2\/media?parent=1152"}],"curies":[{"name":"wp","href":"https:\/\/api.w.org\/{rel}","templated":true}]}}