{"id":1141,"date":"2012-05-03T09:59:40","date_gmt":"2012-05-03T09:59:40","guid":{"rendered":"\/?page_id=1141"},"modified":"2014-11-10T15:34:29","modified_gmt":"2014-11-10T15:34:29","slug":"fettreduzierte-mayonnaisen","status":"publish","type":"page","link":"https:\/\/katech-solutions.com\/de\/mayonnaise\/fettreduzierte-mayonnaisen\/","title":{"rendered":"Fettreduzierte Mayonnaisen"},"content":{"rendered":"<p>Mayonnaisen mit einem Fettgehalt zwischen 70 und 80 % sind in der Regel l\u00f6ffelf\u00e4hig, hoch viskos, cremig und nicht flie\u00dff\u00e4hig. Diese Eigenschaften ergeben sich zwangsweise durch die physikalischen Eigenschaften der \u00d6ltr\u00f6pfchen bzw. deren Anordnung und Wechselwirkungen untereinander. Aufgrund der gro\u00dfen Anzahl der \u00d6ltr\u00f6pfchen und der damit verbundenen r\u00e4umlichen Enge sind diese nahezu unbeweglich und verleihen der Mayonnaise so ihre klassischen Eigenschaften.<\/p>\n<p>Bei fettreduzierten Mayonnaisen wird das Verh\u00e4ltnis von Wasser und \u00d6l ver\u00e4ndert und den \u00d6ltr\u00f6pfchen wird somit mehr &#8222;Raum&#8220; gegeben. Die Mayonnaise wird dadurch mit sinkendem Fettgehalt stetig flie\u00dff\u00e4higer. Um die urspr\u00fcnglichen Charaktereigenschaften wiederherzustellen muss nun die w\u00e4ssrige Phase stabilisiert werden. Durch den Einsatz von Hydrokolloiden mit molekularen Kettenl\u00e4ngen von bis zu 2.000.000 Molek\u00fclen kommt es neben der Viskosit\u00e4tserh\u00f6hung auch zu einer Stabilisierung der Emulsion, weil die langen Ketten eine r\u00e4umliche Barriere zwischen den \u00d6ltropfen bilden und diese somit am Zusammenflie\u00dfen hindern.<\/p>\n","protected":false},"excerpt":{"rendered":"<p>Mayonnaisen mit einem Fettgehalt zwischen 70 und 80 % sind in der Regel l\u00f6ffelf\u00e4hig, hoch viskos, cremig und nicht flie\u00dff\u00e4hig. Diese Eigenschaften ergeben sich zwangsweise durch die physikalischen Eigenschaften der \u00d6ltr\u00f6pfchen bzw. deren Anordnung und Wechselwirkungen untereinander. Aufgrund der gro\u00dfen &hellip; <a class=\"continue-reading\" href=\"https:\/\/katech-solutions.com\/de\/mayonnaise\/fettreduzierte-mayonnaisen\/\">Weiterlesen <span class=\"meta-nav\">&rarr;<\/span><\/a><\/p>\n","protected":false},"author":3,"featured_media":0,"parent":1129,"menu_order":0,"comment_status":"closed","ping_status":"open","template":"","meta":{"_acf_changed":false,"footnotes":""},"class_list":["post-1141","page","type-page","status-publish","hentry"],"acf":[],"yoast_head":"<!-- This site is optimized with the Yoast SEO plugin v27.2 - https:\/\/yoast.com\/product\/yoast-seo-wordpress\/ -->\n<title>KaTech \u2013 Stabilisators und Emulgators f\u00fcr Fettreduzierte Mayonnaisen<\/title>\n<meta name=\"description\" content=\"KaTech sind ein Lebensmittel-Technologie-Unternehmen, spezialisiert auf Stabilisator und Emulgator-L\u00f6sungen f\u00fcr Fettreduzierte Mayonnaisen.\" \/>\n<meta name=\"robots\" content=\"index, follow, max-snippet:-1, max-image-preview:large, max-video-preview:-1\" \/>\n<link rel=\"canonical\" href=\"https:\/\/katech-solutions.com\/de\/mayonnaise\/fettreduzierte-mayonnaisen\/\" \/>\n<meta property=\"og:locale\" content=\"de_DE\" \/>\n<meta property=\"og:type\" content=\"article\" \/>\n<meta property=\"og:title\" content=\"KaTech \u2013 Stabilisators und Emulgators f\u00fcr Fettreduzierte Mayonnaisen\" \/>\n<meta property=\"og:description\" content=\"KaTech sind ein Lebensmittel-Technologie-Unternehmen, spezialisiert auf Stabilisator und Emulgator-L\u00f6sungen f\u00fcr Fettreduzierte Mayonnaisen.\" \/>\n<meta property=\"og:url\" content=\"https:\/\/katech-solutions.com\/de\/mayonnaise\/fettreduzierte-mayonnaisen\/\" \/>\n<meta property=\"og:site_name\" content=\"KaTech\" \/>\n<meta property=\"article:modified_time\" content=\"2014-11-10T15:34:29+00:00\" \/>\n<meta name=\"twitter:label1\" content=\"Gesch\u00e4tzte Lesezeit\" \/>\n\t<meta name=\"twitter:data1\" content=\"1\u00a0Minute\" \/>\n<script type=\"application\/ld+json\" class=\"yoast-schema-graph\">{\"@context\":\"https:\/\/schema.org\",\"@graph\":[{\"@type\":\"WebPage\",\"@id\":\"https:\/\/katech-solutions.com\/de\/mayonnaise\/fettreduzierte-mayonnaisen\/\",\"url\":\"https:\/\/katech-solutions.com\/de\/mayonnaise\/fettreduzierte-mayonnaisen\/\",\"name\":\"KaTech \u2013 Stabilisators und Emulgators f\u00fcr Fettreduzierte Mayonnaisen\",\"isPartOf\":{\"@id\":\"https:\/\/katech-solutions.com\/#website\"},\"datePublished\":\"2012-05-03T09:59:40+00:00\",\"dateModified\":\"2014-11-10T15:34:29+00:00\",\"description\":\"KaTech sind ein Lebensmittel-Technologie-Unternehmen, spezialisiert auf Stabilisator und Emulgator-L\u00f6sungen f\u00fcr Fettreduzierte Mayonnaisen.\",\"breadcrumb\":{\"@id\":\"https:\/\/katech-solutions.com\/de\/mayonnaise\/fettreduzierte-mayonnaisen\/#breadcrumb\"},\"inLanguage\":\"de\",\"potentialAction\":[{\"@type\":\"ReadAction\",\"target\":[\"https:\/\/katech-solutions.com\/de\/mayonnaise\/fettreduzierte-mayonnaisen\/\"]}]},{\"@type\":\"BreadcrumbList\",\"@id\":\"https:\/\/katech-solutions.com\/de\/mayonnaise\/fettreduzierte-mayonnaisen\/#breadcrumb\",\"itemListElement\":[{\"@type\":\"ListItem\",\"position\":1,\"name\":\"Mayonnaise\",\"item\":\"https:\/\/katech-solutions.com\/de\/mayonnaise\/\"},{\"@type\":\"ListItem\",\"position\":2,\"name\":\"Fettreduzierte Mayonnaisen\"}]},{\"@type\":\"WebSite\",\"@id\":\"https:\/\/katech-solutions.com\/#website\",\"url\":\"https:\/\/katech-solutions.com\/\",\"name\":\"KaTech\",\"description\":\"\",\"potentialAction\":[{\"@type\":\"SearchAction\",\"target\":{\"@type\":\"EntryPoint\",\"urlTemplate\":\"https:\/\/katech-solutions.com\/?s={search_term_string}\"},\"query-input\":{\"@type\":\"PropertyValueSpecification\",\"valueRequired\":true,\"valueName\":\"search_term_string\"}}],\"inLanguage\":\"de\"}]}<\/script>\n<!-- \/ Yoast SEO plugin. -->","yoast_head_json":{"title":"KaTech \u2013 Stabilisators und Emulgators f\u00fcr Fettreduzierte Mayonnaisen","description":"KaTech sind ein Lebensmittel-Technologie-Unternehmen, spezialisiert auf Stabilisator und Emulgator-L\u00f6sungen f\u00fcr Fettreduzierte Mayonnaisen.","robots":{"index":"index","follow":"follow","max-snippet":"max-snippet:-1","max-image-preview":"max-image-preview:large","max-video-preview":"max-video-preview:-1"},"canonical":"https:\/\/katech-solutions.com\/de\/mayonnaise\/fettreduzierte-mayonnaisen\/","og_locale":"de_DE","og_type":"article","og_title":"KaTech \u2013 Stabilisators und Emulgators f\u00fcr Fettreduzierte Mayonnaisen","og_description":"KaTech sind ein Lebensmittel-Technologie-Unternehmen, spezialisiert auf Stabilisator und Emulgator-L\u00f6sungen f\u00fcr Fettreduzierte Mayonnaisen.","og_url":"https:\/\/katech-solutions.com\/de\/mayonnaise\/fettreduzierte-mayonnaisen\/","og_site_name":"KaTech","article_modified_time":"2014-11-10T15:34:29+00:00","twitter_misc":{"Gesch\u00e4tzte Lesezeit":"1\u00a0Minute"},"schema":{"@context":"https:\/\/schema.org","@graph":[{"@type":"WebPage","@id":"https:\/\/katech-solutions.com\/de\/mayonnaise\/fettreduzierte-mayonnaisen\/","url":"https:\/\/katech-solutions.com\/de\/mayonnaise\/fettreduzierte-mayonnaisen\/","name":"KaTech \u2013 Stabilisators und Emulgators f\u00fcr Fettreduzierte Mayonnaisen","isPartOf":{"@id":"https:\/\/katech-solutions.com\/#website"},"datePublished":"2012-05-03T09:59:40+00:00","dateModified":"2014-11-10T15:34:29+00:00","description":"KaTech sind ein Lebensmittel-Technologie-Unternehmen, spezialisiert auf Stabilisator und Emulgator-L\u00f6sungen f\u00fcr Fettreduzierte Mayonnaisen.","breadcrumb":{"@id":"https:\/\/katech-solutions.com\/de\/mayonnaise\/fettreduzierte-mayonnaisen\/#breadcrumb"},"inLanguage":"de","potentialAction":[{"@type":"ReadAction","target":["https:\/\/katech-solutions.com\/de\/mayonnaise\/fettreduzierte-mayonnaisen\/"]}]},{"@type":"BreadcrumbList","@id":"https:\/\/katech-solutions.com\/de\/mayonnaise\/fettreduzierte-mayonnaisen\/#breadcrumb","itemListElement":[{"@type":"ListItem","position":1,"name":"Mayonnaise","item":"https:\/\/katech-solutions.com\/de\/mayonnaise\/"},{"@type":"ListItem","position":2,"name":"Fettreduzierte Mayonnaisen"}]},{"@type":"WebSite","@id":"https:\/\/katech-solutions.com\/#website","url":"https:\/\/katech-solutions.com\/","name":"KaTech","description":"","potentialAction":[{"@type":"SearchAction","target":{"@type":"EntryPoint","urlTemplate":"https:\/\/katech-solutions.com\/?s={search_term_string}"},"query-input":{"@type":"PropertyValueSpecification","valueRequired":true,"valueName":"search_term_string"}}],"inLanguage":"de"}]}},"_links":{"self":[{"href":"https:\/\/katech-solutions.com\/de\/wp-json\/wp\/v2\/pages\/1141","targetHints":{"allow":["GET"]}}],"collection":[{"href":"https:\/\/katech-solutions.com\/de\/wp-json\/wp\/v2\/pages"}],"about":[{"href":"https:\/\/katech-solutions.com\/de\/wp-json\/wp\/v2\/types\/page"}],"author":[{"embeddable":true,"href":"https:\/\/katech-solutions.com\/de\/wp-json\/wp\/v2\/users\/3"}],"replies":[{"embeddable":true,"href":"https:\/\/katech-solutions.com\/de\/wp-json\/wp\/v2\/comments?post=1141"}],"version-history":[{"count":21,"href":"https:\/\/katech-solutions.com\/de\/wp-json\/wp\/v2\/pages\/1141\/revisions"}],"predecessor-version":[{"id":6457,"href":"https:\/\/katech-solutions.com\/de\/wp-json\/wp\/v2\/pages\/1141\/revisions\/6457"}],"up":[{"embeddable":true,"href":"https:\/\/katech-solutions.com\/de\/wp-json\/wp\/v2\/pages\/1129"}],"wp:attachment":[{"href":"https:\/\/katech-solutions.com\/de\/wp-json\/wp\/v2\/media?parent=1141"}],"curies":[{"name":"wp","href":"https:\/\/api.w.org\/{rel}","templated":true}]}}