{"id":1139,"date":"2012-05-03T09:59:29","date_gmt":"2012-05-03T09:59:29","guid":{"rendered":"\/?page_id=1139"},"modified":"2014-11-10T13:54:53","modified_gmt":"2014-11-10T13:54:53","slug":"eifreie-mayonnaise","status":"publish","type":"page","link":"https:\/\/katech-solutions.com\/de\/mayonnaise\/eifreie-mayonnaise\/","title":{"rendered":"Eifreie Mayonnaise"},"content":{"rendered":"<p>Eifreie Mayonnaisen k\u00f6nnen aus vielen Gr\u00fcnden eine Alternative zu klassischen Mayonnaisen werden. Z.B. durch massive Preiserh\u00f6hung aufgrund neuer EU Verordnung zur Haltung von Legehennen oder durch Lebensmittelskandale, die in der Vergangenheit bereits Eier oder Eiprodukte in den Focus der \u00d6ffentlichkeit ger\u00fcckt haben. Viele Superm\u00e4rke verzichten bereits heute auf Eier und Eiprodukte aus K\u00e4fighaltung. Wenn dieser Trend sich fortsetzt, kommt es zu massiven Engp\u00e4ssen bei Eiern aus Freiland- oder Bodenhaltung und entsprechender Preissteigerung.<\/p>\n<p>Daneben gibt es selbstverst\u00e4ndlich auch andere Gr\u00fcnde um auf Eier oder Eiprodukte in der Ern\u00e4hrung zu verzichten. Hier sei nur beispielhaft die vegane Ern\u00e4hrung genannt.<br \/>\nDr\u00fcber hinaus gibt es L\u00e4nder, deren Infrastruktur den Gebrauch eines relativ begrenzt haltbaren Rohstoffes wie Eigelb ausschlie\u00dft. Zu erw\u00e4hnen sind auch Lebensmittelvorf\u00e4lle, wie Salmonellenbefall bei eihaltigen Speisen, die die Konsumenten verunsichern.<\/p>\n","protected":false},"excerpt":{"rendered":"<p>Eifreie Mayonnaisen k\u00f6nnen aus vielen Gr\u00fcnden eine Alternative zu klassischen Mayonnaisen werden. Z.B. durch massive Preiserh\u00f6hung aufgrund neuer EU Verordnung zur Haltung von Legehennen oder durch Lebensmittelskandale, die in der Vergangenheit bereits Eier oder Eiprodukte in den Focus der \u00d6ffentlichkeit &hellip; <a class=\"continue-reading\" href=\"https:\/\/katech-solutions.com\/de\/mayonnaise\/eifreie-mayonnaise\/\">Weiterlesen <span class=\"meta-nav\">&rarr;<\/span><\/a><\/p>\n","protected":false},"author":3,"featured_media":0,"parent":1129,"menu_order":0,"comment_status":"closed","ping_status":"open","template":"","meta":{"_acf_changed":false,"footnotes":""},"class_list":["post-1139","page","type-page","status-publish","hentry"],"acf":[],"yoast_head":"<!-- This site is optimized with the Yoast SEO plugin v27.2 - https:\/\/yoast.com\/product\/yoast-seo-wordpress\/ -->\n<title>KaTech \u2013 Stabilisator und Emulgator L\u00f6sungen f\u00fcr Eifreie Mayonnaise<\/title>\n<meta name=\"description\" content=\"KaTech sind ein Lebensmittel-Technologie-Unternehmen, spezialisiert auf die Erstellung von ma\u00dfgeschneiderten Stabilisator und Emulgator L\u00f6sungen f\u00fcr Eifreie Mayonnaise.\" \/>\n<meta name=\"robots\" content=\"index, follow, max-snippet:-1, max-image-preview:large, max-video-preview:-1\" \/>\n<link rel=\"canonical\" href=\"https:\/\/katech-solutions.com\/de\/mayonnaise\/eifreie-mayonnaise\/\" \/>\n<meta property=\"og:locale\" content=\"de_DE\" \/>\n<meta property=\"og:type\" content=\"article\" \/>\n<meta property=\"og:title\" content=\"KaTech \u2013 Stabilisator und Emulgator L\u00f6sungen f\u00fcr Eifreie Mayonnaise\" \/>\n<meta property=\"og:description\" content=\"KaTech sind ein Lebensmittel-Technologie-Unternehmen, spezialisiert auf die Erstellung von ma\u00dfgeschneiderten Stabilisator und Emulgator L\u00f6sungen f\u00fcr Eifreie Mayonnaise.\" \/>\n<meta property=\"og:url\" content=\"https:\/\/katech-solutions.com\/de\/mayonnaise\/eifreie-mayonnaise\/\" \/>\n<meta property=\"og:site_name\" content=\"KaTech\" \/>\n<meta property=\"article:modified_time\" content=\"2014-11-10T13:54:53+00:00\" \/>\n<meta name=\"twitter:label1\" content=\"Gesch\u00e4tzte Lesezeit\" \/>\n\t<meta name=\"twitter:data1\" content=\"1\u00a0Minute\" \/>\n<script type=\"application\/ld+json\" class=\"yoast-schema-graph\">{\"@context\":\"https:\/\/schema.org\",\"@graph\":[{\"@type\":\"WebPage\",\"@id\":\"https:\/\/katech-solutions.com\/de\/mayonnaise\/eifreie-mayonnaise\/\",\"url\":\"https:\/\/katech-solutions.com\/de\/mayonnaise\/eifreie-mayonnaise\/\",\"name\":\"KaTech \u2013 Stabilisator und Emulgator L\u00f6sungen f\u00fcr Eifreie Mayonnaise\",\"isPartOf\":{\"@id\":\"https:\/\/katech-solutions.com\/#website\"},\"datePublished\":\"2012-05-03T09:59:29+00:00\",\"dateModified\":\"2014-11-10T13:54:53+00:00\",\"description\":\"KaTech sind ein Lebensmittel-Technologie-Unternehmen, spezialisiert auf die Erstellung von ma\u00dfgeschneiderten Stabilisator und Emulgator L\u00f6sungen f\u00fcr Eifreie Mayonnaise.\",\"breadcrumb\":{\"@id\":\"https:\/\/katech-solutions.com\/de\/mayonnaise\/eifreie-mayonnaise\/#breadcrumb\"},\"inLanguage\":\"de\",\"potentialAction\":[{\"@type\":\"ReadAction\",\"target\":[\"https:\/\/katech-solutions.com\/de\/mayonnaise\/eifreie-mayonnaise\/\"]}]},{\"@type\":\"BreadcrumbList\",\"@id\":\"https:\/\/katech-solutions.com\/de\/mayonnaise\/eifreie-mayonnaise\/#breadcrumb\",\"itemListElement\":[{\"@type\":\"ListItem\",\"position\":1,\"name\":\"Mayonnaise\",\"item\":\"https:\/\/katech-solutions.com\/de\/mayonnaise\/\"},{\"@type\":\"ListItem\",\"position\":2,\"name\":\"Eifreie Mayonnaise\"}]},{\"@type\":\"WebSite\",\"@id\":\"https:\/\/katech-solutions.com\/#website\",\"url\":\"https:\/\/katech-solutions.com\/\",\"name\":\"KaTech\",\"description\":\"\",\"potentialAction\":[{\"@type\":\"SearchAction\",\"target\":{\"@type\":\"EntryPoint\",\"urlTemplate\":\"https:\/\/katech-solutions.com\/?s={search_term_string}\"},\"query-input\":{\"@type\":\"PropertyValueSpecification\",\"valueRequired\":true,\"valueName\":\"search_term_string\"}}],\"inLanguage\":\"de\"}]}<\/script>\n<!-- \/ Yoast SEO plugin. -->","yoast_head_json":{"title":"KaTech \u2013 Stabilisator und Emulgator L\u00f6sungen f\u00fcr Eifreie Mayonnaise","description":"KaTech sind ein Lebensmittel-Technologie-Unternehmen, spezialisiert auf die Erstellung von ma\u00dfgeschneiderten Stabilisator und Emulgator L\u00f6sungen f\u00fcr Eifreie Mayonnaise.","robots":{"index":"index","follow":"follow","max-snippet":"max-snippet:-1","max-image-preview":"max-image-preview:large","max-video-preview":"max-video-preview:-1"},"canonical":"https:\/\/katech-solutions.com\/de\/mayonnaise\/eifreie-mayonnaise\/","og_locale":"de_DE","og_type":"article","og_title":"KaTech \u2013 Stabilisator und Emulgator L\u00f6sungen f\u00fcr Eifreie Mayonnaise","og_description":"KaTech sind ein Lebensmittel-Technologie-Unternehmen, spezialisiert auf die Erstellung von ma\u00dfgeschneiderten Stabilisator und Emulgator L\u00f6sungen f\u00fcr Eifreie Mayonnaise.","og_url":"https:\/\/katech-solutions.com\/de\/mayonnaise\/eifreie-mayonnaise\/","og_site_name":"KaTech","article_modified_time":"2014-11-10T13:54:53+00:00","twitter_misc":{"Gesch\u00e4tzte Lesezeit":"1\u00a0Minute"},"schema":{"@context":"https:\/\/schema.org","@graph":[{"@type":"WebPage","@id":"https:\/\/katech-solutions.com\/de\/mayonnaise\/eifreie-mayonnaise\/","url":"https:\/\/katech-solutions.com\/de\/mayonnaise\/eifreie-mayonnaise\/","name":"KaTech \u2013 Stabilisator und Emulgator L\u00f6sungen f\u00fcr Eifreie Mayonnaise","isPartOf":{"@id":"https:\/\/katech-solutions.com\/#website"},"datePublished":"2012-05-03T09:59:29+00:00","dateModified":"2014-11-10T13:54:53+00:00","description":"KaTech sind ein Lebensmittel-Technologie-Unternehmen, spezialisiert auf die Erstellung von ma\u00dfgeschneiderten Stabilisator und Emulgator L\u00f6sungen f\u00fcr Eifreie Mayonnaise.","breadcrumb":{"@id":"https:\/\/katech-solutions.com\/de\/mayonnaise\/eifreie-mayonnaise\/#breadcrumb"},"inLanguage":"de","potentialAction":[{"@type":"ReadAction","target":["https:\/\/katech-solutions.com\/de\/mayonnaise\/eifreie-mayonnaise\/"]}]},{"@type":"BreadcrumbList","@id":"https:\/\/katech-solutions.com\/de\/mayonnaise\/eifreie-mayonnaise\/#breadcrumb","itemListElement":[{"@type":"ListItem","position":1,"name":"Mayonnaise","item":"https:\/\/katech-solutions.com\/de\/mayonnaise\/"},{"@type":"ListItem","position":2,"name":"Eifreie Mayonnaise"}]},{"@type":"WebSite","@id":"https:\/\/katech-solutions.com\/#website","url":"https:\/\/katech-solutions.com\/","name":"KaTech","description":"","potentialAction":[{"@type":"SearchAction","target":{"@type":"EntryPoint","urlTemplate":"https:\/\/katech-solutions.com\/?s={search_term_string}"},"query-input":{"@type":"PropertyValueSpecification","valueRequired":true,"valueName":"search_term_string"}}],"inLanguage":"de"}]}},"_links":{"self":[{"href":"https:\/\/katech-solutions.com\/de\/wp-json\/wp\/v2\/pages\/1139","targetHints":{"allow":["GET"]}}],"collection":[{"href":"https:\/\/katech-solutions.com\/de\/wp-json\/wp\/v2\/pages"}],"about":[{"href":"https:\/\/katech-solutions.com\/de\/wp-json\/wp\/v2\/types\/page"}],"author":[{"embeddable":true,"href":"https:\/\/katech-solutions.com\/de\/wp-json\/wp\/v2\/users\/3"}],"replies":[{"embeddable":true,"href":"https:\/\/katech-solutions.com\/de\/wp-json\/wp\/v2\/comments?post=1139"}],"version-history":[{"count":21,"href":"https:\/\/katech-solutions.com\/de\/wp-json\/wp\/v2\/pages\/1139\/revisions"}],"predecessor-version":[{"id":6443,"href":"https:\/\/katech-solutions.com\/de\/wp-json\/wp\/v2\/pages\/1139\/revisions\/6443"}],"up":[{"embeddable":true,"href":"https:\/\/katech-solutions.com\/de\/wp-json\/wp\/v2\/pages\/1129"}],"wp:attachment":[{"href":"https:\/\/katech-solutions.com\/de\/wp-json\/wp\/v2\/media?parent=1139"}],"curies":[{"name":"wp","href":"https:\/\/api.w.org\/{rel}","templated":true}]}}