{"id":1137,"date":"2012-05-03T09:59:16","date_gmt":"2012-05-03T09:59:16","guid":{"rendered":"\/?page_id=1137"},"modified":"2014-11-10T14:59:06","modified_gmt":"2014-11-10T14:59:06","slug":"clean-label","status":"publish","type":"page","link":"https:\/\/katech-solutions.com\/de\/mayonnaise\/clean-label\/","title":{"rendered":"Clean Label"},"content":{"rendered":"<p>Clean label Mayonnaisen wurden in den letzten Jahren besonders auf Druck des Marktes und der Verbraucher entwickelt. Besonders in Gro\u00dfbritanien ist dieser Trend seit Jahren zu beobachten. Dort sollen wenn m\u00f6glich nur Rohwaren eingesetzt werden, die der Verbraucher auch auf seinem &#8222;K\u00fcchenregal&#8220; findet. In Zentraleuropa ist dieser Trend ebenfalls erkennbar, aber nicht ganz so extrem wie in UK. Verschiedene Verbraucherm\u00e4rkte haben auch unterschiedliche Philosophien bez\u00fcglich des Einsatzes von stabilisierenden oder verdickenden Rohstoffen mit E-Nummern.<\/p>\n<p>Bei der Entwicklung solcher Produkte gilt es den besten Kompromiss zu finden, um sowohl den Anforderungen des Marktes als auch den physikalischen Anforderungen bez\u00fcglich Prozessstabilit\u00e4t, Maschineng\u00e4ngigkeit und Stabilit\u00e4tsanforderungen gerecht zu werden. Hierbei k\u00f6nnen neben den &#8222;klassischen&#8220; stabilisierenden Rohstoffen auch andere Rohstoffe wie z.B. native St\u00e4rken oder Proteine ggf. in Verbindung mit einer Prozessoptimierung zu dem gew\u00fcnschten Ergebnis f\u00fchren.<\/p>\n","protected":false},"excerpt":{"rendered":"<p>Clean label Mayonnaisen wurden in den letzten Jahren besonders auf Druck des Marktes und der Verbraucher entwickelt. Besonders in Gro\u00dfbritanien ist dieser Trend seit Jahren zu beobachten. Dort sollen wenn m\u00f6glich nur Rohwaren eingesetzt werden, die der Verbraucher auch auf &hellip; <a class=\"continue-reading\" href=\"https:\/\/katech-solutions.com\/de\/mayonnaise\/clean-label\/\">Weiterlesen <span class=\"meta-nav\">&rarr;<\/span><\/a><\/p>\n","protected":false},"author":3,"featured_media":0,"parent":1129,"menu_order":0,"comment_status":"closed","ping_status":"open","template":"","meta":{"_acf_changed":false,"footnotes":""},"class_list":["post-1137","page","type-page","status-publish","hentry"],"acf":[],"yoast_head":"<!-- This site is optimized with the Yoast SEO plugin v27.2 - https:\/\/yoast.com\/product\/yoast-seo-wordpress\/ -->\n<title>KaTech \u2013 Stabilisator und Emulgator L\u00f6sungen f\u00fcr clean label mayonnaisen<\/title>\n<meta name=\"description\" content=\"KaTech sind ein Lebensmittel-Technologie-Unternehmen, spezialisiert auf Stabilisator und Emulgator-L\u00f6sungen f\u00fcr clean label mayonnaisen\" \/>\n<meta name=\"robots\" content=\"index, follow, max-snippet:-1, max-image-preview:large, max-video-preview:-1\" \/>\n<link rel=\"canonical\" href=\"https:\/\/katech-solutions.com\/de\/mayonnaise\/clean-label\/\" \/>\n<meta property=\"og:locale\" content=\"de_DE\" \/>\n<meta property=\"og:type\" content=\"article\" \/>\n<meta property=\"og:title\" content=\"KaTech \u2013 Stabilisator und Emulgator L\u00f6sungen f\u00fcr clean label mayonnaisen\" \/>\n<meta property=\"og:description\" content=\"KaTech sind ein Lebensmittel-Technologie-Unternehmen, spezialisiert auf Stabilisator und Emulgator-L\u00f6sungen f\u00fcr clean label mayonnaisen\" \/>\n<meta property=\"og:url\" content=\"https:\/\/katech-solutions.com\/de\/mayonnaise\/clean-label\/\" \/>\n<meta property=\"og:site_name\" content=\"KaTech\" \/>\n<meta property=\"article:modified_time\" content=\"2014-11-10T14:59:06+00:00\" \/>\n<meta name=\"twitter:label1\" content=\"Gesch\u00e4tzte Lesezeit\" \/>\n\t<meta name=\"twitter:data1\" content=\"1\u00a0Minute\" \/>\n<script type=\"application\/ld+json\" class=\"yoast-schema-graph\">{\"@context\":\"https:\/\/schema.org\",\"@graph\":[{\"@type\":\"WebPage\",\"@id\":\"https:\/\/katech-solutions.com\/de\/mayonnaise\/clean-label\/\",\"url\":\"https:\/\/katech-solutions.com\/de\/mayonnaise\/clean-label\/\",\"name\":\"KaTech \u2013 Stabilisator und Emulgator L\u00f6sungen f\u00fcr clean label mayonnaisen\",\"isPartOf\":{\"@id\":\"https:\/\/katech-solutions.com\/#website\"},\"datePublished\":\"2012-05-03T09:59:16+00:00\",\"dateModified\":\"2014-11-10T14:59:06+00:00\",\"description\":\"KaTech sind ein Lebensmittel-Technologie-Unternehmen, spezialisiert auf Stabilisator und Emulgator-L\u00f6sungen f\u00fcr clean label mayonnaisen\",\"breadcrumb\":{\"@id\":\"https:\/\/katech-solutions.com\/de\/mayonnaise\/clean-label\/#breadcrumb\"},\"inLanguage\":\"de\",\"potentialAction\":[{\"@type\":\"ReadAction\",\"target\":[\"https:\/\/katech-solutions.com\/de\/mayonnaise\/clean-label\/\"]}]},{\"@type\":\"BreadcrumbList\",\"@id\":\"https:\/\/katech-solutions.com\/de\/mayonnaise\/clean-label\/#breadcrumb\",\"itemListElement\":[{\"@type\":\"ListItem\",\"position\":1,\"name\":\"Mayonnaise\",\"item\":\"https:\/\/katech-solutions.com\/de\/mayonnaise\/\"},{\"@type\":\"ListItem\",\"position\":2,\"name\":\"Clean Label\"}]},{\"@type\":\"WebSite\",\"@id\":\"https:\/\/katech-solutions.com\/#website\",\"url\":\"https:\/\/katech-solutions.com\/\",\"name\":\"KaTech\",\"description\":\"\",\"potentialAction\":[{\"@type\":\"SearchAction\",\"target\":{\"@type\":\"EntryPoint\",\"urlTemplate\":\"https:\/\/katech-solutions.com\/?s={search_term_string}\"},\"query-input\":{\"@type\":\"PropertyValueSpecification\",\"valueRequired\":true,\"valueName\":\"search_term_string\"}}],\"inLanguage\":\"de\"}]}<\/script>\n<!-- \/ Yoast SEO plugin. -->","yoast_head_json":{"title":"KaTech \u2013 Stabilisator und Emulgator L\u00f6sungen f\u00fcr clean label mayonnaisen","description":"KaTech sind ein Lebensmittel-Technologie-Unternehmen, spezialisiert auf Stabilisator und Emulgator-L\u00f6sungen f\u00fcr clean label mayonnaisen","robots":{"index":"index","follow":"follow","max-snippet":"max-snippet:-1","max-image-preview":"max-image-preview:large","max-video-preview":"max-video-preview:-1"},"canonical":"https:\/\/katech-solutions.com\/de\/mayonnaise\/clean-label\/","og_locale":"de_DE","og_type":"article","og_title":"KaTech \u2013 Stabilisator und Emulgator L\u00f6sungen f\u00fcr clean label mayonnaisen","og_description":"KaTech sind ein Lebensmittel-Technologie-Unternehmen, spezialisiert auf Stabilisator und Emulgator-L\u00f6sungen f\u00fcr clean label mayonnaisen","og_url":"https:\/\/katech-solutions.com\/de\/mayonnaise\/clean-label\/","og_site_name":"KaTech","article_modified_time":"2014-11-10T14:59:06+00:00","twitter_misc":{"Gesch\u00e4tzte Lesezeit":"1\u00a0Minute"},"schema":{"@context":"https:\/\/schema.org","@graph":[{"@type":"WebPage","@id":"https:\/\/katech-solutions.com\/de\/mayonnaise\/clean-label\/","url":"https:\/\/katech-solutions.com\/de\/mayonnaise\/clean-label\/","name":"KaTech \u2013 Stabilisator und Emulgator L\u00f6sungen f\u00fcr clean label mayonnaisen","isPartOf":{"@id":"https:\/\/katech-solutions.com\/#website"},"datePublished":"2012-05-03T09:59:16+00:00","dateModified":"2014-11-10T14:59:06+00:00","description":"KaTech sind ein Lebensmittel-Technologie-Unternehmen, spezialisiert auf Stabilisator und Emulgator-L\u00f6sungen f\u00fcr clean label mayonnaisen","breadcrumb":{"@id":"https:\/\/katech-solutions.com\/de\/mayonnaise\/clean-label\/#breadcrumb"},"inLanguage":"de","potentialAction":[{"@type":"ReadAction","target":["https:\/\/katech-solutions.com\/de\/mayonnaise\/clean-label\/"]}]},{"@type":"BreadcrumbList","@id":"https:\/\/katech-solutions.com\/de\/mayonnaise\/clean-label\/#breadcrumb","itemListElement":[{"@type":"ListItem","position":1,"name":"Mayonnaise","item":"https:\/\/katech-solutions.com\/de\/mayonnaise\/"},{"@type":"ListItem","position":2,"name":"Clean Label"}]},{"@type":"WebSite","@id":"https:\/\/katech-solutions.com\/#website","url":"https:\/\/katech-solutions.com\/","name":"KaTech","description":"","potentialAction":[{"@type":"SearchAction","target":{"@type":"EntryPoint","urlTemplate":"https:\/\/katech-solutions.com\/?s={search_term_string}"},"query-input":{"@type":"PropertyValueSpecification","valueRequired":true,"valueName":"search_term_string"}}],"inLanguage":"de"}]}},"_links":{"self":[{"href":"https:\/\/katech-solutions.com\/de\/wp-json\/wp\/v2\/pages\/1137","targetHints":{"allow":["GET"]}}],"collection":[{"href":"https:\/\/katech-solutions.com\/de\/wp-json\/wp\/v2\/pages"}],"about":[{"href":"https:\/\/katech-solutions.com\/de\/wp-json\/wp\/v2\/types\/page"}],"author":[{"embeddable":true,"href":"https:\/\/katech-solutions.com\/de\/wp-json\/wp\/v2\/users\/3"}],"replies":[{"embeddable":true,"href":"https:\/\/katech-solutions.com\/de\/wp-json\/wp\/v2\/comments?post=1137"}],"version-history":[{"count":30,"href":"https:\/\/katech-solutions.com\/de\/wp-json\/wp\/v2\/pages\/1137\/revisions"}],"predecessor-version":[{"id":6456,"href":"https:\/\/katech-solutions.com\/de\/wp-json\/wp\/v2\/pages\/1137\/revisions\/6456"}],"up":[{"embeddable":true,"href":"https:\/\/katech-solutions.com\/de\/wp-json\/wp\/v2\/pages\/1129"}],"wp:attachment":[{"href":"https:\/\/katech-solutions.com\/de\/wp-json\/wp\/v2\/media?parent=1137"}],"curies":[{"name":"wp","href":"https:\/\/api.w.org\/{rel}","templated":true}]}}