{"id":1135,"date":"2012-05-03T09:58:51","date_gmt":"2012-05-03T09:58:51","guid":{"rendered":"\/?page_id=1135"},"modified":"2014-11-10T13:48:28","modified_gmt":"2014-11-10T13:48:28","slug":"mayonnaise-glasware","status":"publish","type":"page","link":"https:\/\/katech-solutions.com\/de\/mayonnaise\/mayonnaise-glasware\/","title":{"rendered":"Mayonnaise Glasware"},"content":{"rendered":"<p>&#8222;Echte&#8220; Mayonnaise\u00a0 ist eine dickfl\u00fcssige, kalt hergestellte Sauce auf der Basis von Eigelb und \u00d6l. Die Grundlage liefert eine Emulsion von \u00d6l und Wasser bzw. Essig und\/oder Zitronensaft. Das Eigelb dient hier als Emulgator, der Essig als Konservierungsmittel. \u00dcblicherweise werden hier noch weitere Geschmacksgeber oder Gew\u00fcrze hinzugef\u00fcgt. Nach dieser traditionellen Herstellungsweise entsteht ein Produkt mit hohem Fettgehalt und gleichzeitig hohem kalorischem Wert.<\/p>\n<p>Die traditionelle Beliebtheit der Mayonnaise beruhte auf der Tatsache, dass man gr\u00f6\u00dfere Menge an energiereichem \u00d6l auf schmackhafte Weise zu sich nehmen konnte, auch wenn sie als Aufstrich verwendet wurde.<\/p>\n<p>Mayonnaise dieser Art\u00a0 hat grunds\u00e4tzlich eine lange Haltbarkeit durch die sehr geringe Wasseraktivit\u00e4t und den pH-Wert. Dadurch kann sie sehr gut als Glasware vertrieben werden.<\/p>\n<p>Die urspr\u00fcngliche Methode des Einr\u00fchrens von \u00d6l in Wasser und Eigelb wurde inzwischen nat\u00fcrlich durch moderne Technologien ersetzt. Vor allem ist hier das Vakuum wichtig, um Lufteinschl\u00fcsse zu vermeiden und so die Mayonnaise vor dem Ranzigwerden zu sch\u00fctzen.<\/p>\n","protected":false},"excerpt":{"rendered":"<p>&#8222;Echte&#8220; Mayonnaise\u00a0 ist eine dickfl\u00fcssige, kalt hergestellte Sauce auf der Basis von Eigelb und \u00d6l. Die Grundlage liefert eine Emulsion von \u00d6l und Wasser bzw. Essig und\/oder Zitronensaft. Das Eigelb dient hier als Emulgator, der Essig als Konservierungsmittel. \u00dcblicherweise werden &hellip; <a class=\"continue-reading\" href=\"https:\/\/katech-solutions.com\/de\/mayonnaise\/mayonnaise-glasware\/\">Weiterlesen <span class=\"meta-nav\">&rarr;<\/span><\/a><\/p>\n","protected":false},"author":3,"featured_media":0,"parent":1129,"menu_order":0,"comment_status":"closed","ping_status":"open","template":"","meta":{"_acf_changed":false,"footnotes":""},"class_list":["post-1135","page","type-page","status-publish","hentry"],"acf":[],"yoast_head":"<!-- This site is optimized with the Yoast SEO plugin v27.2 - https:\/\/yoast.com\/product\/yoast-seo-wordpress\/ -->\n<title>KaTech \u2013 Stabilisator und Emulgator L\u00f6sungen f\u00fcr Mayonnaise Glasware<\/title>\n<meta name=\"description\" content=\"KaTech sind ein Lebensmittel-Technologie-Unternehmen, spezialisiert auf die Erstellung von ma\u00dfgeschneiderten Stabilisator und Emulgator L\u00f6sungen f\u00fcr Mayonnaise Glasware.\" \/>\n<meta name=\"robots\" content=\"index, follow, max-snippet:-1, max-image-preview:large, max-video-preview:-1\" \/>\n<link rel=\"canonical\" href=\"https:\/\/katech-solutions.com\/de\/mayonnaise\/mayonnaise-glasware\/\" \/>\n<meta property=\"og:locale\" content=\"de_DE\" \/>\n<meta property=\"og:type\" content=\"article\" \/>\n<meta property=\"og:title\" content=\"KaTech \u2013 Stabilisator und Emulgator L\u00f6sungen f\u00fcr Mayonnaise Glasware\" \/>\n<meta property=\"og:description\" content=\"KaTech sind ein Lebensmittel-Technologie-Unternehmen, spezialisiert auf die Erstellung von ma\u00dfgeschneiderten Stabilisator und Emulgator L\u00f6sungen f\u00fcr Mayonnaise Glasware.\" \/>\n<meta property=\"og:url\" content=\"https:\/\/katech-solutions.com\/de\/mayonnaise\/mayonnaise-glasware\/\" \/>\n<meta property=\"og:site_name\" content=\"KaTech\" \/>\n<meta property=\"article:modified_time\" content=\"2014-11-10T13:48:28+00:00\" \/>\n<meta name=\"twitter:label1\" content=\"Gesch\u00e4tzte Lesezeit\" \/>\n\t<meta name=\"twitter:data1\" content=\"1\u00a0Minute\" \/>\n<script type=\"application\/ld+json\" class=\"yoast-schema-graph\">{\"@context\":\"https:\/\/schema.org\",\"@graph\":[{\"@type\":\"WebPage\",\"@id\":\"https:\/\/katech-solutions.com\/de\/mayonnaise\/mayonnaise-glasware\/\",\"url\":\"https:\/\/katech-solutions.com\/de\/mayonnaise\/mayonnaise-glasware\/\",\"name\":\"KaTech \u2013 Stabilisator und Emulgator L\u00f6sungen f\u00fcr Mayonnaise Glasware\",\"isPartOf\":{\"@id\":\"https:\/\/katech-solutions.com\/#website\"},\"datePublished\":\"2012-05-03T09:58:51+00:00\",\"dateModified\":\"2014-11-10T13:48:28+00:00\",\"description\":\"KaTech sind ein Lebensmittel-Technologie-Unternehmen, spezialisiert auf die Erstellung von ma\u00dfgeschneiderten Stabilisator und Emulgator L\u00f6sungen f\u00fcr Mayonnaise Glasware.\",\"breadcrumb\":{\"@id\":\"https:\/\/katech-solutions.com\/de\/mayonnaise\/mayonnaise-glasware\/#breadcrumb\"},\"inLanguage\":\"de\",\"potentialAction\":[{\"@type\":\"ReadAction\",\"target\":[\"https:\/\/katech-solutions.com\/de\/mayonnaise\/mayonnaise-glasware\/\"]}]},{\"@type\":\"BreadcrumbList\",\"@id\":\"https:\/\/katech-solutions.com\/de\/mayonnaise\/mayonnaise-glasware\/#breadcrumb\",\"itemListElement\":[{\"@type\":\"ListItem\",\"position\":1,\"name\":\"Mayonnaise\",\"item\":\"https:\/\/katech-solutions.com\/de\/mayonnaise\/\"},{\"@type\":\"ListItem\",\"position\":2,\"name\":\"Mayonnaise\",\"item\":\"https:\/\/katech-solutions.com\/mayonnaise\/\"},{\"@type\":\"ListItem\",\"position\":3,\"name\":\"Mayonnaise Glasware\"}]},{\"@type\":\"WebSite\",\"@id\":\"https:\/\/katech-solutions.com\/#website\",\"url\":\"https:\/\/katech-solutions.com\/\",\"name\":\"KaTech\",\"description\":\"\",\"potentialAction\":[{\"@type\":\"SearchAction\",\"target\":{\"@type\":\"EntryPoint\",\"urlTemplate\":\"https:\/\/katech-solutions.com\/?s={search_term_string}\"},\"query-input\":{\"@type\":\"PropertyValueSpecification\",\"valueRequired\":true,\"valueName\":\"search_term_string\"}}],\"inLanguage\":\"de\"}]}<\/script>\n<!-- \/ Yoast SEO plugin. -->","yoast_head_json":{"title":"KaTech \u2013 Stabilisator und Emulgator L\u00f6sungen f\u00fcr Mayonnaise Glasware","description":"KaTech sind ein Lebensmittel-Technologie-Unternehmen, spezialisiert auf die Erstellung von ma\u00dfgeschneiderten Stabilisator und Emulgator L\u00f6sungen f\u00fcr Mayonnaise Glasware.","robots":{"index":"index","follow":"follow","max-snippet":"max-snippet:-1","max-image-preview":"max-image-preview:large","max-video-preview":"max-video-preview:-1"},"canonical":"https:\/\/katech-solutions.com\/de\/mayonnaise\/mayonnaise-glasware\/","og_locale":"de_DE","og_type":"article","og_title":"KaTech \u2013 Stabilisator und Emulgator L\u00f6sungen f\u00fcr Mayonnaise Glasware","og_description":"KaTech sind ein Lebensmittel-Technologie-Unternehmen, spezialisiert auf die Erstellung von ma\u00dfgeschneiderten Stabilisator und Emulgator L\u00f6sungen f\u00fcr Mayonnaise Glasware.","og_url":"https:\/\/katech-solutions.com\/de\/mayonnaise\/mayonnaise-glasware\/","og_site_name":"KaTech","article_modified_time":"2014-11-10T13:48:28+00:00","twitter_misc":{"Gesch\u00e4tzte Lesezeit":"1\u00a0Minute"},"schema":{"@context":"https:\/\/schema.org","@graph":[{"@type":"WebPage","@id":"https:\/\/katech-solutions.com\/de\/mayonnaise\/mayonnaise-glasware\/","url":"https:\/\/katech-solutions.com\/de\/mayonnaise\/mayonnaise-glasware\/","name":"KaTech \u2013 Stabilisator und Emulgator L\u00f6sungen f\u00fcr Mayonnaise Glasware","isPartOf":{"@id":"https:\/\/katech-solutions.com\/#website"},"datePublished":"2012-05-03T09:58:51+00:00","dateModified":"2014-11-10T13:48:28+00:00","description":"KaTech sind ein Lebensmittel-Technologie-Unternehmen, spezialisiert auf die Erstellung von ma\u00dfgeschneiderten Stabilisator und Emulgator L\u00f6sungen f\u00fcr Mayonnaise Glasware.","breadcrumb":{"@id":"https:\/\/katech-solutions.com\/de\/mayonnaise\/mayonnaise-glasware\/#breadcrumb"},"inLanguage":"de","potentialAction":[{"@type":"ReadAction","target":["https:\/\/katech-solutions.com\/de\/mayonnaise\/mayonnaise-glasware\/"]}]},{"@type":"BreadcrumbList","@id":"https:\/\/katech-solutions.com\/de\/mayonnaise\/mayonnaise-glasware\/#breadcrumb","itemListElement":[{"@type":"ListItem","position":1,"name":"Mayonnaise","item":"https:\/\/katech-solutions.com\/de\/mayonnaise\/"},{"@type":"ListItem","position":2,"name":"Mayonnaise","item":"https:\/\/katech-solutions.com\/mayonnaise\/"},{"@type":"ListItem","position":3,"name":"Mayonnaise Glasware"}]},{"@type":"WebSite","@id":"https:\/\/katech-solutions.com\/#website","url":"https:\/\/katech-solutions.com\/","name":"KaTech","description":"","potentialAction":[{"@type":"SearchAction","target":{"@type":"EntryPoint","urlTemplate":"https:\/\/katech-solutions.com\/?s={search_term_string}"},"query-input":{"@type":"PropertyValueSpecification","valueRequired":true,"valueName":"search_term_string"}}],"inLanguage":"de"}]}},"_links":{"self":[{"href":"https:\/\/katech-solutions.com\/de\/wp-json\/wp\/v2\/pages\/1135","targetHints":{"allow":["GET"]}}],"collection":[{"href":"https:\/\/katech-solutions.com\/de\/wp-json\/wp\/v2\/pages"}],"about":[{"href":"https:\/\/katech-solutions.com\/de\/wp-json\/wp\/v2\/types\/page"}],"author":[{"embeddable":true,"href":"https:\/\/katech-solutions.com\/de\/wp-json\/wp\/v2\/users\/3"}],"replies":[{"embeddable":true,"href":"https:\/\/katech-solutions.com\/de\/wp-json\/wp\/v2\/comments?post=1135"}],"version-history":[{"count":30,"href":"https:\/\/katech-solutions.com\/de\/wp-json\/wp\/v2\/pages\/1135\/revisions"}],"predecessor-version":[{"id":6438,"href":"https:\/\/katech-solutions.com\/de\/wp-json\/wp\/v2\/pages\/1135\/revisions\/6438"}],"up":[{"embeddable":true,"href":"https:\/\/katech-solutions.com\/de\/wp-json\/wp\/v2\/pages\/1129"}],"wp:attachment":[{"href":"https:\/\/katech-solutions.com\/de\/wp-json\/wp\/v2\/media?parent=1135"}],"curies":[{"name":"wp","href":"https:\/\/api.w.org\/{rel}","templated":true}]}}