{"id":1131,"date":"2012-05-03T09:58:33","date_gmt":"2012-05-03T09:58:33","guid":{"rendered":"\/?page_id=1131"},"modified":"2014-11-10T13:31:33","modified_gmt":"2014-11-10T13:31:33","slug":"sandwichmayonnaise","status":"publish","type":"page","link":"https:\/\/katech-solutions.com\/de\/mayonnaise\/sandwichmayonnaise\/","title":{"rendered":"Sandwichmayonnaise"},"content":{"rendered":"<p>Wenn Sandwichmayonnaise in gr\u00f6\u00dferen Gebinden abgef\u00fcllt wird, ist eine entsprechend lange Haltbarkeitsdauer bis zur Verarbeitung erforderlich. Wird diese Mayonnaise dann als Aufstrich f\u00fcr Sandwiches verwendet, ist ab dann eine kurze Haltbarkeit meist ausreichend. Enzymstabilit\u00e4t ist daher h\u00e4ufig kein wesentlicher Aspekt bei der Entwicklung dieser Art von Produkt, jedoch meist erw\u00fcnscht. Der Fokus liegt allerdings auf der Entwicklung einer streichbaren, cremigen Textur, so dass die Mayonnaise nicht herabtropft aber dennoch die Saftigkeit des Sandwichbelags verbessert.<\/p>\n<p>Traditionell wurde echte Mayonnaise mit einem \u00d6lgehalt von 80\u00a0% f\u00fcr Sandwiches verwendet, was f\u00fcr einen hohen Fettgehalt im Endprodukt sorgte. In unseren gesundheitsbewussten Zeiten, w\u00fcnschen sich Sandwichhersteller jedoch ein ges\u00fcnderes Image. Die meisten suchen nach einem Produkt, das die Textur echter Mayonnaise nachahmt und sich wie Butter streichen l\u00e4sst, aber so wenig \u00d6l wie m\u00f6glich enth\u00e4lt, damit ein niedrigerer Fettgehalt deklariert werden kann.<\/p>\n","protected":false},"excerpt":{"rendered":"<p>Wenn Sandwichmayonnaise in gr\u00f6\u00dferen Gebinden abgef\u00fcllt wird, ist eine entsprechend lange Haltbarkeitsdauer bis zur Verarbeitung erforderlich. Wird diese Mayonnaise dann als Aufstrich f\u00fcr Sandwiches verwendet, ist ab dann eine kurze Haltbarkeit meist ausreichend. Enzymstabilit\u00e4t ist daher h\u00e4ufig kein wesentlicher Aspekt &hellip; <a class=\"continue-reading\" href=\"https:\/\/katech-solutions.com\/de\/mayonnaise\/sandwichmayonnaise\/\">Weiterlesen <span class=\"meta-nav\">&rarr;<\/span><\/a><\/p>\n","protected":false},"author":3,"featured_media":0,"parent":1129,"menu_order":0,"comment_status":"closed","ping_status":"open","template":"","meta":{"_acf_changed":false,"footnotes":""},"class_list":["post-1131","page","type-page","status-publish","hentry"],"acf":[],"yoast_head":"<!-- This site is optimized with the Yoast SEO plugin v27.2 - https:\/\/yoast.com\/product\/yoast-seo-wordpress\/ -->\n<title>KaTech \u2013 Stabilisator und Emulgator L\u00f6sungen f\u00fcr Sandwichmayonnaise<\/title>\n<meta name=\"description\" content=\"KaTech sind ein Lebensmittel-Technologie-Unternehmen, spezialisiert auf die Erstellung von ma\u00dfgeschneiderten Stabilisator und Emulgator L\u00f6sungen f\u00fcr sandwichmayonnaise.\" \/>\n<meta name=\"robots\" content=\"index, follow, max-snippet:-1, max-image-preview:large, max-video-preview:-1\" \/>\n<link rel=\"canonical\" href=\"https:\/\/katech-solutions.com\/de\/mayonnaise\/sandwichmayonnaise\/\" \/>\n<meta property=\"og:locale\" content=\"de_DE\" \/>\n<meta property=\"og:type\" content=\"article\" \/>\n<meta property=\"og:title\" content=\"KaTech \u2013 Stabilisator und Emulgator L\u00f6sungen f\u00fcr Sandwichmayonnaise\" \/>\n<meta property=\"og:description\" content=\"KaTech sind ein Lebensmittel-Technologie-Unternehmen, spezialisiert auf die Erstellung von ma\u00dfgeschneiderten Stabilisator und Emulgator L\u00f6sungen f\u00fcr sandwichmayonnaise.\" \/>\n<meta property=\"og:url\" content=\"https:\/\/katech-solutions.com\/de\/mayonnaise\/sandwichmayonnaise\/\" \/>\n<meta property=\"og:site_name\" content=\"KaTech\" \/>\n<meta property=\"article:modified_time\" content=\"2014-11-10T13:31:33+00:00\" \/>\n<meta name=\"twitter:label1\" content=\"Gesch\u00e4tzte Lesezeit\" \/>\n\t<meta name=\"twitter:data1\" content=\"1\u00a0Minute\" \/>\n<script type=\"application\/ld+json\" class=\"yoast-schema-graph\">{\"@context\":\"https:\/\/schema.org\",\"@graph\":[{\"@type\":\"WebPage\",\"@id\":\"https:\/\/katech-solutions.com\/de\/mayonnaise\/sandwichmayonnaise\/\",\"url\":\"https:\/\/katech-solutions.com\/de\/mayonnaise\/sandwichmayonnaise\/\",\"name\":\"KaTech \u2013 Stabilisator und Emulgator L\u00f6sungen f\u00fcr Sandwichmayonnaise\",\"isPartOf\":{\"@id\":\"https:\/\/katech-solutions.com\/#website\"},\"datePublished\":\"2012-05-03T09:58:33+00:00\",\"dateModified\":\"2014-11-10T13:31:33+00:00\",\"description\":\"KaTech sind ein Lebensmittel-Technologie-Unternehmen, spezialisiert auf die Erstellung von ma\u00dfgeschneiderten Stabilisator und Emulgator L\u00f6sungen f\u00fcr sandwichmayonnaise.\",\"breadcrumb\":{\"@id\":\"https:\/\/katech-solutions.com\/de\/mayonnaise\/sandwichmayonnaise\/#breadcrumb\"},\"inLanguage\":\"de\",\"potentialAction\":[{\"@type\":\"ReadAction\",\"target\":[\"https:\/\/katech-solutions.com\/de\/mayonnaise\/sandwichmayonnaise\/\"]}]},{\"@type\":\"BreadcrumbList\",\"@id\":\"https:\/\/katech-solutions.com\/de\/mayonnaise\/sandwichmayonnaise\/#breadcrumb\",\"itemListElement\":[{\"@type\":\"ListItem\",\"position\":1,\"name\":\"Mayonnaise\",\"item\":\"https:\/\/katech-solutions.com\/de\/mayonnaise\/\"},{\"@type\":\"ListItem\",\"position\":2,\"name\":\"Mayonnaise\",\"item\":\"https:\/\/katech-solutions.com\/mayonnaise\/\"},{\"@type\":\"ListItem\",\"position\":3,\"name\":\"Sandwichmayonnaise\"}]},{\"@type\":\"WebSite\",\"@id\":\"https:\/\/katech-solutions.com\/#website\",\"url\":\"https:\/\/katech-solutions.com\/\",\"name\":\"KaTech\",\"description\":\"\",\"potentialAction\":[{\"@type\":\"SearchAction\",\"target\":{\"@type\":\"EntryPoint\",\"urlTemplate\":\"https:\/\/katech-solutions.com\/?s={search_term_string}\"},\"query-input\":{\"@type\":\"PropertyValueSpecification\",\"valueRequired\":true,\"valueName\":\"search_term_string\"}}],\"inLanguage\":\"de\"}]}<\/script>\n<!-- \/ Yoast SEO plugin. -->","yoast_head_json":{"title":"KaTech \u2013 Stabilisator und Emulgator L\u00f6sungen f\u00fcr Sandwichmayonnaise","description":"KaTech sind ein Lebensmittel-Technologie-Unternehmen, spezialisiert auf die Erstellung von ma\u00dfgeschneiderten Stabilisator und Emulgator L\u00f6sungen f\u00fcr sandwichmayonnaise.","robots":{"index":"index","follow":"follow","max-snippet":"max-snippet:-1","max-image-preview":"max-image-preview:large","max-video-preview":"max-video-preview:-1"},"canonical":"https:\/\/katech-solutions.com\/de\/mayonnaise\/sandwichmayonnaise\/","og_locale":"de_DE","og_type":"article","og_title":"KaTech \u2013 Stabilisator und Emulgator L\u00f6sungen f\u00fcr Sandwichmayonnaise","og_description":"KaTech sind ein Lebensmittel-Technologie-Unternehmen, spezialisiert auf die Erstellung von ma\u00dfgeschneiderten Stabilisator und Emulgator L\u00f6sungen f\u00fcr sandwichmayonnaise.","og_url":"https:\/\/katech-solutions.com\/de\/mayonnaise\/sandwichmayonnaise\/","og_site_name":"KaTech","article_modified_time":"2014-11-10T13:31:33+00:00","twitter_misc":{"Gesch\u00e4tzte Lesezeit":"1\u00a0Minute"},"schema":{"@context":"https:\/\/schema.org","@graph":[{"@type":"WebPage","@id":"https:\/\/katech-solutions.com\/de\/mayonnaise\/sandwichmayonnaise\/","url":"https:\/\/katech-solutions.com\/de\/mayonnaise\/sandwichmayonnaise\/","name":"KaTech \u2013 Stabilisator und Emulgator L\u00f6sungen f\u00fcr Sandwichmayonnaise","isPartOf":{"@id":"https:\/\/katech-solutions.com\/#website"},"datePublished":"2012-05-03T09:58:33+00:00","dateModified":"2014-11-10T13:31:33+00:00","description":"KaTech sind ein Lebensmittel-Technologie-Unternehmen, spezialisiert auf die Erstellung von ma\u00dfgeschneiderten Stabilisator und Emulgator L\u00f6sungen f\u00fcr sandwichmayonnaise.","breadcrumb":{"@id":"https:\/\/katech-solutions.com\/de\/mayonnaise\/sandwichmayonnaise\/#breadcrumb"},"inLanguage":"de","potentialAction":[{"@type":"ReadAction","target":["https:\/\/katech-solutions.com\/de\/mayonnaise\/sandwichmayonnaise\/"]}]},{"@type":"BreadcrumbList","@id":"https:\/\/katech-solutions.com\/de\/mayonnaise\/sandwichmayonnaise\/#breadcrumb","itemListElement":[{"@type":"ListItem","position":1,"name":"Mayonnaise","item":"https:\/\/katech-solutions.com\/de\/mayonnaise\/"},{"@type":"ListItem","position":2,"name":"Mayonnaise","item":"https:\/\/katech-solutions.com\/mayonnaise\/"},{"@type":"ListItem","position":3,"name":"Sandwichmayonnaise"}]},{"@type":"WebSite","@id":"https:\/\/katech-solutions.com\/#website","url":"https:\/\/katech-solutions.com\/","name":"KaTech","description":"","potentialAction":[{"@type":"SearchAction","target":{"@type":"EntryPoint","urlTemplate":"https:\/\/katech-solutions.com\/?s={search_term_string}"},"query-input":{"@type":"PropertyValueSpecification","valueRequired":true,"valueName":"search_term_string"}}],"inLanguage":"de"}]}},"_links":{"self":[{"href":"https:\/\/katech-solutions.com\/de\/wp-json\/wp\/v2\/pages\/1131","targetHints":{"allow":["GET"]}}],"collection":[{"href":"https:\/\/katech-solutions.com\/de\/wp-json\/wp\/v2\/pages"}],"about":[{"href":"https:\/\/katech-solutions.com\/de\/wp-json\/wp\/v2\/types\/page"}],"author":[{"embeddable":true,"href":"https:\/\/katech-solutions.com\/de\/wp-json\/wp\/v2\/users\/3"}],"replies":[{"embeddable":true,"href":"https:\/\/katech-solutions.com\/de\/wp-json\/wp\/v2\/comments?post=1131"}],"version-history":[{"count":22,"href":"https:\/\/katech-solutions.com\/de\/wp-json\/wp\/v2\/pages\/1131\/revisions"}],"predecessor-version":[{"id":6434,"href":"https:\/\/katech-solutions.com\/de\/wp-json\/wp\/v2\/pages\/1131\/revisions\/6434"}],"up":[{"embeddable":true,"href":"https:\/\/katech-solutions.com\/de\/wp-json\/wp\/v2\/pages\/1129"}],"wp:attachment":[{"href":"https:\/\/katech-solutions.com\/de\/wp-json\/wp\/v2\/media?parent=1131"}],"curies":[{"name":"wp","href":"https:\/\/api.w.org\/{rel}","templated":true}]}}