{"id":1129,"date":"2012-07-19T15:41:44","date_gmt":"2012-07-19T15:41:44","guid":{"rendered":"\/?page_id=1129"},"modified":"2017-08-24T16:23:23","modified_gmt":"2017-08-24T16:23:23","slug":"mayonnaise","status":"publish","type":"page","link":"https:\/\/katech-solutions.com\/de\/mayonnaise\/","title":{"rendered":"Mayonnaise"},"content":{"rendered":"<h2>Mayonnaise<\/h2>\n<p>Das Wort &#8222;Mayonnaise&#8220; ist entstanden aus &#8222;Moyeunaise&#8220; \u2013 welches wiederum von dem&nbsp; sehr alten franz\u00f6sischen Wort Moyeu abgeleitet ist, was &#8222;Eigelb&#8220; bedeutet. Der Begriff beschreibt eine dicke Sauce aus Eigelb, geschlagen mit pflanzlichem \u00d6l, Wasser und Essig zu einer glatten, weissen, cremigen Sauce. Das Produkt ist beliebt z.B. als Beilage zu Salaten. Es gibt inzwischen sehr viel Varianten, von der fast stichfesten \u201cechten\u201d Mayonnaise bis zu Salatmayonnaise und allen weiteren Typen von Salat-Cremes oder Dressings.<\/p>\n<p>Traditionelle Mayonnaise hat 80 % \u00d6l, es gibt aber inzwischen sehr viele Technologien und Rezepturen f\u00fcr sehr niedrig fette Mayonnaisen, auch Clean label oder Ei-freie Varianten, je nachdem was man produzieren m\u00f6chte. Ob sie nun Salatbestandteile&nbsp; umh\u00fcllen, als Basis f\u00fcr andere Produkte oder als Feuchtigkeits-Barriere f\u00fcr Sandwiches dienen soll &#8211; KaTech hat die Erfahrung, um Ihre Anforderungen zu erf\u00fcllen.<\/p>\n","protected":false},"excerpt":{"rendered":"<p>Mayonnaise Das Wort &#8222;Mayonnaise&#8220; ist entstanden aus &#8222;Moyeunaise&#8220; \u2013 welches wiederum von dem&nbsp; sehr alten franz\u00f6sischen Wort Moyeu abgeleitet ist, was &#8222;Eigelb&#8220; bedeutet. Der Begriff beschreibt eine dicke Sauce aus Eigelb, geschlagen mit pflanzlichem \u00d6l, Wasser und Essig zu einer &hellip; <a class=\"continue-reading\" href=\"https:\/\/katech-solutions.com\/de\/mayonnaise\/\">Weiterlesen <span class=\"meta-nav\">&rarr;<\/span><\/a><\/p>\n","protected":false},"author":3,"featured_media":0,"parent":0,"menu_order":0,"comment_status":"closed","ping_status":"closed","template":"layout-content-3.php","meta":{"_acf_changed":false,"footnotes":""},"class_list":["post-1129","page","type-page","status-publish","hentry"],"acf":[],"yoast_head":"<!-- This site is optimized with the Yoast SEO plugin v27.2 - https:\/\/yoast.com\/product\/yoast-seo-wordpress\/ -->\n<title>KaTech \u2013 Stabilisator und Emulgator L\u00f6sungen f\u00fcr Mayonnaise<\/title>\n<meta name=\"description\" content=\"KaTech sind ein Lebensmittel-Technologie-Unternehmen, spezialisiert auf die Erstellung von Stabilisator und Emulgator L\u00f6sungen f\u00fcr Mayonnaise.\" \/>\n<meta name=\"robots\" content=\"index, follow, max-snippet:-1, max-image-preview:large, max-video-preview:-1\" \/>\n<link rel=\"canonical\" href=\"https:\/\/katech-solutions.com\/de\/mayonnaise\/\" \/>\n<meta property=\"og:locale\" content=\"de_DE\" \/>\n<meta property=\"og:type\" content=\"article\" \/>\n<meta property=\"og:title\" content=\"KaTech \u2013 Stabilisator und Emulgator L\u00f6sungen f\u00fcr Mayonnaise\" \/>\n<meta property=\"og:description\" content=\"KaTech sind ein Lebensmittel-Technologie-Unternehmen, spezialisiert auf die Erstellung von Stabilisator und Emulgator L\u00f6sungen f\u00fcr Mayonnaise.\" \/>\n<meta property=\"og:url\" content=\"https:\/\/katech-solutions.com\/de\/mayonnaise\/\" \/>\n<meta property=\"og:site_name\" content=\"KaTech\" \/>\n<meta property=\"article:modified_time\" content=\"2017-08-24T16:23:23+00:00\" \/>\n<meta name=\"twitter:label1\" content=\"Gesch\u00e4tzte Lesezeit\" \/>\n\t<meta name=\"twitter:data1\" content=\"1\u00a0Minute\" \/>\n<script type=\"application\/ld+json\" class=\"yoast-schema-graph\">{\"@context\":\"https:\/\/schema.org\",\"@graph\":[{\"@type\":\"WebPage\",\"@id\":\"https:\/\/katech-solutions.com\/de\/mayonnaise\/\",\"url\":\"https:\/\/katech-solutions.com\/de\/mayonnaise\/\",\"name\":\"KaTech \u2013 Stabilisator und Emulgator L\u00f6sungen f\u00fcr Mayonnaise\",\"isPartOf\":{\"@id\":\"https:\/\/katech-solutions.com\/#website\"},\"datePublished\":\"2012-07-19T15:41:44+00:00\",\"dateModified\":\"2017-08-24T16:23:23+00:00\",\"description\":\"KaTech sind ein Lebensmittel-Technologie-Unternehmen, spezialisiert auf die Erstellung von Stabilisator und Emulgator L\u00f6sungen f\u00fcr Mayonnaise.\",\"inLanguage\":\"de\",\"potentialAction\":[{\"@type\":\"ReadAction\",\"target\":[\"https:\/\/katech-solutions.com\/de\/mayonnaise\/\"]}]},{\"@type\":\"WebSite\",\"@id\":\"https:\/\/katech-solutions.com\/#website\",\"url\":\"https:\/\/katech-solutions.com\/\",\"name\":\"KaTech\",\"description\":\"\",\"potentialAction\":[{\"@type\":\"SearchAction\",\"target\":{\"@type\":\"EntryPoint\",\"urlTemplate\":\"https:\/\/katech-solutions.com\/?s={search_term_string}\"},\"query-input\":{\"@type\":\"PropertyValueSpecification\",\"valueRequired\":true,\"valueName\":\"search_term_string\"}}],\"inLanguage\":\"de\"}]}<\/script>\n<!-- \/ Yoast SEO plugin. -->","yoast_head_json":{"title":"KaTech \u2013 Stabilisator und Emulgator L\u00f6sungen f\u00fcr Mayonnaise","description":"KaTech sind ein Lebensmittel-Technologie-Unternehmen, spezialisiert auf die Erstellung von Stabilisator und Emulgator L\u00f6sungen f\u00fcr Mayonnaise.","robots":{"index":"index","follow":"follow","max-snippet":"max-snippet:-1","max-image-preview":"max-image-preview:large","max-video-preview":"max-video-preview:-1"},"canonical":"https:\/\/katech-solutions.com\/de\/mayonnaise\/","og_locale":"de_DE","og_type":"article","og_title":"KaTech \u2013 Stabilisator und Emulgator L\u00f6sungen f\u00fcr Mayonnaise","og_description":"KaTech sind ein Lebensmittel-Technologie-Unternehmen, spezialisiert auf die Erstellung von Stabilisator und Emulgator L\u00f6sungen f\u00fcr Mayonnaise.","og_url":"https:\/\/katech-solutions.com\/de\/mayonnaise\/","og_site_name":"KaTech","article_modified_time":"2017-08-24T16:23:23+00:00","twitter_misc":{"Gesch\u00e4tzte Lesezeit":"1\u00a0Minute"},"schema":{"@context":"https:\/\/schema.org","@graph":[{"@type":"WebPage","@id":"https:\/\/katech-solutions.com\/de\/mayonnaise\/","url":"https:\/\/katech-solutions.com\/de\/mayonnaise\/","name":"KaTech \u2013 Stabilisator und Emulgator L\u00f6sungen f\u00fcr Mayonnaise","isPartOf":{"@id":"https:\/\/katech-solutions.com\/#website"},"datePublished":"2012-07-19T15:41:44+00:00","dateModified":"2017-08-24T16:23:23+00:00","description":"KaTech sind ein Lebensmittel-Technologie-Unternehmen, spezialisiert auf die Erstellung von Stabilisator und Emulgator L\u00f6sungen f\u00fcr Mayonnaise.","inLanguage":"de","potentialAction":[{"@type":"ReadAction","target":["https:\/\/katech-solutions.com\/de\/mayonnaise\/"]}]},{"@type":"WebSite","@id":"https:\/\/katech-solutions.com\/#website","url":"https:\/\/katech-solutions.com\/","name":"KaTech","description":"","potentialAction":[{"@type":"SearchAction","target":{"@type":"EntryPoint","urlTemplate":"https:\/\/katech-solutions.com\/?s={search_term_string}"},"query-input":{"@type":"PropertyValueSpecification","valueRequired":true,"valueName":"search_term_string"}}],"inLanguage":"de"}]}},"_links":{"self":[{"href":"https:\/\/katech-solutions.com\/de\/wp-json\/wp\/v2\/pages\/1129","targetHints":{"allow":["GET"]}}],"collection":[{"href":"https:\/\/katech-solutions.com\/de\/wp-json\/wp\/v2\/pages"}],"about":[{"href":"https:\/\/katech-solutions.com\/de\/wp-json\/wp\/v2\/types\/page"}],"author":[{"embeddable":true,"href":"https:\/\/katech-solutions.com\/de\/wp-json\/wp\/v2\/users\/3"}],"replies":[{"embeddable":true,"href":"https:\/\/katech-solutions.com\/de\/wp-json\/wp\/v2\/comments?post=1129"}],"version-history":[{"count":20,"href":"https:\/\/katech-solutions.com\/de\/wp-json\/wp\/v2\/pages\/1129\/revisions"}],"predecessor-version":[{"id":8396,"href":"https:\/\/katech-solutions.com\/de\/wp-json\/wp\/v2\/pages\/1129\/revisions\/8396"}],"wp:attachment":[{"href":"https:\/\/katech-solutions.com\/de\/wp-json\/wp\/v2\/media?parent=1129"}],"curies":[{"name":"wp","href":"https:\/\/api.w.org\/{rel}","templated":true}]}}