{"id":1127,"date":"2012-07-19T15:38:57","date_gmt":"2012-07-19T15:38:57","guid":{"rendered":"\/?page_id=1127"},"modified":"2026-01-22T17:00:27","modified_gmt":"2026-01-22T17:00:27","slug":"zertifizierungen","status":"publish","type":"page","link":"https:\/\/katech-solutions.com\/de\/zertifizierungen\/","title":{"rendered":"Zertifizierungen und Grunds\u00e4tze"},"content":{"rendered":"<h2>Zertifizierungen\u00a0und Grunds\u00e4tze<\/h2>\n<p style=\"text-align: justify;\">Von Anfang an war f\u00fcr die Investoren und die Gesch\u00e4ftsf\u00fchrung von KaTech klar, dass ein Gesch\u00e4ftsmodell, basierend auf ethischen und sozialen Werten, entstehen sollte.<\/p>\n<p style=\"text-align: justify;\">Lebensmittel sind die Grundlage des Lebens und der Fokus unseres Unternehmens. Unser Bestreben ist Professionalit\u00e4t und unseren Kunden anhaltende Werte zu liefern. \u00dcbereinstimmung mit rechtlichen Verordnungen, Gesetzen und Richtlinien ist f\u00fcr uns selbstverst\u00e4ndlich. Qualit\u00e4t sowie ethische und Nachhaltigkeits-Kriterien genie\u00dfen bei uns h\u00f6chsten Stellenwert.<\/p>\n<p style=\"text-align: justify;\">Das Vertrauen der Lebensmittelindustrie in die Dienstleistungen, die KaTech bietet, ist von wesentlicher Bedeutung f\u00fcr uns. Unsere Kunden vertrauen auf die L\u00f6sungen, die wir bieten. Daher betrachten wir Qualit\u00e4t, Sicherheit und CSR mit allerh\u00f6chster Priorit\u00e4t.<\/p>\n<p style=\"text-align: justify;\">Dies gilt f\u00fcr unsere Produkte, unsere Dienstleistungen und unsere Sorgfalt, und es schlie\u00dft unsere Mitarbeiter, unsere Gesch\u00e4ftspartner und die Umwelt mit ein. Wir werden hinsichtlich der Qualit\u00e4t und Sicherheit keine Kompromisse eingehen &#8211; wir sind ein verl\u00e4sslicher Partner f\u00fcr die Lebensmittelindustrie.<\/p>\n<p style=\"text-align: justify;\">Wir verwenden ein hohes Ma\u00df an Aufwand zur Umsetzung der oben genannten Kriterien und lassen uns auch extern durch unabh\u00e4ngige Institute messen und \u00fcberpr\u00fcfen. Dies zeigt sich auch in den Zertifikaten, die wir erhalten haben und erhalten werden.<\/p>\n<p style=\"text-align: justify;\">F\u00fcr weitere Informationen \u00fcber unsere Zertifizierungen klicken Sie bitte auf das jeweilige Logo links.<\/p>\n<p style=\"text-align: justify;\"><span lang=\"DE\">Bitte klicken Sie auf den nebenstehenden &#8218;pdf-Link&#8216;, um mehr \u00fcber unsere\u00a0<\/span><span lang=\"DE\">Umweltpolitik<\/span><span lang=\"DE\">\u00a0zu erfahren.<\/span><\/p>\n<p>Wenn Sie einen m\u00f6glichen Versto\u00df gegen ethisches Verhalten wahrnehmen, ermutigen wir Sie, Ihre Beobachtungen zu \u00e4u\u00dfern und den Missstand bei der Ingredion Business Ethics Zentrale zu melden. Mehr Informationen hier: <a href=\"https:\/\/www.ingredion.com\/na\/en-us\/company\/meet-ingredion\/business-integrity-ethics-compliance.html\" target=\"_blank\" rel=\"noopener\">Business Integrity Ethics Compliance<\/a><\/p>\n","protected":false},"excerpt":{"rendered":"<p>Zertifizierungen\u00a0und Grunds\u00e4tze Von Anfang an war f\u00fcr die Investoren und die Gesch\u00e4ftsf\u00fchrung von KaTech klar, dass ein Gesch\u00e4ftsmodell, basierend auf ethischen und sozialen Werten, entstehen sollte. Lebensmittel sind die Grundlage des Lebens und der Fokus unseres Unternehmens. Unser Bestreben ist &hellip; <a class=\"continue-reading\" href=\"https:\/\/katech-solutions.com\/de\/zertifizierungen\/\">Weiterlesen <span class=\"meta-nav\">&rarr;<\/span><\/a><\/p>\n","protected":false},"author":3,"featured_media":0,"parent":0,"menu_order":2,"comment_status":"closed","ping_status":"open","template":"layout-content-3.php","meta":{"_acf_changed":false,"footnotes":""},"class_list":["post-1127","page","type-page","status-publish","hentry"],"acf":[],"yoast_head":"<!-- This site is optimized with the Yoast SEO plugin v27.2 - https:\/\/yoast.com\/product\/yoast-seo-wordpress\/ -->\n<title>KaTech \u2013 unsere Akkreditierungen f\u00fcr Stabilisatoren und Emulgatoren<\/title>\n<meta name=\"description\" content=\"KaTech sind ein Lebensmittel-Technologie-Unternehmen. Unsere Akkreditierungen zeigen unser Engagement f\u00fcr Qualit\u00e4t und Sicherheit.\" \/>\n<meta name=\"robots\" content=\"index, follow, max-snippet:-1, max-image-preview:large, max-video-preview:-1\" \/>\n<link rel=\"canonical\" href=\"https:\/\/katech-solutions.com\/de\/zertifizierungen\/\" \/>\n<meta property=\"og:locale\" content=\"de_DE\" \/>\n<meta property=\"og:type\" content=\"article\" \/>\n<meta property=\"og:title\" content=\"KaTech \u2013 unsere Akkreditierungen f\u00fcr Stabilisatoren und Emulgatoren\" \/>\n<meta property=\"og:description\" content=\"KaTech sind ein Lebensmittel-Technologie-Unternehmen. Unsere Akkreditierungen zeigen unser Engagement f\u00fcr Qualit\u00e4t und Sicherheit.\" \/>\n<meta property=\"og:url\" content=\"https:\/\/katech-solutions.com\/de\/zertifizierungen\/\" \/>\n<meta property=\"og:site_name\" content=\"KaTech\" \/>\n<meta property=\"article:modified_time\" content=\"2026-01-22T17:00:27+00:00\" \/>\n<meta name=\"twitter:label1\" content=\"Gesch\u00e4tzte Lesezeit\" \/>\n\t<meta name=\"twitter:data1\" content=\"1\u00a0Minute\" \/>\n<script type=\"application\/ld+json\" class=\"yoast-schema-graph\">{\"@context\":\"https:\/\/schema.org\",\"@graph\":[{\"@type\":\"WebPage\",\"@id\":\"https:\/\/katech-solutions.com\/de\/zertifizierungen\/\",\"url\":\"https:\/\/katech-solutions.com\/de\/zertifizierungen\/\",\"name\":\"KaTech \u2013 unsere Akkreditierungen f\u00fcr Stabilisatoren und Emulgatoren\",\"isPartOf\":{\"@id\":\"https:\/\/katech-solutions.com\/#website\"},\"datePublished\":\"2012-07-19T15:38:57+00:00\",\"dateModified\":\"2026-01-22T17:00:27+00:00\",\"description\":\"KaTech sind ein Lebensmittel-Technologie-Unternehmen. Unsere Akkreditierungen zeigen unser Engagement f\u00fcr Qualit\u00e4t und Sicherheit.\",\"inLanguage\":\"de\",\"potentialAction\":[{\"@type\":\"ReadAction\",\"target\":[\"https:\/\/katech-solutions.com\/de\/zertifizierungen\/\"]}]},{\"@type\":\"WebSite\",\"@id\":\"https:\/\/katech-solutions.com\/#website\",\"url\":\"https:\/\/katech-solutions.com\/\",\"name\":\"KaTech\",\"description\":\"\",\"potentialAction\":[{\"@type\":\"SearchAction\",\"target\":{\"@type\":\"EntryPoint\",\"urlTemplate\":\"https:\/\/katech-solutions.com\/?s={search_term_string}\"},\"query-input\":{\"@type\":\"PropertyValueSpecification\",\"valueRequired\":true,\"valueName\":\"search_term_string\"}}],\"inLanguage\":\"de\"}]}<\/script>\n<!-- \/ Yoast SEO plugin. -->","yoast_head_json":{"title":"KaTech \u2013 unsere Akkreditierungen f\u00fcr Stabilisatoren und Emulgatoren","description":"KaTech sind ein Lebensmittel-Technologie-Unternehmen. Unsere Akkreditierungen zeigen unser Engagement f\u00fcr Qualit\u00e4t und Sicherheit.","robots":{"index":"index","follow":"follow","max-snippet":"max-snippet:-1","max-image-preview":"max-image-preview:large","max-video-preview":"max-video-preview:-1"},"canonical":"https:\/\/katech-solutions.com\/de\/zertifizierungen\/","og_locale":"de_DE","og_type":"article","og_title":"KaTech \u2013 unsere Akkreditierungen f\u00fcr Stabilisatoren und Emulgatoren","og_description":"KaTech sind ein Lebensmittel-Technologie-Unternehmen. Unsere Akkreditierungen zeigen unser Engagement f\u00fcr Qualit\u00e4t und Sicherheit.","og_url":"https:\/\/katech-solutions.com\/de\/zertifizierungen\/","og_site_name":"KaTech","article_modified_time":"2026-01-22T17:00:27+00:00","twitter_misc":{"Gesch\u00e4tzte Lesezeit":"1\u00a0Minute"},"schema":{"@context":"https:\/\/schema.org","@graph":[{"@type":"WebPage","@id":"https:\/\/katech-solutions.com\/de\/zertifizierungen\/","url":"https:\/\/katech-solutions.com\/de\/zertifizierungen\/","name":"KaTech \u2013 unsere Akkreditierungen f\u00fcr Stabilisatoren und Emulgatoren","isPartOf":{"@id":"https:\/\/katech-solutions.com\/#website"},"datePublished":"2012-07-19T15:38:57+00:00","dateModified":"2026-01-22T17:00:27+00:00","description":"KaTech sind ein Lebensmittel-Technologie-Unternehmen. Unsere Akkreditierungen zeigen unser Engagement f\u00fcr Qualit\u00e4t und Sicherheit.","inLanguage":"de","potentialAction":[{"@type":"ReadAction","target":["https:\/\/katech-solutions.com\/de\/zertifizierungen\/"]}]},{"@type":"WebSite","@id":"https:\/\/katech-solutions.com\/#website","url":"https:\/\/katech-solutions.com\/","name":"KaTech","description":"","potentialAction":[{"@type":"SearchAction","target":{"@type":"EntryPoint","urlTemplate":"https:\/\/katech-solutions.com\/?s={search_term_string}"},"query-input":{"@type":"PropertyValueSpecification","valueRequired":true,"valueName":"search_term_string"}}],"inLanguage":"de"}]}},"_links":{"self":[{"href":"https:\/\/katech-solutions.com\/de\/wp-json\/wp\/v2\/pages\/1127","targetHints":{"allow":["GET"]}}],"collection":[{"href":"https:\/\/katech-solutions.com\/de\/wp-json\/wp\/v2\/pages"}],"about":[{"href":"https:\/\/katech-solutions.com\/de\/wp-json\/wp\/v2\/types\/page"}],"author":[{"embeddable":true,"href":"https:\/\/katech-solutions.com\/de\/wp-json\/wp\/v2\/users\/3"}],"replies":[{"embeddable":true,"href":"https:\/\/katech-solutions.com\/de\/wp-json\/wp\/v2\/comments?post=1127"}],"version-history":[{"count":134,"href":"https:\/\/katech-solutions.com\/de\/wp-json\/wp\/v2\/pages\/1127\/revisions"}],"predecessor-version":[{"id":13616,"href":"https:\/\/katech-solutions.com\/de\/wp-json\/wp\/v2\/pages\/1127\/revisions\/13616"}],"wp:attachment":[{"href":"https:\/\/katech-solutions.com\/de\/wp-json\/wp\/v2\/media?parent=1127"}],"curies":[{"name":"wp","href":"https:\/\/api.w.org\/{rel}","templated":true}]}}