{"id":11244,"date":"2021-09-06T16:38:39","date_gmt":"2021-09-06T16:38:39","guid":{"rendered":"https:\/\/www.khpartner.com\/vegan\/%e2%80%a8plant-based-sausages\/"},"modified":"2021-11-02T10:05:09","modified_gmt":"2021-11-02T10:05:09","slug":"wurstchen-alternativen","status":"publish","type":"page","link":"https:\/\/katech-solutions.com\/de\/vegan\/wurstchen-alternativen\/","title":{"rendered":"W\u00fcrstchen Alternativen"},"content":{"rendered":"<p>Unser Hauptaugenmerk bei der Entwicklung von W\u00fcrstchen auf pflanzlicher Basis lag auf der richtigen Textur des Produkts. Insbesondere in Abh\u00e4ngigkeit von den lokalen Anforderungen. Mit umfangreichen Versuchen in unseren lokalen Technologie-Zentren haben wir daran gearbeitet, f\u00fcr jedes Produkt die richtige Textur zu erhalten.<\/p>\n<p>Da es eine Vielzahl von Wurstprodukten auf dem Markt gibt, reichen unsere Entwicklungen von Hot Dogs bis hin zu Wurstwaren oder Bratw\u00fcrsten.<\/p>\n","protected":false},"excerpt":{"rendered":"<p>Unser Hauptaugenmerk bei der Entwicklung von W\u00fcrstchen auf pflanzlicher Basis lag auf der richtigen Textur des Produkts. Insbesondere in Abh\u00e4ngigkeit von den lokalen Anforderungen. Mit umfangreichen Versuchen in unseren lokalen Technologie-Zentren haben wir daran gearbeitet, f\u00fcr jedes Produkt die richtige &hellip; <a class=\"continue-reading\" href=\"https:\/\/katech-solutions.com\/de\/vegan\/wurstchen-alternativen\/\">Weiterlesen <span class=\"meta-nav\">&rarr;<\/span><\/a><\/p>\n","protected":false},"author":3,"featured_media":0,"parent":8069,"menu_order":0,"comment_status":"closed","ping_status":"closed","template":"content-page.php","meta":{"_acf_changed":false,"footnotes":""},"class_list":["post-11244","page","type-page","status-publish","hentry"],"acf":[],"yoast_head":"<!-- This site is optimized with the Yoast SEO plugin v27.2 - https:\/\/yoast.com\/product\/yoast-seo-wordpress\/ -->\n<title>W\u00fcrstchen Alternativen |<\/title>\n<meta name=\"robots\" content=\"index, follow, max-snippet:-1, max-image-preview:large, max-video-preview:-1\" \/>\n<link rel=\"canonical\" href=\"https:\/\/katech-solutions.com\/de\/vegan\/wurstchen-alternativen\/\" \/>\n<meta property=\"og:locale\" content=\"de_DE\" \/>\n<meta property=\"og:type\" content=\"article\" \/>\n<meta property=\"og:title\" content=\"W\u00fcrstchen Alternativen |\" \/>\n<meta property=\"og:description\" content=\"Unser Hauptaugenmerk bei der Entwicklung von W\u00fcrstchen auf pflanzlicher Basis lag auf der richtigen Textur des Produkts. Insbesondere in Abh\u00e4ngigkeit von den lokalen Anforderungen. Mit umfangreichen Versuchen in unseren lokalen Technologie-Zentren haben wir daran gearbeitet, f\u00fcr jedes Produkt die richtige &hellip; Weiterlesen &rarr;\" \/>\n<meta property=\"og:url\" content=\"https:\/\/katech-solutions.com\/de\/vegan\/wurstchen-alternativen\/\" \/>\n<meta property=\"og:site_name\" content=\"KaTech\" \/>\n<meta property=\"article:modified_time\" content=\"2021-11-02T10:05:09+00:00\" \/>\n<meta name=\"twitter:label1\" content=\"Gesch\u00e4tzte Lesezeit\" \/>\n\t<meta name=\"twitter:data1\" content=\"1\u00a0Minute\" \/>\n<script type=\"application\/ld+json\" class=\"yoast-schema-graph\">{\"@context\":\"https:\/\/schema.org\",\"@graph\":[{\"@type\":\"WebPage\",\"@id\":\"https:\/\/katech-solutions.com\/de\/vegan\/wurstchen-alternativen\/\",\"url\":\"https:\/\/katech-solutions.com\/de\/vegan\/wurstchen-alternativen\/\",\"name\":\"W\u00fcrstchen Alternativen |\",\"isPartOf\":{\"@id\":\"https:\/\/katech-solutions.com\/#website\"},\"datePublished\":\"2021-09-06T16:38:39+00:00\",\"dateModified\":\"2021-11-02T10:05:09+00:00\",\"breadcrumb\":{\"@id\":\"https:\/\/katech-solutions.com\/de\/vegan\/wurstchen-alternativen\/#breadcrumb\"},\"inLanguage\":\"de\",\"potentialAction\":[{\"@type\":\"ReadAction\",\"target\":[\"https:\/\/katech-solutions.com\/de\/vegan\/wurstchen-alternativen\/\"]}]},{\"@type\":\"BreadcrumbList\",\"@id\":\"https:\/\/katech-solutions.com\/de\/vegan\/wurstchen-alternativen\/#breadcrumb\",\"itemListElement\":[{\"@type\":\"ListItem\",\"position\":1,\"name\":\"Fleisch-Alternativen\",\"item\":\"https:\/\/katech-solutions.com\/de\/vegan\/\"},{\"@type\":\"ListItem\",\"position\":2,\"name\":\"Fleisch-Alternativen\",\"item\":\"https:\/\/katech-solutions.com\/de\/vegan\/\"},{\"@type\":\"ListItem\",\"position\":3,\"name\":\"W\u00fcrstchen Alternativen\"}]},{\"@type\":\"WebSite\",\"@id\":\"https:\/\/katech-solutions.com\/#website\",\"url\":\"https:\/\/katech-solutions.com\/\",\"name\":\"KaTech\",\"description\":\"\",\"potentialAction\":[{\"@type\":\"SearchAction\",\"target\":{\"@type\":\"EntryPoint\",\"urlTemplate\":\"https:\/\/katech-solutions.com\/?s={search_term_string}\"},\"query-input\":{\"@type\":\"PropertyValueSpecification\",\"valueRequired\":true,\"valueName\":\"search_term_string\"}}],\"inLanguage\":\"de\"}]}<\/script>\n<!-- \/ Yoast SEO plugin. -->","yoast_head_json":{"title":"W\u00fcrstchen Alternativen |","robots":{"index":"index","follow":"follow","max-snippet":"max-snippet:-1","max-image-preview":"max-image-preview:large","max-video-preview":"max-video-preview:-1"},"canonical":"https:\/\/katech-solutions.com\/de\/vegan\/wurstchen-alternativen\/","og_locale":"de_DE","og_type":"article","og_title":"W\u00fcrstchen Alternativen |","og_description":"Unser Hauptaugenmerk bei der Entwicklung von W\u00fcrstchen auf pflanzlicher Basis lag auf der richtigen Textur des Produkts. Insbesondere in Abh\u00e4ngigkeit von den lokalen Anforderungen. Mit umfangreichen Versuchen in unseren lokalen Technologie-Zentren haben wir daran gearbeitet, f\u00fcr jedes Produkt die richtige &hellip; Weiterlesen &rarr;","og_url":"https:\/\/katech-solutions.com\/de\/vegan\/wurstchen-alternativen\/","og_site_name":"KaTech","article_modified_time":"2021-11-02T10:05:09+00:00","twitter_misc":{"Gesch\u00e4tzte Lesezeit":"1\u00a0Minute"},"schema":{"@context":"https:\/\/schema.org","@graph":[{"@type":"WebPage","@id":"https:\/\/katech-solutions.com\/de\/vegan\/wurstchen-alternativen\/","url":"https:\/\/katech-solutions.com\/de\/vegan\/wurstchen-alternativen\/","name":"W\u00fcrstchen Alternativen |","isPartOf":{"@id":"https:\/\/katech-solutions.com\/#website"},"datePublished":"2021-09-06T16:38:39+00:00","dateModified":"2021-11-02T10:05:09+00:00","breadcrumb":{"@id":"https:\/\/katech-solutions.com\/de\/vegan\/wurstchen-alternativen\/#breadcrumb"},"inLanguage":"de","potentialAction":[{"@type":"ReadAction","target":["https:\/\/katech-solutions.com\/de\/vegan\/wurstchen-alternativen\/"]}]},{"@type":"BreadcrumbList","@id":"https:\/\/katech-solutions.com\/de\/vegan\/wurstchen-alternativen\/#breadcrumb","itemListElement":[{"@type":"ListItem","position":1,"name":"Fleisch-Alternativen","item":"https:\/\/katech-solutions.com\/de\/vegan\/"},{"@type":"ListItem","position":2,"name":"Fleisch-Alternativen","item":"https:\/\/katech-solutions.com\/de\/vegan\/"},{"@type":"ListItem","position":3,"name":"W\u00fcrstchen Alternativen"}]},{"@type":"WebSite","@id":"https:\/\/katech-solutions.com\/#website","url":"https:\/\/katech-solutions.com\/","name":"KaTech","description":"","potentialAction":[{"@type":"SearchAction","target":{"@type":"EntryPoint","urlTemplate":"https:\/\/katech-solutions.com\/?s={search_term_string}"},"query-input":{"@type":"PropertyValueSpecification","valueRequired":true,"valueName":"search_term_string"}}],"inLanguage":"de"}]}},"_links":{"self":[{"href":"https:\/\/katech-solutions.com\/de\/wp-json\/wp\/v2\/pages\/11244","targetHints":{"allow":["GET"]}}],"collection":[{"href":"https:\/\/katech-solutions.com\/de\/wp-json\/wp\/v2\/pages"}],"about":[{"href":"https:\/\/katech-solutions.com\/de\/wp-json\/wp\/v2\/types\/page"}],"author":[{"embeddable":true,"href":"https:\/\/katech-solutions.com\/de\/wp-json\/wp\/v2\/users\/3"}],"replies":[{"embeddable":true,"href":"https:\/\/katech-solutions.com\/de\/wp-json\/wp\/v2\/comments?post=11244"}],"version-history":[{"count":2,"href":"https:\/\/katech-solutions.com\/de\/wp-json\/wp\/v2\/pages\/11244\/revisions"}],"predecessor-version":[{"id":11314,"href":"https:\/\/katech-solutions.com\/de\/wp-json\/wp\/v2\/pages\/11244\/revisions\/11314"}],"up":[{"embeddable":true,"href":"https:\/\/katech-solutions.com\/de\/wp-json\/wp\/v2\/pages\/8069"}],"wp:attachment":[{"href":"https:\/\/katech-solutions.com\/de\/wp-json\/wp\/v2\/media?parent=11244"}],"curies":[{"name":"wp","href":"https:\/\/api.w.org\/{rel}","templated":true}]}}