{"id":11231,"date":"2021-09-06T16:22:32","date_gmt":"2021-09-06T16:22:32","guid":{"rendered":"https:\/\/www.khpartner.com\/vegan\/plant-based-nuggets\/"},"modified":"2021-11-02T10:03:19","modified_gmt":"2021-11-02T10:03:19","slug":"pflanzliche-nuggets","status":"publish","type":"page","link":"https:\/\/katech-solutions.com\/de\/vegan\/pflanzliche-nuggets\/","title":{"rendered":"Pflanzliche Nuggets"},"content":{"rendered":"<p>Nuggets mit Pommes Frites ist eines der beliebtesten Gerichte von Kindern. Der Austausch der Fleischversion gegen ein Produkt auf pflanzlicher Basis gibt dem Essen einen zus\u00e4tzlichen Gesundheitsaspekt. Dank unserer texturgebenden Stabilisierungen \u00e4hnelt die Textur dem fleischhaltigen Original.<\/p>\n<p>Dar\u00fcber hinaus wurden von unserem Team glutenfreie L\u00f6sungen f\u00fcr Nuggets erarbeitet.<\/p>\n<p>&nbsp;<\/p>\n<p>&nbsp;<\/p>\n","protected":false},"excerpt":{"rendered":"<p>Nuggets mit Pommes Frites ist eines der beliebtesten Gerichte von Kindern. Der Austausch der Fleischversion gegen ein Produkt auf pflanzlicher Basis gibt dem Essen einen zus\u00e4tzlichen Gesundheitsaspekt. Dank unserer texturgebenden Stabilisierungen \u00e4hnelt die Textur dem fleischhaltigen Original. Dar\u00fcber hinaus wurden &hellip; <a class=\"continue-reading\" href=\"https:\/\/katech-solutions.com\/de\/vegan\/pflanzliche-nuggets\/\">Weiterlesen <span class=\"meta-nav\">&rarr;<\/span><\/a><\/p>\n","protected":false},"author":3,"featured_media":0,"parent":8069,"menu_order":0,"comment_status":"closed","ping_status":"closed","template":"content-page.php","meta":{"_acf_changed":false,"footnotes":""},"class_list":["post-11231","page","type-page","status-publish","hentry"],"acf":[],"yoast_head":"<!-- This site is optimized with the Yoast SEO plugin v27.2 - https:\/\/yoast.com\/product\/yoast-seo-wordpress\/ -->\n<title>Pflanzliche Nuggets |<\/title>\n<meta name=\"robots\" content=\"index, follow, max-snippet:-1, max-image-preview:large, max-video-preview:-1\" \/>\n<link rel=\"canonical\" href=\"https:\/\/katech-solutions.com\/de\/vegan\/pflanzliche-nuggets\/\" \/>\n<meta property=\"og:locale\" content=\"de_DE\" \/>\n<meta property=\"og:type\" content=\"article\" \/>\n<meta property=\"og:title\" content=\"Pflanzliche Nuggets |\" \/>\n<meta property=\"og:description\" content=\"Nuggets mit Pommes Frites ist eines der beliebtesten Gerichte von Kindern. Der Austausch der Fleischversion gegen ein Produkt auf pflanzlicher Basis gibt dem Essen einen zus\u00e4tzlichen Gesundheitsaspekt. Dank unserer texturgebenden Stabilisierungen \u00e4hnelt die Textur dem fleischhaltigen Original. Dar\u00fcber hinaus wurden &hellip; Weiterlesen &rarr;\" \/>\n<meta property=\"og:url\" content=\"https:\/\/katech-solutions.com\/de\/vegan\/pflanzliche-nuggets\/\" \/>\n<meta property=\"og:site_name\" content=\"KaTech\" \/>\n<meta property=\"article:modified_time\" content=\"2021-11-02T10:03:19+00:00\" \/>\n<meta name=\"twitter:label1\" content=\"Gesch\u00e4tzte Lesezeit\" \/>\n\t<meta name=\"twitter:data1\" content=\"1\u00a0Minute\" \/>\n<script type=\"application\/ld+json\" class=\"yoast-schema-graph\">{\"@context\":\"https:\/\/schema.org\",\"@graph\":[{\"@type\":\"WebPage\",\"@id\":\"https:\/\/katech-solutions.com\/de\/vegan\/pflanzliche-nuggets\/\",\"url\":\"https:\/\/katech-solutions.com\/de\/vegan\/pflanzliche-nuggets\/\",\"name\":\"Pflanzliche Nuggets |\",\"isPartOf\":{\"@id\":\"https:\/\/katech-solutions.com\/#website\"},\"datePublished\":\"2021-09-06T16:22:32+00:00\",\"dateModified\":\"2021-11-02T10:03:19+00:00\",\"breadcrumb\":{\"@id\":\"https:\/\/katech-solutions.com\/de\/vegan\/pflanzliche-nuggets\/#breadcrumb\"},\"inLanguage\":\"de\",\"potentialAction\":[{\"@type\":\"ReadAction\",\"target\":[\"https:\/\/katech-solutions.com\/de\/vegan\/pflanzliche-nuggets\/\"]}]},{\"@type\":\"BreadcrumbList\",\"@id\":\"https:\/\/katech-solutions.com\/de\/vegan\/pflanzliche-nuggets\/#breadcrumb\",\"itemListElement\":[{\"@type\":\"ListItem\",\"position\":1,\"name\":\"Fleisch-Alternativen\",\"item\":\"https:\/\/katech-solutions.com\/de\/vegan\/\"},{\"@type\":\"ListItem\",\"position\":2,\"name\":\"Pflanzliche Nuggets\"}]},{\"@type\":\"WebSite\",\"@id\":\"https:\/\/katech-solutions.com\/#website\",\"url\":\"https:\/\/katech-solutions.com\/\",\"name\":\"KaTech\",\"description\":\"\",\"potentialAction\":[{\"@type\":\"SearchAction\",\"target\":{\"@type\":\"EntryPoint\",\"urlTemplate\":\"https:\/\/katech-solutions.com\/?s={search_term_string}\"},\"query-input\":{\"@type\":\"PropertyValueSpecification\",\"valueRequired\":true,\"valueName\":\"search_term_string\"}}],\"inLanguage\":\"de\"}]}<\/script>\n<!-- \/ Yoast SEO plugin. -->","yoast_head_json":{"title":"Pflanzliche Nuggets |","robots":{"index":"index","follow":"follow","max-snippet":"max-snippet:-1","max-image-preview":"max-image-preview:large","max-video-preview":"max-video-preview:-1"},"canonical":"https:\/\/katech-solutions.com\/de\/vegan\/pflanzliche-nuggets\/","og_locale":"de_DE","og_type":"article","og_title":"Pflanzliche Nuggets |","og_description":"Nuggets mit Pommes Frites ist eines der beliebtesten Gerichte von Kindern. Der Austausch der Fleischversion gegen ein Produkt auf pflanzlicher Basis gibt dem Essen einen zus\u00e4tzlichen Gesundheitsaspekt. Dank unserer texturgebenden Stabilisierungen \u00e4hnelt die Textur dem fleischhaltigen Original. Dar\u00fcber hinaus wurden &hellip; Weiterlesen &rarr;","og_url":"https:\/\/katech-solutions.com\/de\/vegan\/pflanzliche-nuggets\/","og_site_name":"KaTech","article_modified_time":"2021-11-02T10:03:19+00:00","twitter_misc":{"Gesch\u00e4tzte Lesezeit":"1\u00a0Minute"},"schema":{"@context":"https:\/\/schema.org","@graph":[{"@type":"WebPage","@id":"https:\/\/katech-solutions.com\/de\/vegan\/pflanzliche-nuggets\/","url":"https:\/\/katech-solutions.com\/de\/vegan\/pflanzliche-nuggets\/","name":"Pflanzliche Nuggets |","isPartOf":{"@id":"https:\/\/katech-solutions.com\/#website"},"datePublished":"2021-09-06T16:22:32+00:00","dateModified":"2021-11-02T10:03:19+00:00","breadcrumb":{"@id":"https:\/\/katech-solutions.com\/de\/vegan\/pflanzliche-nuggets\/#breadcrumb"},"inLanguage":"de","potentialAction":[{"@type":"ReadAction","target":["https:\/\/katech-solutions.com\/de\/vegan\/pflanzliche-nuggets\/"]}]},{"@type":"BreadcrumbList","@id":"https:\/\/katech-solutions.com\/de\/vegan\/pflanzliche-nuggets\/#breadcrumb","itemListElement":[{"@type":"ListItem","position":1,"name":"Fleisch-Alternativen","item":"https:\/\/katech-solutions.com\/de\/vegan\/"},{"@type":"ListItem","position":2,"name":"Pflanzliche Nuggets"}]},{"@type":"WebSite","@id":"https:\/\/katech-solutions.com\/#website","url":"https:\/\/katech-solutions.com\/","name":"KaTech","description":"","potentialAction":[{"@type":"SearchAction","target":{"@type":"EntryPoint","urlTemplate":"https:\/\/katech-solutions.com\/?s={search_term_string}"},"query-input":{"@type":"PropertyValueSpecification","valueRequired":true,"valueName":"search_term_string"}}],"inLanguage":"de"}]}},"_links":{"self":[{"href":"https:\/\/katech-solutions.com\/de\/wp-json\/wp\/v2\/pages\/11231","targetHints":{"allow":["GET"]}}],"collection":[{"href":"https:\/\/katech-solutions.com\/de\/wp-json\/wp\/v2\/pages"}],"about":[{"href":"https:\/\/katech-solutions.com\/de\/wp-json\/wp\/v2\/types\/page"}],"author":[{"embeddable":true,"href":"https:\/\/katech-solutions.com\/de\/wp-json\/wp\/v2\/users\/3"}],"replies":[{"embeddable":true,"href":"https:\/\/katech-solutions.com\/de\/wp-json\/wp\/v2\/comments?post=11231"}],"version-history":[{"count":3,"href":"https:\/\/katech-solutions.com\/de\/wp-json\/wp\/v2\/pages\/11231\/revisions"}],"predecessor-version":[{"id":11313,"href":"https:\/\/katech-solutions.com\/de\/wp-json\/wp\/v2\/pages\/11231\/revisions\/11313"}],"up":[{"embeddable":true,"href":"https:\/\/katech-solutions.com\/de\/wp-json\/wp\/v2\/pages\/8069"}],"wp:attachment":[{"href":"https:\/\/katech-solutions.com\/de\/wp-json\/wp\/v2\/media?parent=11231"}],"curies":[{"name":"wp","href":"https:\/\/api.w.org\/{rel}","templated":true}]}}