{"id":1123,"date":"2012-07-19T15:35:47","date_gmt":"2012-07-19T15:35:47","guid":{"rendered":"\/?page_id=1123"},"modified":"2014-11-17T10:33:32","modified_gmt":"2014-11-17T10:33:32","slug":"fruchtgele","status":"publish","type":"page","link":"https:\/\/katech-solutions.com\/de\/fruchtprodukte\/fruchtgele\/","title":{"rendered":"Fruchtgele"},"content":{"rendered":"<p>Fruchtgele werden traditionell unter Verwendung von Gelatine als Geliermittel hergestellt. Heutzutage stehen Alternativen wie Pektin und Carrageenan oder auch andere Geliermittel zur Verf\u00fcgung. Die Auswahl des Geliermittels bestimmt nicht nur St\u00e4rke, Schmelz und Glanz\u00a0 sondern auch die Transparenz des Gels. Eine besondere Herausforderung bei der Produktion von Fruchtgelen stellt die Suspension von Fruchtst\u00fcckchen beim Abf\u00fcllen dar, sowie die Gefrier-Tau-Stabilit\u00e4t des Gels.<\/p>\n<p>Eine Vielzahl an Einflussfaktoren bestimmen die Produkt- und Prozesseigenschaften. Die Auswahl des Stabilisierungssystems ist hierbei von entscheidender Bedeutung.<\/p>\n","protected":false},"excerpt":{"rendered":"<p>Fruchtgele werden traditionell unter Verwendung von Gelatine als Geliermittel hergestellt. Heutzutage stehen Alternativen wie Pektin und Carrageenan oder auch andere Geliermittel zur Verf\u00fcgung. Die Auswahl des Geliermittels bestimmt nicht nur St\u00e4rke, Schmelz und Glanz\u00a0 sondern auch die Transparenz des Gels. &hellip; <a class=\"continue-reading\" href=\"https:\/\/katech-solutions.com\/de\/fruchtprodukte\/fruchtgele\/\">Weiterlesen <span class=\"meta-nav\">&rarr;<\/span><\/a><\/p>\n","protected":false},"author":3,"featured_media":0,"parent":1114,"menu_order":0,"comment_status":"closed","ping_status":"open","template":"","meta":{"_acf_changed":false,"footnotes":""},"class_list":["post-1123","page","type-page","status-publish","hentry"],"acf":[],"yoast_head":"<!-- This site is optimized with the Yoast SEO plugin v27.2 - https:\/\/yoast.com\/product\/yoast-seo-wordpress\/ -->\n<title>KaTech \u2013 Stabilisator und Emulgator L\u00f6sungen f\u00fcr Fruchtgele<\/title>\n<meta name=\"description\" content=\"KaTech sind ein Lebensmittel-Technologie-Unternehmen, spezialisiert auf die Erstellung von Stabilisator und Emulgator L\u00f6sungen f\u00fcr Fruchtgele.\" \/>\n<meta name=\"robots\" content=\"index, follow, max-snippet:-1, max-image-preview:large, max-video-preview:-1\" \/>\n<link rel=\"canonical\" href=\"https:\/\/katech-solutions.com\/de\/fruchtprodukte\/fruchtgele\/\" \/>\n<meta property=\"og:locale\" content=\"de_DE\" \/>\n<meta property=\"og:type\" content=\"article\" \/>\n<meta property=\"og:title\" content=\"KaTech \u2013 Stabilisator und Emulgator L\u00f6sungen f\u00fcr Fruchtgele\" \/>\n<meta property=\"og:description\" content=\"KaTech sind ein Lebensmittel-Technologie-Unternehmen, spezialisiert auf die Erstellung von Stabilisator und Emulgator L\u00f6sungen f\u00fcr Fruchtgele.\" \/>\n<meta property=\"og:url\" content=\"https:\/\/katech-solutions.com\/de\/fruchtprodukte\/fruchtgele\/\" \/>\n<meta property=\"og:site_name\" content=\"KaTech\" \/>\n<meta property=\"article:modified_time\" content=\"2014-11-17T10:33:32+00:00\" \/>\n<script type=\"application\/ld+json\" class=\"yoast-schema-graph\">{\"@context\":\"https:\/\/schema.org\",\"@graph\":[{\"@type\":\"WebPage\",\"@id\":\"https:\/\/katech-solutions.com\/de\/fruchtprodukte\/fruchtgele\/\",\"url\":\"https:\/\/katech-solutions.com\/de\/fruchtprodukte\/fruchtgele\/\",\"name\":\"KaTech \u2013 Stabilisator und Emulgator L\u00f6sungen f\u00fcr Fruchtgele\",\"isPartOf\":{\"@id\":\"https:\/\/katech-solutions.com\/#website\"},\"datePublished\":\"2012-07-19T15:35:47+00:00\",\"dateModified\":\"2014-11-17T10:33:32+00:00\",\"description\":\"KaTech sind ein Lebensmittel-Technologie-Unternehmen, spezialisiert auf die Erstellung von Stabilisator und Emulgator L\u00f6sungen f\u00fcr Fruchtgele.\",\"breadcrumb\":{\"@id\":\"https:\/\/katech-solutions.com\/de\/fruchtprodukte\/fruchtgele\/#breadcrumb\"},\"inLanguage\":\"de\",\"potentialAction\":[{\"@type\":\"ReadAction\",\"target\":[\"https:\/\/katech-solutions.com\/de\/fruchtprodukte\/fruchtgele\/\"]}]},{\"@type\":\"BreadcrumbList\",\"@id\":\"https:\/\/katech-solutions.com\/de\/fruchtprodukte\/fruchtgele\/#breadcrumb\",\"itemListElement\":[{\"@type\":\"ListItem\",\"position\":1,\"name\":\"Fruchtprodukte\",\"item\":\"https:\/\/katech-solutions.com\/de\/fruchtprodukte\/\"},{\"@type\":\"ListItem\",\"position\":2,\"name\":\"Fruchtgele\"}]},{\"@type\":\"WebSite\",\"@id\":\"https:\/\/katech-solutions.com\/#website\",\"url\":\"https:\/\/katech-solutions.com\/\",\"name\":\"KaTech\",\"description\":\"\",\"potentialAction\":[{\"@type\":\"SearchAction\",\"target\":{\"@type\":\"EntryPoint\",\"urlTemplate\":\"https:\/\/katech-solutions.com\/?s={search_term_string}\"},\"query-input\":{\"@type\":\"PropertyValueSpecification\",\"valueRequired\":true,\"valueName\":\"search_term_string\"}}],\"inLanguage\":\"de\"}]}<\/script>\n<!-- \/ Yoast SEO plugin. -->","yoast_head_json":{"title":"KaTech \u2013 Stabilisator und Emulgator L\u00f6sungen f\u00fcr Fruchtgele","description":"KaTech sind ein Lebensmittel-Technologie-Unternehmen, spezialisiert auf die Erstellung von Stabilisator und Emulgator L\u00f6sungen f\u00fcr Fruchtgele.","robots":{"index":"index","follow":"follow","max-snippet":"max-snippet:-1","max-image-preview":"max-image-preview:large","max-video-preview":"max-video-preview:-1"},"canonical":"https:\/\/katech-solutions.com\/de\/fruchtprodukte\/fruchtgele\/","og_locale":"de_DE","og_type":"article","og_title":"KaTech \u2013 Stabilisator und Emulgator L\u00f6sungen f\u00fcr Fruchtgele","og_description":"KaTech sind ein Lebensmittel-Technologie-Unternehmen, spezialisiert auf die Erstellung von Stabilisator und Emulgator L\u00f6sungen f\u00fcr Fruchtgele.","og_url":"https:\/\/katech-solutions.com\/de\/fruchtprodukte\/fruchtgele\/","og_site_name":"KaTech","article_modified_time":"2014-11-17T10:33:32+00:00","schema":{"@context":"https:\/\/schema.org","@graph":[{"@type":"WebPage","@id":"https:\/\/katech-solutions.com\/de\/fruchtprodukte\/fruchtgele\/","url":"https:\/\/katech-solutions.com\/de\/fruchtprodukte\/fruchtgele\/","name":"KaTech \u2013 Stabilisator und Emulgator L\u00f6sungen f\u00fcr Fruchtgele","isPartOf":{"@id":"https:\/\/katech-solutions.com\/#website"},"datePublished":"2012-07-19T15:35:47+00:00","dateModified":"2014-11-17T10:33:32+00:00","description":"KaTech sind ein Lebensmittel-Technologie-Unternehmen, spezialisiert auf die Erstellung von Stabilisator und Emulgator L\u00f6sungen f\u00fcr Fruchtgele.","breadcrumb":{"@id":"https:\/\/katech-solutions.com\/de\/fruchtprodukte\/fruchtgele\/#breadcrumb"},"inLanguage":"de","potentialAction":[{"@type":"ReadAction","target":["https:\/\/katech-solutions.com\/de\/fruchtprodukte\/fruchtgele\/"]}]},{"@type":"BreadcrumbList","@id":"https:\/\/katech-solutions.com\/de\/fruchtprodukte\/fruchtgele\/#breadcrumb","itemListElement":[{"@type":"ListItem","position":1,"name":"Fruchtprodukte","item":"https:\/\/katech-solutions.com\/de\/fruchtprodukte\/"},{"@type":"ListItem","position":2,"name":"Fruchtgele"}]},{"@type":"WebSite","@id":"https:\/\/katech-solutions.com\/#website","url":"https:\/\/katech-solutions.com\/","name":"KaTech","description":"","potentialAction":[{"@type":"SearchAction","target":{"@type":"EntryPoint","urlTemplate":"https:\/\/katech-solutions.com\/?s={search_term_string}"},"query-input":{"@type":"PropertyValueSpecification","valueRequired":true,"valueName":"search_term_string"}}],"inLanguage":"de"}]}},"_links":{"self":[{"href":"https:\/\/katech-solutions.com\/de\/wp-json\/wp\/v2\/pages\/1123","targetHints":{"allow":["GET"]}}],"collection":[{"href":"https:\/\/katech-solutions.com\/de\/wp-json\/wp\/v2\/pages"}],"about":[{"href":"https:\/\/katech-solutions.com\/de\/wp-json\/wp\/v2\/types\/page"}],"author":[{"embeddable":true,"href":"https:\/\/katech-solutions.com\/de\/wp-json\/wp\/v2\/users\/3"}],"replies":[{"embeddable":true,"href":"https:\/\/katech-solutions.com\/de\/wp-json\/wp\/v2\/comments?post=1123"}],"version-history":[{"count":12,"href":"https:\/\/katech-solutions.com\/de\/wp-json\/wp\/v2\/pages\/1123\/revisions"}],"predecessor-version":[{"id":6624,"href":"https:\/\/katech-solutions.com\/de\/wp-json\/wp\/v2\/pages\/1123\/revisions\/6624"}],"up":[{"embeddable":true,"href":"https:\/\/katech-solutions.com\/de\/wp-json\/wp\/v2\/pages\/1114"}],"wp:attachment":[{"href":"https:\/\/katech-solutions.com\/de\/wp-json\/wp\/v2\/media?parent=1123"}],"curies":[{"name":"wp","href":"https:\/\/api.w.org\/{rel}","templated":true}]}}