{"id":11221,"date":"2021-09-06T16:46:17","date_gmt":"2021-09-06T16:46:17","guid":{"rendered":"https:\/\/www.khpartner.com\/vegan\/%e2%80%a8plant-based-fish-fingers\/"},"modified":"2021-09-08T11:00:34","modified_gmt":"2021-09-08T11:00:34","slug":"pflanzliche-fischstaebchen","status":"publish","type":"page","link":"https:\/\/katech-solutions.com\/de\/vegan\/pflanzliche-fischstaebchen\/","title":{"rendered":"Pflanzliche Fischst\u00e4bchen"},"content":{"rendered":"<p>Bei der Entwicklung von pflanzlichen Fischst\u00e4bchen war es wichtig, die richtige Textur mit unseren Stabiliserungen zu erreichen. Unsere Entwicklung kommt dabei nicht nur dem Original nahe, sondern kann zus\u00e4tzlich auch glutenfrei hergestellt werden. Nicht nur die Panade ist glutenfrei, sondern auch die Schicht zwischen dem pflanzlichen Fisch und der Panade, f\u00fcr die normalerweise Mehl verwendet wird und die daf\u00fcr sorgt, dass die Panade gut h\u00e4lt.<\/p>\n","protected":false},"excerpt":{"rendered":"<p>Bei der Entwicklung von pflanzlichen Fischst\u00e4bchen war es wichtig, die richtige Textur mit unseren Stabiliserungen zu erreichen. Unsere Entwicklung kommt dabei nicht nur dem Original nahe, sondern kann zus\u00e4tzlich auch glutenfrei hergestellt werden. Nicht nur die Panade ist glutenfrei, sondern &hellip; <a class=\"continue-reading\" href=\"https:\/\/katech-solutions.com\/de\/vegan\/pflanzliche-fischstaebchen\/\">Weiterlesen <span class=\"meta-nav\">&rarr;<\/span><\/a><\/p>\n","protected":false},"author":3,"featured_media":0,"parent":8069,"menu_order":0,"comment_status":"closed","ping_status":"closed","template":"content-page.php","meta":{"_acf_changed":false,"footnotes":""},"class_list":["post-11221","page","type-page","status-publish","hentry"],"acf":[],"yoast_head":"<!-- This site is optimized with the Yoast SEO plugin v27.2 - https:\/\/yoast.com\/product\/yoast-seo-wordpress\/ -->\n<title>Pflanzliche Fischst\u00e4bchen |<\/title>\n<meta name=\"robots\" content=\"index, follow, max-snippet:-1, max-image-preview:large, max-video-preview:-1\" \/>\n<link rel=\"canonical\" href=\"https:\/\/katech-solutions.com\/de\/vegan\/pflanzliche-fischstaebchen\/\" \/>\n<meta property=\"og:locale\" content=\"de_DE\" \/>\n<meta property=\"og:type\" content=\"article\" \/>\n<meta property=\"og:title\" content=\"Pflanzliche Fischst\u00e4bchen |\" \/>\n<meta property=\"og:description\" content=\"Bei der Entwicklung von pflanzlichen Fischst\u00e4bchen war es wichtig, die richtige Textur mit unseren Stabiliserungen zu erreichen. Unsere Entwicklung kommt dabei nicht nur dem Original nahe, sondern kann zus\u00e4tzlich auch glutenfrei hergestellt werden. Nicht nur die Panade ist glutenfrei, sondern &hellip; Weiterlesen &rarr;\" \/>\n<meta property=\"og:url\" content=\"https:\/\/katech-solutions.com\/de\/vegan\/pflanzliche-fischstaebchen\/\" \/>\n<meta property=\"og:site_name\" content=\"KaTech\" \/>\n<meta property=\"article:modified_time\" content=\"2021-09-08T11:00:34+00:00\" \/>\n<meta name=\"twitter:label1\" content=\"Gesch\u00e4tzte Lesezeit\" \/>\n\t<meta name=\"twitter:data1\" content=\"1\u00a0Minute\" \/>\n<script type=\"application\/ld+json\" class=\"yoast-schema-graph\">{\"@context\":\"https:\/\/schema.org\",\"@graph\":[{\"@type\":\"WebPage\",\"@id\":\"https:\/\/katech-solutions.com\/de\/vegan\/pflanzliche-fischstaebchen\/\",\"url\":\"https:\/\/katech-solutions.com\/de\/vegan\/pflanzliche-fischstaebchen\/\",\"name\":\"Pflanzliche Fischst\u00e4bchen |\",\"isPartOf\":{\"@id\":\"https:\/\/katech-solutions.com\/#website\"},\"datePublished\":\"2021-09-06T16:46:17+00:00\",\"dateModified\":\"2021-09-08T11:00:34+00:00\",\"breadcrumb\":{\"@id\":\"https:\/\/katech-solutions.com\/de\/vegan\/pflanzliche-fischstaebchen\/#breadcrumb\"},\"inLanguage\":\"de\",\"potentialAction\":[{\"@type\":\"ReadAction\",\"target\":[\"https:\/\/katech-solutions.com\/de\/vegan\/pflanzliche-fischstaebchen\/\"]}]},{\"@type\":\"BreadcrumbList\",\"@id\":\"https:\/\/katech-solutions.com\/de\/vegan\/pflanzliche-fischstaebchen\/#breadcrumb\",\"itemListElement\":[{\"@type\":\"ListItem\",\"position\":1,\"name\":\"Fleisch-Alternativen\",\"item\":\"https:\/\/katech-solutions.com\/de\/vegan\/\"},{\"@type\":\"ListItem\",\"position\":2,\"name\":\"Fleisch-Alternativen\",\"item\":\"https:\/\/katech-solutions.com\/de\/vegan\/\"},{\"@type\":\"ListItem\",\"position\":3,\"name\":\"Pflanzliche Fischst\u00e4bchen\"}]},{\"@type\":\"WebSite\",\"@id\":\"https:\/\/katech-solutions.com\/#website\",\"url\":\"https:\/\/katech-solutions.com\/\",\"name\":\"KaTech\",\"description\":\"\",\"potentialAction\":[{\"@type\":\"SearchAction\",\"target\":{\"@type\":\"EntryPoint\",\"urlTemplate\":\"https:\/\/katech-solutions.com\/?s={search_term_string}\"},\"query-input\":{\"@type\":\"PropertyValueSpecification\",\"valueRequired\":true,\"valueName\":\"search_term_string\"}}],\"inLanguage\":\"de\"}]}<\/script>\n<!-- \/ Yoast SEO plugin. -->","yoast_head_json":{"title":"Pflanzliche Fischst\u00e4bchen |","robots":{"index":"index","follow":"follow","max-snippet":"max-snippet:-1","max-image-preview":"max-image-preview:large","max-video-preview":"max-video-preview:-1"},"canonical":"https:\/\/katech-solutions.com\/de\/vegan\/pflanzliche-fischstaebchen\/","og_locale":"de_DE","og_type":"article","og_title":"Pflanzliche Fischst\u00e4bchen |","og_description":"Bei der Entwicklung von pflanzlichen Fischst\u00e4bchen war es wichtig, die richtige Textur mit unseren Stabiliserungen zu erreichen. Unsere Entwicklung kommt dabei nicht nur dem Original nahe, sondern kann zus\u00e4tzlich auch glutenfrei hergestellt werden. Nicht nur die Panade ist glutenfrei, sondern &hellip; Weiterlesen &rarr;","og_url":"https:\/\/katech-solutions.com\/de\/vegan\/pflanzliche-fischstaebchen\/","og_site_name":"KaTech","article_modified_time":"2021-09-08T11:00:34+00:00","twitter_misc":{"Gesch\u00e4tzte Lesezeit":"1\u00a0Minute"},"schema":{"@context":"https:\/\/schema.org","@graph":[{"@type":"WebPage","@id":"https:\/\/katech-solutions.com\/de\/vegan\/pflanzliche-fischstaebchen\/","url":"https:\/\/katech-solutions.com\/de\/vegan\/pflanzliche-fischstaebchen\/","name":"Pflanzliche Fischst\u00e4bchen |","isPartOf":{"@id":"https:\/\/katech-solutions.com\/#website"},"datePublished":"2021-09-06T16:46:17+00:00","dateModified":"2021-09-08T11:00:34+00:00","breadcrumb":{"@id":"https:\/\/katech-solutions.com\/de\/vegan\/pflanzliche-fischstaebchen\/#breadcrumb"},"inLanguage":"de","potentialAction":[{"@type":"ReadAction","target":["https:\/\/katech-solutions.com\/de\/vegan\/pflanzliche-fischstaebchen\/"]}]},{"@type":"BreadcrumbList","@id":"https:\/\/katech-solutions.com\/de\/vegan\/pflanzliche-fischstaebchen\/#breadcrumb","itemListElement":[{"@type":"ListItem","position":1,"name":"Fleisch-Alternativen","item":"https:\/\/katech-solutions.com\/de\/vegan\/"},{"@type":"ListItem","position":2,"name":"Fleisch-Alternativen","item":"https:\/\/katech-solutions.com\/de\/vegan\/"},{"@type":"ListItem","position":3,"name":"Pflanzliche Fischst\u00e4bchen"}]},{"@type":"WebSite","@id":"https:\/\/katech-solutions.com\/#website","url":"https:\/\/katech-solutions.com\/","name":"KaTech","description":"","potentialAction":[{"@type":"SearchAction","target":{"@type":"EntryPoint","urlTemplate":"https:\/\/katech-solutions.com\/?s={search_term_string}"},"query-input":{"@type":"PropertyValueSpecification","valueRequired":true,"valueName":"search_term_string"}}],"inLanguage":"de"}]}},"_links":{"self":[{"href":"https:\/\/katech-solutions.com\/de\/wp-json\/wp\/v2\/pages\/11221","targetHints":{"allow":["GET"]}}],"collection":[{"href":"https:\/\/katech-solutions.com\/de\/wp-json\/wp\/v2\/pages"}],"about":[{"href":"https:\/\/katech-solutions.com\/de\/wp-json\/wp\/v2\/types\/page"}],"author":[{"embeddable":true,"href":"https:\/\/katech-solutions.com\/de\/wp-json\/wp\/v2\/users\/3"}],"replies":[{"embeddable":true,"href":"https:\/\/katech-solutions.com\/de\/wp-json\/wp\/v2\/comments?post=11221"}],"version-history":[{"count":1,"href":"https:\/\/katech-solutions.com\/de\/wp-json\/wp\/v2\/pages\/11221\/revisions"}],"predecessor-version":[{"id":11222,"href":"https:\/\/katech-solutions.com\/de\/wp-json\/wp\/v2\/pages\/11221\/revisions\/11222"}],"up":[{"embeddable":true,"href":"https:\/\/katech-solutions.com\/de\/wp-json\/wp\/v2\/pages\/8069"}],"wp:attachment":[{"href":"https:\/\/katech-solutions.com\/de\/wp-json\/wp\/v2\/media?parent=11221"}],"curies":[{"name":"wp","href":"https:\/\/api.w.org\/{rel}","templated":true}]}}