{"id":1120,"date":"2012-07-19T15:33:58","date_gmt":"2012-07-19T15:33:58","guid":{"rendered":"\/?page_id=1120"},"modified":"2014-11-11T16:25:59","modified_gmt":"2014-11-11T16:25:59","slug":"baiser","status":"publish","type":"page","link":"https:\/\/katech-solutions.com\/de\/desserts\/baiser\/","title":{"rendered":"Baiser"},"content":{"rendered":"<p>Meringue oder Baiser\u00a0ist ein Dessert-Grundprodukt aus Eiwei\u00df und Zucker, oft auch mit Zusatz von Zitronens\u00e4ure und St\u00e4rke. Meringue wird normalerweise kalt aufgeschlagen, bis sich ein fester Schaum bildet und dann unter Hitzeeinwirkung im Backofen haupts\u00e4chlich durch Trocknung verfestigt.<\/p>\n<p>Aromen wie Vanille und Zitrone k\u00f6nnen hinzugef\u00fcgt werden, um den Geschmack zu verbessern. Meringue oder Baiser ist ein traditionelles Produkt und wird meist zusammen mit Sahne und Fr\u00fcchten oder in Kombination mit Backwaren verzehrt.<\/p>\n<p>Auch in der industriellen Fertigung versucht man inzwischen &#8211; in der Regel tiefgefroren &#8211;\u00a0 dieses leichte und leckere Produkt einzusetzen. Der Hauptaspekt bei der Herstellung von Baiser ist die gute Dressierf\u00e4higkeit mit scharfen Konturen, die sich anschlie\u00dfend beim Backen (Trocknen) verfestigen.<\/p>\n","protected":false},"excerpt":{"rendered":"<p>Meringue oder Baiser\u00a0ist ein Dessert-Grundprodukt aus Eiwei\u00df und Zucker, oft auch mit Zusatz von Zitronens\u00e4ure und St\u00e4rke. Meringue wird normalerweise kalt aufgeschlagen, bis sich ein fester Schaum bildet und dann unter Hitzeeinwirkung im Backofen haupts\u00e4chlich durch Trocknung verfestigt. Aromen wie &hellip; <a class=\"continue-reading\" href=\"https:\/\/katech-solutions.com\/de\/desserts\/baiser\/\">Weiterlesen <span class=\"meta-nav\">&rarr;<\/span><\/a><\/p>\n","protected":false},"author":3,"featured_media":0,"parent":1073,"menu_order":0,"comment_status":"closed","ping_status":"open","template":"","meta":{"_acf_changed":false,"footnotes":""},"class_list":["post-1120","page","type-page","status-publish","hentry"],"acf":[],"yoast_head":"<!-- This site is optimized with the Yoast SEO plugin v27.2 - https:\/\/yoast.com\/product\/yoast-seo-wordpress\/ -->\n<title>KaTech \u2013 Stabilisator und Emulgator L\u00f6sungen f\u00fcr Baiser<\/title>\n<meta name=\"description\" content=\"KaTech sind ein Lebensmittel-Technologie-Unternehmen, spezialisiert auf die Erstellung von Stabilisator und Emulgator L\u00f6sungen f\u00fcr Baiser.\" \/>\n<meta name=\"robots\" content=\"index, follow, max-snippet:-1, max-image-preview:large, max-video-preview:-1\" \/>\n<link rel=\"canonical\" href=\"https:\/\/katech-solutions.com\/de\/desserts\/baiser\/\" \/>\n<meta property=\"og:locale\" content=\"de_DE\" \/>\n<meta property=\"og:type\" content=\"article\" \/>\n<meta property=\"og:title\" content=\"KaTech \u2013 Stabilisator und Emulgator L\u00f6sungen f\u00fcr Baiser\" \/>\n<meta property=\"og:description\" content=\"KaTech sind ein Lebensmittel-Technologie-Unternehmen, spezialisiert auf die Erstellung von Stabilisator und Emulgator L\u00f6sungen f\u00fcr Baiser.\" \/>\n<meta property=\"og:url\" content=\"https:\/\/katech-solutions.com\/de\/desserts\/baiser\/\" \/>\n<meta property=\"og:site_name\" content=\"KaTech\" \/>\n<meta property=\"article:modified_time\" content=\"2014-11-11T16:25:59+00:00\" \/>\n<meta name=\"twitter:label1\" content=\"Gesch\u00e4tzte Lesezeit\" \/>\n\t<meta name=\"twitter:data1\" content=\"1\u00a0Minute\" \/>\n<script type=\"application\/ld+json\" class=\"yoast-schema-graph\">{\"@context\":\"https:\/\/schema.org\",\"@graph\":[{\"@type\":\"WebPage\",\"@id\":\"https:\/\/katech-solutions.com\/de\/desserts\/baiser\/\",\"url\":\"https:\/\/katech-solutions.com\/de\/desserts\/baiser\/\",\"name\":\"KaTech \u2013 Stabilisator und Emulgator L\u00f6sungen f\u00fcr Baiser\",\"isPartOf\":{\"@id\":\"https:\/\/katech-solutions.com\/#website\"},\"datePublished\":\"2012-07-19T15:33:58+00:00\",\"dateModified\":\"2014-11-11T16:25:59+00:00\",\"description\":\"KaTech sind ein Lebensmittel-Technologie-Unternehmen, spezialisiert auf die Erstellung von Stabilisator und Emulgator L\u00f6sungen f\u00fcr Baiser.\",\"breadcrumb\":{\"@id\":\"https:\/\/katech-solutions.com\/de\/desserts\/baiser\/#breadcrumb\"},\"inLanguage\":\"de\",\"potentialAction\":[{\"@type\":\"ReadAction\",\"target\":[\"https:\/\/katech-solutions.com\/de\/desserts\/baiser\/\"]}]},{\"@type\":\"BreadcrumbList\",\"@id\":\"https:\/\/katech-solutions.com\/de\/desserts\/baiser\/#breadcrumb\",\"itemListElement\":[{\"@type\":\"ListItem\",\"position\":1,\"name\":\"Desserts\",\"item\":\"https:\/\/katech-solutions.com\/de\/desserts\/\"},{\"@type\":\"ListItem\",\"position\":2,\"name\":\"Baiser\"}]},{\"@type\":\"WebSite\",\"@id\":\"https:\/\/katech-solutions.com\/#website\",\"url\":\"https:\/\/katech-solutions.com\/\",\"name\":\"KaTech\",\"description\":\"\",\"potentialAction\":[{\"@type\":\"SearchAction\",\"target\":{\"@type\":\"EntryPoint\",\"urlTemplate\":\"https:\/\/katech-solutions.com\/?s={search_term_string}\"},\"query-input\":{\"@type\":\"PropertyValueSpecification\",\"valueRequired\":true,\"valueName\":\"search_term_string\"}}],\"inLanguage\":\"de\"}]}<\/script>\n<!-- \/ Yoast SEO plugin. -->","yoast_head_json":{"title":"KaTech \u2013 Stabilisator und Emulgator L\u00f6sungen f\u00fcr Baiser","description":"KaTech sind ein Lebensmittel-Technologie-Unternehmen, spezialisiert auf die Erstellung von Stabilisator und Emulgator L\u00f6sungen f\u00fcr Baiser.","robots":{"index":"index","follow":"follow","max-snippet":"max-snippet:-1","max-image-preview":"max-image-preview:large","max-video-preview":"max-video-preview:-1"},"canonical":"https:\/\/katech-solutions.com\/de\/desserts\/baiser\/","og_locale":"de_DE","og_type":"article","og_title":"KaTech \u2013 Stabilisator und Emulgator L\u00f6sungen f\u00fcr Baiser","og_description":"KaTech sind ein Lebensmittel-Technologie-Unternehmen, spezialisiert auf die Erstellung von Stabilisator und Emulgator L\u00f6sungen f\u00fcr Baiser.","og_url":"https:\/\/katech-solutions.com\/de\/desserts\/baiser\/","og_site_name":"KaTech","article_modified_time":"2014-11-11T16:25:59+00:00","twitter_misc":{"Gesch\u00e4tzte Lesezeit":"1\u00a0Minute"},"schema":{"@context":"https:\/\/schema.org","@graph":[{"@type":"WebPage","@id":"https:\/\/katech-solutions.com\/de\/desserts\/baiser\/","url":"https:\/\/katech-solutions.com\/de\/desserts\/baiser\/","name":"KaTech \u2013 Stabilisator und Emulgator L\u00f6sungen f\u00fcr Baiser","isPartOf":{"@id":"https:\/\/katech-solutions.com\/#website"},"datePublished":"2012-07-19T15:33:58+00:00","dateModified":"2014-11-11T16:25:59+00:00","description":"KaTech sind ein Lebensmittel-Technologie-Unternehmen, spezialisiert auf die Erstellung von Stabilisator und Emulgator L\u00f6sungen f\u00fcr Baiser.","breadcrumb":{"@id":"https:\/\/katech-solutions.com\/de\/desserts\/baiser\/#breadcrumb"},"inLanguage":"de","potentialAction":[{"@type":"ReadAction","target":["https:\/\/katech-solutions.com\/de\/desserts\/baiser\/"]}]},{"@type":"BreadcrumbList","@id":"https:\/\/katech-solutions.com\/de\/desserts\/baiser\/#breadcrumb","itemListElement":[{"@type":"ListItem","position":1,"name":"Desserts","item":"https:\/\/katech-solutions.com\/de\/desserts\/"},{"@type":"ListItem","position":2,"name":"Baiser"}]},{"@type":"WebSite","@id":"https:\/\/katech-solutions.com\/#website","url":"https:\/\/katech-solutions.com\/","name":"KaTech","description":"","potentialAction":[{"@type":"SearchAction","target":{"@type":"EntryPoint","urlTemplate":"https:\/\/katech-solutions.com\/?s={search_term_string}"},"query-input":{"@type":"PropertyValueSpecification","valueRequired":true,"valueName":"search_term_string"}}],"inLanguage":"de"}]}},"_links":{"self":[{"href":"https:\/\/katech-solutions.com\/de\/wp-json\/wp\/v2\/pages\/1120","targetHints":{"allow":["GET"]}}],"collection":[{"href":"https:\/\/katech-solutions.com\/de\/wp-json\/wp\/v2\/pages"}],"about":[{"href":"https:\/\/katech-solutions.com\/de\/wp-json\/wp\/v2\/types\/page"}],"author":[{"embeddable":true,"href":"https:\/\/katech-solutions.com\/de\/wp-json\/wp\/v2\/users\/3"}],"replies":[{"embeddable":true,"href":"https:\/\/katech-solutions.com\/de\/wp-json\/wp\/v2\/comments?post=1120"}],"version-history":[{"count":14,"href":"https:\/\/katech-solutions.com\/de\/wp-json\/wp\/v2\/pages\/1120\/revisions"}],"predecessor-version":[{"id":6549,"href":"https:\/\/katech-solutions.com\/de\/wp-json\/wp\/v2\/pages\/1120\/revisions\/6549"}],"up":[{"embeddable":true,"href":"https:\/\/katech-solutions.com\/de\/wp-json\/wp\/v2\/pages\/1073"}],"wp:attachment":[{"href":"https:\/\/katech-solutions.com\/de\/wp-json\/wp\/v2\/media?parent=1120"}],"curies":[{"name":"wp","href":"https:\/\/api.w.org\/{rel}","templated":true}]}}