{"id":1114,"date":"2012-07-19T15:30:43","date_gmt":"2012-07-19T15:30:43","guid":{"rendered":"\/?page_id=1114"},"modified":"2017-08-24T16:32:26","modified_gmt":"2017-08-24T16:32:26","slug":"fruchtprodukte","status":"publish","type":"page","link":"https:\/\/katech-solutions.com\/de\/fruchtprodukte\/","title":{"rendered":"Fruchtprodukte"},"content":{"rendered":"<p>Fr\u00fcchte schmecken nicht nur gut, sie sind auch unglaublich vielseitig; voll mit wertvollen Vitaminen und Mineralstoffen sowie einer Vielzahl von sekund\u00e4ren Pflanzenstoffen, die gesundheitsf\u00f6rdernd wirken. Viele der Inhaltstoffe dienen auch als starke Antioxidantien, sie sch\u00fctzen den K\u00f6rper vor sch\u00e4dlichen freien Radikalen. Menschen, die viel Obst &amp; Gem\u00fcse essen haben ein deutlich geringeres Risiko bestimmte Krankheiten zu entwickeln.<\/p>\n<p>Fr\u00fcchte k\u00f6nnen in einer Vielzahl von Lebensmitteln verwendet werden und wir von KaTech k\u00f6nnen Ihnen zeigen, wie man Obst f\u00fcr Ihre Kunden noch attraktiver machen kann.<\/p>\n<p>&nbsp;<\/p>\n","protected":false},"excerpt":{"rendered":"<p>Fr\u00fcchte schmecken nicht nur gut, sie sind auch unglaublich vielseitig; voll mit wertvollen Vitaminen und Mineralstoffen sowie einer Vielzahl von sekund\u00e4ren Pflanzenstoffen, die gesundheitsf\u00f6rdernd wirken. Viele der Inhaltstoffe dienen auch als starke Antioxidantien, sie sch\u00fctzen den K\u00f6rper vor sch\u00e4dlichen freien &hellip; <a class=\"continue-reading\" href=\"https:\/\/katech-solutions.com\/de\/fruchtprodukte\/\">Weiterlesen <span class=\"meta-nav\">&rarr;<\/span><\/a><\/p>\n","protected":false},"author":3,"featured_media":0,"parent":0,"menu_order":2,"comment_status":"closed","ping_status":"open","template":"layout-content-3.php","meta":{"_acf_changed":false,"footnotes":""},"class_list":["post-1114","page","type-page","status-publish","hentry"],"acf":[],"yoast_head":"<!-- This site is optimized with the Yoast SEO plugin v27.2 - https:\/\/yoast.com\/product\/yoast-seo-wordpress\/ -->\n<title>KaTech \u2013 Stabilisator und Emulgator L\u00f6sungen f\u00fcr Fruchtprodukte<\/title>\n<meta name=\"description\" content=\"KaTech sind ein Lebensmittel-Technologie-Unternehmen, spezialisiert auf die Erstellung von Stabilisator und Emulgator L\u00f6sungen f\u00fcr Fruchtprodukte.\" \/>\n<meta name=\"robots\" content=\"index, follow, max-snippet:-1, max-image-preview:large, max-video-preview:-1\" \/>\n<link rel=\"canonical\" href=\"https:\/\/katech-solutions.com\/de\/fruchtprodukte\/\" \/>\n<meta property=\"og:locale\" content=\"de_DE\" \/>\n<meta property=\"og:type\" content=\"article\" \/>\n<meta property=\"og:title\" content=\"KaTech \u2013 Stabilisator und Emulgator L\u00f6sungen f\u00fcr Fruchtprodukte\" \/>\n<meta property=\"og:description\" content=\"KaTech sind ein Lebensmittel-Technologie-Unternehmen, spezialisiert auf die Erstellung von Stabilisator und Emulgator L\u00f6sungen f\u00fcr Fruchtprodukte.\" \/>\n<meta property=\"og:url\" content=\"https:\/\/katech-solutions.com\/de\/fruchtprodukte\/\" \/>\n<meta property=\"og:site_name\" content=\"KaTech\" \/>\n<meta property=\"article:modified_time\" content=\"2017-08-24T16:32:26+00:00\" \/>\n<script type=\"application\/ld+json\" class=\"yoast-schema-graph\">{\"@context\":\"https:\/\/schema.org\",\"@graph\":[{\"@type\":\"WebPage\",\"@id\":\"https:\/\/katech-solutions.com\/de\/fruchtprodukte\/\",\"url\":\"https:\/\/katech-solutions.com\/de\/fruchtprodukte\/\",\"name\":\"KaTech \u2013 Stabilisator und Emulgator L\u00f6sungen f\u00fcr Fruchtprodukte\",\"isPartOf\":{\"@id\":\"https:\/\/katech-solutions.com\/#website\"},\"datePublished\":\"2012-07-19T15:30:43+00:00\",\"dateModified\":\"2017-08-24T16:32:26+00:00\",\"description\":\"KaTech sind ein Lebensmittel-Technologie-Unternehmen, spezialisiert auf die Erstellung von Stabilisator und Emulgator L\u00f6sungen f\u00fcr Fruchtprodukte.\",\"inLanguage\":\"de\",\"potentialAction\":[{\"@type\":\"ReadAction\",\"target\":[\"https:\/\/katech-solutions.com\/de\/fruchtprodukte\/\"]}]},{\"@type\":\"WebSite\",\"@id\":\"https:\/\/katech-solutions.com\/#website\",\"url\":\"https:\/\/katech-solutions.com\/\",\"name\":\"KaTech\",\"description\":\"\",\"potentialAction\":[{\"@type\":\"SearchAction\",\"target\":{\"@type\":\"EntryPoint\",\"urlTemplate\":\"https:\/\/katech-solutions.com\/?s={search_term_string}\"},\"query-input\":{\"@type\":\"PropertyValueSpecification\",\"valueRequired\":true,\"valueName\":\"search_term_string\"}}],\"inLanguage\":\"de\"}]}<\/script>\n<!-- \/ Yoast SEO plugin. -->","yoast_head_json":{"title":"KaTech \u2013 Stabilisator und Emulgator L\u00f6sungen f\u00fcr Fruchtprodukte","description":"KaTech sind ein Lebensmittel-Technologie-Unternehmen, spezialisiert auf die Erstellung von Stabilisator und Emulgator L\u00f6sungen f\u00fcr Fruchtprodukte.","robots":{"index":"index","follow":"follow","max-snippet":"max-snippet:-1","max-image-preview":"max-image-preview:large","max-video-preview":"max-video-preview:-1"},"canonical":"https:\/\/katech-solutions.com\/de\/fruchtprodukte\/","og_locale":"de_DE","og_type":"article","og_title":"KaTech \u2013 Stabilisator und Emulgator L\u00f6sungen f\u00fcr Fruchtprodukte","og_description":"KaTech sind ein Lebensmittel-Technologie-Unternehmen, spezialisiert auf die Erstellung von Stabilisator und Emulgator L\u00f6sungen f\u00fcr Fruchtprodukte.","og_url":"https:\/\/katech-solutions.com\/de\/fruchtprodukte\/","og_site_name":"KaTech","article_modified_time":"2017-08-24T16:32:26+00:00","schema":{"@context":"https:\/\/schema.org","@graph":[{"@type":"WebPage","@id":"https:\/\/katech-solutions.com\/de\/fruchtprodukte\/","url":"https:\/\/katech-solutions.com\/de\/fruchtprodukte\/","name":"KaTech \u2013 Stabilisator und Emulgator L\u00f6sungen f\u00fcr Fruchtprodukte","isPartOf":{"@id":"https:\/\/katech-solutions.com\/#website"},"datePublished":"2012-07-19T15:30:43+00:00","dateModified":"2017-08-24T16:32:26+00:00","description":"KaTech sind ein Lebensmittel-Technologie-Unternehmen, spezialisiert auf die Erstellung von Stabilisator und Emulgator L\u00f6sungen f\u00fcr Fruchtprodukte.","inLanguage":"de","potentialAction":[{"@type":"ReadAction","target":["https:\/\/katech-solutions.com\/de\/fruchtprodukte\/"]}]},{"@type":"WebSite","@id":"https:\/\/katech-solutions.com\/#website","url":"https:\/\/katech-solutions.com\/","name":"KaTech","description":"","potentialAction":[{"@type":"SearchAction","target":{"@type":"EntryPoint","urlTemplate":"https:\/\/katech-solutions.com\/?s={search_term_string}"},"query-input":{"@type":"PropertyValueSpecification","valueRequired":true,"valueName":"search_term_string"}}],"inLanguage":"de"}]}},"_links":{"self":[{"href":"https:\/\/katech-solutions.com\/de\/wp-json\/wp\/v2\/pages\/1114","targetHints":{"allow":["GET"]}}],"collection":[{"href":"https:\/\/katech-solutions.com\/de\/wp-json\/wp\/v2\/pages"}],"about":[{"href":"https:\/\/katech-solutions.com\/de\/wp-json\/wp\/v2\/types\/page"}],"author":[{"embeddable":true,"href":"https:\/\/katech-solutions.com\/de\/wp-json\/wp\/v2\/users\/3"}],"replies":[{"embeddable":true,"href":"https:\/\/katech-solutions.com\/de\/wp-json\/wp\/v2\/comments?post=1114"}],"version-history":[{"count":13,"href":"https:\/\/katech-solutions.com\/de\/wp-json\/wp\/v2\/pages\/1114\/revisions"}],"predecessor-version":[{"id":8405,"href":"https:\/\/katech-solutions.com\/de\/wp-json\/wp\/v2\/pages\/1114\/revisions\/8405"}],"wp:attachment":[{"href":"https:\/\/katech-solutions.com\/de\/wp-json\/wp\/v2\/media?parent=1114"}],"curies":[{"name":"wp","href":"https:\/\/api.w.org\/{rel}","templated":true}]}}