{"id":1106,"date":"2012-05-03T10:05:07","date_gmt":"2012-05-03T10:05:07","guid":{"rendered":"\/?page_id=1106"},"modified":"2014-11-17T09:39:03","modified_gmt":"2014-11-17T09:39:03","slug":"vinaigrette","status":"publish","type":"page","link":"https:\/\/katech-solutions.com\/de\/salatdressings\/vinaigrette\/","title":{"rendered":"Vinaigrette"},"content":{"rendered":"<p>Vinaigrette gibt es in vereinfachter Form bereits seit Jahrhunderten. Bereits die R\u00f6mer genossen ihre Kr\u00e4uter und Salate am liebsten mit Salzwasser. Die \u00c4gypter aromatisierten Salate bereits mit \u00d6l, Essig und orientalischen Gew\u00fcrzen.<\/p>\n<p>Original ist die Sauce Vinaigrette (vom franz\u00f6sischen Wort vinaigre = Essig) eine kalte Sauce aus Essig, \u00d6l und je nach Rezeptur weiteren Zutaten wie Kr\u00e4utern und Gew\u00fcrzen. Urspr\u00fcnglich hergestellt mit Oliven\u00f6l und Weinessig werden aber heutzutage nahezu alle Arten von \u00d6len und Essig zur Herstellung von Vinaigrette eingesetzt. Weitere Zutaten wie Schalotten, Kr\u00e4uter, Knoblauch, Senf usw. erzeugen eine gro\u00dfe Vielfalt an Geschmacksrichtungen.<\/p>\n","protected":false},"excerpt":{"rendered":"<p>Vinaigrette gibt es in vereinfachter Form bereits seit Jahrhunderten. Bereits die R\u00f6mer genossen ihre Kr\u00e4uter und Salate am liebsten mit Salzwasser. Die \u00c4gypter aromatisierten Salate bereits mit \u00d6l, Essig und orientalischen Gew\u00fcrzen. Original ist die Sauce Vinaigrette (vom franz\u00f6sischen Wort &hellip; <a class=\"continue-reading\" href=\"https:\/\/katech-solutions.com\/de\/salatdressings\/vinaigrette\/\">Weiterlesen <span class=\"meta-nav\">&rarr;<\/span><\/a><\/p>\n","protected":false},"author":3,"featured_media":0,"parent":1102,"menu_order":0,"comment_status":"closed","ping_status":"open","template":"","meta":{"_acf_changed":false,"footnotes":""},"class_list":["post-1106","page","type-page","status-publish","hentry"],"acf":[],"yoast_head":"<!-- This site is optimized with the Yoast SEO plugin v27.2 - https:\/\/yoast.com\/product\/yoast-seo-wordpress\/ -->\n<title>KaTech - Stabilisatoren und Emulgatoren f\u00fcr Vinaigrette<\/title>\n<meta name=\"description\" content=\"KaTech sind ein Lebensmittel-Technologie-Unternehmen, spezialisiert auf Stabilisator und Emulgator-L\u00f6sungen f\u00fcr Vinaigrette.\" \/>\n<meta name=\"robots\" content=\"index, follow, max-snippet:-1, max-image-preview:large, max-video-preview:-1\" \/>\n<link rel=\"canonical\" href=\"https:\/\/katech-solutions.com\/de\/salatdressings\/vinaigrette\/\" \/>\n<meta property=\"og:locale\" content=\"de_DE\" \/>\n<meta property=\"og:type\" content=\"article\" \/>\n<meta property=\"og:title\" content=\"KaTech - Stabilisatoren und Emulgatoren f\u00fcr Vinaigrette\" \/>\n<meta property=\"og:description\" content=\"KaTech sind ein Lebensmittel-Technologie-Unternehmen, spezialisiert auf Stabilisator und Emulgator-L\u00f6sungen f\u00fcr Vinaigrette.\" \/>\n<meta property=\"og:url\" content=\"https:\/\/katech-solutions.com\/de\/salatdressings\/vinaigrette\/\" \/>\n<meta property=\"og:site_name\" content=\"KaTech\" \/>\n<meta property=\"article:modified_time\" content=\"2014-11-17T09:39:03+00:00\" \/>\n<meta name=\"twitter:label1\" content=\"Gesch\u00e4tzte Lesezeit\" \/>\n\t<meta name=\"twitter:data1\" content=\"1\u00a0Minute\" \/>\n<script type=\"application\/ld+json\" class=\"yoast-schema-graph\">{\"@context\":\"https:\/\/schema.org\",\"@graph\":[{\"@type\":\"WebPage\",\"@id\":\"https:\/\/katech-solutions.com\/de\/salatdressings\/vinaigrette\/\",\"url\":\"https:\/\/katech-solutions.com\/de\/salatdressings\/vinaigrette\/\",\"name\":\"KaTech - Stabilisatoren und Emulgatoren f\u00fcr Vinaigrette\",\"isPartOf\":{\"@id\":\"https:\/\/katech-solutions.com\/#website\"},\"datePublished\":\"2012-05-03T10:05:07+00:00\",\"dateModified\":\"2014-11-17T09:39:03+00:00\",\"description\":\"KaTech sind ein Lebensmittel-Technologie-Unternehmen, spezialisiert auf Stabilisator und Emulgator-L\u00f6sungen f\u00fcr Vinaigrette.\",\"breadcrumb\":{\"@id\":\"https:\/\/katech-solutions.com\/de\/salatdressings\/vinaigrette\/#breadcrumb\"},\"inLanguage\":\"de\",\"potentialAction\":[{\"@type\":\"ReadAction\",\"target\":[\"https:\/\/katech-solutions.com\/de\/salatdressings\/vinaigrette\/\"]}]},{\"@type\":\"BreadcrumbList\",\"@id\":\"https:\/\/katech-solutions.com\/de\/salatdressings\/vinaigrette\/#breadcrumb\",\"itemListElement\":[{\"@type\":\"ListItem\",\"position\":1,\"name\":\"Salatdressings\",\"item\":\"https:\/\/katech-solutions.com\/de\/salatdressings\/\"},{\"@type\":\"ListItem\",\"position\":2,\"name\":\"Vinaigrette\"}]},{\"@type\":\"WebSite\",\"@id\":\"https:\/\/katech-solutions.com\/#website\",\"url\":\"https:\/\/katech-solutions.com\/\",\"name\":\"KaTech\",\"description\":\"\",\"potentialAction\":[{\"@type\":\"SearchAction\",\"target\":{\"@type\":\"EntryPoint\",\"urlTemplate\":\"https:\/\/katech-solutions.com\/?s={search_term_string}\"},\"query-input\":{\"@type\":\"PropertyValueSpecification\",\"valueRequired\":true,\"valueName\":\"search_term_string\"}}],\"inLanguage\":\"de\"}]}<\/script>\n<!-- \/ Yoast SEO plugin. -->","yoast_head_json":{"title":"KaTech - Stabilisatoren und Emulgatoren f\u00fcr Vinaigrette","description":"KaTech sind ein Lebensmittel-Technologie-Unternehmen, spezialisiert auf Stabilisator und Emulgator-L\u00f6sungen f\u00fcr Vinaigrette.","robots":{"index":"index","follow":"follow","max-snippet":"max-snippet:-1","max-image-preview":"max-image-preview:large","max-video-preview":"max-video-preview:-1"},"canonical":"https:\/\/katech-solutions.com\/de\/salatdressings\/vinaigrette\/","og_locale":"de_DE","og_type":"article","og_title":"KaTech - Stabilisatoren und Emulgatoren f\u00fcr Vinaigrette","og_description":"KaTech sind ein Lebensmittel-Technologie-Unternehmen, spezialisiert auf Stabilisator und Emulgator-L\u00f6sungen f\u00fcr Vinaigrette.","og_url":"https:\/\/katech-solutions.com\/de\/salatdressings\/vinaigrette\/","og_site_name":"KaTech","article_modified_time":"2014-11-17T09:39:03+00:00","twitter_misc":{"Gesch\u00e4tzte Lesezeit":"1\u00a0Minute"},"schema":{"@context":"https:\/\/schema.org","@graph":[{"@type":"WebPage","@id":"https:\/\/katech-solutions.com\/de\/salatdressings\/vinaigrette\/","url":"https:\/\/katech-solutions.com\/de\/salatdressings\/vinaigrette\/","name":"KaTech - Stabilisatoren und Emulgatoren f\u00fcr Vinaigrette","isPartOf":{"@id":"https:\/\/katech-solutions.com\/#website"},"datePublished":"2012-05-03T10:05:07+00:00","dateModified":"2014-11-17T09:39:03+00:00","description":"KaTech sind ein Lebensmittel-Technologie-Unternehmen, spezialisiert auf Stabilisator und Emulgator-L\u00f6sungen f\u00fcr Vinaigrette.","breadcrumb":{"@id":"https:\/\/katech-solutions.com\/de\/salatdressings\/vinaigrette\/#breadcrumb"},"inLanguage":"de","potentialAction":[{"@type":"ReadAction","target":["https:\/\/katech-solutions.com\/de\/salatdressings\/vinaigrette\/"]}]},{"@type":"BreadcrumbList","@id":"https:\/\/katech-solutions.com\/de\/salatdressings\/vinaigrette\/#breadcrumb","itemListElement":[{"@type":"ListItem","position":1,"name":"Salatdressings","item":"https:\/\/katech-solutions.com\/de\/salatdressings\/"},{"@type":"ListItem","position":2,"name":"Vinaigrette"}]},{"@type":"WebSite","@id":"https:\/\/katech-solutions.com\/#website","url":"https:\/\/katech-solutions.com\/","name":"KaTech","description":"","potentialAction":[{"@type":"SearchAction","target":{"@type":"EntryPoint","urlTemplate":"https:\/\/katech-solutions.com\/?s={search_term_string}"},"query-input":{"@type":"PropertyValueSpecification","valueRequired":true,"valueName":"search_term_string"}}],"inLanguage":"de"}]}},"_links":{"self":[{"href":"https:\/\/katech-solutions.com\/de\/wp-json\/wp\/v2\/pages\/1106","targetHints":{"allow":["GET"]}}],"collection":[{"href":"https:\/\/katech-solutions.com\/de\/wp-json\/wp\/v2\/pages"}],"about":[{"href":"https:\/\/katech-solutions.com\/de\/wp-json\/wp\/v2\/types\/page"}],"author":[{"embeddable":true,"href":"https:\/\/katech-solutions.com\/de\/wp-json\/wp\/v2\/users\/3"}],"replies":[{"embeddable":true,"href":"https:\/\/katech-solutions.com\/de\/wp-json\/wp\/v2\/comments?post=1106"}],"version-history":[{"count":23,"href":"https:\/\/katech-solutions.com\/de\/wp-json\/wp\/v2\/pages\/1106\/revisions"}],"predecessor-version":[{"id":6395,"href":"https:\/\/katech-solutions.com\/de\/wp-json\/wp\/v2\/pages\/1106\/revisions\/6395"}],"up":[{"embeddable":true,"href":"https:\/\/katech-solutions.com\/de\/wp-json\/wp\/v2\/pages\/1102"}],"wp:attachment":[{"href":"https:\/\/katech-solutions.com\/de\/wp-json\/wp\/v2\/media?parent=1106"}],"curies":[{"name":"wp","href":"https:\/\/api.w.org\/{rel}","templated":true}]}}