{"id":1104,"date":"2012-05-03T10:04:49","date_gmt":"2012-05-03T10:04:49","guid":{"rendered":"\/?page_id=1104"},"modified":"2014-11-17T09:32:10","modified_gmt":"2014-11-17T09:32:10","slug":"klares-dressing","status":"publish","type":"page","link":"https:\/\/katech-solutions.com\/de\/salatdressings\/klares-dressing\/","title":{"rendered":"Klares Dressing"},"content":{"rendered":"<p>Diese Dressings enthalten in der Regel kein oder nur wenig \u00d6l, welches auf keinen Fall emulgiert wird, um den &#8222;klaren&#8220; Charakter zu erhalten. Sie basieren in der Regel auf Wasser, Essig und \/ oder Fruchts\u00e4ften wie z.B. Traubenmost. Es k\u00f6nnen je nach gew\u00fcnschter Geschmacksrichtung oder Optik verschiedene Arten von Essig verwendet werden. Z.B. Balsamico-Essig, Tafelessig, Apfelessig usw. Das Geschmacksprofil wird in der Regel durch den Einsatz von Kr\u00e4utern, Knoblauch, Zwiebeln und Gew\u00fcrzen eingestellt.<\/p>\n","protected":false},"excerpt":{"rendered":"<p>Diese Dressings enthalten in der Regel kein oder nur wenig \u00d6l, welches auf keinen Fall emulgiert wird, um den &#8222;klaren&#8220; Charakter zu erhalten. Sie basieren in der Regel auf Wasser, Essig und \/ oder Fruchts\u00e4ften wie z.B. Traubenmost. Es k\u00f6nnen &hellip; <a class=\"continue-reading\" href=\"https:\/\/katech-solutions.com\/de\/salatdressings\/klares-dressing\/\">Weiterlesen <span class=\"meta-nav\">&rarr;<\/span><\/a><\/p>\n","protected":false},"author":3,"featured_media":0,"parent":1102,"menu_order":0,"comment_status":"closed","ping_status":"open","template":"","meta":{"_acf_changed":false,"footnotes":""},"class_list":["post-1104","page","type-page","status-publish","hentry"],"acf":[],"yoast_head":"<!-- This site is optimized with the Yoast SEO plugin v27.2 - https:\/\/yoast.com\/product\/yoast-seo-wordpress\/ -->\n<title>KaTech - Stabilisatoren und Emulgatoren f\u00fcr Klares Dressing<\/title>\n<meta name=\"description\" content=\"KaTech sind ein Lebensmittel-Technologie-Unternehmen, spezialisiert auf Stabilisator und Emulgator-L\u00f6sungen f\u00fcr Klares Dressing\" \/>\n<meta name=\"robots\" content=\"index, follow, max-snippet:-1, max-image-preview:large, max-video-preview:-1\" \/>\n<link rel=\"canonical\" href=\"https:\/\/katech-solutions.com\/de\/salatdressings\/klares-dressing\/\" \/>\n<meta property=\"og:locale\" content=\"de_DE\" \/>\n<meta property=\"og:type\" content=\"article\" \/>\n<meta property=\"og:title\" content=\"KaTech - Stabilisatoren und Emulgatoren f\u00fcr Klares Dressing\" \/>\n<meta property=\"og:description\" content=\"KaTech sind ein Lebensmittel-Technologie-Unternehmen, spezialisiert auf Stabilisator und Emulgator-L\u00f6sungen f\u00fcr Klares Dressing\" \/>\n<meta property=\"og:url\" content=\"https:\/\/katech-solutions.com\/de\/salatdressings\/klares-dressing\/\" \/>\n<meta property=\"og:site_name\" content=\"KaTech\" \/>\n<meta property=\"article:modified_time\" content=\"2014-11-17T09:32:10+00:00\" \/>\n<script type=\"application\/ld+json\" class=\"yoast-schema-graph\">{\"@context\":\"https:\/\/schema.org\",\"@graph\":[{\"@type\":\"WebPage\",\"@id\":\"https:\/\/katech-solutions.com\/de\/salatdressings\/klares-dressing\/\",\"url\":\"https:\/\/katech-solutions.com\/de\/salatdressings\/klares-dressing\/\",\"name\":\"KaTech - Stabilisatoren und Emulgatoren f\u00fcr Klares Dressing\",\"isPartOf\":{\"@id\":\"https:\/\/katech-solutions.com\/#website\"},\"datePublished\":\"2012-05-03T10:04:49+00:00\",\"dateModified\":\"2014-11-17T09:32:10+00:00\",\"description\":\"KaTech sind ein Lebensmittel-Technologie-Unternehmen, spezialisiert auf Stabilisator und Emulgator-L\u00f6sungen f\u00fcr Klares Dressing\",\"breadcrumb\":{\"@id\":\"https:\/\/katech-solutions.com\/de\/salatdressings\/klares-dressing\/#breadcrumb\"},\"inLanguage\":\"de\",\"potentialAction\":[{\"@type\":\"ReadAction\",\"target\":[\"https:\/\/katech-solutions.com\/de\/salatdressings\/klares-dressing\/\"]}]},{\"@type\":\"BreadcrumbList\",\"@id\":\"https:\/\/katech-solutions.com\/de\/salatdressings\/klares-dressing\/#breadcrumb\",\"itemListElement\":[{\"@type\":\"ListItem\",\"position\":1,\"name\":\"Salatdressings\",\"item\":\"https:\/\/katech-solutions.com\/de\/salatdressings\/\"},{\"@type\":\"ListItem\",\"position\":2,\"name\":\"Klares Dressing\"}]},{\"@type\":\"WebSite\",\"@id\":\"https:\/\/katech-solutions.com\/#website\",\"url\":\"https:\/\/katech-solutions.com\/\",\"name\":\"KaTech\",\"description\":\"\",\"potentialAction\":[{\"@type\":\"SearchAction\",\"target\":{\"@type\":\"EntryPoint\",\"urlTemplate\":\"https:\/\/katech-solutions.com\/?s={search_term_string}\"},\"query-input\":{\"@type\":\"PropertyValueSpecification\",\"valueRequired\":true,\"valueName\":\"search_term_string\"}}],\"inLanguage\":\"de\"}]}<\/script>\n<!-- \/ Yoast SEO plugin. -->","yoast_head_json":{"title":"KaTech - Stabilisatoren und Emulgatoren f\u00fcr Klares Dressing","description":"KaTech sind ein Lebensmittel-Technologie-Unternehmen, spezialisiert auf Stabilisator und Emulgator-L\u00f6sungen f\u00fcr Klares Dressing","robots":{"index":"index","follow":"follow","max-snippet":"max-snippet:-1","max-image-preview":"max-image-preview:large","max-video-preview":"max-video-preview:-1"},"canonical":"https:\/\/katech-solutions.com\/de\/salatdressings\/klares-dressing\/","og_locale":"de_DE","og_type":"article","og_title":"KaTech - Stabilisatoren und Emulgatoren f\u00fcr Klares Dressing","og_description":"KaTech sind ein Lebensmittel-Technologie-Unternehmen, spezialisiert auf Stabilisator und Emulgator-L\u00f6sungen f\u00fcr Klares Dressing","og_url":"https:\/\/katech-solutions.com\/de\/salatdressings\/klares-dressing\/","og_site_name":"KaTech","article_modified_time":"2014-11-17T09:32:10+00:00","schema":{"@context":"https:\/\/schema.org","@graph":[{"@type":"WebPage","@id":"https:\/\/katech-solutions.com\/de\/salatdressings\/klares-dressing\/","url":"https:\/\/katech-solutions.com\/de\/salatdressings\/klares-dressing\/","name":"KaTech - Stabilisatoren und Emulgatoren f\u00fcr Klares Dressing","isPartOf":{"@id":"https:\/\/katech-solutions.com\/#website"},"datePublished":"2012-05-03T10:04:49+00:00","dateModified":"2014-11-17T09:32:10+00:00","description":"KaTech sind ein Lebensmittel-Technologie-Unternehmen, spezialisiert auf Stabilisator und Emulgator-L\u00f6sungen f\u00fcr Klares Dressing","breadcrumb":{"@id":"https:\/\/katech-solutions.com\/de\/salatdressings\/klares-dressing\/#breadcrumb"},"inLanguage":"de","potentialAction":[{"@type":"ReadAction","target":["https:\/\/katech-solutions.com\/de\/salatdressings\/klares-dressing\/"]}]},{"@type":"BreadcrumbList","@id":"https:\/\/katech-solutions.com\/de\/salatdressings\/klares-dressing\/#breadcrumb","itemListElement":[{"@type":"ListItem","position":1,"name":"Salatdressings","item":"https:\/\/katech-solutions.com\/de\/salatdressings\/"},{"@type":"ListItem","position":2,"name":"Klares Dressing"}]},{"@type":"WebSite","@id":"https:\/\/katech-solutions.com\/#website","url":"https:\/\/katech-solutions.com\/","name":"KaTech","description":"","potentialAction":[{"@type":"SearchAction","target":{"@type":"EntryPoint","urlTemplate":"https:\/\/katech-solutions.com\/?s={search_term_string}"},"query-input":{"@type":"PropertyValueSpecification","valueRequired":true,"valueName":"search_term_string"}}],"inLanguage":"de"}]}},"_links":{"self":[{"href":"https:\/\/katech-solutions.com\/de\/wp-json\/wp\/v2\/pages\/1104","targetHints":{"allow":["GET"]}}],"collection":[{"href":"https:\/\/katech-solutions.com\/de\/wp-json\/wp\/v2\/pages"}],"about":[{"href":"https:\/\/katech-solutions.com\/de\/wp-json\/wp\/v2\/types\/page"}],"author":[{"embeddable":true,"href":"https:\/\/katech-solutions.com\/de\/wp-json\/wp\/v2\/users\/3"}],"replies":[{"embeddable":true,"href":"https:\/\/katech-solutions.com\/de\/wp-json\/wp\/v2\/comments?post=1104"}],"version-history":[{"count":22,"href":"https:\/\/katech-solutions.com\/de\/wp-json\/wp\/v2\/pages\/1104\/revisions"}],"predecessor-version":[{"id":6613,"href":"https:\/\/katech-solutions.com\/de\/wp-json\/wp\/v2\/pages\/1104\/revisions\/6613"}],"up":[{"embeddable":true,"href":"https:\/\/katech-solutions.com\/de\/wp-json\/wp\/v2\/pages\/1102"}],"wp:attachment":[{"href":"https:\/\/katech-solutions.com\/de\/wp-json\/wp\/v2\/media?parent=1104"}],"curies":[{"name":"wp","href":"https:\/\/api.w.org\/{rel}","templated":true}]}}