{"id":1102,"date":"2012-07-19T15:22:58","date_gmt":"2012-07-19T15:22:58","guid":{"rendered":"\/?page_id=1102"},"modified":"2017-08-24T16:29:11","modified_gmt":"2017-08-24T16:29:11","slug":"salatdressings","status":"publish","type":"page","link":"https:\/\/katech-solutions.com\/de\/salatdressings\/","title":{"rendered":"Salatdressings"},"content":{"rendered":"<p>Unter Dressings verstehen wir stark gew\u00fcrzte Fl\u00fcssigkeiten, die kalt zubereiteten Speisen wie Salat oder Fleischgerichten den gew\u00fcnschten Geschmack verleihen. Dressings bieten die M\u00f6glichkeit, fein abgestimmte Kr\u00e4uter- oder Gew\u00fcrz-Mischungen zu Beilagen in einer einfachen Weise anzuwenden.<\/p>\n<p>Durch verschiedenste Arten von S\u00e4uren zur Konservierung, z.B. Fruchts\u00e4uren wie Zitronensaft oder Essig, wird der Grundgeschmack des Produktes definiert. Viele Dressings enthalten auch \u00d6le verschiedenen Ursprunges, die den Geschmack sehr stark pr\u00e4gen k\u00f6nnen. Dressings bieten allergr\u00f6\u00dfte Vielfalt in der Geschmacksgestaltung.<\/p>\n<p>&nbsp;<\/p>\n","protected":false},"excerpt":{"rendered":"<p>Unter Dressings verstehen wir stark gew\u00fcrzte Fl\u00fcssigkeiten, die kalt zubereiteten Speisen wie Salat oder Fleischgerichten den gew\u00fcnschten Geschmack verleihen. Dressings bieten die M\u00f6glichkeit, fein abgestimmte Kr\u00e4uter- oder Gew\u00fcrz-Mischungen zu Beilagen in einer einfachen Weise anzuwenden. Durch verschiedenste Arten von S\u00e4uren &hellip; <a class=\"continue-reading\" href=\"https:\/\/katech-solutions.com\/de\/salatdressings\/\">Weiterlesen <span class=\"meta-nav\">&rarr;<\/span><\/a><\/p>\n","protected":false},"author":3,"featured_media":0,"parent":0,"menu_order":2,"comment_status":"closed","ping_status":"open","template":"layout-content-3.php","meta":{"_acf_changed":false,"footnotes":""},"class_list":["post-1102","page","type-page","status-publish","hentry"],"acf":[],"yoast_head":"<!-- This site is optimized with the Yoast SEO plugin v27.2 - https:\/\/yoast.com\/product\/yoast-seo-wordpress\/ -->\n<title>KaTech \u2013 Stabilisator und Emulgator L\u00f6sungen f\u00fcr Salatdressings<\/title>\n<meta name=\"description\" content=\"KaTech sind ein Lebensmittel-Technologie-Unternehmen, spezialisiert auf die Erstellung von Stabilisator und Emulgator L\u00f6sungen f\u00fcr Salatdressings.\" \/>\n<meta name=\"robots\" content=\"index, follow, max-snippet:-1, max-image-preview:large, max-video-preview:-1\" \/>\n<link rel=\"canonical\" href=\"https:\/\/katech-solutions.com\/de\/salatdressings\/\" \/>\n<meta property=\"og:locale\" content=\"de_DE\" \/>\n<meta property=\"og:type\" content=\"article\" \/>\n<meta property=\"og:title\" content=\"KaTech \u2013 Stabilisator und Emulgator L\u00f6sungen f\u00fcr Salatdressings\" \/>\n<meta property=\"og:description\" content=\"KaTech sind ein Lebensmittel-Technologie-Unternehmen, spezialisiert auf die Erstellung von Stabilisator und Emulgator L\u00f6sungen f\u00fcr Salatdressings.\" \/>\n<meta property=\"og:url\" content=\"https:\/\/katech-solutions.com\/de\/salatdressings\/\" \/>\n<meta property=\"og:site_name\" content=\"KaTech\" \/>\n<meta property=\"article:modified_time\" content=\"2017-08-24T16:29:11+00:00\" \/>\n<script type=\"application\/ld+json\" class=\"yoast-schema-graph\">{\"@context\":\"https:\/\/schema.org\",\"@graph\":[{\"@type\":\"WebPage\",\"@id\":\"https:\/\/katech-solutions.com\/de\/salatdressings\/\",\"url\":\"https:\/\/katech-solutions.com\/de\/salatdressings\/\",\"name\":\"KaTech \u2013 Stabilisator und Emulgator L\u00f6sungen f\u00fcr Salatdressings\",\"isPartOf\":{\"@id\":\"https:\/\/katech-solutions.com\/#website\"},\"datePublished\":\"2012-07-19T15:22:58+00:00\",\"dateModified\":\"2017-08-24T16:29:11+00:00\",\"description\":\"KaTech sind ein Lebensmittel-Technologie-Unternehmen, spezialisiert auf die Erstellung von Stabilisator und Emulgator L\u00f6sungen f\u00fcr Salatdressings.\",\"inLanguage\":\"de\",\"potentialAction\":[{\"@type\":\"ReadAction\",\"target\":[\"https:\/\/katech-solutions.com\/de\/salatdressings\/\"]}]},{\"@type\":\"WebSite\",\"@id\":\"https:\/\/katech-solutions.com\/#website\",\"url\":\"https:\/\/katech-solutions.com\/\",\"name\":\"KaTech\",\"description\":\"\",\"potentialAction\":[{\"@type\":\"SearchAction\",\"target\":{\"@type\":\"EntryPoint\",\"urlTemplate\":\"https:\/\/katech-solutions.com\/?s={search_term_string}\"},\"query-input\":{\"@type\":\"PropertyValueSpecification\",\"valueRequired\":true,\"valueName\":\"search_term_string\"}}],\"inLanguage\":\"de\"}]}<\/script>\n<!-- \/ Yoast SEO plugin. -->","yoast_head_json":{"title":"KaTech \u2013 Stabilisator und Emulgator L\u00f6sungen f\u00fcr Salatdressings","description":"KaTech sind ein Lebensmittel-Technologie-Unternehmen, spezialisiert auf die Erstellung von Stabilisator und Emulgator L\u00f6sungen f\u00fcr Salatdressings.","robots":{"index":"index","follow":"follow","max-snippet":"max-snippet:-1","max-image-preview":"max-image-preview:large","max-video-preview":"max-video-preview:-1"},"canonical":"https:\/\/katech-solutions.com\/de\/salatdressings\/","og_locale":"de_DE","og_type":"article","og_title":"KaTech \u2013 Stabilisator und Emulgator L\u00f6sungen f\u00fcr Salatdressings","og_description":"KaTech sind ein Lebensmittel-Technologie-Unternehmen, spezialisiert auf die Erstellung von Stabilisator und Emulgator L\u00f6sungen f\u00fcr Salatdressings.","og_url":"https:\/\/katech-solutions.com\/de\/salatdressings\/","og_site_name":"KaTech","article_modified_time":"2017-08-24T16:29:11+00:00","schema":{"@context":"https:\/\/schema.org","@graph":[{"@type":"WebPage","@id":"https:\/\/katech-solutions.com\/de\/salatdressings\/","url":"https:\/\/katech-solutions.com\/de\/salatdressings\/","name":"KaTech \u2013 Stabilisator und Emulgator L\u00f6sungen f\u00fcr Salatdressings","isPartOf":{"@id":"https:\/\/katech-solutions.com\/#website"},"datePublished":"2012-07-19T15:22:58+00:00","dateModified":"2017-08-24T16:29:11+00:00","description":"KaTech sind ein Lebensmittel-Technologie-Unternehmen, spezialisiert auf die Erstellung von Stabilisator und Emulgator L\u00f6sungen f\u00fcr Salatdressings.","inLanguage":"de","potentialAction":[{"@type":"ReadAction","target":["https:\/\/katech-solutions.com\/de\/salatdressings\/"]}]},{"@type":"WebSite","@id":"https:\/\/katech-solutions.com\/#website","url":"https:\/\/katech-solutions.com\/","name":"KaTech","description":"","potentialAction":[{"@type":"SearchAction","target":{"@type":"EntryPoint","urlTemplate":"https:\/\/katech-solutions.com\/?s={search_term_string}"},"query-input":{"@type":"PropertyValueSpecification","valueRequired":true,"valueName":"search_term_string"}}],"inLanguage":"de"}]}},"_links":{"self":[{"href":"https:\/\/katech-solutions.com\/de\/wp-json\/wp\/v2\/pages\/1102","targetHints":{"allow":["GET"]}}],"collection":[{"href":"https:\/\/katech-solutions.com\/de\/wp-json\/wp\/v2\/pages"}],"about":[{"href":"https:\/\/katech-solutions.com\/de\/wp-json\/wp\/v2\/types\/page"}],"author":[{"embeddable":true,"href":"https:\/\/katech-solutions.com\/de\/wp-json\/wp\/v2\/users\/3"}],"replies":[{"embeddable":true,"href":"https:\/\/katech-solutions.com\/de\/wp-json\/wp\/v2\/comments?post=1102"}],"version-history":[{"count":15,"href":"https:\/\/katech-solutions.com\/de\/wp-json\/wp\/v2\/pages\/1102\/revisions"}],"predecessor-version":[{"id":8402,"href":"https:\/\/katech-solutions.com\/de\/wp-json\/wp\/v2\/pages\/1102\/revisions\/8402"}],"wp:attachment":[{"href":"https:\/\/katech-solutions.com\/de\/wp-json\/wp\/v2\/media?parent=1102"}],"curies":[{"name":"wp","href":"https:\/\/api.w.org\/{rel}","templated":true}]}}