{"id":1098,"date":"2012-05-03T10:03:29","date_gmt":"2012-05-03T10:03:29","guid":{"rendered":"\/?page_id=1098"},"modified":"2014-11-07T12:54:48","modified_gmt":"2014-11-07T12:54:48","slug":"basierend-auf-mayonnaise","status":"publish","type":"page","link":"https:\/\/katech-solutions.com\/de\/dip\/basierend-auf-mayonnaise\/","title":{"rendered":"Basierend auf Mayonnaise"},"content":{"rendered":"<p>Dips oder Dip-Saucen werden in der Regel anders verwendet als Dressings. W\u00e4hrend Dressings oder andere Salatsaucen \u00fcber die Salatbestandteile gegeben werden und diese fast vollst\u00e4ndig umh\u00fcllen, werden Produkte wie z.B. Cracker, rohes Gem\u00fcse, Kartoffel- oder Tortilla Chips in Dips oder Dip-Saucen eingetaucht und k\u00f6nnen so auch bei relativ trockenen Lebensmitteln ein cremiges Mundgef\u00fchl erzeugen. Durch individuelle Geschmacksgebung k\u00f6nnen die Aromen der verwendeten Gem\u00fcse deutlich verst\u00e4rkt werden. Basierend auf einer viskosen Mayonnaise kann der Dip oder die Dip-Sauce z.B. durch Zugabe von saurer Sahne, Creme fraiche oder Joghurt im Fettgehalt reduziert werden. Durch zus\u00e4tzliche Beigabe von Gew\u00fcrzen, Kr\u00e4utern, K\u00e4se, gehackten Gem\u00fcseteilen oder anderen Zubereitungen kann nahezu jede kr\u00e4ftige Geschmacksrichtung eingestellt werden.<\/p>\n","protected":false},"excerpt":{"rendered":"<p>Dips oder Dip-Saucen werden in der Regel anders verwendet als Dressings. W\u00e4hrend Dressings oder andere Salatsaucen \u00fcber die Salatbestandteile gegeben werden und diese fast vollst\u00e4ndig umh\u00fcllen, werden Produkte wie z.B. Cracker, rohes Gem\u00fcse, Kartoffel- oder Tortilla Chips in Dips oder &hellip; <a class=\"continue-reading\" href=\"https:\/\/katech-solutions.com\/de\/dip\/basierend-auf-mayonnaise\/\">Weiterlesen <span class=\"meta-nav\">&rarr;<\/span><\/a><\/p>\n","protected":false},"author":3,"featured_media":0,"parent":1094,"menu_order":0,"comment_status":"closed","ping_status":"open","template":"","meta":{"_acf_changed":false,"footnotes":""},"class_list":["post-1098","page","type-page","status-publish","hentry"],"acf":[],"yoast_head":"<!-- This site is optimized with the Yoast SEO plugin v27.2 - https:\/\/yoast.com\/product\/yoast-seo-wordpress\/ -->\n<title>KaTech - Stabilisatoren und Emulgatoren f\u00fcr Basierend auf Mayonnaise<\/title>\n<meta name=\"description\" content=\"KaTech sind ein Lebensmittel-Technologie-Unternehmen, spezialisiert auf die Erstellung von ma\u00dfgeschneiderten Stabilisator und Emulgator L\u00f6sungen f\u00fcr Basierend auf Mayonnaise.\" \/>\n<meta name=\"robots\" content=\"index, follow, max-snippet:-1, max-image-preview:large, max-video-preview:-1\" \/>\n<link rel=\"canonical\" href=\"https:\/\/katech-solutions.com\/de\/dip\/basierend-auf-mayonnaise\/\" \/>\n<meta property=\"og:locale\" content=\"de_DE\" \/>\n<meta property=\"og:type\" content=\"article\" \/>\n<meta property=\"og:title\" content=\"KaTech - Stabilisatoren und Emulgatoren f\u00fcr Basierend auf Mayonnaise\" \/>\n<meta property=\"og:description\" content=\"KaTech sind ein Lebensmittel-Technologie-Unternehmen, spezialisiert auf die Erstellung von ma\u00dfgeschneiderten Stabilisator und Emulgator L\u00f6sungen f\u00fcr Basierend auf Mayonnaise.\" \/>\n<meta property=\"og:url\" content=\"https:\/\/katech-solutions.com\/de\/dip\/basierend-auf-mayonnaise\/\" \/>\n<meta property=\"og:site_name\" content=\"KaTech\" \/>\n<meta property=\"article:modified_time\" content=\"2014-11-07T12:54:48+00:00\" \/>\n<meta name=\"twitter:label1\" content=\"Gesch\u00e4tzte Lesezeit\" \/>\n\t<meta name=\"twitter:data1\" content=\"1\u00a0Minute\" \/>\n<script type=\"application\/ld+json\" class=\"yoast-schema-graph\">{\"@context\":\"https:\/\/schema.org\",\"@graph\":[{\"@type\":\"WebPage\",\"@id\":\"https:\/\/katech-solutions.com\/de\/dip\/basierend-auf-mayonnaise\/\",\"url\":\"https:\/\/katech-solutions.com\/de\/dip\/basierend-auf-mayonnaise\/\",\"name\":\"KaTech - Stabilisatoren und Emulgatoren f\u00fcr Basierend auf Mayonnaise\",\"isPartOf\":{\"@id\":\"https:\/\/katech-solutions.com\/#website\"},\"datePublished\":\"2012-05-03T10:03:29+00:00\",\"dateModified\":\"2014-11-07T12:54:48+00:00\",\"description\":\"KaTech sind ein Lebensmittel-Technologie-Unternehmen, spezialisiert auf die Erstellung von ma\u00dfgeschneiderten Stabilisator und Emulgator L\u00f6sungen f\u00fcr Basierend auf Mayonnaise.\",\"breadcrumb\":{\"@id\":\"https:\/\/katech-solutions.com\/de\/dip\/basierend-auf-mayonnaise\/#breadcrumb\"},\"inLanguage\":\"de\",\"potentialAction\":[{\"@type\":\"ReadAction\",\"target\":[\"https:\/\/katech-solutions.com\/de\/dip\/basierend-auf-mayonnaise\/\"]}]},{\"@type\":\"BreadcrumbList\",\"@id\":\"https:\/\/katech-solutions.com\/de\/dip\/basierend-auf-mayonnaise\/#breadcrumb\",\"itemListElement\":[{\"@type\":\"ListItem\",\"position\":1,\"name\":\"Dips\",\"item\":\"https:\/\/katech-solutions.com\/de\/dip\/\"},{\"@type\":\"ListItem\",\"position\":2,\"name\":\"Dips\",\"item\":\"https:\/\/katech-solutions.com\/dip\/\"},{\"@type\":\"ListItem\",\"position\":3,\"name\":\"Basierend auf Mayonnaise\"}]},{\"@type\":\"WebSite\",\"@id\":\"https:\/\/katech-solutions.com\/#website\",\"url\":\"https:\/\/katech-solutions.com\/\",\"name\":\"KaTech\",\"description\":\"\",\"potentialAction\":[{\"@type\":\"SearchAction\",\"target\":{\"@type\":\"EntryPoint\",\"urlTemplate\":\"https:\/\/katech-solutions.com\/?s={search_term_string}\"},\"query-input\":{\"@type\":\"PropertyValueSpecification\",\"valueRequired\":true,\"valueName\":\"search_term_string\"}}],\"inLanguage\":\"de\"}]}<\/script>\n<!-- \/ Yoast SEO plugin. -->","yoast_head_json":{"title":"KaTech - Stabilisatoren und Emulgatoren f\u00fcr Basierend auf Mayonnaise","description":"KaTech sind ein Lebensmittel-Technologie-Unternehmen, spezialisiert auf die Erstellung von ma\u00dfgeschneiderten Stabilisator und Emulgator L\u00f6sungen f\u00fcr Basierend auf Mayonnaise.","robots":{"index":"index","follow":"follow","max-snippet":"max-snippet:-1","max-image-preview":"max-image-preview:large","max-video-preview":"max-video-preview:-1"},"canonical":"https:\/\/katech-solutions.com\/de\/dip\/basierend-auf-mayonnaise\/","og_locale":"de_DE","og_type":"article","og_title":"KaTech - Stabilisatoren und Emulgatoren f\u00fcr Basierend auf Mayonnaise","og_description":"KaTech sind ein Lebensmittel-Technologie-Unternehmen, spezialisiert auf die Erstellung von ma\u00dfgeschneiderten Stabilisator und Emulgator L\u00f6sungen f\u00fcr Basierend auf Mayonnaise.","og_url":"https:\/\/katech-solutions.com\/de\/dip\/basierend-auf-mayonnaise\/","og_site_name":"KaTech","article_modified_time":"2014-11-07T12:54:48+00:00","twitter_misc":{"Gesch\u00e4tzte Lesezeit":"1\u00a0Minute"},"schema":{"@context":"https:\/\/schema.org","@graph":[{"@type":"WebPage","@id":"https:\/\/katech-solutions.com\/de\/dip\/basierend-auf-mayonnaise\/","url":"https:\/\/katech-solutions.com\/de\/dip\/basierend-auf-mayonnaise\/","name":"KaTech - Stabilisatoren und Emulgatoren f\u00fcr Basierend auf Mayonnaise","isPartOf":{"@id":"https:\/\/katech-solutions.com\/#website"},"datePublished":"2012-05-03T10:03:29+00:00","dateModified":"2014-11-07T12:54:48+00:00","description":"KaTech sind ein Lebensmittel-Technologie-Unternehmen, spezialisiert auf die Erstellung von ma\u00dfgeschneiderten Stabilisator und Emulgator L\u00f6sungen f\u00fcr Basierend auf Mayonnaise.","breadcrumb":{"@id":"https:\/\/katech-solutions.com\/de\/dip\/basierend-auf-mayonnaise\/#breadcrumb"},"inLanguage":"de","potentialAction":[{"@type":"ReadAction","target":["https:\/\/katech-solutions.com\/de\/dip\/basierend-auf-mayonnaise\/"]}]},{"@type":"BreadcrumbList","@id":"https:\/\/katech-solutions.com\/de\/dip\/basierend-auf-mayonnaise\/#breadcrumb","itemListElement":[{"@type":"ListItem","position":1,"name":"Dips","item":"https:\/\/katech-solutions.com\/de\/dip\/"},{"@type":"ListItem","position":2,"name":"Dips","item":"https:\/\/katech-solutions.com\/dip\/"},{"@type":"ListItem","position":3,"name":"Basierend auf Mayonnaise"}]},{"@type":"WebSite","@id":"https:\/\/katech-solutions.com\/#website","url":"https:\/\/katech-solutions.com\/","name":"KaTech","description":"","potentialAction":[{"@type":"SearchAction","target":{"@type":"EntryPoint","urlTemplate":"https:\/\/katech-solutions.com\/?s={search_term_string}"},"query-input":{"@type":"PropertyValueSpecification","valueRequired":true,"valueName":"search_term_string"}}],"inLanguage":"de"}]}},"_links":{"self":[{"href":"https:\/\/katech-solutions.com\/de\/wp-json\/wp\/v2\/pages\/1098","targetHints":{"allow":["GET"]}}],"collection":[{"href":"https:\/\/katech-solutions.com\/de\/wp-json\/wp\/v2\/pages"}],"about":[{"href":"https:\/\/katech-solutions.com\/de\/wp-json\/wp\/v2\/types\/page"}],"author":[{"embeddable":true,"href":"https:\/\/katech-solutions.com\/de\/wp-json\/wp\/v2\/users\/3"}],"replies":[{"embeddable":true,"href":"https:\/\/katech-solutions.com\/de\/wp-json\/wp\/v2\/comments?post=1098"}],"version-history":[{"count":24,"href":"https:\/\/katech-solutions.com\/de\/wp-json\/wp\/v2\/pages\/1098\/revisions"}],"predecessor-version":[{"id":6418,"href":"https:\/\/katech-solutions.com\/de\/wp-json\/wp\/v2\/pages\/1098\/revisions\/6418"}],"up":[{"embeddable":true,"href":"https:\/\/katech-solutions.com\/de\/wp-json\/wp\/v2\/pages\/1094"}],"wp:attachment":[{"href":"https:\/\/katech-solutions.com\/de\/wp-json\/wp\/v2\/media?parent=1098"}],"curies":[{"name":"wp","href":"https:\/\/api.w.org\/{rel}","templated":true}]}}