{"id":1096,"date":"2012-07-19T15:16:39","date_gmt":"2012-07-19T15:16:39","guid":{"rendered":"\/?page_id=1096"},"modified":"2014-11-17T10:12:55","modified_gmt":"2014-11-17T10:12:55","slug":"basierend-auf-milchprodukten","status":"publish","type":"page","link":"https:\/\/katech-solutions.com\/de\/dip\/basierend-auf-milchprodukten\/","title":{"rendered":"Basierend auf Milchprodukten"},"content":{"rendered":"<p>Dips mit Milchbestandteilen, wie Sour Cream, Jogurt oder Quark k\u00f6nnen eine Vielfalt unterschiedlichster Geschmacksrichtungen bieten.<\/p>\n<p>Sour Cream z.B hat ebenso wie\u00a0 Joghurt oder Quark einen niedrigen pH Wert, ist also grunds\u00e4tzlich f\u00fcr den Einsatz als Dip sehr gut geeignet. Sour Cream kann z.B. mit Geschmackskomponenten wie Knoblauch, Zwiebeln oder K\u00e4se und Schnittlauch gemischt werden, welche ideal mit dem Sauermilchcharakter harmonieren. Sour Cream wird auch h\u00e4ufig in Kombination mit Frischk\u00e4se verwendet, da dieser eine hohe Trockenmasse aber meist wenig Fett liefert. Gleichzeitig kann man diese Basis dann mit einer kosteng\u00fcnstigen Mayonnaise mischen, die mit einer hochviskosen Konsistenz hergestellt werden kann um sie mit der d\u00fcnneren Sour Cream zu mixen. Joghurt und Quark basierende Dips werden h\u00e4ufig in Kombination mit Trockenprodukten verkauft, wie Cracker oder Crisps. Nat\u00fcrlich sind auch hier der Vielfalt keine Grenzen gesetzt, nicht zuletzt kann man auch Tomatenketchup zur Geschmacksgebung einsetzen.<\/p>\n","protected":false},"excerpt":{"rendered":"<p>Dips mit Milchbestandteilen, wie Sour Cream, Jogurt oder Quark k\u00f6nnen eine Vielfalt unterschiedlichster Geschmacksrichtungen bieten. Sour Cream z.B hat ebenso wie\u00a0 Joghurt oder Quark einen niedrigen pH Wert, ist also grunds\u00e4tzlich f\u00fcr den Einsatz als Dip sehr gut geeignet. Sour &hellip; <a class=\"continue-reading\" href=\"https:\/\/katech-solutions.com\/de\/dip\/basierend-auf-milchprodukten\/\">Weiterlesen <span class=\"meta-nav\">&rarr;<\/span><\/a><\/p>\n","protected":false},"author":3,"featured_media":0,"parent":1094,"menu_order":0,"comment_status":"closed","ping_status":"open","template":"","meta":{"_acf_changed":false,"footnotes":""},"class_list":["post-1096","page","type-page","status-publish","hentry"],"acf":[],"yoast_head":"<!-- This site is optimized with the Yoast SEO plugin v27.2 - https:\/\/yoast.com\/product\/yoast-seo-wordpress\/ -->\n<title>KaTech - Stabilisatoren und Emulgatoren f\u00fcr Basierend auf Milchprodukten<\/title>\n<meta name=\"description\" content=\"KaTech sind ein Lebensmittel-Technologie-Unternehmen, spezialisiert auf Stabilisator und Emulgator-L\u00f6sungen f\u00fcr Basierend auf Milchprodukten.\" \/>\n<meta name=\"robots\" content=\"index, follow, max-snippet:-1, max-image-preview:large, max-video-preview:-1\" \/>\n<link rel=\"canonical\" href=\"https:\/\/katech-solutions.com\/de\/dip\/basierend-auf-milchprodukten\/\" \/>\n<meta property=\"og:locale\" content=\"de_DE\" \/>\n<meta property=\"og:type\" content=\"article\" \/>\n<meta property=\"og:title\" content=\"KaTech - Stabilisatoren und Emulgatoren f\u00fcr Basierend auf Milchprodukten\" \/>\n<meta property=\"og:description\" content=\"KaTech sind ein Lebensmittel-Technologie-Unternehmen, spezialisiert auf Stabilisator und Emulgator-L\u00f6sungen f\u00fcr Basierend auf Milchprodukten.\" \/>\n<meta property=\"og:url\" content=\"https:\/\/katech-solutions.com\/de\/dip\/basierend-auf-milchprodukten\/\" \/>\n<meta property=\"og:site_name\" content=\"KaTech\" \/>\n<meta property=\"article:modified_time\" content=\"2014-11-17T10:12:55+00:00\" \/>\n<meta name=\"twitter:label1\" content=\"Gesch\u00e4tzte Lesezeit\" \/>\n\t<meta name=\"twitter:data1\" content=\"1\u00a0Minute\" \/>\n<script type=\"application\/ld+json\" class=\"yoast-schema-graph\">{\"@context\":\"https:\/\/schema.org\",\"@graph\":[{\"@type\":\"WebPage\",\"@id\":\"https:\/\/katech-solutions.com\/de\/dip\/basierend-auf-milchprodukten\/\",\"url\":\"https:\/\/katech-solutions.com\/de\/dip\/basierend-auf-milchprodukten\/\",\"name\":\"KaTech - Stabilisatoren und Emulgatoren f\u00fcr Basierend auf Milchprodukten\",\"isPartOf\":{\"@id\":\"https:\/\/katech-solutions.com\/#website\"},\"datePublished\":\"2012-07-19T15:16:39+00:00\",\"dateModified\":\"2014-11-17T10:12:55+00:00\",\"description\":\"KaTech sind ein Lebensmittel-Technologie-Unternehmen, spezialisiert auf Stabilisator und Emulgator-L\u00f6sungen f\u00fcr Basierend auf Milchprodukten.\",\"breadcrumb\":{\"@id\":\"https:\/\/katech-solutions.com\/de\/dip\/basierend-auf-milchprodukten\/#breadcrumb\"},\"inLanguage\":\"de\",\"potentialAction\":[{\"@type\":\"ReadAction\",\"target\":[\"https:\/\/katech-solutions.com\/de\/dip\/basierend-auf-milchprodukten\/\"]}]},{\"@type\":\"BreadcrumbList\",\"@id\":\"https:\/\/katech-solutions.com\/de\/dip\/basierend-auf-milchprodukten\/#breadcrumb\",\"itemListElement\":[{\"@type\":\"ListItem\",\"position\":1,\"name\":\"Dips\",\"item\":\"https:\/\/katech-solutions.com\/de\/dip\/\"},{\"@type\":\"ListItem\",\"position\":2,\"name\":\"Basierend auf Milchprodukten\"}]},{\"@type\":\"WebSite\",\"@id\":\"https:\/\/katech-solutions.com\/#website\",\"url\":\"https:\/\/katech-solutions.com\/\",\"name\":\"KaTech\",\"description\":\"\",\"potentialAction\":[{\"@type\":\"SearchAction\",\"target\":{\"@type\":\"EntryPoint\",\"urlTemplate\":\"https:\/\/katech-solutions.com\/?s={search_term_string}\"},\"query-input\":{\"@type\":\"PropertyValueSpecification\",\"valueRequired\":true,\"valueName\":\"search_term_string\"}}],\"inLanguage\":\"de\"}]}<\/script>\n<!-- \/ Yoast SEO plugin. -->","yoast_head_json":{"title":"KaTech - Stabilisatoren und Emulgatoren f\u00fcr Basierend auf Milchprodukten","description":"KaTech sind ein Lebensmittel-Technologie-Unternehmen, spezialisiert auf Stabilisator und Emulgator-L\u00f6sungen f\u00fcr Basierend auf Milchprodukten.","robots":{"index":"index","follow":"follow","max-snippet":"max-snippet:-1","max-image-preview":"max-image-preview:large","max-video-preview":"max-video-preview:-1"},"canonical":"https:\/\/katech-solutions.com\/de\/dip\/basierend-auf-milchprodukten\/","og_locale":"de_DE","og_type":"article","og_title":"KaTech - Stabilisatoren und Emulgatoren f\u00fcr Basierend auf Milchprodukten","og_description":"KaTech sind ein Lebensmittel-Technologie-Unternehmen, spezialisiert auf Stabilisator und Emulgator-L\u00f6sungen f\u00fcr Basierend auf Milchprodukten.","og_url":"https:\/\/katech-solutions.com\/de\/dip\/basierend-auf-milchprodukten\/","og_site_name":"KaTech","article_modified_time":"2014-11-17T10:12:55+00:00","twitter_misc":{"Gesch\u00e4tzte Lesezeit":"1\u00a0Minute"},"schema":{"@context":"https:\/\/schema.org","@graph":[{"@type":"WebPage","@id":"https:\/\/katech-solutions.com\/de\/dip\/basierend-auf-milchprodukten\/","url":"https:\/\/katech-solutions.com\/de\/dip\/basierend-auf-milchprodukten\/","name":"KaTech - Stabilisatoren und Emulgatoren f\u00fcr Basierend auf Milchprodukten","isPartOf":{"@id":"https:\/\/katech-solutions.com\/#website"},"datePublished":"2012-07-19T15:16:39+00:00","dateModified":"2014-11-17T10:12:55+00:00","description":"KaTech sind ein Lebensmittel-Technologie-Unternehmen, spezialisiert auf Stabilisator und Emulgator-L\u00f6sungen f\u00fcr Basierend auf Milchprodukten.","breadcrumb":{"@id":"https:\/\/katech-solutions.com\/de\/dip\/basierend-auf-milchprodukten\/#breadcrumb"},"inLanguage":"de","potentialAction":[{"@type":"ReadAction","target":["https:\/\/katech-solutions.com\/de\/dip\/basierend-auf-milchprodukten\/"]}]},{"@type":"BreadcrumbList","@id":"https:\/\/katech-solutions.com\/de\/dip\/basierend-auf-milchprodukten\/#breadcrumb","itemListElement":[{"@type":"ListItem","position":1,"name":"Dips","item":"https:\/\/katech-solutions.com\/de\/dip\/"},{"@type":"ListItem","position":2,"name":"Basierend auf Milchprodukten"}]},{"@type":"WebSite","@id":"https:\/\/katech-solutions.com\/#website","url":"https:\/\/katech-solutions.com\/","name":"KaTech","description":"","potentialAction":[{"@type":"SearchAction","target":{"@type":"EntryPoint","urlTemplate":"https:\/\/katech-solutions.com\/?s={search_term_string}"},"query-input":{"@type":"PropertyValueSpecification","valueRequired":true,"valueName":"search_term_string"}}],"inLanguage":"de"}]}},"_links":{"self":[{"href":"https:\/\/katech-solutions.com\/de\/wp-json\/wp\/v2\/pages\/1096","targetHints":{"allow":["GET"]}}],"collection":[{"href":"https:\/\/katech-solutions.com\/de\/wp-json\/wp\/v2\/pages"}],"about":[{"href":"https:\/\/katech-solutions.com\/de\/wp-json\/wp\/v2\/types\/page"}],"author":[{"embeddable":true,"href":"https:\/\/katech-solutions.com\/de\/wp-json\/wp\/v2\/users\/3"}],"replies":[{"embeddable":true,"href":"https:\/\/katech-solutions.com\/de\/wp-json\/wp\/v2\/comments?post=1096"}],"version-history":[{"count":13,"href":"https:\/\/katech-solutions.com\/de\/wp-json\/wp\/v2\/pages\/1096\/revisions"}],"predecessor-version":[{"id":6620,"href":"https:\/\/katech-solutions.com\/de\/wp-json\/wp\/v2\/pages\/1096\/revisions\/6620"}],"up":[{"embeddable":true,"href":"https:\/\/katech-solutions.com\/de\/wp-json\/wp\/v2\/pages\/1094"}],"wp:attachment":[{"href":"https:\/\/katech-solutions.com\/de\/wp-json\/wp\/v2\/media?parent=1096"}],"curies":[{"name":"wp","href":"https:\/\/api.w.org\/{rel}","templated":true}]}}