{"id":1094,"date":"2012-05-03T10:02:33","date_gmt":"2012-05-03T10:02:33","guid":{"rendered":"\/?page_id=1094"},"modified":"2014-11-17T10:05:15","modified_gmt":"2014-11-17T10:05:15","slug":"dip","status":"publish","type":"page","link":"https:\/\/katech-solutions.com\/de\/dip\/","title":{"rendered":"Dips"},"content":{"rendered":"<p>Dips k\u00f6nnen s\u00fc\u00df sein oder auch pikant, mild oder w\u00fcrzig, die Texturen k\u00f6nnen dick (Houmous), d\u00fcnn (wie z.B. Oliven\u00f6l), cremig (saure Sahne) oder auch suppenartig (Salsa Saucen) sein. Dips werden meistens verwendet, um Lebensmitteln (Cracker oder Gem\u00fcsesticks) einen entsprechenden Geschmack zu verleihen oder auch zu Fingerfood verzehrt zu werden. Diese Art von Produkt liegt irgendwo zwischen einer Mayonnaise und einem Dressing, hat aber als Produktkategorie einen ganz eigenen Charakter und eigenes Profil entwickelt.<\/p>\n<p>Das ideale Produkt hat eine weiche, cremige Textur mit gen\u00fcgend Viskosit\u00e4t und &#8222;Cling&#8220;, so dass\u00a0 das gedippte Lebensmittel ohne zu tropfen verzehrt werden kann.<\/p>\n","protected":false},"excerpt":{"rendered":"<p>Dips k\u00f6nnen s\u00fc\u00df sein oder auch pikant, mild oder w\u00fcrzig, die Texturen k\u00f6nnen dick (Houmous), d\u00fcnn (wie z.B. Oliven\u00f6l), cremig (saure Sahne) oder auch suppenartig (Salsa Saucen) sein. Dips werden meistens verwendet, um Lebensmitteln (Cracker oder Gem\u00fcsesticks) einen entsprechenden Geschmack &hellip; <a class=\"continue-reading\" href=\"https:\/\/katech-solutions.com\/de\/dip\/\">Weiterlesen <span class=\"meta-nav\">&rarr;<\/span><\/a><\/p>\n","protected":false},"author":3,"featured_media":0,"parent":0,"menu_order":2,"comment_status":"closed","ping_status":"open","template":"layout-content-3.php","meta":{"_acf_changed":false,"footnotes":""},"class_list":["post-1094","page","type-page","status-publish","hentry"],"acf":[],"yoast_head":"<!-- This site is optimized with the Yoast SEO plugin v27.2 - https:\/\/yoast.com\/product\/yoast-seo-wordpress\/ -->\n<title>KaTech \u2013 ma\u00dfgeschneiderte Stabilisator und Emulgator L\u00f6sungen f\u00fcr Dips<\/title>\n<meta name=\"description\" content=\"KaTech sind ein Lebensmittel-Technologie-Unternehmen, spezialisiert auf die Erstellung von ma\u00dfgeschneiderten Stabilisator und Emulgator L\u00f6sungen f\u00fcr Dips.\" \/>\n<meta name=\"robots\" content=\"index, follow, max-snippet:-1, max-image-preview:large, max-video-preview:-1\" \/>\n<link rel=\"canonical\" href=\"https:\/\/katech-solutions.com\/de\/dip\/\" \/>\n<meta property=\"og:locale\" content=\"de_DE\" \/>\n<meta property=\"og:type\" content=\"article\" \/>\n<meta property=\"og:title\" content=\"KaTech \u2013 ma\u00dfgeschneiderte Stabilisator und Emulgator L\u00f6sungen f\u00fcr Dips\" \/>\n<meta property=\"og:description\" content=\"KaTech sind ein Lebensmittel-Technologie-Unternehmen, spezialisiert auf die Erstellung von ma\u00dfgeschneiderten Stabilisator und Emulgator L\u00f6sungen f\u00fcr Dips.\" \/>\n<meta property=\"og:url\" content=\"https:\/\/katech-solutions.com\/de\/dip\/\" \/>\n<meta property=\"og:site_name\" content=\"KaTech\" \/>\n<meta property=\"article:modified_time\" content=\"2014-11-17T10:05:15+00:00\" \/>\n<meta name=\"twitter:label1\" content=\"Gesch\u00e4tzte Lesezeit\" \/>\n\t<meta name=\"twitter:data1\" content=\"1\u00a0Minute\" \/>\n<script type=\"application\/ld+json\" class=\"yoast-schema-graph\">{\"@context\":\"https:\/\/schema.org\",\"@graph\":[{\"@type\":\"WebPage\",\"@id\":\"https:\/\/katech-solutions.com\/de\/dip\/\",\"url\":\"https:\/\/katech-solutions.com\/de\/dip\/\",\"name\":\"KaTech \u2013 ma\u00dfgeschneiderte Stabilisator und Emulgator L\u00f6sungen f\u00fcr Dips\",\"isPartOf\":{\"@id\":\"https:\/\/katech-solutions.com\/#website\"},\"datePublished\":\"2012-05-03T10:02:33+00:00\",\"dateModified\":\"2014-11-17T10:05:15+00:00\",\"description\":\"KaTech sind ein Lebensmittel-Technologie-Unternehmen, spezialisiert auf die Erstellung von ma\u00dfgeschneiderten Stabilisator und Emulgator L\u00f6sungen f\u00fcr Dips.\",\"inLanguage\":\"de\",\"potentialAction\":[{\"@type\":\"ReadAction\",\"target\":[\"https:\/\/katech-solutions.com\/de\/dip\/\"]}]},{\"@type\":\"WebSite\",\"@id\":\"https:\/\/katech-solutions.com\/#website\",\"url\":\"https:\/\/katech-solutions.com\/\",\"name\":\"KaTech\",\"description\":\"\",\"potentialAction\":[{\"@type\":\"SearchAction\",\"target\":{\"@type\":\"EntryPoint\",\"urlTemplate\":\"https:\/\/katech-solutions.com\/?s={search_term_string}\"},\"query-input\":{\"@type\":\"PropertyValueSpecification\",\"valueRequired\":true,\"valueName\":\"search_term_string\"}}],\"inLanguage\":\"de\"}]}<\/script>\n<!-- \/ Yoast SEO plugin. -->","yoast_head_json":{"title":"KaTech \u2013 ma\u00dfgeschneiderte Stabilisator und Emulgator L\u00f6sungen f\u00fcr Dips","description":"KaTech sind ein Lebensmittel-Technologie-Unternehmen, spezialisiert auf die Erstellung von ma\u00dfgeschneiderten Stabilisator und Emulgator L\u00f6sungen f\u00fcr Dips.","robots":{"index":"index","follow":"follow","max-snippet":"max-snippet:-1","max-image-preview":"max-image-preview:large","max-video-preview":"max-video-preview:-1"},"canonical":"https:\/\/katech-solutions.com\/de\/dip\/","og_locale":"de_DE","og_type":"article","og_title":"KaTech \u2013 ma\u00dfgeschneiderte Stabilisator und Emulgator L\u00f6sungen f\u00fcr Dips","og_description":"KaTech sind ein Lebensmittel-Technologie-Unternehmen, spezialisiert auf die Erstellung von ma\u00dfgeschneiderten Stabilisator und Emulgator L\u00f6sungen f\u00fcr Dips.","og_url":"https:\/\/katech-solutions.com\/de\/dip\/","og_site_name":"KaTech","article_modified_time":"2014-11-17T10:05:15+00:00","twitter_misc":{"Gesch\u00e4tzte Lesezeit":"1\u00a0Minute"},"schema":{"@context":"https:\/\/schema.org","@graph":[{"@type":"WebPage","@id":"https:\/\/katech-solutions.com\/de\/dip\/","url":"https:\/\/katech-solutions.com\/de\/dip\/","name":"KaTech \u2013 ma\u00dfgeschneiderte Stabilisator und Emulgator L\u00f6sungen f\u00fcr Dips","isPartOf":{"@id":"https:\/\/katech-solutions.com\/#website"},"datePublished":"2012-05-03T10:02:33+00:00","dateModified":"2014-11-17T10:05:15+00:00","description":"KaTech sind ein Lebensmittel-Technologie-Unternehmen, spezialisiert auf die Erstellung von ma\u00dfgeschneiderten Stabilisator und Emulgator L\u00f6sungen f\u00fcr Dips.","inLanguage":"de","potentialAction":[{"@type":"ReadAction","target":["https:\/\/katech-solutions.com\/de\/dip\/"]}]},{"@type":"WebSite","@id":"https:\/\/katech-solutions.com\/#website","url":"https:\/\/katech-solutions.com\/","name":"KaTech","description":"","potentialAction":[{"@type":"SearchAction","target":{"@type":"EntryPoint","urlTemplate":"https:\/\/katech-solutions.com\/?s={search_term_string}"},"query-input":{"@type":"PropertyValueSpecification","valueRequired":true,"valueName":"search_term_string"}}],"inLanguage":"de"}]}},"_links":{"self":[{"href":"https:\/\/katech-solutions.com\/de\/wp-json\/wp\/v2\/pages\/1094","targetHints":{"allow":["GET"]}}],"collection":[{"href":"https:\/\/katech-solutions.com\/de\/wp-json\/wp\/v2\/pages"}],"about":[{"href":"https:\/\/katech-solutions.com\/de\/wp-json\/wp\/v2\/types\/page"}],"author":[{"embeddable":true,"href":"https:\/\/katech-solutions.com\/de\/wp-json\/wp\/v2\/users\/3"}],"replies":[{"embeddable":true,"href":"https:\/\/katech-solutions.com\/de\/wp-json\/wp\/v2\/comments?post=1094"}],"version-history":[{"count":26,"href":"https:\/\/katech-solutions.com\/de\/wp-json\/wp\/v2\/pages\/1094\/revisions"}],"predecessor-version":[{"id":6617,"href":"https:\/\/katech-solutions.com\/de\/wp-json\/wp\/v2\/pages\/1094\/revisions\/6617"}],"wp:attachment":[{"href":"https:\/\/katech-solutions.com\/de\/wp-json\/wp\/v2\/media?parent=1094"}],"curies":[{"name":"wp","href":"https:\/\/api.w.org\/{rel}","templated":true}]}}