{"id":1084,"date":"2012-07-19T14:51:18","date_gmt":"2012-07-19T14:51:18","guid":{"rendered":"\/?page_id=1084"},"modified":"2014-11-11T12:23:29","modified_gmt":"2014-11-11T12:23:29","slug":"kleinigkeit-gelee","status":"publish","type":"page","link":"https:\/\/katech-solutions.com\/de\/desserts\/kleinigkeit-gelee\/","title":{"rendered":"Die kleine &#8222;Leckerei&#8220;: Trifles"},"content":{"rendered":"<p>&#8222;Trifles&#8220; haben eine sehr, sehr lange Geschichte. Diese Art von Produkten wurde bereits im 16. Jahrhundert erw\u00e4hnt. Die meisten von uns, die diese Art von Produkten kennen, erinnern sich sicher an zum Weihnachtsfest hausgemachte &#8222;Trifles&#8220; , die ein wenig (oder auch viel!) Alkohol enthielten.<\/p>\n<p>Diese absolut verf\u00fchrerischen Schichten von Gelee, Bisquit-Boden, Custard und Sahne sind die in UK am meisten verkauften Desserts. Hersteller versuchen stets ihre Rezepturen, ihre Technolgie zu optimieren, um die Produktionseffizienz zu erh\u00f6hen. Ganz besonders wird dies bei einem der Hauptbestandteile von &#8222;Trifle&#8220; deutlich: dem Gelee!<\/p>\n<p>Da es sich bei dieser Art von Produkten um geschichtete Desserts handelt, muss das Gelee nicht nur zart-schmelzend und sehr klar sein, sondern muss au\u00dferdem pumpf\u00e4hig bleiben und trotzdem fest genug, um die n\u00e4chste Schicht tragen zu k\u00f6nnen. Dies macht eine Optimierung der Qualit\u00e4t sehr spezifisch.<\/p>\n","protected":false},"excerpt":{"rendered":"<p>&#8222;Trifles&#8220; haben eine sehr, sehr lange Geschichte. Diese Art von Produkten wurde bereits im 16. Jahrhundert erw\u00e4hnt. Die meisten von uns, die diese Art von Produkten kennen, erinnern sich sicher an zum Weihnachtsfest hausgemachte &#8222;Trifles&#8220; , die ein wenig (oder &hellip; <a class=\"continue-reading\" href=\"https:\/\/katech-solutions.com\/de\/desserts\/kleinigkeit-gelee\/\">Weiterlesen <span class=\"meta-nav\">&rarr;<\/span><\/a><\/p>\n","protected":false},"author":3,"featured_media":0,"parent":1073,"menu_order":0,"comment_status":"closed","ping_status":"open","template":"","meta":{"_acf_changed":false,"footnotes":""},"class_list":["post-1084","page","type-page","status-publish","hentry"],"acf":[],"yoast_head":"<!-- This site is optimized with the Yoast SEO plugin v27.2 - https:\/\/yoast.com\/product\/yoast-seo-wordpress\/ -->\n<title>Die kleine &quot;Leckerei&quot;: Trifles |<\/title>\n<meta name=\"robots\" content=\"index, follow, max-snippet:-1, max-image-preview:large, max-video-preview:-1\" \/>\n<link rel=\"canonical\" href=\"https:\/\/katech-solutions.com\/de\/desserts\/kleinigkeit-gelee\/\" \/>\n<meta property=\"og:locale\" content=\"de_DE\" \/>\n<meta property=\"og:type\" content=\"article\" \/>\n<meta property=\"og:title\" content=\"Die kleine &quot;Leckerei&quot;: Trifles |\" \/>\n<meta property=\"og:description\" content=\"&#8222;Trifles&#8220; haben eine sehr, sehr lange Geschichte. Diese Art von Produkten wurde bereits im 16. Jahrhundert erw\u00e4hnt. Die meisten von uns, die diese Art von Produkten kennen, erinnern sich sicher an zum Weihnachtsfest hausgemachte &#8222;Trifles&#8220; , die ein wenig (oder &hellip; Weiterlesen &rarr;\" \/>\n<meta property=\"og:url\" content=\"https:\/\/katech-solutions.com\/de\/desserts\/kleinigkeit-gelee\/\" \/>\n<meta property=\"og:site_name\" content=\"KaTech\" \/>\n<meta property=\"article:modified_time\" content=\"2014-11-11T12:23:29+00:00\" \/>\n<meta name=\"twitter:label1\" content=\"Gesch\u00e4tzte Lesezeit\" \/>\n\t<meta name=\"twitter:data1\" content=\"1\u00a0Minute\" \/>\n<script type=\"application\/ld+json\" class=\"yoast-schema-graph\">{\"@context\":\"https:\/\/schema.org\",\"@graph\":[{\"@type\":\"WebPage\",\"@id\":\"https:\/\/katech-solutions.com\/de\/desserts\/kleinigkeit-gelee\/\",\"url\":\"https:\/\/katech-solutions.com\/de\/desserts\/kleinigkeit-gelee\/\",\"name\":\"Die kleine \\\"Leckerei\\\": Trifles |\",\"isPartOf\":{\"@id\":\"https:\/\/katech-solutions.com\/#website\"},\"datePublished\":\"2012-07-19T14:51:18+00:00\",\"dateModified\":\"2014-11-11T12:23:29+00:00\",\"breadcrumb\":{\"@id\":\"https:\/\/katech-solutions.com\/de\/desserts\/kleinigkeit-gelee\/#breadcrumb\"},\"inLanguage\":\"de\",\"potentialAction\":[{\"@type\":\"ReadAction\",\"target\":[\"https:\/\/katech-solutions.com\/de\/desserts\/kleinigkeit-gelee\/\"]}]},{\"@type\":\"BreadcrumbList\",\"@id\":\"https:\/\/katech-solutions.com\/de\/desserts\/kleinigkeit-gelee\/#breadcrumb\",\"itemListElement\":[{\"@type\":\"ListItem\",\"position\":1,\"name\":\"Desserts\",\"item\":\"https:\/\/katech-solutions.com\/de\/desserts\/\"},{\"@type\":\"ListItem\",\"position\":2,\"name\":\"Die kleine &#8222;Leckerei&#8220;: Trifles\"}]},{\"@type\":\"WebSite\",\"@id\":\"https:\/\/katech-solutions.com\/#website\",\"url\":\"https:\/\/katech-solutions.com\/\",\"name\":\"KaTech\",\"description\":\"\",\"potentialAction\":[{\"@type\":\"SearchAction\",\"target\":{\"@type\":\"EntryPoint\",\"urlTemplate\":\"https:\/\/katech-solutions.com\/?s={search_term_string}\"},\"query-input\":{\"@type\":\"PropertyValueSpecification\",\"valueRequired\":true,\"valueName\":\"search_term_string\"}}],\"inLanguage\":\"de\"}]}<\/script>\n<!-- \/ Yoast SEO plugin. -->","yoast_head_json":{"title":"Die kleine \"Leckerei\": Trifles |","robots":{"index":"index","follow":"follow","max-snippet":"max-snippet:-1","max-image-preview":"max-image-preview:large","max-video-preview":"max-video-preview:-1"},"canonical":"https:\/\/katech-solutions.com\/de\/desserts\/kleinigkeit-gelee\/","og_locale":"de_DE","og_type":"article","og_title":"Die kleine \"Leckerei\": Trifles |","og_description":"&#8222;Trifles&#8220; haben eine sehr, sehr lange Geschichte. Diese Art von Produkten wurde bereits im 16. Jahrhundert erw\u00e4hnt. Die meisten von uns, die diese Art von Produkten kennen, erinnern sich sicher an zum Weihnachtsfest hausgemachte &#8222;Trifles&#8220; , die ein wenig (oder &hellip; Weiterlesen &rarr;","og_url":"https:\/\/katech-solutions.com\/de\/desserts\/kleinigkeit-gelee\/","og_site_name":"KaTech","article_modified_time":"2014-11-11T12:23:29+00:00","twitter_misc":{"Gesch\u00e4tzte Lesezeit":"1\u00a0Minute"},"schema":{"@context":"https:\/\/schema.org","@graph":[{"@type":"WebPage","@id":"https:\/\/katech-solutions.com\/de\/desserts\/kleinigkeit-gelee\/","url":"https:\/\/katech-solutions.com\/de\/desserts\/kleinigkeit-gelee\/","name":"Die kleine \"Leckerei\": Trifles |","isPartOf":{"@id":"https:\/\/katech-solutions.com\/#website"},"datePublished":"2012-07-19T14:51:18+00:00","dateModified":"2014-11-11T12:23:29+00:00","breadcrumb":{"@id":"https:\/\/katech-solutions.com\/de\/desserts\/kleinigkeit-gelee\/#breadcrumb"},"inLanguage":"de","potentialAction":[{"@type":"ReadAction","target":["https:\/\/katech-solutions.com\/de\/desserts\/kleinigkeit-gelee\/"]}]},{"@type":"BreadcrumbList","@id":"https:\/\/katech-solutions.com\/de\/desserts\/kleinigkeit-gelee\/#breadcrumb","itemListElement":[{"@type":"ListItem","position":1,"name":"Desserts","item":"https:\/\/katech-solutions.com\/de\/desserts\/"},{"@type":"ListItem","position":2,"name":"Die kleine &#8222;Leckerei&#8220;: Trifles"}]},{"@type":"WebSite","@id":"https:\/\/katech-solutions.com\/#website","url":"https:\/\/katech-solutions.com\/","name":"KaTech","description":"","potentialAction":[{"@type":"SearchAction","target":{"@type":"EntryPoint","urlTemplate":"https:\/\/katech-solutions.com\/?s={search_term_string}"},"query-input":{"@type":"PropertyValueSpecification","valueRequired":true,"valueName":"search_term_string"}}],"inLanguage":"de"}]}},"_links":{"self":[{"href":"https:\/\/katech-solutions.com\/de\/wp-json\/wp\/v2\/pages\/1084","targetHints":{"allow":["GET"]}}],"collection":[{"href":"https:\/\/katech-solutions.com\/de\/wp-json\/wp\/v2\/pages"}],"about":[{"href":"https:\/\/katech-solutions.com\/de\/wp-json\/wp\/v2\/types\/page"}],"author":[{"embeddable":true,"href":"https:\/\/katech-solutions.com\/de\/wp-json\/wp\/v2\/users\/3"}],"replies":[{"embeddable":true,"href":"https:\/\/katech-solutions.com\/de\/wp-json\/wp\/v2\/comments?post=1084"}],"version-history":[{"count":14,"href":"https:\/\/katech-solutions.com\/de\/wp-json\/wp\/v2\/pages\/1084\/revisions"}],"predecessor-version":[{"id":6260,"href":"https:\/\/katech-solutions.com\/de\/wp-json\/wp\/v2\/pages\/1084\/revisions\/6260"}],"up":[{"embeddable":true,"href":"https:\/\/katech-solutions.com\/de\/wp-json\/wp\/v2\/pages\/1073"}],"wp:attachment":[{"href":"https:\/\/katech-solutions.com\/de\/wp-json\/wp\/v2\/media?parent=1084"}],"curies":[{"name":"wp","href":"https:\/\/api.w.org\/{rel}","templated":true}]}}