{"id":1081,"date":"2012-05-03T09:48:41","date_gmt":"2012-05-03T09:48:41","guid":{"rendered":"\/?page_id=1081"},"modified":"2014-11-12T15:00:35","modified_gmt":"2014-11-12T15:00:35","slug":"pudding","status":"publish","type":"page","link":"https:\/\/katech-solutions.com\/de\/desserts\/pudding\/","title":{"rendered":"Pudding"},"content":{"rendered":"<p>Mit Pudding bezeichnet man im\u00a0 deutschen Sprachraum umgangssprachlich eine meist kalt servierte S\u00fc\u00dfspeise, die haupts\u00e4chlich durch Aufkochen von Milch mit St\u00e4rke, Grie\u00df oder Eiern zubereitet wird.<\/p>\n<p>Heutzutage werden viele verschiedene Arten von industriell hergestelltem Pudding angeboten. Neben dem l\u00f6ffelf\u00e4higen Pudding gibt es aber auch Puddingsaucen sowie backstabilen Pudding.<\/p>\n<p>Nach wie vor sind Schokopudding und Vanillepudding, oft auch mit Sahnetopping angeboten, die am meisten verkauften Produkte. Daneben gibt es jedoch auch eine Vielzahl von weiteren s\u00fc\u00dfen Varianten und auch Fruchtpuddinge, die sich immer gr\u00f6\u00dferer Beliebtheit erfreuen.<\/p>\n","protected":false},"excerpt":{"rendered":"<p>Mit Pudding bezeichnet man im\u00a0 deutschen Sprachraum umgangssprachlich eine meist kalt servierte S\u00fc\u00dfspeise, die haupts\u00e4chlich durch Aufkochen von Milch mit St\u00e4rke, Grie\u00df oder Eiern zubereitet wird. Heutzutage werden viele verschiedene Arten von industriell hergestelltem Pudding angeboten. Neben dem l\u00f6ffelf\u00e4higen Pudding &hellip; <a class=\"continue-reading\" href=\"https:\/\/katech-solutions.com\/de\/desserts\/pudding\/\">Weiterlesen <span class=\"meta-nav\">&rarr;<\/span><\/a><\/p>\n","protected":false},"author":3,"featured_media":0,"parent":1073,"menu_order":2,"comment_status":"closed","ping_status":"open","template":"","meta":{"_acf_changed":false,"footnotes":""},"class_list":["post-1081","page","type-page","status-publish","hentry"],"acf":[],"yoast_head":"<!-- This site is optimized with the Yoast SEO plugin v27.2 - https:\/\/yoast.com\/product\/yoast-seo-wordpress\/ -->\n<title>KaTech \u2013 Stabilisator und Emulgator L\u00f6sungen f\u00fcr Pudding<\/title>\n<meta name=\"description\" content=\"KaTech sind ein Lebensmittel-Technologie-Unternehmen, spezialisiert auf die Erstellung von ma\u00dfgeschneiderten Stabilisator und Emulgator L\u00f6sungen f\u00fcr Pudding\" \/>\n<meta name=\"robots\" content=\"index, follow, max-snippet:-1, max-image-preview:large, max-video-preview:-1\" \/>\n<link rel=\"canonical\" href=\"https:\/\/katech-solutions.com\/de\/desserts\/pudding\/\" \/>\n<meta property=\"og:locale\" content=\"de_DE\" \/>\n<meta property=\"og:type\" content=\"article\" \/>\n<meta property=\"og:title\" content=\"KaTech \u2013 Stabilisator und Emulgator L\u00f6sungen f\u00fcr Pudding\" \/>\n<meta property=\"og:description\" content=\"KaTech sind ein Lebensmittel-Technologie-Unternehmen, spezialisiert auf die Erstellung von ma\u00dfgeschneiderten Stabilisator und Emulgator L\u00f6sungen f\u00fcr Pudding\" \/>\n<meta property=\"og:url\" content=\"https:\/\/katech-solutions.com\/de\/desserts\/pudding\/\" \/>\n<meta property=\"og:site_name\" content=\"KaTech\" \/>\n<meta property=\"article:modified_time\" content=\"2014-11-12T15:00:35+00:00\" \/>\n<script type=\"application\/ld+json\" class=\"yoast-schema-graph\">{\"@context\":\"https:\/\/schema.org\",\"@graph\":[{\"@type\":\"WebPage\",\"@id\":\"https:\/\/katech-solutions.com\/de\/desserts\/pudding\/\",\"url\":\"https:\/\/katech-solutions.com\/de\/desserts\/pudding\/\",\"name\":\"KaTech \u2013 Stabilisator und Emulgator L\u00f6sungen f\u00fcr Pudding\",\"isPartOf\":{\"@id\":\"https:\/\/katech-solutions.com\/#website\"},\"datePublished\":\"2012-05-03T09:48:41+00:00\",\"dateModified\":\"2014-11-12T15:00:35+00:00\",\"description\":\"KaTech sind ein Lebensmittel-Technologie-Unternehmen, spezialisiert auf die Erstellung von ma\u00dfgeschneiderten Stabilisator und Emulgator L\u00f6sungen f\u00fcr Pudding\",\"breadcrumb\":{\"@id\":\"https:\/\/katech-solutions.com\/de\/desserts\/pudding\/#breadcrumb\"},\"inLanguage\":\"de\",\"potentialAction\":[{\"@type\":\"ReadAction\",\"target\":[\"https:\/\/katech-solutions.com\/de\/desserts\/pudding\/\"]}]},{\"@type\":\"BreadcrumbList\",\"@id\":\"https:\/\/katech-solutions.com\/de\/desserts\/pudding\/#breadcrumb\",\"itemListElement\":[{\"@type\":\"ListItem\",\"position\":1,\"name\":\"Desserts\",\"item\":\"https:\/\/katech-solutions.com\/de\/desserts\/\"},{\"@type\":\"ListItem\",\"position\":2,\"name\":\"Pudding\"}]},{\"@type\":\"WebSite\",\"@id\":\"https:\/\/katech-solutions.com\/#website\",\"url\":\"https:\/\/katech-solutions.com\/\",\"name\":\"KaTech\",\"description\":\"\",\"potentialAction\":[{\"@type\":\"SearchAction\",\"target\":{\"@type\":\"EntryPoint\",\"urlTemplate\":\"https:\/\/katech-solutions.com\/?s={search_term_string}\"},\"query-input\":{\"@type\":\"PropertyValueSpecification\",\"valueRequired\":true,\"valueName\":\"search_term_string\"}}],\"inLanguage\":\"de\"}]}<\/script>\n<!-- \/ Yoast SEO plugin. -->","yoast_head_json":{"title":"KaTech \u2013 Stabilisator und Emulgator L\u00f6sungen f\u00fcr Pudding","description":"KaTech sind ein Lebensmittel-Technologie-Unternehmen, spezialisiert auf die Erstellung von ma\u00dfgeschneiderten Stabilisator und Emulgator L\u00f6sungen f\u00fcr Pudding","robots":{"index":"index","follow":"follow","max-snippet":"max-snippet:-1","max-image-preview":"max-image-preview:large","max-video-preview":"max-video-preview:-1"},"canonical":"https:\/\/katech-solutions.com\/de\/desserts\/pudding\/","og_locale":"de_DE","og_type":"article","og_title":"KaTech \u2013 Stabilisator und Emulgator L\u00f6sungen f\u00fcr Pudding","og_description":"KaTech sind ein Lebensmittel-Technologie-Unternehmen, spezialisiert auf die Erstellung von ma\u00dfgeschneiderten Stabilisator und Emulgator L\u00f6sungen f\u00fcr Pudding","og_url":"https:\/\/katech-solutions.com\/de\/desserts\/pudding\/","og_site_name":"KaTech","article_modified_time":"2014-11-12T15:00:35+00:00","schema":{"@context":"https:\/\/schema.org","@graph":[{"@type":"WebPage","@id":"https:\/\/katech-solutions.com\/de\/desserts\/pudding\/","url":"https:\/\/katech-solutions.com\/de\/desserts\/pudding\/","name":"KaTech \u2013 Stabilisator und Emulgator L\u00f6sungen f\u00fcr Pudding","isPartOf":{"@id":"https:\/\/katech-solutions.com\/#website"},"datePublished":"2012-05-03T09:48:41+00:00","dateModified":"2014-11-12T15:00:35+00:00","description":"KaTech sind ein Lebensmittel-Technologie-Unternehmen, spezialisiert auf die Erstellung von ma\u00dfgeschneiderten Stabilisator und Emulgator L\u00f6sungen f\u00fcr Pudding","breadcrumb":{"@id":"https:\/\/katech-solutions.com\/de\/desserts\/pudding\/#breadcrumb"},"inLanguage":"de","potentialAction":[{"@type":"ReadAction","target":["https:\/\/katech-solutions.com\/de\/desserts\/pudding\/"]}]},{"@type":"BreadcrumbList","@id":"https:\/\/katech-solutions.com\/de\/desserts\/pudding\/#breadcrumb","itemListElement":[{"@type":"ListItem","position":1,"name":"Desserts","item":"https:\/\/katech-solutions.com\/de\/desserts\/"},{"@type":"ListItem","position":2,"name":"Pudding"}]},{"@type":"WebSite","@id":"https:\/\/katech-solutions.com\/#website","url":"https:\/\/katech-solutions.com\/","name":"KaTech","description":"","potentialAction":[{"@type":"SearchAction","target":{"@type":"EntryPoint","urlTemplate":"https:\/\/katech-solutions.com\/?s={search_term_string}"},"query-input":{"@type":"PropertyValueSpecification","valueRequired":true,"valueName":"search_term_string"}}],"inLanguage":"de"}]}},"_links":{"self":[{"href":"https:\/\/katech-solutions.com\/de\/wp-json\/wp\/v2\/pages\/1081","targetHints":{"allow":["GET"]}}],"collection":[{"href":"https:\/\/katech-solutions.com\/de\/wp-json\/wp\/v2\/pages"}],"about":[{"href":"https:\/\/katech-solutions.com\/de\/wp-json\/wp\/v2\/types\/page"}],"author":[{"embeddable":true,"href":"https:\/\/katech-solutions.com\/de\/wp-json\/wp\/v2\/users\/3"}],"replies":[{"embeddable":true,"href":"https:\/\/katech-solutions.com\/de\/wp-json\/wp\/v2\/comments?post=1081"}],"version-history":[{"count":27,"href":"https:\/\/katech-solutions.com\/de\/wp-json\/wp\/v2\/pages\/1081\/revisions"}],"predecessor-version":[{"id":6503,"href":"https:\/\/katech-solutions.com\/de\/wp-json\/wp\/v2\/pages\/1081\/revisions\/6503"}],"up":[{"embeddable":true,"href":"https:\/\/katech-solutions.com\/de\/wp-json\/wp\/v2\/pages\/1073"}],"wp:attachment":[{"href":"https:\/\/katech-solutions.com\/de\/wp-json\/wp\/v2\/media?parent=1081"}],"curies":[{"name":"wp","href":"https:\/\/api.w.org\/{rel}","templated":true}]}}